{"id":3681,"date":"2024-10-29T01:13:16","date_gmt":"2024-10-29T01:13:16","guid":{"rendered":"https:\/\/www.yongjianceramic.com\/?post_type=product&#038;p=3681"},"modified":"2024-10-29T01:25:44","modified_gmt":"2024-10-29T01:25:44","slug":"bulk-plates-for-catering","status":"publish","type":"product","link":"https:\/\/www.yongjianceramic.com\/fr\/produit\/bulk-plates-for-catering\/","title":{"rendered":"9 Inch Fish Shape Bulk Plates For Catering, Wholesale Dinner Plates"},"content":{"rendered":"<div class=\"wp-block-columns is-layout-flex wp-container-core-columns-is-layout-9d6595d7 wp-block-columns-is-layout-flex\">\n<div class=\"wp-block-column is-layout-flow wp-block-column-is-layout-flow\">\n<h2 class=\"wp-block-heading\">Assiettes en vrac de qualit\u00e9 sup\u00e9rieure pour la restauration Caract\u00e9ristiques :<\/h2>\n\n\n\n<ul class=\"wp-block-list\">\n<li><strong>Design unique en forme de poisson :<\/strong> La forme innovante du poisson ajoute de l'int\u00e9r\u00eat. Ces assiettes en vrac pour la restauration apportent un effet visuel unique \u00e0 la pr\u00e9sentation des plats, rendant chaque plat plus attrayant. Elles conviennent \u00e0 toutes sortes d'occasions de restauration, en particulier aux restaurants \u00e0 th\u00e8me de fruits de mer.<\/li>\n\n\n\n<li><strong>Correspondance classique des couleurs noir et blanc : <\/strong>Ces assiettes en gros sont disponibles en deux options classiques, noir et blanc, qui peuvent s'adapter \u00e0 une vari\u00e9t\u00e9 de styles de table. Elles peuvent non seulement pr\u00e9senter une beaut\u00e9 simple, mais aussi \u00eatre librement assorties \u00e0 diff\u00e9rents plats pour cr\u00e9er une atmosph\u00e8re \u00e9l\u00e9gante ou styl\u00e9e.<\/li>\n\n\n\n<li><strong>Convient \u00e0 de multiples occasions : <\/strong>Nos assiettes en vrac pour la restauration ont une taille pratique de 9 pouces, qui convient \u00e0 divers accompagnements, entr\u00e9es et plats principaux. Elles sont particuli\u00e8rement adapt\u00e9es aux diff\u00e9rents besoins des traiteurs et sont id\u00e9ales pour les banquets, les restaurants, les h\u00f4tels et d'autres occasions.<\/li>\n\n\n\n<li><strong>Mat\u00e9riau c\u00e9ramique de haute qualit\u00e9 : <\/strong>Nos assiettes en gros sont fabriqu\u00e9es en c\u00e9ramique de haute qualit\u00e9, avec une surface lisse, durable et facile \u00e0 nettoyer. Elles peuvent \u00eatre lav\u00e9es au lave-vaisselle, ce qui simplifie le processus de nettoyage, et conviennent parfaitement aux environnements de restauration commerciale \u00e0 haute fr\u00e9quence.<\/li>\n<\/ul>\n<\/div>\n\n\n\n<div class=\"wp-block-column is-vertically-aligned-center is-layout-flow wp-block-column-is-layout-flow\"><div class=\"wp-block-image\">\n<figure class=\"aligncenter size-full is-resized\"><img fetchpriority=\"high\" decoding=\"async\" width=\"800\" height=\"800\" src=\"https:\/\/www.yongjianceramic.com\/wp-content\/uploads\/2024\/10\/Fish-Shape-Bulk-Plates-For-Catering-Wholesale-Dinner-Plates-3.webp\" alt=\"Assiettes en vrac en forme de poisson pour la restauration, Assiettes \u00e0 d\u00eener en gros-3\" class=\"wp-image-3684\" style=\"width:404px;height:auto\" srcset=\"https:\/\/www.yongjianceramic.com\/wp-content\/uploads\/2024\/10\/Fish-Shape-Bulk-Plates-For-Catering-Wholesale-Dinner-Plates-3.webp 800w, https:\/\/www.yongjianceramic.com\/wp-content\/uploads\/2024\/10\/Fish-Shape-Bulk-Plates-For-Catering-Wholesale-Dinner-Plates-3-300x300.webp 300w, https:\/\/www.yongjianceramic.com\/wp-content\/uploads\/2024\/10\/Fish-Shape-Bulk-Plates-For-Catering-Wholesale-Dinner-Plates-3-150x150.webp 150w, https:\/\/www.yongjianceramic.com\/wp-content\/uploads\/2024\/10\/Fish-Shape-Bulk-Plates-For-Catering-Wholesale-Dinner-Plates-3-768x768.webp 768w, https:\/\/www.yongjianceramic.com\/wp-content\/uploads\/2024\/10\/Fish-Shape-Bulk-Plates-For-Catering-Wholesale-Dinner-Plates-3-12x12.webp 12w, https:\/\/www.yongjianceramic.com\/wp-content\/uploads\/2024\/10\/Fish-Shape-Bulk-Plates-For-Catering-Wholesale-Dinner-Plates-3-285x285.webp 285w, https:\/\/www.yongjianceramic.com\/wp-content\/uploads\/2024\/10\/Fish-Shape-Bulk-Plates-For-Catering-Wholesale-Dinner-Plates-3-270x270.webp 270w, https:\/\/www.yongjianceramic.com\/wp-content\/uploads\/2024\/10\/Fish-Shape-Bulk-Plates-For-Catering-Wholesale-Dinner-Plates-3-540x540.webp 540w, https:\/\/www.yongjianceramic.com\/wp-content\/uploads\/2024\/10\/Fish-Shape-Bulk-Plates-For-Catering-Wholesale-Dinner-Plates-3-660x660.webp 660w\" sizes=\"(max-width: 800px) 100vw, 800px\" \/><\/figure>\n<\/div><\/div>\n<\/div>","protected":false},"excerpt":{"rendered":"<p>Bienvenue sur le site d'achat en gros d'assiettes \u00e0 d\u00eener. Nos assiettes en vrac de 9 pouces en forme de poisson pour la restauration sont disponibles en noir et en blanc. Le design unique est combin\u00e9 avec des couleurs classiques, ce qui convient \u00e0 toutes sortes de lieux de restauration. Que vous serviez des fruits de mer ou des amuse-gueules, cette assiette ajoutera de l'int\u00e9r\u00eat \u00e0 votre repas. Elle est durable et facile \u00e0 nettoyer, ce qui en fait un article de restauration id\u00e9al.<\/p>\n<table style=\"border-collapse: collapse; width: 309.02pt;\" border=\"0\" width=\"309\" cellspacing=\"0\" cellpadding=\"0\">\n<tbody>\n<tr style=\"height: 17.60pt;\">\n<td class=\"et3\" style=\"height: 17.60pt; width: 120.25pt;\" width=\"120\" height=\"17\">Fabricant<\/td>\n<td class=\"et3\" style=\"width: 189.25pt;\" width=\"189\">Yongjian<\/td>\n<\/tr>\n<tr style=\"height: 17.60pt;\">\n<td class=\"et3\" style=\"height: 17.60pt;\" height=\"17\">Num\u00e9ro de mod\u00e8le<\/td>\n<td class=\"et3\">YJ-074<\/td>\n<\/tr>\n<tr style=\"height: 17.60pt;\">\n<td class=\"et3\" style=\"height: 17.60pt;\" height=\"17\">Type de produit<\/td>\n<td class=\"et3\">Plat de service, assiette \u00e0 d\u00eener<\/td>\n<\/tr>\n<tr style=\"height: 17.60pt;\">\n<td class=\"et3\" style=\"height: 17.60pt;\" height=\"17\">Mat\u00e9riau<\/td>\n<td class=\"et3\">Porcelaine<\/td>\n<\/tr>\n<tr style=\"height: 17.60pt;\">\n<td class=\"et4\" style=\"height: 17.60pt;\" height=\"17\">Couleur<\/td>\n<td class=\"et3\">Blanc\/ Noir<\/td>\n<\/tr>\n<tr style=\"height: 18.00pt;\">\n<td class=\"et3\" style=\"height: 18.00pt;\" height=\"18\">Dimension<\/td>\n<td class=\"et5\" style=\"width: 189.25pt;\" width=\"189\">15*30*3.8<\/td>\n<\/tr>\n<tr style=\"height: 17.60pt;\">\n<td class=\"et3\" style=\"height: 17.60pt;\" height=\"17\">MOQ<\/td>\n<td class=\"et3\">500pcs<\/td>\n<\/tr>\n<tr style=\"height: 17.60pt;\">\n<td class=\"et3\" style=\"height: 17.60pt;\" height=\"17\">Sur mesure<\/td>\n<td class=\"et3\">Couleur\/Taille\/Logo\/Emballage<\/td>\n<\/tr>\n<\/tbody>\n<\/table>","protected":false},"featured_media":3682,"comment_status":"closed","ping_status":"closed","template":"","meta":{"_acf_changed":false},"product_brand":[],"product_cat":[76,62],"product_tag":[96],"class_list":{"0":"post-3681","1":"product","2":"type-product","3":"status-publish","4":"has-post-thumbnail","6":"product_cat-wholesale-serving-platters","7":"product_cat-ceramic-plates-wholesale","8":"product_tag-black-white-dinnerware-wholesale","10":"first","11":"instock","12":"shipping-taxable","13":"product-type-simple"},"acf":[],"_links":{"self":[{"href":"https:\/\/www.yongjianceramic.com\/fr\/wp-json\/wp\/v2\/product\/3681","targetHints":{"allow":["GET"]}}],"collection":[{"href":"https:\/\/www.yongjianceramic.com\/fr\/wp-json\/wp\/v2\/product"}],"about":[{"href":"https:\/\/www.yongjianceramic.com\/fr\/wp-json\/wp\/v2\/types\/product"}],"replies":[{"embeddable":true,"href":"https:\/\/www.yongjianceramic.com\/fr\/wp-json\/wp\/v2\/comments?post=3681"}],"wp:featuredmedia":[{"embeddable":true,"href":"https:\/\/www.yongjianceramic.com\/fr\/wp-json\/wp\/v2\/media\/3682"}],"wp:attachment":[{"href":"https:\/\/www.yongjianceramic.com\/fr\/wp-json\/wp\/v2\/media?parent=3681"}],"wp:term":[{"taxonomy":"product_brand","embeddable":true,"href":"https:\/\/www.yongjianceramic.com\/fr\/wp-json\/wp\/v2\/product_brand?post=3681"},{"taxonomy":"product_cat","embeddable":true,"href":"https:\/\/www.yongjianceramic.com\/fr\/wp-json\/wp\/v2\/product_cat?post=3681"},{"taxonomy":"product_tag","embeddable":true,"href":"https:\/\/www.yongjianceramic.com\/fr\/wp-json\/wp\/v2\/product_tag?post=3681"}],"curies":[{"name":"wp","href":"https:\/\/api.w.org\/{rel}","templated":true}]}}