{"id":3696,"date":"2024-10-29T01:41:01","date_gmt":"2024-10-29T01:41:01","guid":{"rendered":"https:\/\/www.yongjianceramic.com\/?post_type=product&#038;p=3696"},"modified":"2024-10-29T01:52:08","modified_gmt":"2024-10-29T01:52:08","slug":"wholesale-plates-for-catering","status":"publish","type":"product","link":"https:\/\/www.yongjianceramic.com\/fr\/produit\/wholesale-plates-for-catering\/","title":{"rendered":"13.5 Inch Oval Wholesale Plates For Catering, Bulk China Dinner Plates"},"content":{"rendered":"<div class=\"wp-block-columns is-layout-flex wp-container-core-columns-is-layout-9d6595d7 wp-block-columns-is-layout-flex\">\n<div class=\"wp-block-column is-layout-flow wp-block-column-is-layout-flow\">\n<h2 class=\"wp-block-heading\">Premium Wholesale Plates For Catering Caract\u00e9ristiques :<\/h2>\n\n\n\n<ul class=\"wp-block-list\">\n<li><strong>Design ovale \u00e9l\u00e9gant :<\/strong> Nos assiettes en gros pour la restauration adoptent un design ovale \u00e9l\u00e9gant, qui offre un espace de pr\u00e9sentation plus spacieux pour divers plats. Il s'agit d'un choix id\u00e9al pour les lieux haut de gamme tels que les restaurants, les banquets et les h\u00f4tels.<\/li>\n\n\n\n<li><strong>Poign\u00e9es pratiques : <\/strong>Nos assiettes \u00e0 d\u00eener en porcelaine en vrac sont con\u00e7ues avec des poign\u00e9es, faciles \u00e0 prendre et \u00e0 d\u00e9placer, ce qui am\u00e9liore non seulement l'efficacit\u00e9 du service des plats, mais aussi la beaut\u00e9 de la pr\u00e9sentation des plats. C'est un choix judicieux pour les services de restauration.<\/li>\n\n\n\n<li><strong>Classique en noir et blanc : <\/strong>Ces assiettes de gros pour la restauration sont disponibles en noir et en blanc, ce qui permet de r\u00e9pondre aux besoins des tables modernes et minimalistes et des atmosph\u00e8res classiques et \u00e9l\u00e9gantes. Elles peuvent \u00eatre facilement assorties \u00e0 une vari\u00e9t\u00e9 d'occasions et de styles de d\u00e9coration.<\/li>\n\n\n\n<li><strong>De grande taille et polyvalent : <\/strong>Nos assiettes \u00e0 d\u00eener en porcelaine en vrac ont une grande taille de 13,5 pouces, ce qui convient pour servir une vari\u00e9t\u00e9 de plats tels que des plats principaux, des plateaux et des hors-d'\u0153uvre. Il s'agit d'un choix d'assiettes polyvalent pour les services de restauration.<\/li>\n<\/ul>\n<\/div>\n\n\n\n<div class=\"wp-block-column is-vertically-aligned-center is-layout-flow wp-block-column-is-layout-flow\"><div class=\"wp-block-image\">\n<figure class=\"aligncenter size-full is-resized\"><img fetchpriority=\"high\" decoding=\"async\" width=\"750\" height=\"750\" src=\"https:\/\/www.yongjianceramic.com\/wp-content\/uploads\/2024\/10\/13.5-Inch-Oval-Wholesale-Plates-For-Catering-Bulk-China-Dinner-Plates-3.webp\" alt=\"13.5 Inch Oval Wholesale Plates For Catering, Bulk China Dinner Plates-3\" class=\"wp-image-3699\" style=\"width:404px;height:auto\" srcset=\"https:\/\/www.yongjianceramic.com\/wp-content\/uploads\/2024\/10\/13.5-Inch-Oval-Wholesale-Plates-For-Catering-Bulk-China-Dinner-Plates-3.webp 750w, https:\/\/www.yongjianceramic.com\/wp-content\/uploads\/2024\/10\/13.5-Inch-Oval-Wholesale-Plates-For-Catering-Bulk-China-Dinner-Plates-3-300x300.webp 300w, https:\/\/www.yongjianceramic.com\/wp-content\/uploads\/2024\/10\/13.5-Inch-Oval-Wholesale-Plates-For-Catering-Bulk-China-Dinner-Plates-3-150x150.webp 150w, https:\/\/www.yongjianceramic.com\/wp-content\/uploads\/2024\/10\/13.5-Inch-Oval-Wholesale-Plates-For-Catering-Bulk-China-Dinner-Plates-3-12x12.webp 12w, https:\/\/www.yongjianceramic.com\/wp-content\/uploads\/2024\/10\/13.5-Inch-Oval-Wholesale-Plates-For-Catering-Bulk-China-Dinner-Plates-3-285x285.webp 285w, https:\/\/www.yongjianceramic.com\/wp-content\/uploads\/2024\/10\/13.5-Inch-Oval-Wholesale-Plates-For-Catering-Bulk-China-Dinner-Plates-3-270x270.webp 270w, https:\/\/www.yongjianceramic.com\/wp-content\/uploads\/2024\/10\/13.5-Inch-Oval-Wholesale-Plates-For-Catering-Bulk-China-Dinner-Plates-3-540x540.webp 540w, https:\/\/www.yongjianceramic.com\/wp-content\/uploads\/2024\/10\/13.5-Inch-Oval-Wholesale-Plates-For-Catering-Bulk-China-Dinner-Plates-3-660x660.webp 660w\" sizes=\"(max-width: 750px) 100vw, 750px\" \/><\/figure>\n<\/div><\/div>\n<\/div>\n\n\n\n<p><\/p>","protected":false},"excerpt":{"rendered":"<p>Bienvenue dans l'achat en gros d'assiettes \u00e0 d\u00eener en porcelaine. Nos assiettes ovales en gros de 13,5 pouces pour la restauration sont dot\u00e9es d'une poign\u00e9e pratique et sont disponibles en deux couleurs classiques, le noir et le blanc, ce qui les rend adapt\u00e9es \u00e0 une vari\u00e9t\u00e9 d'occasions de repas. Le grand format offre plus d'espace de pr\u00e9sentation pour les plats, ce qui en fait un choix haut de gamme pour am\u00e9liorer l'exp\u00e9rience du service de restauration.<\/p>\n<table style=\"border-collapse: collapse; width: 309.02pt;\" border=\"0\" width=\"309\" cellspacing=\"0\" cellpadding=\"0\">\n<tbody>\n<tr style=\"height: 17.60pt;\">\n<td class=\"et3\" style=\"height: 17.60pt; width: 120.25pt;\" width=\"120\" height=\"17\">Fabricant<\/td>\n<td class=\"et3\" style=\"width: 189.25pt;\" width=\"189\">Yongjian<\/td>\n<\/tr>\n<tr style=\"height: 18.00pt;\">\n<td class=\"et3\" style=\"height: 18.00pt;\" height=\"18\">Num\u00e9ro de mod\u00e8le<\/td>\n<td class=\"et4\" style=\"width: 189.25pt;\" width=\"189\">YJ-077<\/td>\n<\/tr>\n<tr style=\"height: 17.60pt;\">\n<td class=\"et3\" style=\"height: 17.60pt;\" height=\"17\">Type de produit<\/td>\n<td class=\"et3\">Plat de service, assiette \u00e0 d\u00eener<\/td>\n<\/tr>\n<tr style=\"height: 17.60pt;\">\n<td class=\"et3\" style=\"height: 17.60pt;\" height=\"17\">Mat\u00e9riau<\/td>\n<td class=\"et3\">Porcelaine<\/td>\n<\/tr>\n<tr style=\"height: 17.60pt;\">\n<td class=\"et5\" style=\"height: 17.60pt;\" height=\"17\">Couleur<\/td>\n<td class=\"et3\">Blanc\/ Noir<\/td>\n<\/tr>\n<tr style=\"height: 18.00pt;\">\n<td class=\"et3\" style=\"height: 18.00pt;\" height=\"18\">Dimension<\/td>\n<td class=\"et4\" style=\"width: 189.25pt;\" width=\"189\">18.4*34*4<\/td>\n<\/tr>\n<tr style=\"height: 17.60pt;\">\n<td class=\"et3\" style=\"height: 17.60pt;\" height=\"17\">MOQ<\/td>\n<td class=\"et3\">500pcs<\/td>\n<\/tr>\n<tr style=\"height: 17.60pt;\">\n<td class=\"et3\" style=\"height: 17.60pt;\" height=\"17\">Sur mesure<\/td>\n<td class=\"et3\">Couleur\/Taille\/Logo\/Emballage<\/td>\n<\/tr>\n<\/tbody>\n<\/table>","protected":false},"featured_media":3697,"comment_status":"closed","ping_status":"closed","template":"","meta":{"_acf_changed":false},"product_brand":[],"product_cat":[76,62],"product_tag":[96],"class_list":{"0":"post-3696","1":"product","2":"type-product","3":"status-publish","4":"has-post-thumbnail","6":"product_cat-wholesale-serving-platters","7":"product_cat-ceramic-plates-wholesale","8":"product_tag-black-white-dinnerware-wholesale","10":"first","11":"instock","12":"shipping-taxable","13":"product-type-simple"},"acf":[],"_links":{"self":[{"href":"https:\/\/www.yongjianceramic.com\/fr\/wp-json\/wp\/v2\/product\/3696","targetHints":{"allow":["GET"]}}],"collection":[{"href":"https:\/\/www.yongjianceramic.com\/fr\/wp-json\/wp\/v2\/product"}],"about":[{"href":"https:\/\/www.yongjianceramic.com\/fr\/wp-json\/wp\/v2\/types\/product"}],"replies":[{"embeddable":true,"href":"https:\/\/www.yongjianceramic.com\/fr\/wp-json\/wp\/v2\/comments?post=3696"}],"wp:featuredmedia":[{"embeddable":true,"href":"https:\/\/www.yongjianceramic.com\/fr\/wp-json\/wp\/v2\/media\/3697"}],"wp:attachment":[{"href":"https:\/\/www.yongjianceramic.com\/fr\/wp-json\/wp\/v2\/media?parent=3696"}],"wp:term":[{"taxonomy":"product_brand","embeddable":true,"href":"https:\/\/www.yongjianceramic.com\/fr\/wp-json\/wp\/v2\/product_brand?post=3696"},{"taxonomy":"product_cat","embeddable":true,"href":"https:\/\/www.yongjianceramic.com\/fr\/wp-json\/wp\/v2\/product_cat?post=3696"},{"taxonomy":"product_tag","embeddable":true,"href":"https:\/\/www.yongjianceramic.com\/fr\/wp-json\/wp\/v2\/product_tag?post=3696"}],"curies":[{"name":"wp","href":"https:\/\/api.w.org\/{rel}","templated":true}]}}