{"id":3707,"date":"2024-10-29T02:03:04","date_gmt":"2024-10-29T02:03:04","guid":{"rendered":"https:\/\/www.yongjianceramic.com\/?post_type=product&#038;p=3707"},"modified":"2024-10-29T02:14:58","modified_gmt":"2024-10-29T02:14:58","slug":"wholesale-dishware","status":"publish","type":"product","link":"https:\/\/www.yongjianceramic.com\/fr\/produit\/wholesale-dishware\/","title":{"rendered":"Vaisselle en gros bleu oriental, assiettes \u00e0 d\u00eener en vrac pour la restauration"},"content":{"rendered":"<div class=\"wp-block-columns is-layout-flex wp-container-core-columns-is-layout-9d6595d7 wp-block-columns-is-layout-flex\">\n<div class=\"wp-block-column is-layout-flow wp-block-column-is-layout-flow\">\n<h2 class=\"wp-block-heading\">Premium Wholesale Dishware Caract\u00e9ristiques :<\/h2>\n\n\n\n<ul class=\"wp-block-list\">\n<li><strong>Design esth\u00e9tique oriental unique : <\/strong>Cette s\u00e9rie de vaisselle en gros est domin\u00e9e par un bleu marine profond, avec une texture unique de craquelures de glace, transmettant la simplicit\u00e9 et l'\u00e9l\u00e9gance de l'esth\u00e9tique orientale, adapt\u00e9e \u00e0 l'am\u00e9lioration de l'atmosph\u00e8re artistique de la table \u00e0 manger.<\/li>\n\n\n\n<li><strong>Une vari\u00e9t\u00e9 de formes et de tailles : <\/strong>Nos assiettes \u00e0 d\u00eener en vrac sont disponibles dans deux formes classiques, ovale et rectangulaire, avec une vari\u00e9t\u00e9 de tailles pour r\u00e9pondre aux divers besoins des occasions de restauration, convenant \u00e0 la pr\u00e9sentation d'une vari\u00e9t\u00e9 de plats tels que les entr\u00e9es et les plats principaux.<\/li>\n\n\n\n<li><strong>D\u00e9tails de la texture des fissures de glace : <\/strong>Cette s\u00e9rie de vaisselle en gros est recouverte d'une texture d\u00e9licate de craquelures de glace, ajoutant un sens de l'artisanat et soulignant le go\u00fbt unique de la vaisselle haut de gamme. C'est un choix id\u00e9al pour les restaurants, les h\u00f4tels et les banquets.<\/li>\n\n\n\n<li><strong>Mat\u00e9riau c\u00e9ramique de haute qualit\u00e9 : <\/strong>Ces assiettes \u00e0 d\u00eener en vrac sont fabriqu\u00e9es en c\u00e9ramique de haute qualit\u00e9, lisse et robuste, durable et facile \u00e0 nettoyer. Elles conviennent \u00e0 une utilisation fr\u00e9quente dans les environnements de restauration et peuvent \u00eatre nettoy\u00e9es au lave-vaisselle, ce qui facilite l'entretien.<\/li>\n<\/ul>\n<\/div>\n\n\n\n<div class=\"wp-block-column is-vertically-aligned-center is-layout-flow wp-block-column-is-layout-flow\">\n<figure class=\"wp-block-image size-full\"><img fetchpriority=\"high\" decoding=\"async\" width=\"800\" height=\"800\" src=\"https:\/\/www.yongjianceramic.com\/wp-content\/uploads\/2024\/10\/Oriental-Blue-Wholesale-Dishware-Bulk-Dinner-Plates-For-Catering-03.webp\" alt=\"Vaisselle en gros bleu oriental, assiettes \u00e0 d\u00eener en vrac pour traiteur-03\" class=\"wp-image-3710\" srcset=\"https:\/\/www.yongjianceramic.com\/wp-content\/uploads\/2024\/10\/Oriental-Blue-Wholesale-Dishware-Bulk-Dinner-Plates-For-Catering-03.webp 800w, https:\/\/www.yongjianceramic.com\/wp-content\/uploads\/2024\/10\/Oriental-Blue-Wholesale-Dishware-Bulk-Dinner-Plates-For-Catering-03-300x300.webp 300w, https:\/\/www.yongjianceramic.com\/wp-content\/uploads\/2024\/10\/Oriental-Blue-Wholesale-Dishware-Bulk-Dinner-Plates-For-Catering-03-150x150.webp 150w, https:\/\/www.yongjianceramic.com\/wp-content\/uploads\/2024\/10\/Oriental-Blue-Wholesale-Dishware-Bulk-Dinner-Plates-For-Catering-03-768x768.webp 768w, https:\/\/www.yongjianceramic.com\/wp-content\/uploads\/2024\/10\/Oriental-Blue-Wholesale-Dishware-Bulk-Dinner-Plates-For-Catering-03-12x12.webp 12w, https:\/\/www.yongjianceramic.com\/wp-content\/uploads\/2024\/10\/Oriental-Blue-Wholesale-Dishware-Bulk-Dinner-Plates-For-Catering-03-285x285.webp 285w, https:\/\/www.yongjianceramic.com\/wp-content\/uploads\/2024\/10\/Oriental-Blue-Wholesale-Dishware-Bulk-Dinner-Plates-For-Catering-03-270x270.webp 270w, https:\/\/www.yongjianceramic.com\/wp-content\/uploads\/2024\/10\/Oriental-Blue-Wholesale-Dishware-Bulk-Dinner-Plates-For-Catering-03-540x540.webp 540w, https:\/\/www.yongjianceramic.com\/wp-content\/uploads\/2024\/10\/Oriental-Blue-Wholesale-Dishware-Bulk-Dinner-Plates-For-Catering-03-660x660.webp 660w\" sizes=\"(max-width: 800px) 100vw, 800px\" \/><\/figure>\n<\/div>\n<\/div>","protected":false},"excerpt":{"rendered":"<p>Bienvenue dans l'achat d'assiettes \u00e0 d\u00eener en gros. Cette s\u00e9rie de vaisselle orientale en gros bleu marine a deux formes, ovale et rectangulaire, d\u00e9cor\u00e9e d'une texture exquise de craquelures de glace, et est disponible dans une vari\u00e9t\u00e9 de tailles. Son design classique et moderne allie praticit\u00e9 et art, et convient aux lieux de restauration haut de gamme tels que les restaurants et les h\u00f4tels, ajoutant un charme oriental unique.<\/p>\n<table style=\"border-collapse: collapse; width: 309.02pt;\" border=\"0\" width=\"309\" cellspacing=\"0\" cellpadding=\"0\">\n<tbody>\n<tr style=\"height: 17.60pt;\">\n<td class=\"et3\" style=\"height: 17.60pt; width: 120.25pt;\" width=\"120\" height=\"17\">Fabricant<\/td>\n<td class=\"et3\" style=\"width: 189.25pt;\" width=\"189\">Yongjian<\/td>\n<\/tr>\n<tr style=\"height: 18.00pt;\">\n<td class=\"et3\" style=\"height: 18.00pt;\" height=\"18\">Num\u00e9ro de mod\u00e8le<\/td>\n<td class=\"et4\" style=\"width: 189.25pt;\" width=\"189\">YJ-075<\/td>\n<\/tr>\n<tr style=\"height: 18.00pt;\">\n<td class=\"et5\" style=\"height: 18.00pt; width: 120.25pt;\" width=\"120\" height=\"18\">Type de vaisselle<\/td>\n<td class=\"et5\" style=\"width: 189.25pt;\" width=\"189\">Plateaux, Assiettes<\/td>\n<\/tr>\n<tr style=\"height: 17.60pt;\">\n<td class=\"et3\" style=\"height: 17.60pt;\" height=\"17\">Technique<\/td>\n<td class=\"et3\">Effet de gla\u00e7age au four<\/td>\n<\/tr>\n<tr style=\"height: 17.60pt;\">\n<td class=\"et3\" style=\"height: 17.60pt;\" height=\"17\">Mat\u00e9riau<\/td>\n<td class=\"et3\">Porcelaine<\/td>\n<\/tr>\n<tr style=\"height: 36.00pt;\">\n<td class=\"et6\" style=\"height: 36.00pt;\" height=\"36\">Applicable<\/td>\n<td class=\"et5\" style=\"width: 189.25pt;\" width=\"189\">St\u00e9rilisateur, lave-vaisselle, four, micro-ondes<\/td>\n<\/tr>\n<tr style=\"height: 17.60pt;\">\n<td class=\"et3\" style=\"height: 17.60pt;\" height=\"17\">Dimension<\/td>\n<td class=\"et3\">En tant qu'image<\/td>\n<\/tr>\n<tr style=\"height: 17.60pt;\">\n<td class=\"et3\" style=\"height: 17.60pt;\" height=\"17\">MOQ<\/td>\n<td class=\"et3\">500pcs<\/td>\n<\/tr>\n<tr style=\"height: 17.60pt;\">\n<td class=\"et3\" style=\"height: 17.60pt;\" height=\"17\">Sur mesure<\/td>\n<td class=\"et3\">Couleur\/Taille\/Logo\/Emballage<\/td>\n<\/tr>\n<\/tbody>\n<\/table>","protected":false},"featured_media":3708,"comment_status":"closed","ping_status":"closed","template":"","meta":{"_acf_changed":false},"product_brand":[],"product_cat":[64,85],"product_tag":[86],"class_list":{"0":"post-3707","1":"product","2":"type-product","3":"status-publish","4":"has-post-thumbnail","6":"product_cat-dinnerware-sets","7":"product_cat-wholesale-dinnerware-sets","8":"product_tag-oriental-style-dinnerware-wholesale","10":"first","11":"instock","12":"shipping-taxable","13":"product-type-simple"},"acf":[],"_links":{"self":[{"href":"https:\/\/www.yongjianceramic.com\/fr\/wp-json\/wp\/v2\/product\/3707","targetHints":{"allow":["GET"]}}],"collection":[{"href":"https:\/\/www.yongjianceramic.com\/fr\/wp-json\/wp\/v2\/product"}],"about":[{"href":"https:\/\/www.yongjianceramic.com\/fr\/wp-json\/wp\/v2\/types\/product"}],"replies":[{"embeddable":true,"href":"https:\/\/www.yongjianceramic.com\/fr\/wp-json\/wp\/v2\/comments?post=3707"}],"wp:featuredmedia":[{"embeddable":true,"href":"https:\/\/www.yongjianceramic.com\/fr\/wp-json\/wp\/v2\/media\/3708"}],"wp:attachment":[{"href":"https:\/\/www.yongjianceramic.com\/fr\/wp-json\/wp\/v2\/media?parent=3707"}],"wp:term":[{"taxonomy":"product_brand","embeddable":true,"href":"https:\/\/www.yongjianceramic.com\/fr\/wp-json\/wp\/v2\/product_brand?post=3707"},{"taxonomy":"product_cat","embeddable":true,"href":"https:\/\/www.yongjianceramic.com\/fr\/wp-json\/wp\/v2\/product_cat?post=3707"},{"taxonomy":"product_tag","embeddable":true,"href":"https:\/\/www.yongjianceramic.com\/fr\/wp-json\/wp\/v2\/product_tag?post=3707"}],"curies":[{"name":"wp","href":"https:\/\/api.w.org\/{rel}","templated":true}]}}