{"id":3724,"date":"2024-10-29T06:10:32","date_gmt":"2024-10-29T06:10:32","guid":{"rendered":"https:\/\/www.yongjianceramic.com\/?post_type=product&#038;p=3724"},"modified":"2025-03-20T12:07:22","modified_gmt":"2025-03-20T04:07:22","slug":"ceramic-dishes-wholesale","status":"publish","type":"product","link":"https:\/\/www.yongjianceramic.com\/fr\/produit\/ceramic-dishes-wholesale\/","title":{"rendered":"Plats en c\u00e9ramique avec poign\u00e9es, Bulk Casserole Dishes Wholesale"},"content":{"rendered":"<div class=\"wp-block-columns is-layout-flex wp-container-core-columns-is-layout-9d6595d7 wp-block-columns-is-layout-flex\">\n<div class=\"wp-block-column is-layout-flow wp-block-column-is-layout-flow\">\n<h2 class=\"wp-block-heading\">Plats en c\u00e9ramique de premi\u00e8re qualit\u00e9 Caract\u00e9ristiques en gros :<\/h2>\n\n\n\n<ul class=\"wp-block-list\">\n<li><strong>Convient \u00e0 une grande vari\u00e9t\u00e9 de plats :<\/strong> Nos plats en c\u00e9ramique sont disponibles en deux tailles, 8,8 pouces et 10 pouces, qui sont de taille mod\u00e9r\u00e9e et conviennent \u00e0 une vari\u00e9t\u00e9 de besoins de cuisson tels que la cuisson au four, la friture, la cuisson \u00e0 l'\u00e9touff\u00e9e, etc.<\/li>\n\n\n\n<li><strong>Poign\u00e9e confortable : <\/strong>Ces cocottes en vrac sont dot\u00e9es d'une poign\u00e9e qui assure une meilleure stabilit\u00e9 et un plus grand confort lors des d\u00e9placements entre le four et la table \u00e0 manger, \u00e9vitant ainsi les risques de glissement et am\u00e9liorant la s\u00e9curit\u00e9 et la commodit\u00e9 d'utilisation.<\/li>\n\n\n\n<li><strong>\u00c9l\u00e9gant noir et blanc : <\/strong>Ces plats en c\u00e9ramique sont disponibles en noir et en blanc. Simples et \u00e9l\u00e9gants, ils s'adaptent \u00e0 toutes sortes de tables et de styles de cuisine, ajoutant une beaut\u00e9 visuelle sans perdre leur aspect pratique.<\/li>\n\n\n\n<li><strong>R\u00e9sistant aux hautes temp\u00e9ratures et facile \u00e0 nettoyer : <\/strong>Nos cocottes en vrac r\u00e9sistent aux temp\u00e9ratures \u00e9lev\u00e9es et peuvent \u00eatre utilis\u00e9es directement au four ou au micro-ondes. La surface est lisse et facile \u00e0 nettoyer, et elle peut \u00eatre lav\u00e9e au lave-vaisselle, ce qui convient \u00e0 une utilisation quotidienne fr\u00e9quente et permet d'\u00e9conomiser du temps de nettoyage.<\/li>\n<\/ul>\n<\/div>\n\n\n\n<div class=\"wp-block-column is-vertically-aligned-center is-layout-flow wp-block-column-is-layout-flow\"><div class=\"wp-block-image\">\n<figure class=\"aligncenter size-full\"><img fetchpriority=\"high\" decoding=\"async\" width=\"750\" height=\"750\" src=\"https:\/\/www.yongjianceramic.com\/wp-content\/uploads\/2024\/10\/Ceramic-Dishes-Wholesale-With-Handles-Bulk-Casserole-Dishes-2.png\" alt=\"Plats en c\u00e9ramique avec poign\u00e9es, Bulk Casserole Dishes-2\" class=\"wp-image-3726\" srcset=\"https:\/\/www.yongjianceramic.com\/wp-content\/uploads\/2024\/10\/Ceramic-Dishes-Wholesale-With-Handles-Bulk-Casserole-Dishes-2.png 750w, https:\/\/www.yongjianceramic.com\/wp-content\/uploads\/2024\/10\/Ceramic-Dishes-Wholesale-With-Handles-Bulk-Casserole-Dishes-2-300x300.png 300w, https:\/\/www.yongjianceramic.com\/wp-content\/uploads\/2024\/10\/Ceramic-Dishes-Wholesale-With-Handles-Bulk-Casserole-Dishes-2-150x150.png 150w, https:\/\/www.yongjianceramic.com\/wp-content\/uploads\/2024\/10\/Ceramic-Dishes-Wholesale-With-Handles-Bulk-Casserole-Dishes-2-12x12.png 12w, https:\/\/www.yongjianceramic.com\/wp-content\/uploads\/2024\/10\/Ceramic-Dishes-Wholesale-With-Handles-Bulk-Casserole-Dishes-2-285x285.png 285w, https:\/\/www.yongjianceramic.com\/wp-content\/uploads\/2024\/10\/Ceramic-Dishes-Wholesale-With-Handles-Bulk-Casserole-Dishes-2-270x270.png 270w, https:\/\/www.yongjianceramic.com\/wp-content\/uploads\/2024\/10\/Ceramic-Dishes-Wholesale-With-Handles-Bulk-Casserole-Dishes-2-540x540.png 540w, https:\/\/www.yongjianceramic.com\/wp-content\/uploads\/2024\/10\/Ceramic-Dishes-Wholesale-With-Handles-Bulk-Casserole-Dishes-2-660x660.png 660w\" sizes=\"(max-width: 750px) 100vw, 750px\" \/><\/figure>\n<\/div><\/div>\n<\/div>","protected":false},"excerpt":{"rendered":"<p>Bienvenue sur le site d'achat en gros de plats en c\u00e9ramique. Nos plats en vrac avec poign\u00e9es ont des couleurs classiques noires et blanches et sont disponibles dans des tailles de 8,8 pouces et 10 pouces. Ils conviennent \u00e0 une grande vari\u00e9t\u00e9 de pr\u00e9parations culinaires et sont \u00e0 la fois beaux et pratiques. La c\u00e9ramique de haute qualit\u00e9 est r\u00e9sistante \u00e0 la chaleur et facile \u00e0 nettoyer, ce qui en fait un ustensile id\u00e9al pour la maison et les restaurants.<\/p>\n<table style=\"border-collapse: collapse; width: 309.02pt;\" border=\"0\" width=\"309\" cellspacing=\"0\" cellpadding=\"0\">\n<tbody>\n<tr style=\"height: 17.60pt;\">\n<td class=\"et3\" style=\"height: 17.60pt; width: 120.25pt;\" width=\"120\" height=\"17\">Fabricant<\/td>\n<td class=\"et3\" style=\"width: 189.25pt;\" width=\"189\">Yongjian<\/td>\n<\/tr>\n<tr style=\"height: 18.00pt;\">\n<td class=\"et3\" style=\"height: 18.00pt;\" height=\"18\">Num\u00e9ro de mod\u00e8le<\/td>\n<td class=\"et4\" style=\"width: 189.25pt;\" width=\"189\">YJ-079\/YJ-080<\/td>\n<\/tr>\n<tr style=\"height: 17.60pt;\">\n<td class=\"et3\" style=\"height: 17.60pt;\" height=\"17\">Type de produit<\/td>\n<td class=\"et3\">Plat de service, assiette creuse<\/td>\n<\/tr>\n<tr style=\"height: 17.60pt;\">\n<td class=\"et3\" style=\"height: 17.60pt;\" height=\"17\">Mat\u00e9riau<\/td>\n<td class=\"et3\">Porcelaine<\/td>\n<\/tr>\n<tr style=\"height: 17.60pt;\">\n<td class=\"et5\" style=\"height: 17.60pt;\" height=\"17\">Couleur<\/td>\n<td class=\"et3\">Blanc\/ Noir<\/td>\n<\/tr>\n<tr style=\"height: 36.00pt;\">\n<td class=\"et3\" style=\"height: 36.00pt;\" height=\"36\">Dimension<\/td>\n<td class=\"et4\" style=\"width: 189.25pt;\" width=\"189\">8,8 pouces : 13,5*22*4,2<br \/>10 pouces : 14.5*25*4.5<\/td>\n<\/tr>\n<tr style=\"height: 17.60pt;\">\n<td class=\"et3\" style=\"height: 17.60pt;\" height=\"17\">MOQ<\/td>\n<td class=\"et3\">500pcs<\/td>\n<\/tr>\n<tr style=\"height: 17.60pt;\">\n<td class=\"et3\" style=\"height: 17.60pt;\" height=\"17\">Sur mesure<\/td>\n<td class=\"et3\">Couleur\/Taille\/Logo\/Emballage<\/td>\n<\/tr>\n<\/tbody>\n<\/table>\n<p>&nbsp;<\/p>","protected":false},"featured_media":3727,"comment_status":"closed","ping_status":"closed","template":"","meta":{"_acf_changed":false},"product_brand":[],"product_cat":[99,62],"product_tag":[96],"class_list":{"0":"post-3724","1":"product","2":"type-product","3":"status-publish","4":"has-post-thumbnail","6":"product_cat-baking-dishes-wholesale","7":"product_cat-ceramic-plates-wholesale","8":"product_tag-black-white-dinnerware-wholesale","10":"first","11":"instock","12":"shipping-taxable","13":"product-type-simple"},"acf":[],"_links":{"self":[{"href":"https:\/\/www.yongjianceramic.com\/fr\/wp-json\/wp\/v2\/product\/3724","targetHints":{"allow":["GET"]}}],"collection":[{"href":"https:\/\/www.yongjianceramic.com\/fr\/wp-json\/wp\/v2\/product"}],"about":[{"href":"https:\/\/www.yongjianceramic.com\/fr\/wp-json\/wp\/v2\/types\/product"}],"replies":[{"embeddable":true,"href":"https:\/\/www.yongjianceramic.com\/fr\/wp-json\/wp\/v2\/comments?post=3724"}],"wp:featuredmedia":[{"embeddable":true,"href":"https:\/\/www.yongjianceramic.com\/fr\/wp-json\/wp\/v2\/media\/3727"}],"wp:attachment":[{"href":"https:\/\/www.yongjianceramic.com\/fr\/wp-json\/wp\/v2\/media?parent=3724"}],"wp:term":[{"taxonomy":"product_brand","embeddable":true,"href":"https:\/\/www.yongjianceramic.com\/fr\/wp-json\/wp\/v2\/product_brand?post=3724"},{"taxonomy":"product_cat","embeddable":true,"href":"https:\/\/www.yongjianceramic.com\/fr\/wp-json\/wp\/v2\/product_cat?post=3724"},{"taxonomy":"product_tag","embeddable":true,"href":"https:\/\/www.yongjianceramic.com\/fr\/wp-json\/wp\/v2\/product_tag?post=3724"}],"curies":[{"name":"wp","href":"https:\/\/api.w.org\/{rel}","templated":true}]}}