{"id":3744,"date":"2024-10-31T17:22:29","date_gmt":"2024-10-31T09:22:29","guid":{"rendered":"https:\/\/www.yongjianceramic.com\/?post_type=product&#038;p=3744"},"modified":"2024-10-31T17:49:03","modified_gmt":"2024-10-31T09:49:03","slug":"dinnerware-plates-wholesale","status":"publish","type":"product","link":"https:\/\/www.yongjianceramic.com\/fr\/produit\/dinnerware-plates-wholesale\/","title":{"rendered":"8-inch Deep Dinnerware Plates Wholesale, Catering Wholesale Crockery"},"content":{"rendered":"<div class=\"wp-block-columns is-layout-flex wp-container-core-columns-is-layout-9d6595d7 wp-block-columns-is-layout-flex\">\n<div class=\"wp-block-column is-layout-flow wp-block-column-is-layout-flow\">\n<h2 class=\"wp-block-heading\">Premium Dinnerware Plates Wholesale Caract\u00e9ristiques :<\/h2>\n\n\n\n<ul class=\"wp-block-list\">\n<li><strong>Design classique et polyvalent : <\/strong>Cette assiette creuse de 8 pouces est parfaite pour les soupes, les salades, les p\u00e2tes et autres plats, qu'il s'agisse d'un buffet, d'un banquet ou d'un repas quotidien, elle peut r\u00e9pondre \u00e0 diff\u00e9rents besoins.<\/li>\n\n\n\n<li><strong>Mat\u00e9riau durable et de haute qualit\u00e9 : <\/strong>Notre vaisselle en gros pour la restauration est fabriqu\u00e9e en c\u00e9ramique de haute qualit\u00e9, l'assiette est robuste et durable, elle n'est pas facile \u00e0 fissurer ou \u00e0 rayer et peut r\u00e9sister \u00e0 une utilisation fr\u00e9quente \u00e0 long terme.<\/li>\n\n\n\n<li><strong>Design en gla\u00e7ure brillante : <\/strong>L'\u00e9mail blanc brillant et lisse de nos assiettes de vaisselle en gros n'est pas seulement \u00e9l\u00e9gant, il a aussi d'excellentes performances anti-salissures et anti-rayures, il est facile \u00e0 nettoyer et \u00e0 entretenir, et le brillant peut durer aussi longtemps que le neuf, m\u00eame en cas d'utilisation fr\u00e9quente. L'\u00e9mail sans plomb, non toxique et respectueux de l'environnement garantit la s\u00e9curit\u00e9 et la sant\u00e9 de la vaisselle et convient \u00e0 toutes sortes d'occasions de restauration.<\/li>\n\n\n\n<li><strong>Soutien \u00e0 l'achat en gros et aux services personnalis\u00e9s : <\/strong>Nous fournissons des services en gros et personnalis\u00e9s pour la vaisselle de restauration en gros, et pouvons ajuster la taille, l'impression du logo, etc. selon les besoins du client, ce qui convient aux besoins d'achat \u00e0 grande \u00e9chelle de la restauration, des banquets, des organisateurs d'\u00e9v\u00e9nements, etc.<\/li>\n<\/ul>\n<\/div>\n\n\n\n<div class=\"wp-block-column is-vertically-aligned-center is-layout-flow wp-block-column-is-layout-flow\"><div class=\"wp-block-image\">\n<figure class=\"aligncenter size-full\"><img fetchpriority=\"high\" decoding=\"async\" width=\"750\" height=\"750\" src=\"https:\/\/www.yongjianceramic.com\/wp-content\/uploads\/2024\/10\/8-inch-Deep-Dinnerware-Plates-Wholesale-Catering-Wholesale-Crockery-5.webp\" alt=\"8-inch Deep Dinnerware Plates Wholesale, Catering Wholesale Crockery-5\" class=\"wp-image-3749\" srcset=\"https:\/\/www.yongjianceramic.com\/wp-content\/uploads\/2024\/10\/8-inch-Deep-Dinnerware-Plates-Wholesale-Catering-Wholesale-Crockery-5.webp 750w, https:\/\/www.yongjianceramic.com\/wp-content\/uploads\/2024\/10\/8-inch-Deep-Dinnerware-Plates-Wholesale-Catering-Wholesale-Crockery-5-300x300.webp 300w, https:\/\/www.yongjianceramic.com\/wp-content\/uploads\/2024\/10\/8-inch-Deep-Dinnerware-Plates-Wholesale-Catering-Wholesale-Crockery-5-150x150.webp 150w, https:\/\/www.yongjianceramic.com\/wp-content\/uploads\/2024\/10\/8-inch-Deep-Dinnerware-Plates-Wholesale-Catering-Wholesale-Crockery-5-12x12.webp 12w, https:\/\/www.yongjianceramic.com\/wp-content\/uploads\/2024\/10\/8-inch-Deep-Dinnerware-Plates-Wholesale-Catering-Wholesale-Crockery-5-285x285.webp 285w, https:\/\/www.yongjianceramic.com\/wp-content\/uploads\/2024\/10\/8-inch-Deep-Dinnerware-Plates-Wholesale-Catering-Wholesale-Crockery-5-270x270.webp 270w, https:\/\/www.yongjianceramic.com\/wp-content\/uploads\/2024\/10\/8-inch-Deep-Dinnerware-Plates-Wholesale-Catering-Wholesale-Crockery-5-540x540.webp 540w, https:\/\/www.yongjianceramic.com\/wp-content\/uploads\/2024\/10\/8-inch-Deep-Dinnerware-Plates-Wholesale-Catering-Wholesale-Crockery-5-660x660.webp 660w\" sizes=\"(max-width: 750px) 100vw, 750px\" \/><\/figure>\n<\/div><\/div>\n<\/div>","protected":false},"excerpt":{"rendered":"<p>Bienvenue sur le site d'achat de vaisselle en gros pour la restauration. Cette assiette creuse de 8 pouces, avec son design classique et son \u00e9mail blanc brillant, est un choix pratique et haut de gamme pour l'industrie de la restauration. Le mat\u00e9riau c\u00e9ramique de haute qualit\u00e9 garantit la durabilit\u00e9, et la surface lisse est facile \u00e0 nettoyer, r\u00e9pondant aux divers besoins des restaurants, des h\u00f4tels et des banquets.<\/p>\n<table style=\"border-collapse: collapse; width: 309.02pt;\" border=\"0\" width=\"309\" cellspacing=\"0\" cellpadding=\"0\">\n<tbody>\n<tr style=\"height: 17.60pt;\">\n<td class=\"et3\" style=\"height: 17.60pt; width: 120.25pt;\" width=\"120\" height=\"17\">Fabricant<\/td>\n<td class=\"et3\" style=\"width: 189.25pt;\" width=\"189\">Yongjian<\/td>\n<\/tr>\n<tr style=\"height: 18.00pt;\">\n<td class=\"et3\" style=\"height: 18.00pt;\" height=\"18\">Num\u00e9ro de mod\u00e8le<\/td>\n<td class=\"et4\" style=\"width: 189.25pt;\" width=\"189\">YJ-080<\/td>\n<\/tr>\n<tr style=\"height: 17.60pt;\">\n<td class=\"et3\" style=\"height: 17.60pt;\" height=\"17\">Type de produit<\/td>\n<td class=\"et3\">Plat de service, assiette creuse<\/td>\n<\/tr>\n<tr style=\"height: 17.60pt;\">\n<td class=\"et3\" style=\"height: 17.60pt;\" height=\"17\">Mat\u00e9riau<\/td>\n<td class=\"et3\">Porcelaine<\/td>\n<\/tr>\n<tr style=\"height: 17.60pt;\">\n<td class=\"et5\" style=\"height: 17.60pt;\" height=\"17\">Couleur<\/td>\n<td class=\"et3\">Blanc<\/td>\n<\/tr>\n<tr style=\"height: 18.00pt;\">\n<td class=\"et3\" style=\"height: 18.00pt;\" height=\"18\">Dimension<\/td>\n<td class=\"et4\" style=\"width: 189.25pt;\" width=\"189\">20.5*20.5*4<\/td>\n<\/tr>\n<tr style=\"height: 17.60pt;\">\n<td class=\"et3\" style=\"height: 17.60pt;\" height=\"17\">MOQ<\/td>\n<td class=\"et3\">500pcs<\/td>\n<\/tr>\n<tr style=\"height: 17.60pt;\">\n<td class=\"et3\" style=\"height: 17.60pt;\" height=\"17\">Sur mesure<\/td>\n<td class=\"et3\">Couleur\/Taille\/Logo\/Emballage<\/td>\n<\/tr>\n<\/tbody>\n<\/table>","protected":false},"featured_media":3746,"comment_status":"closed","ping_status":"closed","template":"","meta":{"_acf_changed":false},"product_brand":[],"product_cat":[77,62,76],"product_tag":[96],"class_list":{"0":"post-3744","1":"product","2":"type-product","3":"status-publish","4":"has-post-thumbnail","6":"product_cat-deep-plates-wholesale","7":"product_cat-ceramic-plates-wholesale","8":"product_cat-wholesale-serving-platters","9":"product_tag-black-white-dinnerware-wholesale","11":"first","12":"instock","13":"shipping-taxable","14":"product-type-simple"},"acf":[],"_links":{"self":[{"href":"https:\/\/www.yongjianceramic.com\/fr\/wp-json\/wp\/v2\/product\/3744","targetHints":{"allow":["GET"]}}],"collection":[{"href":"https:\/\/www.yongjianceramic.com\/fr\/wp-json\/wp\/v2\/product"}],"about":[{"href":"https:\/\/www.yongjianceramic.com\/fr\/wp-json\/wp\/v2\/types\/product"}],"replies":[{"embeddable":true,"href":"https:\/\/www.yongjianceramic.com\/fr\/wp-json\/wp\/v2\/comments?post=3744"}],"wp:featuredmedia":[{"embeddable":true,"href":"https:\/\/www.yongjianceramic.com\/fr\/wp-json\/wp\/v2\/media\/3746"}],"wp:attachment":[{"href":"https:\/\/www.yongjianceramic.com\/fr\/wp-json\/wp\/v2\/media?parent=3744"}],"wp:term":[{"taxonomy":"product_brand","embeddable":true,"href":"https:\/\/www.yongjianceramic.com\/fr\/wp-json\/wp\/v2\/product_brand?post=3744"},{"taxonomy":"product_cat","embeddable":true,"href":"https:\/\/www.yongjianceramic.com\/fr\/wp-json\/wp\/v2\/product_cat?post=3744"},{"taxonomy":"product_tag","embeddable":true,"href":"https:\/\/www.yongjianceramic.com\/fr\/wp-json\/wp\/v2\/product_tag?post=3744"}],"curies":[{"name":"wp","href":"https:\/\/api.w.org\/{rel}","templated":true}]}}