{"id":3751,"date":"2024-10-31T17:54:51","date_gmt":"2024-10-31T09:54:51","guid":{"rendered":"https:\/\/www.yongjianceramic.com\/?post_type=product&#038;p=3751"},"modified":"2024-10-31T18:07:11","modified_gmt":"2024-10-31T10:07:11","slug":"wholesale-ceramic-plates","status":"publish","type":"product","link":"https:\/\/www.yongjianceramic.com\/fr\/produit\/wholesale-ceramic-plates\/","title":{"rendered":"Assiettes en c\u00e9ramique en gros, Assiettes \u00e0 d\u00eener profondes en forme de fleur en vrac"},"content":{"rendered":"<div class=\"wp-block-columns is-layout-flex wp-container-core-columns-is-layout-9d6595d7 wp-block-columns-is-layout-flex\">\n<div class=\"wp-block-column is-layout-flow wp-block-column-is-layout-flow\">\n<h2 class=\"wp-block-heading\">Assiettes en c\u00e9ramique de premi\u00e8re qualit\u00e9 en gros Caract\u00e9ristiques :<\/h2>\n\n\n\n<ul class=\"wp-block-list\">\n<li><strong>Forme \u00e9l\u00e9gante de la fleur : <\/strong>Ces assiettes en c\u00e9ramique de gros sont con\u00e7ues en forme de fleur unique avec un bord l\u00e9g\u00e8rement ondul\u00e9, ajoutant une touche d'art \u00e0 la table \u00e0 manger. La forme exquise rend non seulement les aliments plus attrayants, mais ajoute \u00e9galement de la couleur \u00e0 l'ensemble de la table, ce qui en fait un bon choix pour am\u00e9liorer l'exp\u00e9rience gastronomique.<\/li>\n\n\n\n<li><strong>Plusieurs options de taille : <\/strong>Cette assiette creuse en vrac est disponible en trois tailles diff\u00e9rentes pour r\u00e9pondre \u00e0 divers besoins. Elle peut \u00eatre utilis\u00e9e pour servir une vari\u00e9t\u00e9 de plats tels que des entr\u00e9es, des plats principaux et des desserts. Les diff\u00e9rentes tailles conviennent aux diff\u00e9rents plats et aux diff\u00e9rentes sc\u00e8nes de repas, et peuvent \u00eatre adapt\u00e9es de mani\u00e8re flexible pour r\u00e9pondre \u00e0 l'ensemble des besoins des restaurants, des h\u00f4tels et des banquets.<\/li>\n\n\n\n<li><strong>C\u00e9ramique de haute qualit\u00e9 et gla\u00e7ure exquise : <\/strong>Nos assiettes en c\u00e9ramique en gros sont fabriqu\u00e9es \u00e0 partir de mati\u00e8res premi\u00e8res c\u00e9ramiques de haute qualit\u00e9, et le corps de l'assiette est robuste et durable, et peut r\u00e9sister \u00e0 une utilisation fr\u00e9quente. Le gla\u00e7age lisse de la surface n'est pas seulement haut de gamme et \u00e9l\u00e9gant, il est \u00e9galement facile \u00e0 nettoyer et \u00e0 entretenir, ce qui permet de conserver l'\u00e9clat du neuf pendant longtemps et de rehausser la beaut\u00e9 g\u00e9n\u00e9rale de l'occasion.<\/li>\n\n\n\n<li><strong>Approvisionnement en gros et services personnalis\u00e9s : <\/strong>Notre assiette \u00e0 d\u00eener en c\u00e9ramique en vrac prend en charge l'approvisionnement en gros et les services personnalis\u00e9s, qui conviennent aux entreprises de restauration \u00e0 grande \u00e9chelle ou aux besoins d'approvisionnement des \u00e9v\u00e9nements. Nous proposons des services personnalis\u00e9s tels que l'impression de la taille et du logo en fonction des besoins du client.<\/li>\n<\/ul>\n<\/div>\n\n\n\n<div class=\"wp-block-column is-vertically-aligned-center is-layout-flow wp-block-column-is-layout-flow\"><div class=\"wp-block-image\">\n<figure class=\"aligncenter size-full\"><img fetchpriority=\"high\" decoding=\"async\" width=\"750\" height=\"750\" src=\"https:\/\/www.yongjianceramic.com\/wp-content\/uploads\/2024\/10\/Wholesale-Ceramic-Plates-Flower-Shape-Deep-Dinner-Plate-Bulk-4.webp\" alt=\"Assiettes en c\u00e9ramique en gros, Assiettes \u00e0 d\u00eener profondes en forme de fleur Bulk-4\" class=\"wp-image-3755\" srcset=\"https:\/\/www.yongjianceramic.com\/wp-content\/uploads\/2024\/10\/Wholesale-Ceramic-Plates-Flower-Shape-Deep-Dinner-Plate-Bulk-4.webp 750w, https:\/\/www.yongjianceramic.com\/wp-content\/uploads\/2024\/10\/Wholesale-Ceramic-Plates-Flower-Shape-Deep-Dinner-Plate-Bulk-4-300x300.webp 300w, https:\/\/www.yongjianceramic.com\/wp-content\/uploads\/2024\/10\/Wholesale-Ceramic-Plates-Flower-Shape-Deep-Dinner-Plate-Bulk-4-150x150.webp 150w, https:\/\/www.yongjianceramic.com\/wp-content\/uploads\/2024\/10\/Wholesale-Ceramic-Plates-Flower-Shape-Deep-Dinner-Plate-Bulk-4-12x12.webp 12w, https:\/\/www.yongjianceramic.com\/wp-content\/uploads\/2024\/10\/Wholesale-Ceramic-Plates-Flower-Shape-Deep-Dinner-Plate-Bulk-4-285x285.webp 285w, https:\/\/www.yongjianceramic.com\/wp-content\/uploads\/2024\/10\/Wholesale-Ceramic-Plates-Flower-Shape-Deep-Dinner-Plate-Bulk-4-270x270.webp 270w, https:\/\/www.yongjianceramic.com\/wp-content\/uploads\/2024\/10\/Wholesale-Ceramic-Plates-Flower-Shape-Deep-Dinner-Plate-Bulk-4-540x540.webp 540w, https:\/\/www.yongjianceramic.com\/wp-content\/uploads\/2024\/10\/Wholesale-Ceramic-Plates-Flower-Shape-Deep-Dinner-Plate-Bulk-4-660x660.webp 660w\" sizes=\"(max-width: 750px) 100vw, 750px\" \/><\/figure>\n<\/div><\/div>\n<\/div>","protected":false},"excerpt":{"rendered":"<p>Bienvenue sur le site de vente en gros d'assiettes en c\u00e9ramique. Cette assiette creuse en forme de fleur est disponible en trois tailles. La forme \u00e9l\u00e9gante de la fleur et la gla\u00e7ure brillante la rendent \u00e0 la fois pratique et belle. Le mat\u00e9riau c\u00e9ramique de haute qualit\u00e9 assure la durabilit\u00e9 et convient \u00e0 toutes sortes de sc\u00e8nes de repas. Elle convient aux services de gros et personnalis\u00e9s et constitue un choix id\u00e9al pour les restaurants, les h\u00f4tels et les banquets, rendant l'exp\u00e9rience culinaire plus qualitative.<\/p>\n<table style=\"border-collapse: collapse; width: 309.02pt;\" border=\"0\" width=\"309\" cellspacing=\"0\" cellpadding=\"0\">\n<tbody>\n<tr style=\"height: 17.60pt;\">\n<td class=\"et3\" style=\"height: 17.60pt; width: 120.25pt;\" width=\"120\" height=\"17\">Fabricant<\/td>\n<td class=\"et3\" style=\"width: 189.25pt;\" width=\"189\">Yongjian<\/td>\n<\/tr>\n<tr style=\"height: 18.00pt;\">\n<td class=\"et3\" style=\"height: 18.00pt;\" height=\"18\">Num\u00e9ro de mod\u00e8le<\/td>\n<td class=\"et4\" style=\"width: 189.25pt;\" width=\"189\">YJ-081\/YJ-082\/YJ-083<\/td>\n<\/tr>\n<tr style=\"height: 17.60pt;\">\n<td class=\"et3\" style=\"height: 17.60pt;\" height=\"17\">Type de produit<\/td>\n<td class=\"et3\">Plat de service, assiette creuse<\/td>\n<\/tr>\n<tr style=\"height: 17.60pt;\">\n<td class=\"et3\" style=\"height: 17.60pt;\" height=\"17\">Mat\u00e9riau<\/td>\n<td class=\"et3\">Porcelaine<\/td>\n<\/tr>\n<tr style=\"height: 17.60pt;\">\n<td class=\"et5\" style=\"height: 17.60pt;\" height=\"17\">Couleur<\/td>\n<td class=\"et3\">Blanc<\/td>\n<\/tr>\n<tr style=\"height: 53.00pt;\">\n<td class=\"et3\" style=\"height: 53.00pt;\" height=\"53\">Dimension<\/td>\n<td class=\"et4\" style=\"width: 189.25pt;\" width=\"189\">7.5 pouces:18*18*5.5<br \/>9.5 pouces:23*23*6<br \/>11.5 pouces:28.5*28.5*6.5<\/td>\n<\/tr>\n<tr style=\"height: 17.60pt;\">\n<td class=\"et3\" style=\"height: 17.60pt;\" height=\"17\">MOQ<\/td>\n<td class=\"et3\">500pcs<\/td>\n<\/tr>\n<tr style=\"height: 17.60pt;\">\n<td class=\"et3\" style=\"height: 17.60pt;\" height=\"17\">Sur mesure<\/td>\n<td class=\"et3\">Couleur\/Taille\/Logo\/Emballage<\/td>\n<\/tr>\n<\/tbody>\n<\/table>","protected":false},"featured_media":3756,"comment_status":"closed","ping_status":"closed","template":"","meta":{"_acf_changed":false},"product_brand":[],"product_cat":[77,62,76],"product_tag":[96],"class_list":{"0":"post-3751","1":"product","2":"type-product","3":"status-publish","4":"has-post-thumbnail","6":"product_cat-deep-plates-wholesale","7":"product_cat-ceramic-plates-wholesale","8":"product_cat-wholesale-serving-platters","9":"product_tag-black-white-dinnerware-wholesale","11":"first","12":"instock","13":"shipping-taxable","14":"product-type-simple"},"acf":[],"_links":{"self":[{"href":"https:\/\/www.yongjianceramic.com\/fr\/wp-json\/wp\/v2\/product\/3751","targetHints":{"allow":["GET"]}}],"collection":[{"href":"https:\/\/www.yongjianceramic.com\/fr\/wp-json\/wp\/v2\/product"}],"about":[{"href":"https:\/\/www.yongjianceramic.com\/fr\/wp-json\/wp\/v2\/types\/product"}],"replies":[{"embeddable":true,"href":"https:\/\/www.yongjianceramic.com\/fr\/wp-json\/wp\/v2\/comments?post=3751"}],"wp:featuredmedia":[{"embeddable":true,"href":"https:\/\/www.yongjianceramic.com\/fr\/wp-json\/wp\/v2\/media\/3756"}],"wp:attachment":[{"href":"https:\/\/www.yongjianceramic.com\/fr\/wp-json\/wp\/v2\/media?parent=3751"}],"wp:term":[{"taxonomy":"product_brand","embeddable":true,"href":"https:\/\/www.yongjianceramic.com\/fr\/wp-json\/wp\/v2\/product_brand?post=3751"},{"taxonomy":"product_cat","embeddable":true,"href":"https:\/\/www.yongjianceramic.com\/fr\/wp-json\/wp\/v2\/product_cat?post=3751"},{"taxonomy":"product_tag","embeddable":true,"href":"https:\/\/www.yongjianceramic.com\/fr\/wp-json\/wp\/v2\/product_tag?post=3751"}],"curies":[{"name":"wp","href":"https:\/\/api.w.org\/{rel}","templated":true}]}}