{"id":3783,"date":"2024-11-01T10:06:46","date_gmt":"2024-11-01T02:06:46","guid":{"rendered":"https:\/\/www.yongjianceramic.com\/?post_type=product&#038;p=3783"},"modified":"2024-11-01T10:30:54","modified_gmt":"2024-11-01T02:30:54","slug":"restaurant-soup-bowls-wholesale","status":"publish","type":"product","link":"https:\/\/www.yongjianceramic.com\/fr\/produit\/restaurant-soup-bowls-wholesale\/","title":{"rendered":"Bols \u00e0 soupe de restaurant de 10 pouces Wholesale, Bulk Gumbo Bowls"},"content":{"rendered":"<div class=\"wp-block-columns is-layout-flex wp-container-core-columns-is-layout-9d6595d7 wp-block-columns-is-layout-flex\">\n<div class=\"wp-block-column is-layout-flow wp-block-column-is-layout-flow\">\n<h2 class=\"wp-block-heading\">Premium Restaurant Soup Bowls Wholesale Caract\u00e9ristiques :<\/h2>\n\n\n\n<ul class=\"wp-block-list\">\n<li><strong>Durable et r\u00e9sistant aux fissures : <\/strong>Nos bols \u00e0 soupe pour restaurants sont fabriqu\u00e9s en c\u00e9ramique \u00e9paisse, qui pr\u00e9sente une excellente r\u00e9sistance \u00e0 la chaleur et aux fissures. Ils conviennent pour les soupes chaudes \u00e0 long terme, les rago\u00fbts et d'autres aliments \u00e0 haute temp\u00e9rature.<\/li>\n\n\n\n<li><strong>Grand bol classique :<\/strong> Ces bols \u00e0 gombo en vrac sont con\u00e7us avec une grande capacit\u00e9 de 10 pouces, ce qui convient parfaitement pour contenir diverses soupes, rago\u00fbts et soupes sp\u00e9ciales, offrant ainsi aux invit\u00e9s suffisamment d'options de repas.<\/li>\n\n\n\n<li><strong>La poign\u00e9e permet de servir et de manger facilement : <\/strong>Ces bols \u00e0 soupe de restaurant sont con\u00e7us avec des poign\u00e9es confortables sur le c\u00f4t\u00e9, ce qui est pratique pour les serveurs pour servir les plats et pour les clients, et emp\u00eache les bols \u00e0 soupe de glisser.<\/li>\n\n\n\n<li><strong>S\u00e9lection multicolore pour rehausser la beaut\u00e9 de la table<\/strong>: Nous proposons des options noires et blanches pour les bols de gumbo en vrac, qui peuvent \u00eatre assorties selon le style du th\u00e8me du restaurant pour am\u00e9liorer la beaut\u00e9 g\u00e9n\u00e9rale de la table et rendre la disposition de la table du restaurant plus diversifi\u00e9e et plus attrayante.<\/li>\n<\/ul>\n<\/div>\n\n\n\n<div class=\"wp-block-column is-vertically-aligned-center is-layout-flow wp-block-column-is-layout-flow\"><div class=\"wp-block-image\">\n<figure class=\"aligncenter size-full\"><img fetchpriority=\"high\" decoding=\"async\" width=\"790\" height=\"790\" src=\"https:\/\/www.yongjianceramic.com\/wp-content\/uploads\/2024\/11\/Large-Restaurant-Soup-Bowls-Wholesale-Bulk-Gumbo-Bowls-3.webp\" alt=\"Grands bols \u00e0 soupe de restaurant Wholesale, Bulk Gumbo Bowls-3\" class=\"wp-image-3786\" srcset=\"https:\/\/www.yongjianceramic.com\/wp-content\/uploads\/2024\/11\/Large-Restaurant-Soup-Bowls-Wholesale-Bulk-Gumbo-Bowls-3.webp 790w, https:\/\/www.yongjianceramic.com\/wp-content\/uploads\/2024\/11\/Large-Restaurant-Soup-Bowls-Wholesale-Bulk-Gumbo-Bowls-3-300x300.webp 300w, https:\/\/www.yongjianceramic.com\/wp-content\/uploads\/2024\/11\/Large-Restaurant-Soup-Bowls-Wholesale-Bulk-Gumbo-Bowls-3-150x150.webp 150w, https:\/\/www.yongjianceramic.com\/wp-content\/uploads\/2024\/11\/Large-Restaurant-Soup-Bowls-Wholesale-Bulk-Gumbo-Bowls-3-768x768.webp 768w, https:\/\/www.yongjianceramic.com\/wp-content\/uploads\/2024\/11\/Large-Restaurant-Soup-Bowls-Wholesale-Bulk-Gumbo-Bowls-3-12x12.webp 12w, https:\/\/www.yongjianceramic.com\/wp-content\/uploads\/2024\/11\/Large-Restaurant-Soup-Bowls-Wholesale-Bulk-Gumbo-Bowls-3-285x285.webp 285w, https:\/\/www.yongjianceramic.com\/wp-content\/uploads\/2024\/11\/Large-Restaurant-Soup-Bowls-Wholesale-Bulk-Gumbo-Bowls-3-270x270.webp 270w, https:\/\/www.yongjianceramic.com\/wp-content\/uploads\/2024\/11\/Large-Restaurant-Soup-Bowls-Wholesale-Bulk-Gumbo-Bowls-3-540x540.webp 540w, https:\/\/www.yongjianceramic.com\/wp-content\/uploads\/2024\/11\/Large-Restaurant-Soup-Bowls-Wholesale-Bulk-Gumbo-Bowls-3-660x660.webp 660w\" sizes=\"(max-width: 790px) 100vw, 790px\" \/><\/figure>\n<\/div><\/div>\n<\/div>\n\n\n\n<p><\/p>","protected":false},"excerpt":{"rendered":"<p>Nous vous invitons \u00e0 acheter des bols \u00e0 soupe de restaurant en gros. Nos bols \u00e0 gombo en vrac de 10 pouces sont fabriqu\u00e9s en c\u00e9ramique durable et ont une poign\u00e9e, ce qui convient \u00e0 une vari\u00e9t\u00e9 d'occasions telles que la soupe chaude et la soupe \u00e9paisse. Disponible en deux couleurs, il s'agit d'une vaisselle de haute qualit\u00e9 pour les banquets de restaurants et d'h\u00f4tels.<\/p>\n<table style=\"border-collapse: collapse; width: 309.02pt;\" border=\"0\" width=\"309\" cellspacing=\"0\" cellpadding=\"0\">\n<tbody>\n<tr style=\"height: 17.60pt;\">\n<td class=\"et3\" style=\"height: 17.60pt; width: 120.25pt;\" width=\"120\" height=\"17\">Fabricant<\/td>\n<td class=\"et3\" style=\"width: 189.25pt;\" width=\"189\">Yongjian<\/td>\n<\/tr>\n<tr style=\"height: 18.00pt;\">\n<td class=\"et3\" style=\"height: 18.00pt;\" height=\"18\">Num\u00e9ro de mod\u00e8le<\/td>\n<td class=\"et4\" style=\"width: 189.25pt;\" width=\"189\">YJ-086<\/td>\n<\/tr>\n<tr style=\"height: 17.60pt;\">\n<td class=\"et3\" style=\"height: 17.60pt;\" height=\"17\">Type de produit<\/td>\n<td class=\"et3\">Bols \u00e0 poign\u00e9e, bols \u00e0 servir et saladiers<\/td>\n<\/tr>\n<tr style=\"height: 17.60pt;\">\n<td class=\"et3\" style=\"height: 17.60pt;\" height=\"17\">Mat\u00e9riau<\/td>\n<td class=\"et3\">Porcelaine<\/td>\n<\/tr>\n<tr style=\"height: 17.60pt;\">\n<td class=\"et5\" style=\"height: 17.60pt;\" height=\"17\">Couleur<\/td>\n<td class=\"et3\">Blanc\/ Noir<\/td>\n<\/tr>\n<tr style=\"height: 18.00pt;\">\n<td class=\"et3\" style=\"height: 18.00pt;\" height=\"18\">Dimension<\/td>\n<td class=\"et4\" style=\"width: 189.25pt;\" width=\"189\">21.5*25.5*5.5<\/td>\n<\/tr>\n<tr style=\"height: 17.60pt;\">\n<td class=\"et3\" style=\"height: 17.60pt;\" height=\"17\">MOQ<\/td>\n<td class=\"et3\">500pcs<\/td>\n<\/tr>\n<tr style=\"height: 17.60pt;\">\n<td class=\"et3\" style=\"height: 17.60pt;\" height=\"17\">Sur mesure<\/td>\n<td class=\"et3\">Couleur\/Taille\/Logo\/Emballage<\/td>\n<\/tr>\n<\/tbody>\n<\/table>","protected":false},"featured_media":3787,"comment_status":"closed","ping_status":"closed","template":"","meta":{"_acf_changed":false},"product_brand":[],"product_cat":[63,75,74],"product_tag":[96],"class_list":{"0":"post-3783","1":"product","2":"type-product","3":"status-publish","4":"has-post-thumbnail","6":"product_cat-wholesale-bowls","7":"product_cat-handled-bowls-wholesale","8":"product_cat-bulk-serving-bowls","9":"product_tag-black-white-dinnerware-wholesale","11":"first","12":"instock","13":"shipping-taxable","14":"product-type-simple"},"acf":[],"_links":{"self":[{"href":"https:\/\/www.yongjianceramic.com\/fr\/wp-json\/wp\/v2\/product\/3783","targetHints":{"allow":["GET"]}}],"collection":[{"href":"https:\/\/www.yongjianceramic.com\/fr\/wp-json\/wp\/v2\/product"}],"about":[{"href":"https:\/\/www.yongjianceramic.com\/fr\/wp-json\/wp\/v2\/types\/product"}],"replies":[{"embeddable":true,"href":"https:\/\/www.yongjianceramic.com\/fr\/wp-json\/wp\/v2\/comments?post=3783"}],"wp:featuredmedia":[{"embeddable":true,"href":"https:\/\/www.yongjianceramic.com\/fr\/wp-json\/wp\/v2\/media\/3787"}],"wp:attachment":[{"href":"https:\/\/www.yongjianceramic.com\/fr\/wp-json\/wp\/v2\/media?parent=3783"}],"wp:term":[{"taxonomy":"product_brand","embeddable":true,"href":"https:\/\/www.yongjianceramic.com\/fr\/wp-json\/wp\/v2\/product_brand?post=3783"},{"taxonomy":"product_cat","embeddable":true,"href":"https:\/\/www.yongjianceramic.com\/fr\/wp-json\/wp\/v2\/product_cat?post=3783"},{"taxonomy":"product_tag","embeddable":true,"href":"https:\/\/www.yongjianceramic.com\/fr\/wp-json\/wp\/v2\/product_tag?post=3783"}],"curies":[{"name":"wp","href":"https:\/\/api.w.org\/{rel}","templated":true}]}}