{"id":3791,"date":"2024-11-01T10:26:12","date_gmt":"2024-11-01T02:26:12","guid":{"rendered":"https:\/\/www.yongjianceramic.com\/?post_type=product&#038;p=3791"},"modified":"2024-11-01T10:44:34","modified_gmt":"2024-11-01T02:44:34","slug":"wholesale-soup-bowls","status":"publish","type":"product","link":"https:\/\/www.yongjianceramic.com\/fr\/produit\/wholesale-soup-bowls\/","title":{"rendered":"Restauration Bols \u00e0 soupe en gros, Bols \u00e0 gombo en gros pour rago\u00fbt"},"content":{"rendered":"<div class=\"wp-block-columns is-layout-flex wp-container-core-columns-is-layout-9d6595d7 wp-block-columns-is-layout-flex\">\n<div class=\"wp-block-column is-layout-flow wp-block-column-is-layout-flow\">\n<h2 class=\"wp-block-heading\">Premium Wholesale Soup Bowls Caract\u00e9ristiques :<\/h2>\n\n\n\n<ul class=\"wp-block-list\">\n<li><strong>R\u00e9sistant \u00e0 la chaleur et aux fissures : <\/strong>Nos bols \u00e0 soupe en gros sont fabriqu\u00e9s \u00e0 partir de mat\u00e9riaux c\u00e9ramiques de haute qualit\u00e9, dot\u00e9s de propri\u00e9t\u00e9s de r\u00e9sistance \u00e0 la chaleur et aux fissures. Ils sont s\u00fbrs et durables, m\u00eame lorsqu'ils sont utilis\u00e9s pour des aliments \u00e0 haute temp\u00e9rature tels que les rago\u00fbts et les soupes, ce qui leur conf\u00e8re une excellente dur\u00e9e de vie dans les environnements de restauration fr\u00e9quents.<\/li>\n\n\n\n<li><strong>Convient \u00e0 une grande vari\u00e9t\u00e9 de besoins en mati\u00e8re de restauration : <\/strong>Ces bols \u00e0 gombo en vrac sont disponibles en deux grandes capacit\u00e9s, 10 pouces et 12 pouces, qui conviennent parfaitement aux grandes portions de soupes, de rago\u00fbts ou de soupes sp\u00e9ciales. Les diff\u00e9rentes tailles r\u00e9pondent aux besoins des diff\u00e9rentes occasions de repas.<\/li>\n\n\n\n<li><strong>Avec poign\u00e9e : <\/strong>Ces bols \u00e0 soupe en gros sont \u00e9quip\u00e9s de poign\u00e9es stables qui permettent aux serveurs de servir les plats et aux clients de les prendre, ce qui garantit non seulement la s\u00e9curit\u00e9 mais am\u00e9liore \u00e9galement l'efficacit\u00e9 de la restauration, permettant aux clients de profiter du confort des repas et rendant le restaurant plus efficace.<\/li>\n\n\n\n<li><strong>Le noir et le blanc, classiques et polyvalents : <\/strong>Nos bols \u00e0 gombo en vrac sont disponibles dans deux couleurs classiques, le noir et le blanc, qui peuvent \u00eatre adapt\u00e9es \u00e0 diff\u00e9rents styles de restaurants et d'occasions. Ils sont discrets et \u00e9l\u00e9gants, mettant en valeur la couleur des plats tout en rehaussant la beaut\u00e9 visuelle de la table.<\/li>\n<\/ul>\n<\/div>\n\n\n\n<div class=\"wp-block-column is-vertically-aligned-center is-layout-flow wp-block-column-is-layout-flow\"><div class=\"wp-block-image\">\n<figure class=\"aligncenter size-full\"><img fetchpriority=\"high\" decoding=\"async\" width=\"694\" height=\"694\" src=\"https:\/\/www.yongjianceramic.com\/wp-content\/uploads\/2024\/11\/Catering-Wholesale-Soup-Bowls-Bulk-Gumbo-Bowls-For-Stew-1.webp\" alt=\"Bols \u00e0 soupe en gros pour la restauration, Bols \u00e0 gombo en gros pour Stew-1\" class=\"wp-image-3792\" srcset=\"https:\/\/www.yongjianceramic.com\/wp-content\/uploads\/2024\/11\/Catering-Wholesale-Soup-Bowls-Bulk-Gumbo-Bowls-For-Stew-1.webp 694w, https:\/\/www.yongjianceramic.com\/wp-content\/uploads\/2024\/11\/Catering-Wholesale-Soup-Bowls-Bulk-Gumbo-Bowls-For-Stew-1-300x300.webp 300w, https:\/\/www.yongjianceramic.com\/wp-content\/uploads\/2024\/11\/Catering-Wholesale-Soup-Bowls-Bulk-Gumbo-Bowls-For-Stew-1-150x150.webp 150w, https:\/\/www.yongjianceramic.com\/wp-content\/uploads\/2024\/11\/Catering-Wholesale-Soup-Bowls-Bulk-Gumbo-Bowls-For-Stew-1-12x12.webp 12w, https:\/\/www.yongjianceramic.com\/wp-content\/uploads\/2024\/11\/Catering-Wholesale-Soup-Bowls-Bulk-Gumbo-Bowls-For-Stew-1-285x285.webp 285w, https:\/\/www.yongjianceramic.com\/wp-content\/uploads\/2024\/11\/Catering-Wholesale-Soup-Bowls-Bulk-Gumbo-Bowls-For-Stew-1-270x270.webp 270w, https:\/\/www.yongjianceramic.com\/wp-content\/uploads\/2024\/11\/Catering-Wholesale-Soup-Bowls-Bulk-Gumbo-Bowls-For-Stew-1-540x540.webp 540w, https:\/\/www.yongjianceramic.com\/wp-content\/uploads\/2024\/11\/Catering-Wholesale-Soup-Bowls-Bulk-Gumbo-Bowls-For-Stew-1-660x660.webp 660w\" sizes=\"(max-width: 694px) 100vw, 694px\" \/><\/figure>\n<\/div><\/div>\n<\/div>\n\n\n\n<p><\/p>","protected":false},"excerpt":{"rendered":"<p>Nous vous invitons \u00e0 acheter en gros des bols \u00e0 soupe pour les restaurants. Ces bols \u00e0 gombo en vrac de grande capacit\u00e9 conviennent aux grands plats tels que les rago\u00fbts et les soupes. La poign\u00e9e facilite le service des plats. La combinaison classique de couleurs noir et blanc convient \u00e0 tous les types de restauration tels que les restaurants et les banquets.<\/p>\n<table style=\"border-collapse: collapse; width: 309.02pt;\" border=\"0\" width=\"309\" cellspacing=\"0\" cellpadding=\"0\">\n<tbody>\n<tr style=\"height: 17.60pt;\">\n<td class=\"et3\" style=\"height: 17.60pt; width: 120.25pt;\" width=\"120\" height=\"17\">Fabricant<\/td>\n<td class=\"et3\" style=\"width: 189.25pt;\" width=\"189\">Yongjian<\/td>\n<\/tr>\n<tr style=\"height: 18.00pt;\">\n<td class=\"et3\" style=\"height: 18.00pt;\" height=\"18\">Num\u00e9ro de mod\u00e8le<\/td>\n<td class=\"et4\" style=\"width: 189.25pt;\" width=\"189\">YJ-087\/YJ-088<\/td>\n<\/tr>\n<tr style=\"height: 17.60pt;\">\n<td class=\"et3\" style=\"height: 17.60pt;\" height=\"17\">Type de produit<\/td>\n<td class=\"et3\">Bols \u00e0 poign\u00e9e, bols \u00e0 servir et saladiers<\/td>\n<\/tr>\n<tr style=\"height: 17.60pt;\">\n<td class=\"et3\" style=\"height: 17.60pt;\" height=\"17\">Mat\u00e9riau<\/td>\n<td class=\"et3\">Porcelaine<\/td>\n<\/tr>\n<tr style=\"height: 17.60pt;\">\n<td class=\"et5\" style=\"height: 17.60pt;\" height=\"17\">Couleur<\/td>\n<td class=\"et3\">Blanc\/ Noir<\/td>\n<\/tr>\n<tr style=\"height: 36.00pt;\">\n<td class=\"et3\" style=\"height: 36.00pt;\" height=\"36\">Dimension<\/td>\n<td class=\"et4\" style=\"width: 189.25pt;\" width=\"189\">10 pouces:21*24.7*6.5<br \/>12 pouces : 25.5*30*6.8<\/td>\n<\/tr>\n<tr style=\"height: 17.60pt;\">\n<td class=\"et3\" style=\"height: 17.60pt;\" height=\"17\">MOQ<\/td>\n<td class=\"et3\">500pcs<\/td>\n<\/tr>\n<tr style=\"height: 17.60pt;\">\n<td class=\"et3\" style=\"height: 17.60pt;\" height=\"17\">Sur mesure<\/td>\n<td class=\"et3\">Couleur\/Taille\/Logo\/Emballage<\/td>\n<\/tr>\n<\/tbody>\n<\/table>","protected":false},"featured_media":3794,"comment_status":"closed","ping_status":"closed","template":"","meta":{"_acf_changed":false},"product_brand":[],"product_cat":[63,75,74],"product_tag":[96],"class_list":{"0":"post-3791","1":"product","2":"type-product","3":"status-publish","4":"has-post-thumbnail","6":"product_cat-wholesale-bowls","7":"product_cat-handled-bowls-wholesale","8":"product_cat-bulk-serving-bowls","9":"product_tag-black-white-dinnerware-wholesale","11":"first","12":"instock","13":"shipping-taxable","14":"product-type-simple"},"acf":[],"_links":{"self":[{"href":"https:\/\/www.yongjianceramic.com\/fr\/wp-json\/wp\/v2\/product\/3791","targetHints":{"allow":["GET"]}}],"collection":[{"href":"https:\/\/www.yongjianceramic.com\/fr\/wp-json\/wp\/v2\/product"}],"about":[{"href":"https:\/\/www.yongjianceramic.com\/fr\/wp-json\/wp\/v2\/types\/product"}],"replies":[{"embeddable":true,"href":"https:\/\/www.yongjianceramic.com\/fr\/wp-json\/wp\/v2\/comments?post=3791"}],"wp:featuredmedia":[{"embeddable":true,"href":"https:\/\/www.yongjianceramic.com\/fr\/wp-json\/wp\/v2\/media\/3794"}],"wp:attachment":[{"href":"https:\/\/www.yongjianceramic.com\/fr\/wp-json\/wp\/v2\/media?parent=3791"}],"wp:term":[{"taxonomy":"product_brand","embeddable":true,"href":"https:\/\/www.yongjianceramic.com\/fr\/wp-json\/wp\/v2\/product_brand?post=3791"},{"taxonomy":"product_cat","embeddable":true,"href":"https:\/\/www.yongjianceramic.com\/fr\/wp-json\/wp\/v2\/product_cat?post=3791"},{"taxonomy":"product_tag","embeddable":true,"href":"https:\/\/www.yongjianceramic.com\/fr\/wp-json\/wp\/v2\/product_tag?post=3791"}],"curies":[{"name":"wp","href":"https:\/\/api.w.org\/{rel}","templated":true}]}}