{"id":3801,"date":"2024-11-01T10:46:33","date_gmt":"2024-11-01T02:46:33","guid":{"rendered":"https:\/\/www.yongjianceramic.com\/?post_type=product&#038;p=3801"},"modified":"2024-11-01T11:02:20","modified_gmt":"2024-11-01T03:02:20","slug":"bulk-ramen-bowls","status":"publish","type":"product","link":"https:\/\/www.yongjianceramic.com\/fr\/produit\/bulk-ramen-bowls\/","title":{"rendered":"Bulk Ramen Bowls With Handles, Wholesale Ceramic Bowls (bols en c\u00e9ramique en vrac avec poign\u00e9es)"},"content":{"rendered":"<div class=\"wp-block-columns is-layout-flex wp-container-core-columns-is-layout-9d6595d7 wp-block-columns-is-layout-flex\">\n<div class=\"wp-block-column is-layout-flow wp-block-column-is-layout-flow\">\n<h2 class=\"wp-block-heading\">Bols de Ramen en vrac Premium Caract\u00e9ristiques :<\/h2>\n\n\n\n<ul class=\"wp-block-list\">\n<li><strong>Durable et r\u00e9sistant aux fissures : <\/strong>Nos bols \u00e0 ramen en vrac sont fabriqu\u00e9s en c\u00e9ramique de haute qualit\u00e9 et pr\u00e9sentent une excellente durabilit\u00e9 et r\u00e9sistance aux fissures. Ils peuvent r\u00e9sister \u00e0 des temp\u00e9ratures \u00e9lev\u00e9es et \u00e0 un usage fr\u00e9quent, et conviennent \u00e0 une utilisation intensive dans les restaurants commerciaux.<\/li>\n\n\n\n<li><strong>Conception \u00e0 grande capacit\u00e9 : <\/strong>La grande capacit\u00e9 de ces bols en c\u00e9ramique de gros convient parfaitement aux ramen, aux udon et \u00e0 divers types de soupes de nouilles. Ils permettent de mettre en valeur les ingr\u00e9dients et de donner aux convives une impression de richesse des portions. Il convient \u00e9galement \u00e0 une vari\u00e9t\u00e9 de styles de repas japonais, chinois et autres.<\/li>\n\n\n\n<li><strong>Poign\u00e9e unique :<\/strong> Gr\u00e2ce \u00e0 leur poign\u00e9e unique, ces bols \u00e0 ramen en vrac sont plus faciles \u00e0 tenir lors du service de nouilles chaudes, ce qui est pratique pour le service et les clients, \u00e9vite de glisser et am\u00e9liore l'exp\u00e9rience gastronomique.<\/li>\n\n\n\n<li><strong>Correspondance classique des couleurs noir et blanc : <\/strong>Nos bols en c\u00e9ramique sont disponibles en noir et en blanc et conviennent \u00e0 diff\u00e9rents styles de d\u00e9coration de restaurant. Le noir est styl\u00e9 et le blanc est frais et \u00e9l\u00e9gant, apportant un effet visuel simple et avanc\u00e9 \u00e0 la table \u00e0 manger.<\/li>\n<\/ul>\n<\/div>\n\n\n\n<div class=\"wp-block-column is-vertically-aligned-center is-layout-flow wp-block-column-is-layout-flow\"><div class=\"wp-block-image\">\n<figure class=\"aligncenter size-full\"><img fetchpriority=\"high\" decoding=\"async\" width=\"750\" height=\"750\" src=\"https:\/\/www.yongjianceramic.com\/wp-content\/uploads\/2024\/11\/Bulk-Ramen-Bowls-With-Handles-Wholesale-Ceramic-Bowls-1.webp\" alt=\"Bulk Ramen Bowls With Handles, Wholesale Ceramic Bowls-1 (bols \u00e0 ramen avec poign\u00e9es, bols en c\u00e9ramique en gros)\" class=\"wp-image-3802\" srcset=\"https:\/\/www.yongjianceramic.com\/wp-content\/uploads\/2024\/11\/Bulk-Ramen-Bowls-With-Handles-Wholesale-Ceramic-Bowls-1.webp 750w, https:\/\/www.yongjianceramic.com\/wp-content\/uploads\/2024\/11\/Bulk-Ramen-Bowls-With-Handles-Wholesale-Ceramic-Bowls-1-300x300.webp 300w, https:\/\/www.yongjianceramic.com\/wp-content\/uploads\/2024\/11\/Bulk-Ramen-Bowls-With-Handles-Wholesale-Ceramic-Bowls-1-150x150.webp 150w, https:\/\/www.yongjianceramic.com\/wp-content\/uploads\/2024\/11\/Bulk-Ramen-Bowls-With-Handles-Wholesale-Ceramic-Bowls-1-12x12.webp 12w, https:\/\/www.yongjianceramic.com\/wp-content\/uploads\/2024\/11\/Bulk-Ramen-Bowls-With-Handles-Wholesale-Ceramic-Bowls-1-285x285.webp 285w, https:\/\/www.yongjianceramic.com\/wp-content\/uploads\/2024\/11\/Bulk-Ramen-Bowls-With-Handles-Wholesale-Ceramic-Bowls-1-270x270.webp 270w, https:\/\/www.yongjianceramic.com\/wp-content\/uploads\/2024\/11\/Bulk-Ramen-Bowls-With-Handles-Wholesale-Ceramic-Bowls-1-540x540.webp 540w, https:\/\/www.yongjianceramic.com\/wp-content\/uploads\/2024\/11\/Bulk-Ramen-Bowls-With-Handles-Wholesale-Ceramic-Bowls-1-660x660.webp 660w\" sizes=\"(max-width: 750px) 100vw, 750px\" \/><\/figure>\n<\/div><\/div>\n<\/div>\n\n\n\n<p><\/p>","protected":false},"excerpt":{"rendered":"<p>Nous vous invitons \u00e0 acheter en gros des bols en c\u00e9ramique. Ces bols \u00e0 ramen en vrac de grande capacit\u00e9 avec poign\u00e9es sont fabriqu\u00e9s en c\u00e9ramique de haute qualit\u00e9 et sont disponibles en noir et en blanc. Le design classique convient \u00e0 toutes sortes de soupes de nouilles et de plats de ramen. La poign\u00e9e unique facilite le service et la prise en main, ce qui en fait un bon choix pour les restaurants afin d'am\u00e9liorer l'exp\u00e9rience gastronomique.<\/p>\n<table style=\"border-collapse: collapse; width: 309.02pt;\" border=\"0\" width=\"309\" cellspacing=\"0\" cellpadding=\"0\">\n<tbody>\n<tr style=\"height: 17.60pt;\">\n<td class=\"et3\" style=\"height: 17.60pt; width: 120.25pt;\" width=\"120\" height=\"17\">Fabricant<\/td>\n<td class=\"et3\" style=\"width: 189.25pt;\" width=\"189\">Yongjian<\/td>\n<\/tr>\n<tr style=\"height: 18.00pt;\">\n<td class=\"et3\" style=\"height: 18.00pt;\" height=\"18\">Num\u00e9ro de mod\u00e8le<\/td>\n<td class=\"et4\" style=\"width: 189.25pt;\" width=\"189\">YJ-089<\/td>\n<\/tr>\n<tr style=\"height: 17.60pt;\">\n<td class=\"et3\" style=\"height: 17.60pt;\" height=\"17\">Type de produit<\/td>\n<td class=\"et3\">Bols \u00e0 poign\u00e9e, bols \u00e0 soupe et bols \u00e0 ramen<\/td>\n<\/tr>\n<tr style=\"height: 17.60pt;\">\n<td class=\"et3\" style=\"height: 17.60pt;\" height=\"17\">Mat\u00e9riau<\/td>\n<td class=\"et3\">Porcelaine<\/td>\n<\/tr>\n<tr style=\"height: 17.60pt;\">\n<td class=\"et5\" style=\"height: 17.60pt;\" height=\"17\">Couleur<\/td>\n<td class=\"et3\">Blanc\/ Noir<\/td>\n<\/tr>\n<tr style=\"height: 18.00pt;\">\n<td class=\"et3\" style=\"height: 18.00pt;\" height=\"18\">Dimension<\/td>\n<td class=\"et4\" style=\"width: 189.25pt;\" width=\"189\">15.5*15.5*6<\/td>\n<\/tr>\n<tr style=\"height: 17.60pt;\">\n<td class=\"et3\" style=\"height: 17.60pt;\" height=\"17\">MOQ<\/td>\n<td class=\"et3\">500pcs<\/td>\n<\/tr>\n<tr style=\"height: 17.60pt;\">\n<td class=\"et3\" style=\"height: 17.60pt;\" height=\"17\">Sur mesure<\/td>\n<td class=\"et3\">Couleur\/Taille\/Logo\/Emballage<\/td>\n<\/tr>\n<\/tbody>\n<\/table>","protected":false},"featured_media":3803,"comment_status":"closed","ping_status":"closed","template":"","meta":{"_acf_changed":false},"product_brand":[],"product_cat":[63,75,73],"product_tag":[96],"class_list":{"0":"post-3801","1":"product","2":"type-product","3":"status-publish","4":"has-post-thumbnail","6":"product_cat-wholesale-bowls","7":"product_cat-handled-bowls-wholesale","8":"product_cat-bulk-soup-bowls","9":"product_tag-black-white-dinnerware-wholesale","11":"first","12":"instock","13":"shipping-taxable","14":"product-type-simple"},"acf":[],"_links":{"self":[{"href":"https:\/\/www.yongjianceramic.com\/fr\/wp-json\/wp\/v2\/product\/3801","targetHints":{"allow":["GET"]}}],"collection":[{"href":"https:\/\/www.yongjianceramic.com\/fr\/wp-json\/wp\/v2\/product"}],"about":[{"href":"https:\/\/www.yongjianceramic.com\/fr\/wp-json\/wp\/v2\/types\/product"}],"replies":[{"embeddable":true,"href":"https:\/\/www.yongjianceramic.com\/fr\/wp-json\/wp\/v2\/comments?post=3801"}],"wp:featuredmedia":[{"embeddable":true,"href":"https:\/\/www.yongjianceramic.com\/fr\/wp-json\/wp\/v2\/media\/3803"}],"wp:attachment":[{"href":"https:\/\/www.yongjianceramic.com\/fr\/wp-json\/wp\/v2\/media?parent=3801"}],"wp:term":[{"taxonomy":"product_brand","embeddable":true,"href":"https:\/\/www.yongjianceramic.com\/fr\/wp-json\/wp\/v2\/product_brand?post=3801"},{"taxonomy":"product_cat","embeddable":true,"href":"https:\/\/www.yongjianceramic.com\/fr\/wp-json\/wp\/v2\/product_cat?post=3801"},{"taxonomy":"product_tag","embeddable":true,"href":"https:\/\/www.yongjianceramic.com\/fr\/wp-json\/wp\/v2\/product_tag?post=3801"}],"curies":[{"name":"wp","href":"https:\/\/api.w.org\/{rel}","templated":true}]}}