{"id":3808,"date":"2024-11-01T11:05:06","date_gmt":"2024-11-01T03:05:06","guid":{"rendered":"https:\/\/www.yongjianceramic.com\/?post_type=product&#038;p=3808"},"modified":"2024-11-01T11:14:52","modified_gmt":"2024-11-01T03:14:52","slug":"bulk-soup-bowls","status":"publish","type":"product","link":"https:\/\/www.yongjianceramic.com\/fr\/produit\/bulk-soup-bowls\/","title":{"rendered":"Bols \u00e0 soupe en vrac avec poign\u00e9es, bols \u00e0 ramen personnalis\u00e9s pour la restauration"},"content":{"rendered":"<div class=\"wp-block-columns is-layout-flex wp-container-core-columns-is-layout-9d6595d7 wp-block-columns-is-layout-flex\">\n<div class=\"wp-block-column is-layout-flow wp-block-column-is-layout-flow\">\n<h2 class=\"wp-block-heading\">Bols \u00e0 soupe en vrac de qualit\u00e9 sup\u00e9rieure Caract\u00e9ristiques :<\/h2>\n\n\n\n<ul class=\"wp-block-list\">\n<li><strong>Design unique en forme de citrouille : <\/strong>Nos bols \u00e0 soupe en vrac ont une forme unique de citrouille. De forme ronde, ils sont pleins d'humour et d'art, et ajoutent un attrait visuel \u00e0 la table. Ils sont le point fort des restaurants et des banquets et peuvent am\u00e9liorer consid\u00e9rablement l'exp\u00e9rience gastronomique et l'image de marque. .<\/li>\n\n\n\n<li><strong>Plusieurs options de taille pour r\u00e9pondre \u00e0 une vari\u00e9t\u00e9 de besoins en mati\u00e8re de restauration : <\/strong>Nous proposons ces bols \u00e0 ramen personnalis\u00e9s en trois tailles : 7 pouces, 8,8 pouces et 9,5 pouces, convenant \u00e0 une vari\u00e9t\u00e9 de plats, des petites soupes aux grandes ramen, en passant par les rago\u00fbts et autres. Les combinaisons de tailles flexibles peuvent \u00eatre largement utilis\u00e9es dans divers sc\u00e9narios de restauration.<\/li>\n\n\n\n<li><strong>Con\u00e7u avec des poign\u00e9es, pratique pour servir et utiliser : <\/strong>Ces bols \u00e0 soupe en vrac sont munis de poign\u00e9es sur le c\u00f4t\u00e9, ce qui est pratique pour le service et les clients. M\u00eame s'ils sont remplis de soupe chaude, ils ne glisseront pas facilement, ce qui garantit la s\u00e9curit\u00e9 et la commodit\u00e9 des serveurs et des clients lors des op\u00e9rations, et am\u00e9liore l'efficacit\u00e9 de la restauration et l'exp\u00e9rience gastronomique.<\/li>\n\n\n\n<li><strong>Couleurs classiques noir et blanc, adapt\u00e9es \u00e0 diff\u00e9rents styles de restaurants :<\/strong> Ces bols \u00e0 ramen personnalis\u00e9s sont disponibles en noir et blanc, discrets et \u00e9l\u00e9gants, et conviennent \u00e0 diff\u00e9rents styles d'agencement de table. Le noir est calme et atmosph\u00e9rique, le blanc est frais et simple, ce qui met non seulement en valeur la couleur des plats, mais ajoute \u00e9galement une touche de style \u00e0 l'environnement du restaurant.<\/li>\n<\/ul>\n<\/div>\n\n\n\n<div class=\"wp-block-column is-vertically-aligned-center is-layout-flow wp-block-column-is-layout-flow\"><div class=\"wp-block-image\">\n<figure class=\"aligncenter size-full\"><img fetchpriority=\"high\" decoding=\"async\" width=\"750\" height=\"750\" src=\"https:\/\/www.yongjianceramic.com\/wp-content\/uploads\/2024\/11\/Bulk-Soup-Bowls-With-Handles-Catering-Custom-Ramen-Bowls-2.webp\" alt=\"Bols \u00e0 soupe en vrac avec poign\u00e9es, bols \u00e0 ramen personnalis\u00e9s pour la restauration - 2\" class=\"wp-image-3810\" srcset=\"https:\/\/www.yongjianceramic.com\/wp-content\/uploads\/2024\/11\/Bulk-Soup-Bowls-With-Handles-Catering-Custom-Ramen-Bowls-2.webp 750w, https:\/\/www.yongjianceramic.com\/wp-content\/uploads\/2024\/11\/Bulk-Soup-Bowls-With-Handles-Catering-Custom-Ramen-Bowls-2-300x300.webp 300w, https:\/\/www.yongjianceramic.com\/wp-content\/uploads\/2024\/11\/Bulk-Soup-Bowls-With-Handles-Catering-Custom-Ramen-Bowls-2-150x150.webp 150w, https:\/\/www.yongjianceramic.com\/wp-content\/uploads\/2024\/11\/Bulk-Soup-Bowls-With-Handles-Catering-Custom-Ramen-Bowls-2-12x12.webp 12w, https:\/\/www.yongjianceramic.com\/wp-content\/uploads\/2024\/11\/Bulk-Soup-Bowls-With-Handles-Catering-Custom-Ramen-Bowls-2-285x285.webp 285w, https:\/\/www.yongjianceramic.com\/wp-content\/uploads\/2024\/11\/Bulk-Soup-Bowls-With-Handles-Catering-Custom-Ramen-Bowls-2-270x270.webp 270w, https:\/\/www.yongjianceramic.com\/wp-content\/uploads\/2024\/11\/Bulk-Soup-Bowls-With-Handles-Catering-Custom-Ramen-Bowls-2-540x540.webp 540w, https:\/\/www.yongjianceramic.com\/wp-content\/uploads\/2024\/11\/Bulk-Soup-Bowls-With-Handles-Catering-Custom-Ramen-Bowls-2-660x660.webp 660w\" sizes=\"(max-width: 750px) 100vw, 750px\" \/><\/figure>\n<\/div><\/div>\n<\/div>\n\n\n\n<p><\/p>","protected":false},"excerpt":{"rendered":"<p>Bienvenue dans les bols \u00e0 ramen personnalis\u00e9s pour restaurant. Ces bols \u00e0 soupe en vrac en forme de citrouille avec poign\u00e9e sont disponibles dans les tailles 7 pouces, 8,8 pouces et 9,5 pouces, avec un design classique noir et blanc. La forme unique et l'anse pratique sont parfaitement combin\u00e9es et conviennent \u00e0 diff\u00e9rents types de soupes et de rago\u00fbts. Elles sont id\u00e9ales pour rehausser la beaut\u00e9 de la table et l'exp\u00e9rience gastronomique.<\/p>\n<table style=\"border-collapse: collapse; width: 309.02pt;\" border=\"0\" width=\"309\" cellspacing=\"0\" cellpadding=\"0\">\n<tbody>\n<tr style=\"height: 17.60pt;\">\n<td class=\"et3\" style=\"height: 17.60pt; width: 120.25pt;\" width=\"120\" height=\"17\">Fabricant<\/td>\n<td class=\"et3\" style=\"width: 189.25pt;\" width=\"189\">Yongjian<\/td>\n<\/tr>\n<tr style=\"height: 18.00pt;\">\n<td class=\"et3\" style=\"height: 18.00pt;\" height=\"18\">Num\u00e9ro de mod\u00e8le<\/td>\n<td class=\"et4\" style=\"width: 189.25pt;\" width=\"189\">YJ-090\/YJ-091\/YJ-092<\/td>\n<\/tr>\n<tr style=\"height: 17.60pt;\">\n<td class=\"et3\" style=\"height: 17.60pt;\" height=\"17\">Type de produit<\/td>\n<td class=\"et3\">Bols \u00e0 poign\u00e9e, bols \u00e0 soupe et bols \u00e0 ramen<\/td>\n<\/tr>\n<tr style=\"height: 17.60pt;\">\n<td class=\"et3\" style=\"height: 17.60pt;\" height=\"17\">Mat\u00e9riau<\/td>\n<td class=\"et3\">Porcelaine<\/td>\n<\/tr>\n<tr style=\"height: 17.60pt;\">\n<td class=\"et5\" style=\"height: 17.60pt;\" height=\"17\">Couleur<\/td>\n<td class=\"et3\">Blanc\/ Noir<\/td>\n<\/tr>\n<tr style=\"height: 53.00pt;\">\n<td class=\"et3\" style=\"height: 53.00pt;\" height=\"53\">Dimension<\/td>\n<td class=\"et4\" style=\"width: 189.25pt;\" width=\"189\">7 pouces : 18*14.7*7.4<br \/>8.8 pouces:22.5*18.5*8.0<br \/>9,5 pouces : 24,5*19,7*9,2<\/td>\n<\/tr>\n<tr style=\"height: 17.60pt;\">\n<td class=\"et3\" style=\"height: 17.60pt;\" height=\"17\">MOQ<\/td>\n<td class=\"et3\">500pcs<\/td>\n<\/tr>\n<tr style=\"height: 17.60pt;\">\n<td class=\"et3\" style=\"height: 17.60pt;\" height=\"17\">Sur mesure<\/td>\n<td class=\"et3\">Couleur\/Taille\/Logo\/Emballage<\/td>\n<\/tr>\n<\/tbody>\n<\/table>","protected":false},"featured_media":3809,"comment_status":"closed","ping_status":"closed","template":"","meta":{"_acf_changed":false},"product_brand":[],"product_cat":[63,75,73],"product_tag":[96],"class_list":{"0":"post-3808","1":"product","2":"type-product","3":"status-publish","4":"has-post-thumbnail","6":"product_cat-wholesale-bowls","7":"product_cat-handled-bowls-wholesale","8":"product_cat-bulk-soup-bowls","9":"product_tag-black-white-dinnerware-wholesale","11":"first","12":"instock","13":"shipping-taxable","14":"product-type-simple"},"acf":[],"_links":{"self":[{"href":"https:\/\/www.yongjianceramic.com\/fr\/wp-json\/wp\/v2\/product\/3808","targetHints":{"allow":["GET"]}}],"collection":[{"href":"https:\/\/www.yongjianceramic.com\/fr\/wp-json\/wp\/v2\/product"}],"about":[{"href":"https:\/\/www.yongjianceramic.com\/fr\/wp-json\/wp\/v2\/types\/product"}],"replies":[{"embeddable":true,"href":"https:\/\/www.yongjianceramic.com\/fr\/wp-json\/wp\/v2\/comments?post=3808"}],"wp:featuredmedia":[{"embeddable":true,"href":"https:\/\/www.yongjianceramic.com\/fr\/wp-json\/wp\/v2\/media\/3809"}],"wp:attachment":[{"href":"https:\/\/www.yongjianceramic.com\/fr\/wp-json\/wp\/v2\/media?parent=3808"}],"wp:term":[{"taxonomy":"product_brand","embeddable":true,"href":"https:\/\/www.yongjianceramic.com\/fr\/wp-json\/wp\/v2\/product_brand?post=3808"},{"taxonomy":"product_cat","embeddable":true,"href":"https:\/\/www.yongjianceramic.com\/fr\/wp-json\/wp\/v2\/product_cat?post=3808"},{"taxonomy":"product_tag","embeddable":true,"href":"https:\/\/www.yongjianceramic.com\/fr\/wp-json\/wp\/v2\/product_tag?post=3808"}],"curies":[{"name":"wp","href":"https:\/\/api.w.org\/{rel}","templated":true}]}}