{"id":3815,"date":"2024-11-01T11:16:33","date_gmt":"2024-11-01T03:16:33","guid":{"rendered":"https:\/\/www.yongjianceramic.com\/?post_type=product&#038;p=3815"},"modified":"2024-11-01T11:34:44","modified_gmt":"2024-11-01T03:34:44","slug":"wholesale-serving-bowls","status":"publish","type":"product","link":"https:\/\/www.yongjianceramic.com\/fr\/produit\/wholesale-serving-bowls\/","title":{"rendered":"Vente en gros de bols de service avec poign\u00e9es, bols en c\u00e9ramique en vrac"},"content":{"rendered":"<div class=\"wp-block-columns is-layout-flex wp-container-core-columns-is-layout-9d6595d7 wp-block-columns-is-layout-flex\">\n<div class=\"wp-block-column is-layout-flow wp-block-column-is-layout-flow\">\n<h2 class=\"wp-block-heading\">Premium Wholesale Serving Bowls Caract\u00e9ristiques :<\/h2>\n\n\n\n<ul class=\"wp-block-list\">\n<li><strong>Durable et r\u00e9sistant aux rayures : <\/strong>Nos bols de service en gros sont fabriqu\u00e9s en c\u00e9ramique de haute qualit\u00e9 et pr\u00e9sentent une excellente r\u00e9sistance \u00e0 la chaleur et aux rayures. Ils peuvent r\u00e9sister \u00e0 des besoins de service fr\u00e9quents et rester aussi brillants et propres qu'\u00e0 l'\u00e9tat neuf apr\u00e8s une utilisation prolong\u00e9e. Ce sont des ustensiles id\u00e9aux pour les restaurants et les banquets.<\/li>\n\n\n\n<li><strong>Disponible en plusieurs tailles : <\/strong>Ces bols en c\u00e9ramique en vrac sont disponibles en deux tailles, 6,5 pouces et 8,5 pouces, et conviennent pour servir de petits plats d'accompagnement ou des plats principaux, r\u00e9pondant ainsi aux diff\u00e9rents besoins de divers sc\u00e9narios de repas. La conception de la taille appropri\u00e9e peut s'adapter de mani\u00e8re flexible aux divers besoins des r\u00e9unions de famille, des restaurants et des banquets.<\/li>\n\n\n\n<li><strong>Conception de la poign\u00e9e : <\/strong>La conception de la poign\u00e9e rend ces bols de service en gros plus faciles \u00e0 servir pour les serveurs et \u00e0 prendre pour les clients. M\u00eame s'ils sont remplis de soupe chaude, ils peuvent assurer la s\u00e9curit\u00e9 et ne sont pas faciles \u00e0 glisser, ce qui am\u00e9liore la s\u00e9curit\u00e9 et l'efficacit\u00e9 des services de restauration et apporte aux clients une exp\u00e9rience culinaire plus confortable.<\/li>\n\n\n\n<li><strong>Des restaurants polyvalents : <\/strong>Nos bols en c\u00e9ramique en vrac sont disponibles en deux couleurs classiques, le noir et le blanc, qui sont \u00e9l\u00e9gantes et simples et s'int\u00e8grent parfaitement dans les d\u00e9cors de table modernes et traditionnels. Le noir est \u00e9l\u00e9gant et le blanc est frais et polyvalent. Il convient \u00e0 diff\u00e9rents th\u00e8mes de restaurants et am\u00e9liore l'atmosph\u00e8re g\u00e9n\u00e9rale.<\/li>\n<\/ul>\n<\/div>\n\n\n\n<div class=\"wp-block-column is-vertically-aligned-center is-layout-flow wp-block-column-is-layout-flow\"><div class=\"wp-block-image\">\n<figure class=\"aligncenter size-full\"><img fetchpriority=\"high\" decoding=\"async\" width=\"750\" height=\"750\" src=\"https:\/\/www.yongjianceramic.com\/wp-content\/uploads\/2024\/11\/Wholesale-Serving-Bowls-With-Handles-Bulk-Ceramic-Bowls-7.webp\" alt=\"Bols de service en gros avec poign\u00e9es, bols en c\u00e9ramique en vrac-7\" class=\"wp-image-3822\" srcset=\"https:\/\/www.yongjianceramic.com\/wp-content\/uploads\/2024\/11\/Wholesale-Serving-Bowls-With-Handles-Bulk-Ceramic-Bowls-7.webp 750w, https:\/\/www.yongjianceramic.com\/wp-content\/uploads\/2024\/11\/Wholesale-Serving-Bowls-With-Handles-Bulk-Ceramic-Bowls-7-300x300.webp 300w, https:\/\/www.yongjianceramic.com\/wp-content\/uploads\/2024\/11\/Wholesale-Serving-Bowls-With-Handles-Bulk-Ceramic-Bowls-7-150x150.webp 150w, https:\/\/www.yongjianceramic.com\/wp-content\/uploads\/2024\/11\/Wholesale-Serving-Bowls-With-Handles-Bulk-Ceramic-Bowls-7-12x12.webp 12w, https:\/\/www.yongjianceramic.com\/wp-content\/uploads\/2024\/11\/Wholesale-Serving-Bowls-With-Handles-Bulk-Ceramic-Bowls-7-285x285.webp 285w, https:\/\/www.yongjianceramic.com\/wp-content\/uploads\/2024\/11\/Wholesale-Serving-Bowls-With-Handles-Bulk-Ceramic-Bowls-7-270x270.webp 270w, https:\/\/www.yongjianceramic.com\/wp-content\/uploads\/2024\/11\/Wholesale-Serving-Bowls-With-Handles-Bulk-Ceramic-Bowls-7-540x540.webp 540w, https:\/\/www.yongjianceramic.com\/wp-content\/uploads\/2024\/11\/Wholesale-Serving-Bowls-With-Handles-Bulk-Ceramic-Bowls-7-660x660.webp 660w\" sizes=\"(max-width: 750px) 100vw, 750px\" \/><\/figure>\n<\/div><\/div>\n<\/div>\n\n\n\n<p><\/p>","protected":false},"excerpt":{"rendered":"<p>Nous vous invitons \u00e0 acheter des bols en c\u00e9ramique en gros. Nos bols de service en gros sont disponibles en 6,5 et 8,5 pouces, et sont disponibles dans les couleurs classiques noir et blanc. Ils conviennent \u00e0 toutes sortes de soupes et de plats principaux. Le mat\u00e9riau c\u00e9ramique de haute qualit\u00e9 et le design humanis\u00e9 de la poign\u00e9e sont \u00e0 la fois beaux et pratiques, ce qui en fait un bon choix pour les restaurants et les banquets.<\/p>\n<table style=\"border-collapse: collapse; width: 309.02pt;\" border=\"0\" width=\"309\" cellspacing=\"0\" cellpadding=\"0\">\n<tbody>\n<tr style=\"height: 17.60pt;\">\n<td class=\"et3\" style=\"height: 17.60pt; width: 120.25pt;\" width=\"120\" height=\"17\">Fabricant<\/td>\n<td class=\"et3\" style=\"width: 189.25pt;\" width=\"189\">Yongjian<\/td>\n<\/tr>\n<tr style=\"height: 18.00pt;\">\n<td class=\"et3\" style=\"height: 18.00pt;\" height=\"18\">Num\u00e9ro de mod\u00e8le<\/td>\n<td class=\"et4\" style=\"width: 189.25pt;\" width=\"189\">YJ-093\/YJ-094<\/td>\n<\/tr>\n<tr style=\"height: 17.60pt;\">\n<td class=\"et3\" style=\"height: 17.60pt;\" height=\"17\">Type de produit<\/td>\n<td class=\"et3\">Bols \u00e0 poign\u00e9e, bols \u00e0 servir et saladiers<\/td>\n<\/tr>\n<tr style=\"height: 17.60pt;\">\n<td class=\"et3\" style=\"height: 17.60pt;\" height=\"17\">Mat\u00e9riau<\/td>\n<td class=\"et3\">Porcelaine<\/td>\n<\/tr>\n<tr style=\"height: 17.60pt;\">\n<td class=\"et5\" style=\"height: 17.60pt;\" height=\"17\">Couleur<\/td>\n<td class=\"et3\">Blanc\/ Noir<\/td>\n<\/tr>\n<tr style=\"height: 36.00pt;\">\n<td class=\"et3\" style=\"height: 36.00pt;\" height=\"36\">Dimension<\/td>\n<td class=\"et4\" style=\"width: 189.25pt;\" width=\"189\">6.5 pouces : 17*17*8<br \/>12 pouces : 23*23*8.5<\/td>\n<\/tr>\n<tr style=\"height: 17.60pt;\">\n<td class=\"et3\" style=\"height: 17.60pt;\" height=\"17\">MOQ<\/td>\n<td class=\"et3\">500pcs<\/td>\n<\/tr>\n<tr style=\"height: 17.60pt;\">\n<td class=\"et3\" style=\"height: 17.60pt;\" height=\"17\">Sur mesure<\/td>\n<td class=\"et3\">Couleur\/Taille\/Logo\/Emballage<\/td>\n<\/tr>\n<\/tbody>\n<\/table>","protected":false},"featured_media":3824,"comment_status":"closed","ping_status":"closed","template":"","meta":{"_acf_changed":false},"product_brand":[],"product_cat":[63,75,74],"product_tag":[96],"class_list":{"0":"post-3815","1":"product","2":"type-product","3":"status-publish","4":"has-post-thumbnail","6":"product_cat-wholesale-bowls","7":"product_cat-handled-bowls-wholesale","8":"product_cat-bulk-serving-bowls","9":"product_tag-black-white-dinnerware-wholesale","11":"first","12":"instock","13":"shipping-taxable","14":"product-type-simple"},"acf":[],"_links":{"self":[{"href":"https:\/\/www.yongjianceramic.com\/fr\/wp-json\/wp\/v2\/product\/3815","targetHints":{"allow":["GET"]}}],"collection":[{"href":"https:\/\/www.yongjianceramic.com\/fr\/wp-json\/wp\/v2\/product"}],"about":[{"href":"https:\/\/www.yongjianceramic.com\/fr\/wp-json\/wp\/v2\/types\/product"}],"replies":[{"embeddable":true,"href":"https:\/\/www.yongjianceramic.com\/fr\/wp-json\/wp\/v2\/comments?post=3815"}],"wp:featuredmedia":[{"embeddable":true,"href":"https:\/\/www.yongjianceramic.com\/fr\/wp-json\/wp\/v2\/media\/3824"}],"wp:attachment":[{"href":"https:\/\/www.yongjianceramic.com\/fr\/wp-json\/wp\/v2\/media?parent=3815"}],"wp:term":[{"taxonomy":"product_brand","embeddable":true,"href":"https:\/\/www.yongjianceramic.com\/fr\/wp-json\/wp\/v2\/product_brand?post=3815"},{"taxonomy":"product_cat","embeddable":true,"href":"https:\/\/www.yongjianceramic.com\/fr\/wp-json\/wp\/v2\/product_cat?post=3815"},{"taxonomy":"product_tag","embeddable":true,"href":"https:\/\/www.yongjianceramic.com\/fr\/wp-json\/wp\/v2\/product_tag?post=3815"}],"curies":[{"name":"wp","href":"https:\/\/api.w.org\/{rel}","templated":true}]}}