{"id":3864,"date":"2024-12-04T11:19:35","date_gmt":"2024-12-04T03:19:35","guid":{"rendered":"https:\/\/www.yongjianceramic.com\/?post_type=product&#038;p=3864"},"modified":"2024-12-04T11:33:40","modified_gmt":"2024-12-04T03:33:40","slug":"wholesale-ceramic-bowls","status":"publish","type":"product","link":"https:\/\/www.yongjianceramic.com\/fr\/produit\/wholesale-ceramic-bowls\/","title":{"rendered":"12-Inch Wholesale Ceramic Bowls With Handles, Bulk Serving Bowls For Stews (bols de service en vrac pour les rago\u00fbts)"},"content":{"rendered":"<div class=\"wp-block-columns is-layout-flex wp-container-core-columns-is-layout-9d6595d7 wp-block-columns-is-layout-flex\">\n<div class=\"wp-block-column is-layout-flow wp-block-column-is-layout-flow\">\n<h2 class=\"wp-block-heading\">Bols en c\u00e9ramique de premi\u00e8re qualit\u00e9 en gros Caract\u00e9ristiques :<\/h2>\n\n\n\n<ul class=\"wp-block-list\">\n<li><strong>Grande capacit\u00e9 et conception pratique : <\/strong>Nos bols en c\u00e9ramique en gros de 12 pouces ont une capacit\u00e9 suffisante pour servir des rago\u00fbts, des soupes et des plats de grande taille lors de banquets familiaux. Ils sont dot\u00e9s d'une double poign\u00e9e stable et facile \u00e0 saisir.<\/li>\n\n\n\n<li><strong>Mat\u00e9riaux c\u00e9ramiques de haute qualit\u00e9 s\u00e9lectionn\u00e9s :<\/strong> Ces bols de service en vrac pr\u00e9sentent une excellente r\u00e9sistance \u00e0 la chaleur, peuvent \u00eatre utilis\u00e9s directement pour chauffer au four et au micro-ondes et peuvent \u00eatre nettoy\u00e9s au lave-vaisselle pour r\u00e9pondre aux besoins d'efficacit\u00e9 des cuisines modernes.<\/li>\n\n\n\n<li><strong>Aspect simple et polyvalent : <\/strong>Nos bols en c\u00e9ramique en gros ont un design simple mais \u00e9l\u00e9gant. La surface d\u00e9licate de la c\u00e9ramique combin\u00e9e \u00e0 la forme classique se marie parfaitement, convenant \u00e0 diff\u00e9rents styles de table qui peuvent \u00eatre utilis\u00e9s au quotidien ou ajouter de l'\u00e9l\u00e9gance aux banquets formels.<\/li>\n\n\n\n<li><strong>Approvisionnement en vrac et soutien \u00e0 la personnalisation : <\/strong>Nos bols de service en vrac sont con\u00e7us pour les restaurants, les h\u00f4tels et les grossistes. Nous fournissons des services d'approvisionnement en vrac et proposons des couleurs, des motifs et des logos de marque personnalis\u00e9s pour r\u00e9pondre aux besoins des diff\u00e9rentes sc\u00e8nes et entreprises.<\/li>\n<\/ul>\n<\/div>\n\n\n\n<div class=\"wp-block-column is-vertically-aligned-center is-layout-flow wp-block-column-is-layout-flow\"><div class=\"wp-block-image\">\n<figure class=\"aligncenter size-full\"><img fetchpriority=\"high\" decoding=\"async\" width=\"694\" height=\"694\" src=\"https:\/\/www.yongjianceramic.com\/wp-content\/uploads\/2024\/12\/12-Inch-Wholesale-Ceramic-Bowls-With-Handles-Bulk-Serving-Bowls-For-Stews-3.webp\" alt=\"12-Inch Wholesale Ceramic Bowls With Handles, Bulk Serving Bowls For Stews-3 (bols en c\u00e9ramique avec poign\u00e9es, en vrac, pour les rago\u00fbts)\" class=\"wp-image-3867\" srcset=\"https:\/\/www.yongjianceramic.com\/wp-content\/uploads\/2024\/12\/12-Inch-Wholesale-Ceramic-Bowls-With-Handles-Bulk-Serving-Bowls-For-Stews-3.webp 694w, https:\/\/www.yongjianceramic.com\/wp-content\/uploads\/2024\/12\/12-Inch-Wholesale-Ceramic-Bowls-With-Handles-Bulk-Serving-Bowls-For-Stews-3-300x300.webp 300w, https:\/\/www.yongjianceramic.com\/wp-content\/uploads\/2024\/12\/12-Inch-Wholesale-Ceramic-Bowls-With-Handles-Bulk-Serving-Bowls-For-Stews-3-150x150.webp 150w, https:\/\/www.yongjianceramic.com\/wp-content\/uploads\/2024\/12\/12-Inch-Wholesale-Ceramic-Bowls-With-Handles-Bulk-Serving-Bowls-For-Stews-3-12x12.webp 12w, https:\/\/www.yongjianceramic.com\/wp-content\/uploads\/2024\/12\/12-Inch-Wholesale-Ceramic-Bowls-With-Handles-Bulk-Serving-Bowls-For-Stews-3-285x285.webp 285w, https:\/\/www.yongjianceramic.com\/wp-content\/uploads\/2024\/12\/12-Inch-Wholesale-Ceramic-Bowls-With-Handles-Bulk-Serving-Bowls-For-Stews-3-270x270.webp 270w, https:\/\/www.yongjianceramic.com\/wp-content\/uploads\/2024\/12\/12-Inch-Wholesale-Ceramic-Bowls-With-Handles-Bulk-Serving-Bowls-For-Stews-3-540x540.webp 540w, https:\/\/www.yongjianceramic.com\/wp-content\/uploads\/2024\/12\/12-Inch-Wholesale-Ceramic-Bowls-With-Handles-Bulk-Serving-Bowls-For-Stews-3-660x660.webp 660w\" sizes=\"(max-width: 694px) 100vw, 694px\" \/><\/figure>\n<\/div><\/div>\n<\/div>","protected":false},"excerpt":{"rendered":"<p>Nous vous invitons \u00e0 acheter des bols de service en vrac. Nos bols en c\u00e9ramique de 12 pouces avec poign\u00e9es sont spacieux, fabriqu\u00e9s en c\u00e9ramique r\u00e9sistante \u00e0 la chaleur, adapt\u00e9s au four et au micro-ondes, et leur design simple s'adapte \u00e0 diff\u00e9rents styles de table. Ils peuvent \u00eatre achet\u00e9s en gros et personnalis\u00e9s, et constituent un choix id\u00e9al pour l'industrie de la restauration et les banquets familiaux.<\/p>\n<table style=\"border-collapse: collapse; width: 365.02pt;\" border=\"0\" width=\"365\" cellspacing=\"0\" cellpadding=\"0\">\n<tbody>\n<tr style=\"height: 17.60pt;\">\n<td class=\"et3\" style=\"height: 17.60pt; width: 120.25pt;\" width=\"120\" height=\"17\">Fabricant<\/td>\n<td class=\"et3\" style=\"width: 245.25pt;\" width=\"245\">Yongjian<\/td>\n<\/tr>\n<tr style=\"height: 18.00pt;\">\n<td class=\"et3\" style=\"height: 18.00pt;\" height=\"18\">Num\u00e9ro de mod\u00e8le<\/td>\n<td class=\"et4\" style=\"width: 245.25pt;\" width=\"245\">YJ-003<\/td>\n<\/tr>\n<tr style=\"height: 18.00pt;\">\n<td class=\"et3\" style=\"height: 18.00pt;\" height=\"18\">Type de produit<\/td>\n<td class=\"et4\" style=\"width: 245.25pt;\" width=\"245\">Bols \u00e0 poign\u00e9e, bols \u00e0 servir et saladiers<\/td>\n<\/tr>\n<tr style=\"height: 17.60pt;\">\n<td class=\"et3\" style=\"height: 17.60pt;\" height=\"17\">Mat\u00e9riau<\/td>\n<td class=\"et3\">Porcelaine<\/td>\n<\/tr>\n<tr style=\"height: 17.60pt;\">\n<td class=\"et5\" style=\"height: 17.60pt;\" height=\"17\">Couleur<\/td>\n<td class=\"et3\">Blanc\/ Noir<\/td>\n<\/tr>\n<tr style=\"height: 18.00pt;\">\n<td class=\"et3\" style=\"height: 18.00pt;\" height=\"18\">Dimension<\/td>\n<td class=\"et4\" style=\"width: 245.25pt;\" width=\"245\">30*25.5*6.8<\/td>\n<\/tr>\n<tr style=\"height: 17.60pt;\">\n<td class=\"et3\" style=\"height: 17.60pt;\" height=\"17\">MOQ<\/td>\n<td class=\"et3\">500pcs<\/td>\n<\/tr>\n<tr style=\"height: 17.60pt;\">\n<td class=\"et3\" style=\"height: 17.60pt;\" height=\"17\">Sur mesure<\/td>\n<td class=\"et3\">Couleur\/Taille\/Logo\/Emballage<\/td>\n<\/tr>\n<\/tbody>\n<\/table>","protected":false},"featured_media":3865,"comment_status":"closed","ping_status":"closed","template":"","meta":{"_acf_changed":false},"product_brand":[],"product_cat":[75,63,74],"product_tag":[96],"class_list":{"0":"post-3864","1":"product","2":"type-product","3":"status-publish","4":"has-post-thumbnail","6":"product_cat-handled-bowls-wholesale","7":"product_cat-wholesale-bowls","8":"product_cat-bulk-serving-bowls","9":"product_tag-black-white-dinnerware-wholesale","11":"first","12":"instock","13":"shipping-taxable","14":"product-type-simple"},"acf":[],"_links":{"self":[{"href":"https:\/\/www.yongjianceramic.com\/fr\/wp-json\/wp\/v2\/product\/3864","targetHints":{"allow":["GET"]}}],"collection":[{"href":"https:\/\/www.yongjianceramic.com\/fr\/wp-json\/wp\/v2\/product"}],"about":[{"href":"https:\/\/www.yongjianceramic.com\/fr\/wp-json\/wp\/v2\/types\/product"}],"replies":[{"embeddable":true,"href":"https:\/\/www.yongjianceramic.com\/fr\/wp-json\/wp\/v2\/comments?post=3864"}],"wp:featuredmedia":[{"embeddable":true,"href":"https:\/\/www.yongjianceramic.com\/fr\/wp-json\/wp\/v2\/media\/3865"}],"wp:attachment":[{"href":"https:\/\/www.yongjianceramic.com\/fr\/wp-json\/wp\/v2\/media?parent=3864"}],"wp:term":[{"taxonomy":"product_brand","embeddable":true,"href":"https:\/\/www.yongjianceramic.com\/fr\/wp-json\/wp\/v2\/product_brand?post=3864"},{"taxonomy":"product_cat","embeddable":true,"href":"https:\/\/www.yongjianceramic.com\/fr\/wp-json\/wp\/v2\/product_cat?post=3864"},{"taxonomy":"product_tag","embeddable":true,"href":"https:\/\/www.yongjianceramic.com\/fr\/wp-json\/wp\/v2\/product_tag?post=3864"}],"curies":[{"name":"wp","href":"https:\/\/api.w.org\/{rel}","templated":true}]}}