{"id":3872,"date":"2024-12-04T11:39:41","date_gmt":"2024-12-04T03:39:41","guid":{"rendered":"https:\/\/www.yongjianceramic.com\/?post_type=product&#038;p=3872"},"modified":"2024-12-04T11:48:39","modified_gmt":"2024-12-04T03:48:39","slug":"porcelain-plates-bulk","status":"publish","type":"product","link":"https:\/\/www.yongjianceramic.com\/fr\/produit\/porcelain-plates-bulk\/","title":{"rendered":"10 Inch Porcelain Plates Bulk, Deep Ceramic Dinner Plates Wholesale"},"content":{"rendered":"<div class=\"wp-block-columns is-layout-flex wp-container-core-columns-is-layout-9d6595d7 wp-block-columns-is-layout-flex\">\n<div class=\"wp-block-column is-layout-flow wp-block-column-is-layout-flow\">\n<h2 class=\"wp-block-heading\">Assiettes en porcelaine de qualit\u00e9 sup\u00e9rieure Caract\u00e9ristiques en vrac :<\/h2>\n\n\n\n<ul class=\"wp-block-list\">\n<li><strong>Taille pratique et conception de la plaque profonde : <\/strong>Nos assiettes en porcelaine de 10 pouces ont une taille mod\u00e9r\u00e9e et sont con\u00e7ues pour \u00eatre l\u00e9g\u00e8rement profondes. Elles conviennent \u00e0 toutes sortes de plats tels que les p\u00e2tes, les salades et les rago\u00fbts, qui ne sont pas faciles \u00e0 renverser et qui sont plus pratiques \u00e0 utiliser.<\/li>\n\n\n\n<li><strong>Texture mate de premi\u00e8re qualit\u00e9 :<\/strong> La surface de ces assiettes \u00e0 d\u00eener en c\u00e9ramique est particuli\u00e8rement mate, ce qui les rend tr\u00e8s agr\u00e9ables au toucher, mais leur conf\u00e8re une grande texture qui leur permet d'apporter une touche de modernit\u00e9 \u00e0 votre table.<\/li>\n\n\n\n<li><strong>Options de couleurs classiques noir et blanc : <\/strong>Nous proposons une gamme de couleurs simples et classiques en noir et blanc pour les assiettes en porcelaine en vrac, qui s'adaptent tr\u00e8s facilement au style des diff\u00e9rentes tables, qu'il s'agisse d'un repas de tous les jours ou d'un repas haut de gamme.<\/li>\n\n\n\n<li><strong>Approvisionnement en vrac et services personnalis\u00e9s : <\/strong>Ces assiettes \u00e0 d\u00eener en c\u00e9ramique en gros sont con\u00e7ues pour les restaurants, les h\u00f4tels et les grossistes, supportent les achats en gros et fournissent des services personnalis\u00e9s. Des logos de marque ou des motifs personnalis\u00e9s peuvent \u00eatre imprim\u00e9s selon les besoins.<\/li>\n<\/ul>\n<\/div>\n\n\n\n<div class=\"wp-block-column is-vertically-aligned-center is-layout-flow wp-block-column-is-layout-flow\"><div class=\"wp-block-image\">\n<figure class=\"aligncenter size-full\"><img fetchpriority=\"high\" decoding=\"async\" width=\"750\" height=\"750\" src=\"https:\/\/www.yongjianceramic.com\/wp-content\/uploads\/2024\/12\/10-Inch-Porcelain-Plates-Bulk-Deep-Ceramic-Dinner-Plates-Wholesale-2.webp\" alt=\"10 Inch Porcelain Plates Bulk, Deep Ceramic Dinner Plates Wholesale-2\" class=\"wp-image-3874\" srcset=\"https:\/\/www.yongjianceramic.com\/wp-content\/uploads\/2024\/12\/10-Inch-Porcelain-Plates-Bulk-Deep-Ceramic-Dinner-Plates-Wholesale-2.webp 750w, https:\/\/www.yongjianceramic.com\/wp-content\/uploads\/2024\/12\/10-Inch-Porcelain-Plates-Bulk-Deep-Ceramic-Dinner-Plates-Wholesale-2-300x300.webp 300w, https:\/\/www.yongjianceramic.com\/wp-content\/uploads\/2024\/12\/10-Inch-Porcelain-Plates-Bulk-Deep-Ceramic-Dinner-Plates-Wholesale-2-150x150.webp 150w, https:\/\/www.yongjianceramic.com\/wp-content\/uploads\/2024\/12\/10-Inch-Porcelain-Plates-Bulk-Deep-Ceramic-Dinner-Plates-Wholesale-2-12x12.webp 12w, https:\/\/www.yongjianceramic.com\/wp-content\/uploads\/2024\/12\/10-Inch-Porcelain-Plates-Bulk-Deep-Ceramic-Dinner-Plates-Wholesale-2-285x285.webp 285w, https:\/\/www.yongjianceramic.com\/wp-content\/uploads\/2024\/12\/10-Inch-Porcelain-Plates-Bulk-Deep-Ceramic-Dinner-Plates-Wholesale-2-270x270.webp 270w, https:\/\/www.yongjianceramic.com\/wp-content\/uploads\/2024\/12\/10-Inch-Porcelain-Plates-Bulk-Deep-Ceramic-Dinner-Plates-Wholesale-2-540x540.webp 540w, https:\/\/www.yongjianceramic.com\/wp-content\/uploads\/2024\/12\/10-Inch-Porcelain-Plates-Bulk-Deep-Ceramic-Dinner-Plates-Wholesale-2-660x660.webp 660w\" sizes=\"(max-width: 750px) 100vw, 750px\" \/><\/figure>\n<\/div><\/div>\n<\/div>","protected":false},"excerpt":{"rendered":"<p>Nous vous invitons \u00e0 acheter des assiettes \u00e0 d\u00eener en c\u00e9ramique en gros. Nos assiettes en porcelaine de 10 pouces \u00e0 texture mate en vrac ont des options de couleurs classiques noir et blanc, un design \u00e9l\u00e9gant et des fonctions pratiques, convenant \u00e0 une vari\u00e9t\u00e9 de d\u00e9lices tels que les p\u00e2tes et les salades. Nous supportons les achats en gros et la personnalisation, c'est un choix parfait pour la restauration et les repas de famille.<\/p>\n<table style=\"border-collapse: collapse; width: 365.02pt;\" border=\"0\" width=\"365\" cellspacing=\"0\" cellpadding=\"0\">\n<tbody>\n<tr style=\"height: 17.60pt;\">\n<td class=\"et3\" style=\"height: 17.60pt; width: 120.25pt;\" width=\"120\" height=\"17\">Fabricant<\/td>\n<td class=\"et3\" style=\"width: 245.25pt;\" width=\"245\">Yongjian<\/td>\n<\/tr>\n<tr style=\"height: 18.00pt;\">\n<td class=\"et3\" style=\"height: 18.00pt;\" height=\"18\">Num\u00e9ro de mod\u00e8le<\/td>\n<td class=\"et4\" style=\"width: 245.25pt;\" width=\"245\">YJ-006<\/td>\n<\/tr>\n<tr style=\"height: 18.00pt;\">\n<td class=\"et3\" style=\"height: 18.00pt;\" height=\"18\">Type de produit<\/td>\n<td class=\"et4\" style=\"width: 245.25pt;\" width=\"245\">Plat de service, assiette creuse<\/td>\n<\/tr>\n<tr style=\"height: 17.60pt;\">\n<td class=\"et3\" style=\"height: 17.60pt;\" height=\"17\">Mat\u00e9riau<\/td>\n<td class=\"et3\">Porcelaine<\/td>\n<\/tr>\n<tr style=\"height: 17.60pt;\">\n<td class=\"et5\" style=\"height: 17.60pt;\" height=\"17\">Couleur<\/td>\n<td class=\"et3\">Blanc\/ Noir<\/td>\n<\/tr>\n<tr style=\"height: 18.00pt;\">\n<td class=\"et3\" style=\"height: 18.00pt;\" height=\"18\">Dimension<\/td>\n<td class=\"et4\" style=\"width: 245.25pt;\" width=\"245\">25*25*4.7<\/td>\n<\/tr>\n<tr style=\"height: 17.60pt;\">\n<td class=\"et3\" style=\"height: 17.60pt;\" height=\"17\">MOQ<\/td>\n<td class=\"et3\">500pcs<\/td>\n<\/tr>\n<tr style=\"height: 17.60pt;\">\n<td class=\"et3\" style=\"height: 17.60pt;\" height=\"17\">Sur mesure<\/td>\n<td class=\"et3\">Couleur\/Taille\/Logo\/Emballage<\/td>\n<\/tr>\n<\/tbody>\n<\/table>","protected":false},"featured_media":3873,"comment_status":"closed","ping_status":"closed","template":"","meta":{"_acf_changed":false},"product_brand":[],"product_cat":[77,62,76],"product_tag":[96],"class_list":{"0":"post-3872","1":"product","2":"type-product","3":"status-publish","4":"has-post-thumbnail","6":"product_cat-deep-plates-wholesale","7":"product_cat-ceramic-plates-wholesale","8":"product_cat-wholesale-serving-platters","9":"product_tag-black-white-dinnerware-wholesale","11":"first","12":"instock","13":"shipping-taxable","14":"product-type-simple"},"acf":[],"_links":{"self":[{"href":"https:\/\/www.yongjianceramic.com\/fr\/wp-json\/wp\/v2\/product\/3872","targetHints":{"allow":["GET"]}}],"collection":[{"href":"https:\/\/www.yongjianceramic.com\/fr\/wp-json\/wp\/v2\/product"}],"about":[{"href":"https:\/\/www.yongjianceramic.com\/fr\/wp-json\/wp\/v2\/types\/product"}],"replies":[{"embeddable":true,"href":"https:\/\/www.yongjianceramic.com\/fr\/wp-json\/wp\/v2\/comments?post=3872"}],"wp:featuredmedia":[{"embeddable":true,"href":"https:\/\/www.yongjianceramic.com\/fr\/wp-json\/wp\/v2\/media\/3873"}],"wp:attachment":[{"href":"https:\/\/www.yongjianceramic.com\/fr\/wp-json\/wp\/v2\/media?parent=3872"}],"wp:term":[{"taxonomy":"product_brand","embeddable":true,"href":"https:\/\/www.yongjianceramic.com\/fr\/wp-json\/wp\/v2\/product_brand?post=3872"},{"taxonomy":"product_cat","embeddable":true,"href":"https:\/\/www.yongjianceramic.com\/fr\/wp-json\/wp\/v2\/product_cat?post=3872"},{"taxonomy":"product_tag","embeddable":true,"href":"https:\/\/www.yongjianceramic.com\/fr\/wp-json\/wp\/v2\/product_tag?post=3872"}],"curies":[{"name":"wp","href":"https:\/\/api.w.org\/{rel}","templated":true}]}}