{"id":3879,"date":"2024-12-04T11:59:30","date_gmt":"2024-12-04T03:59:30","guid":{"rendered":"https:\/\/www.yongjianceramic.com\/?post_type=product&#038;p=3879"},"modified":"2024-12-04T12:09:23","modified_gmt":"2024-12-04T04:09:23","slug":"bulk-porcelain-plates","status":"publish","type":"product","link":"https:\/\/www.yongjianceramic.com\/fr\/produit\/bulk-porcelain-plates\/","title":{"rendered":"10-Inch Bulk Porcelain Plates, Flower Shaped Catering Dinner Plates Wholesale"},"content":{"rendered":"<div class=\"wp-block-columns is-layout-flex wp-container-core-columns-is-layout-9d6595d7 wp-block-columns-is-layout-flex\">\n<div class=\"wp-block-column is-layout-flow wp-block-column-is-layout-flow\">\n<h2 class=\"wp-block-heading\">Assiettes en porcelaine de qualit\u00e9 sup\u00e9rieure en vrac Caract\u00e9ristiques :<\/h2>\n\n\n\n<ul class=\"wp-block-list\">\n<li><strong>Design unique en forme de fleur : <\/strong>Ces assiettes en porcelaine de 10 pouces ont une forme de fleur \u00e9l\u00e9gante, qui est non seulement pratique, mais qui ajoute \u00e9galement un effet d\u00e9coratif chic \u00e0 la table. C'est un choix id\u00e9al pour les banquets et les repas haut de gamme.<\/li>\n\n\n\n<li><strong>Mat\u00e9riau en porcelaine de haute qualit\u00e9 : <\/strong>Ces assiettes \u00e0 d\u00eener pour la restauration pr\u00e9sentent une excellente durabilit\u00e9 et une r\u00e9sistance aux rayures. Elles peuvent \u00eatre utilis\u00e9es dans la vie quotidienne ou dans des lieux commerciaux. Convient pour le micro-ondes et le lave-vaisselle.<\/li>\n\n\n\n<li><strong>Large gamme de tailles : <\/strong>Ces assiettes en porcelaine en vrac sont parfaites pour \u00eatre utilis\u00e9es comme assiettes \u00e0 entr\u00e9e ou \u00e0 partager, pour servir des salades, des p\u00e2tes, des desserts et d'autres d\u00e9lices qui rendent la table plus abondante.<\/li>\n\n\n\n<li><strong>Approvisionnement en vrac et service personnalis\u00e9 : <\/strong>Nos assiettes \u00e0 d\u00eener en vrac sont con\u00e7ues pour l'industrie de la restauration et l'organisation d'\u00e9v\u00e9nements, pour les achats \u00e0 grande \u00e9chelle, et peuvent fournir des services personnalis\u00e9s, y compris des logos de marque ou des conceptions sp\u00e9ciales, pour r\u00e9pondre aux besoins de diff\u00e9rents clients.<\/li>\n<\/ul>\n<\/div>\n\n\n\n<div class=\"wp-block-column is-vertically-aligned-center is-layout-flow wp-block-column-is-layout-flow\"><div class=\"wp-block-image\">\n<figure class=\"aligncenter size-full\"><img fetchpriority=\"high\" decoding=\"async\" width=\"800\" height=\"800\" src=\"https:\/\/www.yongjianceramic.com\/wp-content\/uploads\/2024\/12\/10-Inch-Bulk-Porcelain-Plates-Flower-Shaped-Catering-Dinner-Plates-Bulk-2.webp\" alt=\"10-Inch Bulk Porcelain Plates, Flower Shaped Catering Dinner Plates Bulk-2\" class=\"wp-image-3881\" srcset=\"https:\/\/www.yongjianceramic.com\/wp-content\/uploads\/2024\/12\/10-Inch-Bulk-Porcelain-Plates-Flower-Shaped-Catering-Dinner-Plates-Bulk-2.webp 800w, https:\/\/www.yongjianceramic.com\/wp-content\/uploads\/2024\/12\/10-Inch-Bulk-Porcelain-Plates-Flower-Shaped-Catering-Dinner-Plates-Bulk-2-300x300.webp 300w, https:\/\/www.yongjianceramic.com\/wp-content\/uploads\/2024\/12\/10-Inch-Bulk-Porcelain-Plates-Flower-Shaped-Catering-Dinner-Plates-Bulk-2-150x150.webp 150w, https:\/\/www.yongjianceramic.com\/wp-content\/uploads\/2024\/12\/10-Inch-Bulk-Porcelain-Plates-Flower-Shaped-Catering-Dinner-Plates-Bulk-2-768x768.webp 768w, https:\/\/www.yongjianceramic.com\/wp-content\/uploads\/2024\/12\/10-Inch-Bulk-Porcelain-Plates-Flower-Shaped-Catering-Dinner-Plates-Bulk-2-12x12.webp 12w, https:\/\/www.yongjianceramic.com\/wp-content\/uploads\/2024\/12\/10-Inch-Bulk-Porcelain-Plates-Flower-Shaped-Catering-Dinner-Plates-Bulk-2-285x285.webp 285w, https:\/\/www.yongjianceramic.com\/wp-content\/uploads\/2024\/12\/10-Inch-Bulk-Porcelain-Plates-Flower-Shaped-Catering-Dinner-Plates-Bulk-2-270x270.webp 270w, https:\/\/www.yongjianceramic.com\/wp-content\/uploads\/2024\/12\/10-Inch-Bulk-Porcelain-Plates-Flower-Shaped-Catering-Dinner-Plates-Bulk-2-540x540.webp 540w, https:\/\/www.yongjianceramic.com\/wp-content\/uploads\/2024\/12\/10-Inch-Bulk-Porcelain-Plates-Flower-Shaped-Catering-Dinner-Plates-Bulk-2-660x660.webp 660w\" sizes=\"(max-width: 800px) 100vw, 800px\" \/><\/figure>\n<\/div><\/div>\n<\/div>","protected":false},"excerpt":{"rendered":"<p>Bienvenue \u00e0 l'achat d'assiettes \u00e0 d\u00eener en vrac pour la restauration. Cette assiette en porcelaine de 10 pouces en forme de fleur est \u00e0 la fois pratique et d\u00e9corative. Elle convient aux salades, aux desserts et \u00e0 d'autres mets d\u00e9licats. Les mat\u00e9riaux de haute qualit\u00e9 et les services de personnalisation en vrac en font le meilleur choix pour les banquets et la restauration.<\/p>\n<table style=\"border-collapse: collapse; width: 365.02pt;\" border=\"0\" width=\"365\" cellspacing=\"0\" cellpadding=\"0\">\n<tbody>\n<tr style=\"height: 17.60pt;\">\n<td class=\"et3\" style=\"height: 17.60pt; width: 120.25pt;\" width=\"120\" height=\"17\">Fabricant<\/td>\n<td class=\"et3\" style=\"width: 245.25pt;\" width=\"245\">Yongjian<\/td>\n<\/tr>\n<tr style=\"height: 18.00pt;\">\n<td class=\"et3\" style=\"height: 18.00pt;\" height=\"18\">Num\u00e9ro de mod\u00e8le<\/td>\n<td class=\"et4\" style=\"width: 245.25pt;\" width=\"245\">YJ-010<\/td>\n<\/tr>\n<tr style=\"height: 18.00pt;\">\n<td class=\"et3\" style=\"height: 18.00pt;\" height=\"18\">Type de produit<\/td>\n<td class=\"et4\" style=\"width: 245.25pt;\" width=\"245\">Assiettes \u00e0 d\u00eener, Plateaux de service<\/td>\n<\/tr>\n<tr style=\"height: 17.60pt;\">\n<td class=\"et3\" style=\"height: 17.60pt;\" height=\"17\">Mat\u00e9riau<\/td>\n<td class=\"et3\">Porcelaine<\/td>\n<\/tr>\n<tr style=\"height: 17.60pt;\">\n<td class=\"et5\" style=\"height: 17.60pt;\" height=\"17\">Couleur<\/td>\n<td class=\"et3\">Blanc\/ Noir<\/td>\n<\/tr>\n<tr style=\"height: 18.00pt;\">\n<td class=\"et3\" style=\"height: 18.00pt;\" height=\"18\">Dimension<\/td>\n<td class=\"et4\" style=\"width: 245.25pt;\" width=\"245\">25.2*25.2*2.5<\/td>\n<\/tr>\n<tr style=\"height: 17.60pt;\">\n<td class=\"et3\" style=\"height: 17.60pt;\" height=\"17\">MOQ<\/td>\n<td class=\"et3\">500pcs<\/td>\n<\/tr>\n<tr style=\"height: 17.60pt;\">\n<td class=\"et3\" style=\"height: 17.60pt;\" height=\"17\">Sur mesure<\/td>\n<td class=\"et3\">Couleur\/Taille\/Logo\/Emballage<\/td>\n<\/tr>\n<\/tbody>\n<\/table>","protected":false},"featured_media":3880,"comment_status":"closed","ping_status":"closed","template":"","meta":{"_acf_changed":false},"product_brand":[],"product_cat":[93,62,76],"product_tag":[96],"class_list":{"0":"post-3879","1":"product","2":"type-product","3":"status-publish","4":"has-post-thumbnail","6":"product_cat-bulk-dinner-plates","7":"product_cat-ceramic-plates-wholesale","8":"product_cat-wholesale-serving-platters","9":"product_tag-black-white-dinnerware-wholesale","11":"first","12":"instock","13":"shipping-taxable","14":"product-type-simple"},"acf":[],"_links":{"self":[{"href":"https:\/\/www.yongjianceramic.com\/fr\/wp-json\/wp\/v2\/product\/3879","targetHints":{"allow":["GET"]}}],"collection":[{"href":"https:\/\/www.yongjianceramic.com\/fr\/wp-json\/wp\/v2\/product"}],"about":[{"href":"https:\/\/www.yongjianceramic.com\/fr\/wp-json\/wp\/v2\/types\/product"}],"replies":[{"embeddable":true,"href":"https:\/\/www.yongjianceramic.com\/fr\/wp-json\/wp\/v2\/comments?post=3879"}],"wp:featuredmedia":[{"embeddable":true,"href":"https:\/\/www.yongjianceramic.com\/fr\/wp-json\/wp\/v2\/media\/3880"}],"wp:attachment":[{"href":"https:\/\/www.yongjianceramic.com\/fr\/wp-json\/wp\/v2\/media?parent=3879"}],"wp:term":[{"taxonomy":"product_brand","embeddable":true,"href":"https:\/\/www.yongjianceramic.com\/fr\/wp-json\/wp\/v2\/product_brand?post=3879"},{"taxonomy":"product_cat","embeddable":true,"href":"https:\/\/www.yongjianceramic.com\/fr\/wp-json\/wp\/v2\/product_cat?post=3879"},{"taxonomy":"product_tag","embeddable":true,"href":"https:\/\/www.yongjianceramic.com\/fr\/wp-json\/wp\/v2\/product_tag?post=3879"}],"curies":[{"name":"wp","href":"https:\/\/api.w.org\/{rel}","templated":true}]}}