{"id":3886,"date":"2024-12-04T14:17:18","date_gmt":"2024-12-04T06:17:18","guid":{"rendered":"https:\/\/www.yongjianceramic.com\/?post_type=product&#038;p=3886"},"modified":"2024-12-04T14:31:39","modified_gmt":"2024-12-04T06:31:39","slug":"catering-dinner-plates-bulk","status":"publish","type":"product","link":"https:\/\/www.yongjianceramic.com\/fr\/produit\/catering-dinner-plates-bulk\/","title":{"rendered":"10 Inch Matte Catering Dinner Plates Bulk, Wholesale Porcelain Plates"},"content":{"rendered":"<div class=\"wp-block-columns is-layout-flex wp-container-core-columns-is-layout-9d6595d7 wp-block-columns-is-layout-flex\">\n<div class=\"wp-block-column is-layout-flow wp-block-column-is-layout-flow\">\n<h2 class=\"wp-block-heading\">Assiettes \u00e0 d\u00eener de traiteur de premi\u00e8re qualit\u00e9 en vrac Caract\u00e9ristiques :<\/h2>\n\n\n\n<ul class=\"wp-block-list\">\n<li><strong>Conception polyvalente de grande taille : <\/strong>Les assiettes en porcelaine de 10 pouces sont spacieuses. Le bord l\u00e9g\u00e8rement incurv\u00e9 convient mieux \u00e0 la mise en place de divers plats principaux, plateaux et sp\u00e9cialit\u00e9s, et r\u00e9pond parfaitement aux besoins des repas quotidiens, des banquets et des services de restauration.<\/li>\n\n\n\n<li><strong>Texture de surface mate unique : <\/strong>Nos assiettes \u00e0 d\u00eener pour la restauration adoptent un traitement mat d\u00e9poli et la surface de l'assiette, \u00e0 la fois discr\u00e8te et haut de gamme, pr\u00e9sente une simplicit\u00e9 moderne. Il n'est pas facile de laisser des empreintes digitales ou des rayures, ce qui rehausse la beaut\u00e9 de l'environnement de la salle \u00e0 manger.<\/li>\n\n\n\n<li><strong>Structure en porcelaine fiable et durable : <\/strong>Fabriqu\u00e9es en c\u00e9ramique de haute qualit\u00e9, nos assiettes en porcelaine sont \u00e0 la fois l\u00e9g\u00e8res et solides, r\u00e9sistantes aux temp\u00e9ratures \u00e9lev\u00e9es et faciles \u00e0 nettoyer. Elles peuvent \u00eatre utilis\u00e9es en toute s\u00e9curit\u00e9 dans les fours \u00e0 micro-ondes et les lave-vaisselle, offrant ainsi aux utilisateurs une exp\u00e9rience durable.<\/li>\n\n\n\n<li><strong>Options flexibles de vente en gros et de personnalisation :<\/strong> Ces assiettes \u00e0 d\u00eener en vrac conviennent aux achats \u00e0 grande \u00e9chelle et permettent d'ajuster la couleur, la texture ou le logo de la marque en fonction des besoins, ce qui permettra aux clients de cr\u00e9er facilement leurs lignes de produits exclusives et de r\u00e9pondre aux besoins des diff\u00e9rents march\u00e9s et activit\u00e9s.<\/li>\n<\/ul>\n<\/div>\n\n\n\n<div class=\"wp-block-column is-vertically-aligned-center is-layout-flow wp-block-column-is-layout-flow\"><div class=\"wp-block-image\">\n<figure class=\"aligncenter size-full\"><img fetchpriority=\"high\" decoding=\"async\" width=\"750\" height=\"750\" src=\"https:\/\/www.yongjianceramic.com\/wp-content\/uploads\/2024\/12\/Wholesale-Porcelain-Plates-10-Inch-Matte-Catering-Dinner-Plates-Bulk-1.webp\" alt=\"Assiettes en porcelaine, 10 Inch Matte Catering Dinner Plates Bulk-1\" class=\"wp-image-3887\" srcset=\"https:\/\/www.yongjianceramic.com\/wp-content\/uploads\/2024\/12\/Wholesale-Porcelain-Plates-10-Inch-Matte-Catering-Dinner-Plates-Bulk-1.webp 750w, https:\/\/www.yongjianceramic.com\/wp-content\/uploads\/2024\/12\/Wholesale-Porcelain-Plates-10-Inch-Matte-Catering-Dinner-Plates-Bulk-1-300x300.webp 300w, https:\/\/www.yongjianceramic.com\/wp-content\/uploads\/2024\/12\/Wholesale-Porcelain-Plates-10-Inch-Matte-Catering-Dinner-Plates-Bulk-1-150x150.webp 150w, https:\/\/www.yongjianceramic.com\/wp-content\/uploads\/2024\/12\/Wholesale-Porcelain-Plates-10-Inch-Matte-Catering-Dinner-Plates-Bulk-1-12x12.webp 12w, https:\/\/www.yongjianceramic.com\/wp-content\/uploads\/2024\/12\/Wholesale-Porcelain-Plates-10-Inch-Matte-Catering-Dinner-Plates-Bulk-1-285x285.webp 285w, https:\/\/www.yongjianceramic.com\/wp-content\/uploads\/2024\/12\/Wholesale-Porcelain-Plates-10-Inch-Matte-Catering-Dinner-Plates-Bulk-1-270x270.webp 270w, https:\/\/www.yongjianceramic.com\/wp-content\/uploads\/2024\/12\/Wholesale-Porcelain-Plates-10-Inch-Matte-Catering-Dinner-Plates-Bulk-1-540x540.webp 540w, https:\/\/www.yongjianceramic.com\/wp-content\/uploads\/2024\/12\/Wholesale-Porcelain-Plates-10-Inch-Matte-Catering-Dinner-Plates-Bulk-1-660x660.webp 660w\" sizes=\"(max-width: 750px) 100vw, 750px\" \/><\/figure>\n<\/div><\/div>\n<\/div>","protected":false},"excerpt":{"rendered":"<p>Nous vous invitons \u00e0 acheter des assiettes en porcelaine en gros. Nos assiettes \u00e0 d\u00eener en c\u00e9ramique de 10 pouces en vrac conviennent \u00e0 une vari\u00e9t\u00e9 de sc\u00e9narios gr\u00e2ce \u00e0 leur design classique et \u00e0 leur texture haut de gamme. Les mat\u00e9riaux de haute qualit\u00e9 et les services de personnalisation de masse en font le meilleur choix pour la restauration et les banquets.<\/p>\n<table style=\"border-collapse: collapse; width: 365.02pt;\" border=\"0\" width=\"365\" cellspacing=\"0\" cellpadding=\"0\">\n<tbody>\n<tr style=\"height: 17.60pt;\">\n<td class=\"et3\" style=\"height: 17.60pt; width: 120.25pt;\" width=\"120\" height=\"17\">Fabricant<\/td>\n<td class=\"et3\" style=\"width: 245.25pt;\" width=\"245\">Yongjian<\/td>\n<\/tr>\n<tr style=\"height: 18.00pt;\">\n<td class=\"et3\" style=\"height: 18.00pt;\" height=\"18\">Num\u00e9ro de mod\u00e8le<\/td>\n<td class=\"et4\" style=\"width: 245.25pt;\" width=\"245\">YJ-019<\/td>\n<\/tr>\n<tr style=\"height: 18.00pt;\">\n<td class=\"et3\" style=\"height: 18.00pt;\" height=\"18\">Type de produit<\/td>\n<td class=\"et4\" style=\"width: 245.25pt;\" width=\"245\">Assiettes plates<\/td>\n<\/tr>\n<tr style=\"height: 17.60pt;\">\n<td class=\"et3\" style=\"height: 17.60pt;\" height=\"17\">Mat\u00e9riau<\/td>\n<td class=\"et3\">Porcelaine<\/td>\n<\/tr>\n<tr style=\"height: 17.60pt;\">\n<td class=\"et5\" style=\"height: 17.60pt;\" height=\"17\">Couleur<\/td>\n<td class=\"et3\">Blanc\/ Noir<\/td>\n<\/tr>\n<tr style=\"height: 18.00pt;\">\n<td class=\"et3\" style=\"height: 18.00pt;\" height=\"18\">Dimension<\/td>\n<td class=\"et4\" style=\"width: 245.25pt;\" width=\"245\">26*26*3<\/td>\n<\/tr>\n<tr style=\"height: 17.60pt;\">\n<td class=\"et3\" style=\"height: 17.60pt;\" height=\"17\">MOQ<\/td>\n<td class=\"et3\">500pcs<\/td>\n<\/tr>\n<tr style=\"height: 17.60pt;\">\n<td class=\"et3\" style=\"height: 17.60pt;\" height=\"17\">Sur mesure<\/td>\n<td class=\"et3\">Couleur\/Taille\/Logo\/Emballage<\/td>\n<\/tr>\n<\/tbody>\n<\/table>","protected":false},"featured_media":3888,"comment_status":"closed","ping_status":"closed","template":"","meta":{"_acf_changed":false},"product_brand":[],"product_cat":[93,62],"product_tag":[96],"class_list":{"0":"post-3886","1":"product","2":"type-product","3":"status-publish","4":"has-post-thumbnail","6":"product_cat-bulk-dinner-plates","7":"product_cat-ceramic-plates-wholesale","8":"product_tag-black-white-dinnerware-wholesale","10":"first","11":"instock","12":"shipping-taxable","13":"product-type-simple"},"acf":[],"_links":{"self":[{"href":"https:\/\/www.yongjianceramic.com\/fr\/wp-json\/wp\/v2\/product\/3886","targetHints":{"allow":["GET"]}}],"collection":[{"href":"https:\/\/www.yongjianceramic.com\/fr\/wp-json\/wp\/v2\/product"}],"about":[{"href":"https:\/\/www.yongjianceramic.com\/fr\/wp-json\/wp\/v2\/types\/product"}],"replies":[{"embeddable":true,"href":"https:\/\/www.yongjianceramic.com\/fr\/wp-json\/wp\/v2\/comments?post=3886"}],"wp:featuredmedia":[{"embeddable":true,"href":"https:\/\/www.yongjianceramic.com\/fr\/wp-json\/wp\/v2\/media\/3888"}],"wp:attachment":[{"href":"https:\/\/www.yongjianceramic.com\/fr\/wp-json\/wp\/v2\/media?parent=3886"}],"wp:term":[{"taxonomy":"product_brand","embeddable":true,"href":"https:\/\/www.yongjianceramic.com\/fr\/wp-json\/wp\/v2\/product_brand?post=3886"},{"taxonomy":"product_cat","embeddable":true,"href":"https:\/\/www.yongjianceramic.com\/fr\/wp-json\/wp\/v2\/product_cat?post=3886"},{"taxonomy":"product_tag","embeddable":true,"href":"https:\/\/www.yongjianceramic.com\/fr\/wp-json\/wp\/v2\/product_tag?post=3886"}],"curies":[{"name":"wp","href":"https:\/\/api.w.org\/{rel}","templated":true}]}}