{"id":3897,"date":"2024-12-05T11:10:59","date_gmt":"2024-12-05T03:10:59","guid":{"rendered":"https:\/\/www.yongjianceramic.com\/?post_type=product&#038;p=3897"},"modified":"2024-12-05T11:21:53","modified_gmt":"2024-12-05T03:21:53","slug":"plates-for-catering-wholesale","status":"publish","type":"product","link":"https:\/\/www.yongjianceramic.com\/fr\/produit\/plates-for-catering-wholesale\/","title":{"rendered":"8.5 Inch Oval Plates For Catering Wholesale, White Ceramic Plates Bulk"},"content":{"rendered":"<div class=\"wp-block-columns is-layout-flex wp-container-core-columns-is-layout-9d6595d7 wp-block-columns-is-layout-flex\">\n<div class=\"wp-block-column is-layout-flow wp-block-column-is-layout-flow\">\n<h2 class=\"wp-block-heading\">Assiettes de qualit\u00e9 sup\u00e9rieure pour la restauration en gros Caract\u00e9ristiques :<\/h2>\n\n\n\n<ul class=\"wp-block-list\">\n<li><strong>\u00c9l\u00e9gante texture ondul\u00e9e : <\/strong>La texture ondul\u00e9e de la surface de ces assiettes pour la restauration en gros donne \u00e0 l'assiette un aspect fluide et st\u00e9r\u00e9oscopique, ce qui lui conf\u00e8re de l'\u00e9l\u00e9gance. Elles mettent parfaitement en valeur la beaut\u00e9 de la table et permettent de pr\u00e9senter les plats de mani\u00e8re plus exquise, que ce soit pour les repas quotidiens ou les banquets haut de gamme.<\/li>\n\n\n\n<li><strong>Durable et facile \u00e0 nettoyer : <\/strong>Ces plaques c\u00e9ramiques en vrac sont fabriqu\u00e9es \u00e0 partir de c\u00e9ramiques de haute qualit\u00e9 s\u00e9lectionn\u00e9es qui pr\u00e9sentent une bonne r\u00e9sistance \u00e0 la chaleur et aux rayures. La surface est lisse et fine, donc facile \u00e0 nettoyer, et ne se marque pas facilement. M\u00eame apr\u00e8s une longue p\u00e9riode d'utilisation, elle conserve sa nouvelle texture. Il s'agit d'un produit durable et, par cons\u00e9quent, appr\u00e9ci\u00e9 par de nombreux clients.<\/li>\n\n\n\n<li><strong>Conception de taille raisonnable : <\/strong>Les assiettes de 8,5 pouces pour la restauration en gros sont soigneusement con\u00e7ues pour accueillir une vari\u00e9t\u00e9 de plats, des salades aux desserts en passant par les plats principaux. Son design simple et pratique convient aux repas de famille, aux banquets d'h\u00f4tel, aux assiettes de restaurant et \u00e0 diverses sc\u00e8nes d'\u00e9v\u00e9nements.<\/li>\n\n\n\n<li><strong>R\u00e9pondre aux besoins des entreprises : <\/strong>Nos assiettes en c\u00e9ramique peuvent \u00eatre achet\u00e9es en vrac, ce qui permet de r\u00e9pondre aux besoins du secteur de la restauration en mati\u00e8re d'utilisation \u00e0 grande \u00e9chelle \u00e0 des prix pr\u00e9f\u00e9rentiels. Par ailleurs, nous proposons des services personnalis\u00e9s avec des logos de marque ou des motifs sp\u00e9ciaux pour am\u00e9liorer l'image de marque, ce qui convient particuli\u00e8rement aux h\u00f4tels et aux soci\u00e9t\u00e9s de restauration.<\/li>\n<\/ul>\n<\/div>\n\n\n\n<div class=\"wp-block-column is-vertically-aligned-center is-layout-flow wp-block-column-is-layout-flow\"><div class=\"wp-block-image\">\n<figure class=\"aligncenter size-full is-resized\"><img fetchpriority=\"high\" decoding=\"async\" width=\"750\" height=\"750\" src=\"https:\/\/www.yongjianceramic.com\/wp-content\/uploads\/2024\/12\/8.5-Inch-Oval-Plates-For-Catering-Wholesale-White-Ceramic-Plates-Bulk.webp\" alt=\"8.5 Inch Oval Plates For Catering Wholesale, White Ceramic Plates Bulk\" class=\"wp-image-3901\" style=\"width:404px;height:auto\" srcset=\"https:\/\/www.yongjianceramic.com\/wp-content\/uploads\/2024\/12\/8.5-Inch-Oval-Plates-For-Catering-Wholesale-White-Ceramic-Plates-Bulk.webp 750w, https:\/\/www.yongjianceramic.com\/wp-content\/uploads\/2024\/12\/8.5-Inch-Oval-Plates-For-Catering-Wholesale-White-Ceramic-Plates-Bulk-300x300.webp 300w, https:\/\/www.yongjianceramic.com\/wp-content\/uploads\/2024\/12\/8.5-Inch-Oval-Plates-For-Catering-Wholesale-White-Ceramic-Plates-Bulk-150x150.webp 150w, https:\/\/www.yongjianceramic.com\/wp-content\/uploads\/2024\/12\/8.5-Inch-Oval-Plates-For-Catering-Wholesale-White-Ceramic-Plates-Bulk-12x12.webp 12w, https:\/\/www.yongjianceramic.com\/wp-content\/uploads\/2024\/12\/8.5-Inch-Oval-Plates-For-Catering-Wholesale-White-Ceramic-Plates-Bulk-285x285.webp 285w, https:\/\/www.yongjianceramic.com\/wp-content\/uploads\/2024\/12\/8.5-Inch-Oval-Plates-For-Catering-Wholesale-White-Ceramic-Plates-Bulk-270x270.webp 270w, https:\/\/www.yongjianceramic.com\/wp-content\/uploads\/2024\/12\/8.5-Inch-Oval-Plates-For-Catering-Wholesale-White-Ceramic-Plates-Bulk-540x540.webp 540w, https:\/\/www.yongjianceramic.com\/wp-content\/uploads\/2024\/12\/8.5-Inch-Oval-Plates-For-Catering-Wholesale-White-Ceramic-Plates-Bulk-660x660.webp 660w\" sizes=\"(max-width: 750px) 100vw, 750px\" \/><\/figure>\n<\/div><\/div>\n<\/div>","protected":false},"excerpt":{"rendered":"<p>Nous vous invitons \u00e0 acheter des assiettes pour la restauration en gros. Nos assiettes ovales en c\u00e9ramique de 8,5\u2033 en vrac sont dot\u00e9es d'une texture ondul\u00e9e et d'un mat\u00e9riau c\u00e9ramique de haute qualit\u00e9, alliant beaut\u00e9 et praticit\u00e9. Sa taille raisonnable et son design polyvalent conviennent \u00e0 une vari\u00e9t\u00e9 de sc\u00e9narios, tandis que les achats en gros et les services de personnalisation peuvent r\u00e9pondre aux besoins des clients commerciaux, ce qui en fait un choix id\u00e9al pour rehausser la beaut\u00e9 des tables \u00e0 manger.<\/p>\n<table style=\"border-collapse: collapse; width: 322.02pt;\" border=\"0\" width=\"322\" cellspacing=\"0\" cellpadding=\"0\">\n<tbody>\n<tr style=\"height: 17.60pt;\">\n<td class=\"et3\" style=\"height: 17.60pt; width: 120.25pt;\" width=\"120\" height=\"17\">Fabricant<\/td>\n<td class=\"et3\" style=\"width: 202.30pt;\" width=\"202\">Yongjian<\/td>\n<\/tr>\n<tr style=\"height: 18.00pt;\">\n<td class=\"et3\" style=\"height: 18.00pt;\" height=\"18\">Num\u00e9ro de mod\u00e8le<\/td>\n<td class=\"et4\" style=\"width: 202.30pt;\" width=\"202\">YJ-077<\/td>\n<\/tr>\n<tr style=\"height: 18.00pt;\">\n<td class=\"et3\" style=\"height: 18.00pt;\" height=\"18\">Type de produit<\/td>\n<td class=\"et4\" style=\"width: 202.30pt;\" width=\"202\">Plat de service, assiette creuse<\/td>\n<\/tr>\n<tr style=\"height: 17.60pt;\">\n<td class=\"et3\" style=\"height: 17.60pt;\" height=\"17\">Mat\u00e9riau<\/td>\n<td class=\"et3\">Porcelaine<\/td>\n<\/tr>\n<tr style=\"height: 17.60pt;\">\n<td class=\"et5\" style=\"height: 17.60pt;\" height=\"17\">Couleur<\/td>\n<td class=\"et3\">Blanc\/ Noir<\/td>\n<\/tr>\n<tr style=\"height: 18.00pt;\">\n<td class=\"et3\" style=\"height: 18.00pt;\" height=\"18\">Dimension<\/td>\n<td class=\"et4\" style=\"width: 202.30pt;\" width=\"202\">16*21*2.5<\/td>\n<\/tr>\n<tr style=\"height: 17.60pt;\">\n<td class=\"et3\" style=\"height: 17.60pt;\" height=\"17\">MOQ<\/td>\n<td class=\"et3\">500pcs<\/td>\n<\/tr>\n<tr style=\"height: 17.60pt;\">\n<td class=\"et3\" style=\"height: 17.60pt;\" height=\"17\">Sur mesure<\/td>\n<td class=\"et3\">Couleur\/Taille\/Logo\/Emballage<\/td>\n<\/tr>\n<\/tbody>\n<\/table>","protected":false},"featured_media":3899,"comment_status":"closed","ping_status":"closed","template":"","meta":{"_acf_changed":false},"product_brand":[],"product_cat":[76,77,62],"product_tag":[96],"class_list":{"0":"post-3897","1":"product","2":"type-product","3":"status-publish","4":"has-post-thumbnail","6":"product_cat-wholesale-serving-platters","7":"product_cat-deep-plates-wholesale","8":"product_cat-ceramic-plates-wholesale","9":"product_tag-black-white-dinnerware-wholesale","11":"first","12":"instock","13":"shipping-taxable","14":"product-type-simple"},"acf":[],"_links":{"self":[{"href":"https:\/\/www.yongjianceramic.com\/fr\/wp-json\/wp\/v2\/product\/3897","targetHints":{"allow":["GET"]}}],"collection":[{"href":"https:\/\/www.yongjianceramic.com\/fr\/wp-json\/wp\/v2\/product"}],"about":[{"href":"https:\/\/www.yongjianceramic.com\/fr\/wp-json\/wp\/v2\/types\/product"}],"replies":[{"embeddable":true,"href":"https:\/\/www.yongjianceramic.com\/fr\/wp-json\/wp\/v2\/comments?post=3897"}],"wp:featuredmedia":[{"embeddable":true,"href":"https:\/\/www.yongjianceramic.com\/fr\/wp-json\/wp\/v2\/media\/3899"}],"wp:attachment":[{"href":"https:\/\/www.yongjianceramic.com\/fr\/wp-json\/wp\/v2\/media?parent=3897"}],"wp:term":[{"taxonomy":"product_brand","embeddable":true,"href":"https:\/\/www.yongjianceramic.com\/fr\/wp-json\/wp\/v2\/product_brand?post=3897"},{"taxonomy":"product_cat","embeddable":true,"href":"https:\/\/www.yongjianceramic.com\/fr\/wp-json\/wp\/v2\/product_cat?post=3897"},{"taxonomy":"product_tag","embeddable":true,"href":"https:\/\/www.yongjianceramic.com\/fr\/wp-json\/wp\/v2\/product_tag?post=3897"}],"curies":[{"name":"wp","href":"https:\/\/api.w.org\/{rel}","templated":true}]}}