{"id":3909,"date":"2024-12-05T11:46:47","date_gmt":"2024-12-05T03:46:47","guid":{"rendered":"https:\/\/www.yongjianceramic.com\/?post_type=product&#038;p=3909"},"modified":"2024-12-05T12:02:24","modified_gmt":"2024-12-05T04:02:24","slug":"black-dinner-plates-bulk","status":"publish","type":"product","link":"https:\/\/www.yongjianceramic.com\/fr\/produit\/black-dinner-plates-bulk\/","title":{"rendered":"Premium Black Dinner Plates Bulk, Wholesale Dinner Plates For Catering"},"content":{"rendered":"<div class=\"wp-block-columns is-layout-flex wp-container-core-columns-is-layout-9d6595d7 wp-block-columns-is-layout-flex\">\n<div class=\"wp-block-column is-layout-flow wp-block-column-is-layout-flow\">\n<h2 class=\"wp-block-heading\">Assiettes \u00e0 d\u00eener noires de qualit\u00e9 sup\u00e9rieure en vrac Caract\u00e9ristiques :<\/h2>\n\n\n\n<ul class=\"wp-block-list\">\n<li><strong>Design noir mat haut de gamme : <\/strong>Nos assiettes \u00e0 d\u00eener noires en vrac ont un aspect noir mat unique, classique et moderne, qui ajoute une touche de mode \u00e0 la table \u00e0 manger. La couleur noire mate peut mieux refl\u00e9ter la pr\u00e9sentation exquise des aliments, et convient particuli\u00e8rement aux occasions de restauration et aux banquets haut de gamme.<\/li>\n\n\n\n<li><strong>Mat\u00e9riau c\u00e9ramique sup\u00e9rieur : <\/strong>Nos assiettes en gros pour la restauration sont fabriqu\u00e9es en c\u00e9ramique de premi\u00e8re qualit\u00e9. Le corps de l'assiette est \u00e9pais et solide, ce qui la rend durable. Elle r\u00e9siste bien \u00e0 la chaleur, convient aux fours \u00e0 micro-ondes et aux lave-vaisselle, ce qui est pratique pour le nettoyage quotidien et l'utilisation \u00e0 long terme, compte tenu des aspects pratiques et esth\u00e9tiques.<\/li>\n\n\n\n<li><strong>R\u00e9pondre \u00e0 une vari\u00e9t\u00e9 de besoins en mati\u00e8re de placage : <\/strong>La grande taille de ces assiettes noires en vrac permet de placer les plats principaux, les plateaux et les plats sp\u00e9ciaux, et offre suffisamment d'espace pour montrer la cr\u00e9ativit\u00e9 culinaire des cuisiniers. La forme simple et la texture noire se compl\u00e8tent et r\u00e9pondent aux diff\u00e9rents besoins de la restauration moderne et des banquets.<\/li>\n\n\n\n<li><strong>Contribuer \u00e0 l'am\u00e9lioration de la marque : <\/strong>Fournir de grandes quantit\u00e9s d'assiettes \u00e0 d\u00eener en gros pour la restauration afin de r\u00e9pondre aux besoins d'achat des clients commerciaux tels que les restaurants, les h\u00f4tels et les traiteurs de banquets, et permettre l'ajout de logos personnalis\u00e9s ou de dessins exclusifs, ce qui est un choix id\u00e9al pour am\u00e9liorer l'image de marque et l'exp\u00e9rience du client.<\/li>\n<\/ul>\n<\/div>\n\n\n\n<div class=\"wp-block-column is-vertically-aligned-center is-layout-flow wp-block-column-is-layout-flow\"><div class=\"wp-block-image\">\n<figure class=\"aligncenter size-full\"><img fetchpriority=\"high\" decoding=\"async\" width=\"750\" height=\"750\" src=\"https:\/\/www.yongjianceramic.com\/wp-content\/uploads\/2024\/12\/Premium-Black-Dinner-Plates-Bulk-Wholesale-Dinner-Plates-For-Catering-4.webp\" alt=\"Premium Black Dinner Plates Bulk, Wholesale Dinner Plates For Catering-4\" class=\"wp-image-3913\" srcset=\"https:\/\/www.yongjianceramic.com\/wp-content\/uploads\/2024\/12\/Premium-Black-Dinner-Plates-Bulk-Wholesale-Dinner-Plates-For-Catering-4.webp 750w, https:\/\/www.yongjianceramic.com\/wp-content\/uploads\/2024\/12\/Premium-Black-Dinner-Plates-Bulk-Wholesale-Dinner-Plates-For-Catering-4-300x300.webp 300w, https:\/\/www.yongjianceramic.com\/wp-content\/uploads\/2024\/12\/Premium-Black-Dinner-Plates-Bulk-Wholesale-Dinner-Plates-For-Catering-4-150x150.webp 150w, https:\/\/www.yongjianceramic.com\/wp-content\/uploads\/2024\/12\/Premium-Black-Dinner-Plates-Bulk-Wholesale-Dinner-Plates-For-Catering-4-12x12.webp 12w, https:\/\/www.yongjianceramic.com\/wp-content\/uploads\/2024\/12\/Premium-Black-Dinner-Plates-Bulk-Wholesale-Dinner-Plates-For-Catering-4-285x285.webp 285w, https:\/\/www.yongjianceramic.com\/wp-content\/uploads\/2024\/12\/Premium-Black-Dinner-Plates-Bulk-Wholesale-Dinner-Plates-For-Catering-4-270x270.webp 270w, https:\/\/www.yongjianceramic.com\/wp-content\/uploads\/2024\/12\/Premium-Black-Dinner-Plates-Bulk-Wholesale-Dinner-Plates-For-Catering-4-540x540.webp 540w, https:\/\/www.yongjianceramic.com\/wp-content\/uploads\/2024\/12\/Premium-Black-Dinner-Plates-Bulk-Wholesale-Dinner-Plates-For-Catering-4-660x660.webp 660w\" sizes=\"(max-width: 750px) 100vw, 750px\" \/><\/figure>\n<\/div><\/div>\n<\/div>\n\n\n\n<p><\/p>","protected":false},"excerpt":{"rendered":"<p>Nous vous invitons \u00e0 acheter des assiettes \u00e0 d\u00eener en gros pour la restauration. Nos assiettes noires mates en vrac haut de gamme pr\u00e9sentent un design luxueux et \u00e9l\u00e9gant et des mat\u00e9riaux de haute qualit\u00e9, convenant \u00e0 la pr\u00e9sentation exquise d'une vari\u00e9t\u00e9 de plats. Sa conception de grande taille r\u00e9pond aux besoins actuels de l'industrie de la restauration, et l'approvisionnement en gros et les services personnalis\u00e9s aident les clients commerciaux \u00e0 cr\u00e9er une excellente exp\u00e9rience gastronomique.<\/p>\n<table style=\"border-collapse: collapse; width: 325.02pt;\" border=\"0\" width=\"325\" cellspacing=\"0\" cellpadding=\"0\">\n<tbody>\n<tr style=\"height: 17.60pt;\">\n<td class=\"et3\" style=\"height: 17.60pt; width: 120.25pt;\" width=\"120\" height=\"17\">Fabricant<\/td>\n<td class=\"et3\" style=\"width: 204.75pt;\" width=\"204\">Yongjian<\/td>\n<\/tr>\n<tr style=\"height: 36.00pt;\">\n<td class=\"et3\" style=\"height: 36.00pt;\" height=\"36\">Num\u00e9ro de mod\u00e8le<\/td>\n<td class=\"et4\" style=\"width: 204.75pt;\" width=\"204\">YJ-035, 8 pouces<br \/>YJ-036, 10 pouces<\/td>\n<\/tr>\n<tr style=\"height: 17.60pt;\">\n<td class=\"et3\" style=\"height: 17.60pt;\" height=\"17\">Type de produit<\/td>\n<td class=\"et3\">Assiette plate<\/td>\n<\/tr>\n<tr style=\"height: 17.60pt;\">\n<td class=\"et3\" style=\"height: 17.60pt;\" height=\"17\">Mat\u00e9riau<\/td>\n<td class=\"et3\">Porcelaine<\/td>\n<\/tr>\n<tr style=\"height: 17.60pt;\">\n<td class=\"et5\" style=\"height: 17.60pt;\" height=\"17\">Couleur<\/td>\n<td class=\"et3\">Blanc\/ Noir<\/td>\n<\/tr>\n<tr style=\"height: 36.00pt;\">\n<td class=\"et3\" style=\"height: 36.00pt;\" height=\"36\">Dimension<\/td>\n<td class=\"et6\" style=\"width: 204.75pt;\" width=\"204\">20*20*2.3<br \/>25.3*25.3*2.4<\/td>\n<\/tr>\n<tr style=\"height: 17.60pt;\">\n<td class=\"et3\" style=\"height: 17.60pt;\" height=\"17\">MOQ<\/td>\n<td class=\"et3\">500pcs<\/td>\n<\/tr>\n<tr style=\"height: 17.60pt;\">\n<td class=\"et3\" style=\"height: 17.60pt;\" height=\"17\">Sur mesure<\/td>\n<td class=\"et3\">Couleur\/Taille\/Logo\/Emballage<\/td>\n<\/tr>\n<\/tbody>\n<\/table>","protected":false},"featured_media":3911,"comment_status":"closed","ping_status":"closed","template":"","meta":{"_acf_changed":false},"product_brand":[],"product_cat":[93,62],"product_tag":[96],"class_list":{"0":"post-3909","1":"product","2":"type-product","3":"status-publish","4":"has-post-thumbnail","6":"product_cat-bulk-dinner-plates","7":"product_cat-ceramic-plates-wholesale","8":"product_tag-black-white-dinnerware-wholesale","10":"first","11":"instock","12":"shipping-taxable","13":"product-type-simple"},"acf":[],"_links":{"self":[{"href":"https:\/\/www.yongjianceramic.com\/fr\/wp-json\/wp\/v2\/product\/3909","targetHints":{"allow":["GET"]}}],"collection":[{"href":"https:\/\/www.yongjianceramic.com\/fr\/wp-json\/wp\/v2\/product"}],"about":[{"href":"https:\/\/www.yongjianceramic.com\/fr\/wp-json\/wp\/v2\/types\/product"}],"replies":[{"embeddable":true,"href":"https:\/\/www.yongjianceramic.com\/fr\/wp-json\/wp\/v2\/comments?post=3909"}],"wp:featuredmedia":[{"embeddable":true,"href":"https:\/\/www.yongjianceramic.com\/fr\/wp-json\/wp\/v2\/media\/3911"}],"wp:attachment":[{"href":"https:\/\/www.yongjianceramic.com\/fr\/wp-json\/wp\/v2\/media?parent=3909"}],"wp:term":[{"taxonomy":"product_brand","embeddable":true,"href":"https:\/\/www.yongjianceramic.com\/fr\/wp-json\/wp\/v2\/product_brand?post=3909"},{"taxonomy":"product_cat","embeddable":true,"href":"https:\/\/www.yongjianceramic.com\/fr\/wp-json\/wp\/v2\/product_cat?post=3909"},{"taxonomy":"product_tag","embeddable":true,"href":"https:\/\/www.yongjianceramic.com\/fr\/wp-json\/wp\/v2\/product_tag?post=3909"}],"curies":[{"name":"wp","href":"https:\/\/api.w.org\/{rel}","templated":true}]}}