{"id":3998,"date":"2024-12-21T10:03:19","date_gmt":"2024-12-21T02:03:19","guid":{"rendered":"https:\/\/www.yongjianceramic.com\/?post_type=product&#038;p=3998"},"modified":"2025-01-07T10:36:32","modified_gmt":"2025-01-07T02:36:32","slug":"tableware-wholesale","status":"publish","type":"product","link":"https:\/\/www.yongjianceramic.com\/fr\/produit\/tableware-wholesale\/","title":{"rendered":"Vaisselle en c\u00e9ramique noire en gros, assiettes, bols, tasses et soucoupes en vrac"},"content":{"rendered":"<div class=\"wp-block-columns is-layout-flex wp-container-core-columns-is-layout-9d6595d7 wp-block-columns-is-layout-flex\">\n<div class=\"wp-block-column is-layout-flow wp-block-column-is-layout-flow\">\n<h2 class=\"wp-block-heading\">Premium Tableware Wholesale Caract\u00e9ristiques :<\/h2>\n\n\n\n<ul class=\"wp-block-list\">\n<li><strong>Myst\u00e9rieux et \u00e9l\u00e9gant design \"Starry Black\" : <\/strong>Cette vaisselle en gros adopte la technologie de la gla\u00e7ure active noire, la gla\u00e7ure est comme le ciel nocturne profond, et la texture d\u00e9licate subtilement scintillante cr\u00e9e un temp\u00e9rament myst\u00e9rieux et noble, qui a un impact visuel tr\u00e8s important.<\/li>\n\n\n\n<li><strong>Diff\u00e9rentes formes pour r\u00e9pondre aux besoins de sc\u00e8nes multiples : <\/strong>Notre vaisselle de restaurant en gros comprend des assiettes en vrac, des bols, des tasses, des soucoupes et d'autres formes, qui peuvent \u00eatre combin\u00e9es librement. Elle convient aux services de restauration multi-sc\u00e8nes dans les restaurants, les h\u00f4tels, les caf\u00e9s et les banquets haut de gamme.<\/li>\n\n\n\n<li><strong>C\u00e9ramique de haute qualit\u00e9, haute temp\u00e9rature et r\u00e9sistance aux rayures :<\/strong> Adoptant des mat\u00e9riaux c\u00e9ramiques de haute qualit\u00e9, r\u00e9sistant aux temp\u00e9ratures \u00e9lev\u00e9es et aux rayures, notre vaisselle en gros ne laisse pas facilement de marques lors d'une utilisation quotidienne, ce qui garantit sa long\u00e9vit\u00e9 et sa nouveaut\u00e9, et convient aux environnements de restauration commerciale qui sont fr\u00e9quemment utilis\u00e9s.<\/li>\n\n\n\n<li><strong>Personnalisation en masse, pour r\u00e9pondre \u00e0 des besoins personnalis\u00e9s : <\/strong>Nous fournissons des services d'approvisionnement en gros et de personnalisation pour la vaisselle de restaurant en gros, et nous pouvons personnaliser le logo et le design unique selon les besoins de la marque pour am\u00e9liorer l'image de marque et r\u00e9pondre aux besoins personnalis\u00e9s des soci\u00e9t\u00e9s de restauration.<\/li>\n<\/ul>\n<\/div>\n\n\n\n<div class=\"wp-block-column is-layout-flow wp-block-column-is-layout-flow\">\n<figure class=\"wp-block-image size-full\"><img fetchpriority=\"high\" decoding=\"async\" width=\"800\" height=\"800\" src=\"https:\/\/www.yongjianceramic.com\/wp-content\/uploads\/2024\/12\/Black-Ceramic-Tableware-Wholesale-Custom-Plate-Cup-and-Saucer-12.webp\" alt=\"Vaisselle en c\u00e9ramique noire en gros, assiettes, bols, tasses et soucoupes en vrac-1\" class=\"wp-image-4010\" srcset=\"https:\/\/www.yongjianceramic.com\/wp-content\/uploads\/2024\/12\/Black-Ceramic-Tableware-Wholesale-Custom-Plate-Cup-and-Saucer-12.webp 800w, https:\/\/www.yongjianceramic.com\/wp-content\/uploads\/2024\/12\/Black-Ceramic-Tableware-Wholesale-Custom-Plate-Cup-and-Saucer-12-300x300.webp 300w, https:\/\/www.yongjianceramic.com\/wp-content\/uploads\/2024\/12\/Black-Ceramic-Tableware-Wholesale-Custom-Plate-Cup-and-Saucer-12-150x150.webp 150w, https:\/\/www.yongjianceramic.com\/wp-content\/uploads\/2024\/12\/Black-Ceramic-Tableware-Wholesale-Custom-Plate-Cup-and-Saucer-12-768x768.webp 768w, https:\/\/www.yongjianceramic.com\/wp-content\/uploads\/2024\/12\/Black-Ceramic-Tableware-Wholesale-Custom-Plate-Cup-and-Saucer-12-12x12.webp 12w, https:\/\/www.yongjianceramic.com\/wp-content\/uploads\/2024\/12\/Black-Ceramic-Tableware-Wholesale-Custom-Plate-Cup-and-Saucer-12-285x285.webp 285w, https:\/\/www.yongjianceramic.com\/wp-content\/uploads\/2024\/12\/Black-Ceramic-Tableware-Wholesale-Custom-Plate-Cup-and-Saucer-12-270x270.webp 270w, https:\/\/www.yongjianceramic.com\/wp-content\/uploads\/2024\/12\/Black-Ceramic-Tableware-Wholesale-Custom-Plate-Cup-and-Saucer-12-540x540.webp 540w, https:\/\/www.yongjianceramic.com\/wp-content\/uploads\/2024\/12\/Black-Ceramic-Tableware-Wholesale-Custom-Plate-Cup-and-Saucer-12-660x660.webp 660w\" sizes=\"(max-width: 800px) 100vw, 800px\" \/><\/figure>\n<\/div>\n<\/div>","protected":false},"excerpt":{"rendered":"<p>Bienvenue pour acheter de la vaisselle en gros. Cette vaisselle de restaurant en gros \u00e0 \u00e9mail r\u00e9actif noir est semblable au ciel \u00e9toil\u00e9 profond, d\u00e9gageant un temp\u00e9rament myst\u00e9rieux et noble. Les diff\u00e9rentes formes, y compris les assiettes, les bols, les tasses et les soucoupes en vrac, conviennent aux services de restauration multi-sc\u00e8nes tels que les h\u00f4tels, les restaurants, les caf\u00e9s, etc.\u00a0<\/p>\n<table style=\"border-collapse: collapse; width: 327.02pt;\" border=\"0\" width=\"654\" cellspacing=\"0\" cellpadding=\"0\">\n<tbody>\n<tr style=\"height: 16.50pt;\">\n<td class=\"et3\" style=\"height: 16.50pt; width: 127.20pt;\" width=\"254\" height=\"33\">Fabricant<\/td>\n<td class=\"et3\" style=\"width: 200.15pt;\" width=\"400\">Yongjian<\/td>\n<\/tr>\n<tr style=\"height: 16.50pt;\">\n<td class=\"et3\" style=\"height: 16.50pt;\" height=\"33\">Num\u00e9ro de mod\u00e8le<\/td>\n<td class=\"et4\" style=\"width: 200.15pt;\" width=\"400\">YJ-96<\/td>\n<\/tr>\n<tr style=\"height: 16.50pt;\">\n<td class=\"et5\" style=\"height: 16.50pt; width: 127.20pt;\" width=\"254\" height=\"33\">Type de vaisselle<\/td>\n<td class=\"et5\" style=\"width: 200.15pt;\" width=\"400\">Plateaux, assiettes, bols<\/td>\n<\/tr>\n<tr style=\"height: 16.50pt;\">\n<td class=\"et3\" style=\"height: 16.50pt;\" height=\"33\">Technique<\/td>\n<td class=\"et3\">Effet de gla\u00e7age au four<\/td>\n<\/tr>\n<tr style=\"height: 16.50pt;\">\n<td class=\"et3\" style=\"height: 16.50pt;\" height=\"33\">Mat\u00e9riau<\/td>\n<td class=\"et3\">Porcelaine<\/td>\n<\/tr>\n<tr style=\"height: 33.00pt;\">\n<td class=\"et6\" style=\"height: 33.00pt;\" height=\"66\">Applicable<\/td>\n<td class=\"et5\" style=\"width: 200.15pt;\" width=\"400\">St\u00e9rilisateur, lave-vaisselle, four, micro-ondes<\/td>\n<\/tr>\n<tr style=\"height: 16.50pt;\">\n<td class=\"et3\" style=\"height: 16.50pt;\" height=\"33\">Dimension<\/td>\n<td class=\"et3\">En tant qu'image<\/td>\n<\/tr>\n<tr style=\"height: 16.50pt;\">\n<td class=\"et3\" style=\"height: 16.50pt;\" height=\"33\">MOQ<\/td>\n<td class=\"et3\">500pcs<\/td>\n<\/tr>\n<tr style=\"height: 16.50pt;\">\n<td class=\"et3\" style=\"height: 16.50pt;\" height=\"33\">Sur mesure<\/td>\n<td class=\"et3\">Couleur\/Taille\/Logo\/Emballage<\/td>\n<\/tr>\n<\/tbody>\n<\/table>","protected":false},"featured_media":4011,"comment_status":"closed","ping_status":"closed","template":"","meta":{"_acf_changed":false},"product_brand":[],"product_cat":[64,82],"product_tag":[81],"class_list":{"0":"post-3998","1":"product","2":"type-product","3":"status-publish","4":"has-post-thumbnail","6":"product_cat-dinnerware-sets","7":"product_cat-bulk-dinnerware-sets","8":"product_tag-modern-design-dinnerware-set-wholesale","10":"first","11":"instock","12":"shipping-taxable","13":"product-type-simple"},"acf":[],"_links":{"self":[{"href":"https:\/\/www.yongjianceramic.com\/fr\/wp-json\/wp\/v2\/product\/3998","targetHints":{"allow":["GET"]}}],"collection":[{"href":"https:\/\/www.yongjianceramic.com\/fr\/wp-json\/wp\/v2\/product"}],"about":[{"href":"https:\/\/www.yongjianceramic.com\/fr\/wp-json\/wp\/v2\/types\/product"}],"replies":[{"embeddable":true,"href":"https:\/\/www.yongjianceramic.com\/fr\/wp-json\/wp\/v2\/comments?post=3998"}],"wp:featuredmedia":[{"embeddable":true,"href":"https:\/\/www.yongjianceramic.com\/fr\/wp-json\/wp\/v2\/media\/4011"}],"wp:attachment":[{"href":"https:\/\/www.yongjianceramic.com\/fr\/wp-json\/wp\/v2\/media?parent=3998"}],"wp:term":[{"taxonomy":"product_brand","embeddable":true,"href":"https:\/\/www.yongjianceramic.com\/fr\/wp-json\/wp\/v2\/product_brand?post=3998"},{"taxonomy":"product_cat","embeddable":true,"href":"https:\/\/www.yongjianceramic.com\/fr\/wp-json\/wp\/v2\/product_cat?post=3998"},{"taxonomy":"product_tag","embeddable":true,"href":"https:\/\/www.yongjianceramic.com\/fr\/wp-json\/wp\/v2\/product_tag?post=3998"}],"curies":[{"name":"wp","href":"https:\/\/api.w.org\/{rel}","templated":true}]}}