{"id":4018,"date":"2024-12-28T14:24:03","date_gmt":"2024-12-28T06:24:03","guid":{"rendered":"https:\/\/www.yongjianceramic.com\/?post_type=product&#038;p=4018"},"modified":"2025-01-07T10:35:54","modified_gmt":"2025-01-07T02:35:54","slug":"dinner-set-wholesale","status":"publish","type":"product","link":"https:\/\/www.yongjianceramic.com\/fr\/produit\/dinner-set-wholesale\/","title":{"rendered":"Vaisselle en c\u00e9ramique Set de table Wholesale, Bulk Plates, Bowls, Cups"},"content":{"rendered":"<div class=\"wp-block-columns is-layout-flex wp-container-core-columns-is-layout-9d6595d7 wp-block-columns-is-layout-flex\">\n<div class=\"wp-block-column is-layout-flow wp-block-column-is-layout-flow\">\n<h2 class=\"wp-block-heading\">Premium Dinner Set Wholesale Caract\u00e9ristiques :<\/h2>\n\n\n\n<ul class=\"wp-block-list\">\n<li><strong>Design gris marbr\u00e9, style tr\u00e8s haut de gamme et luxueux :<\/strong> Le gla\u00e7age gris marbr\u00e9 de ce service de table fabriqu\u00e9 en gros par la technologie japonaise de gla\u00e7age r\u00e9actif a une texture unique et naturelle, pr\u00e9sentant une esth\u00e9tique de luxe simple et haut de gamme, rehaussant le style de l'atmosph\u00e8re de la salle \u00e0 manger.<\/li>\n\n\n\n<li><strong>Des formes riches pour r\u00e9pondre aux besoins de sc\u00e8nes multiples : <\/strong>Cette vaisselle de restaurant de style japanese comprend une vari\u00e9t\u00e9 de formes, telles que des assiettes plates, des bols \u00e0 soupe, des tasses \u00e0 th\u00e9, etc., adapt\u00e9es aux diverses sc\u00e8nes de repas des h\u00f4tels, des restaurants et de la restauration haut de gamme, en tenant compte de la praticit\u00e9 et de l'esth\u00e9tique de la vaisselle.<\/li>\n\n\n\n<li><strong>Mat\u00e9riau c\u00e9ramique durable, excellente qualit\u00e9 : <\/strong>La s\u00e9lection de c\u00e9ramiques de haute qualit\u00e9 garantit la solidit\u00e9 et la durabilit\u00e9 de notre service de table, sa r\u00e9sistance aux temp\u00e9ratures \u00e9lev\u00e9es et aux rayures, ce qui garantit une utilisation \u00e0 long terme, particuli\u00e8rement adapt\u00e9e aux environnements de restauration commerciale \u00e0 haute fr\u00e9quence.<\/li>\n\n\n\n<li><strong>Service de personnalisation par lots pour mettre en valeur la personnalit\u00e9 de la marque : <\/strong>Fournir des services de production de masse et de personnalisation pour la vaisselle de restaurant en gros, et peut concevoir des logos et des styles exclusifs en fonction des besoins pour aider les entreprises de restauration \u00e0 cr\u00e9er une image de marque unique,fabricant en gros.<\/li>\n<\/ul>\n<\/div>\n\n\n\n<div class=\"wp-block-column is-layout-flow wp-block-column-is-layout-flow\">\n<figure class=\"wp-block-image size-full\"><img fetchpriority=\"high\" decoding=\"async\" width=\"750\" height=\"1093\" src=\"https:\/\/www.yongjianceramic.com\/wp-content\/uploads\/2024\/12\/ceramic-crockery-dish-wholesale-custom-dinnerware-manufacturer-12.webp\" alt=\"Vaisselle en c\u00e9ramique Set de table Wholesale, Bulk Plates, Bowls, Cups-8\" class=\"wp-image-4029\" srcset=\"https:\/\/www.yongjianceramic.com\/wp-content\/uploads\/2024\/12\/ceramic-crockery-dish-wholesale-custom-dinnerware-manufacturer-12.webp 750w, https:\/\/www.yongjianceramic.com\/wp-content\/uploads\/2024\/12\/ceramic-crockery-dish-wholesale-custom-dinnerware-manufacturer-12-206x300.webp 206w, https:\/\/www.yongjianceramic.com\/wp-content\/uploads\/2024\/12\/ceramic-crockery-dish-wholesale-custom-dinnerware-manufacturer-12-8x12.webp 8w, https:\/\/www.yongjianceramic.com\/wp-content\/uploads\/2024\/12\/ceramic-crockery-dish-wholesale-custom-dinnerware-manufacturer-12-285x415.webp 285w, https:\/\/www.yongjianceramic.com\/wp-content\/uploads\/2024\/12\/ceramic-crockery-dish-wholesale-custom-dinnerware-manufacturer-12-453x660.webp 453w, https:\/\/www.yongjianceramic.com\/wp-content\/uploads\/2024\/12\/ceramic-crockery-dish-wholesale-custom-dinnerware-manufacturer-12-103x150.webp 103w\" sizes=\"(max-width: 750px) 100vw, 750px\" \/><\/figure>\n<\/div>\n<\/div>","protected":false},"excerpt":{"rendered":"<div class=\"lRu31\" dir=\"ltr\">Bienvenue sur le site d'achat de vaisselle en gros. Cette vaisselle de restaurant japonaise \u00e0 \u00e9mail r\u00e9actif combine le luxe l\u00e9ger et les styles r\u00e9tro, avec une vari\u00e9t\u00e9 de formes, convenant aux h\u00f4tels, aux restaurants et aux sc\u00e8nes de restauration haut de gamme. Les mat\u00e9riaux c\u00e9ramiques de haute qualit\u00e9 sont durables et pratiques, permettent la personnalisation des lots et ajoutent un sens simple et \u00e9l\u00e9gant de la qualit\u00e9 aux services de restauration.<\/div>\n<div dir=\"ltr\">\n<table style=\"border-collapse: collapse; width: 327.02pt;\" border=\"0\" width=\"654\" cellspacing=\"0\" cellpadding=\"0\">\n<tbody>\n<tr style=\"height: 16.50pt;\">\n<td class=\"et3\" style=\"height: 16.50pt; width: 127.20pt;\" width=\"254\" height=\"33\">Fabricant<\/td>\n<td class=\"et3\" style=\"width: 200.15pt;\" width=\"400\">Yongjian<\/td>\n<\/tr>\n<tr style=\"height: 16.50pt;\">\n<td class=\"et3\" style=\"height: 16.50pt;\" height=\"33\">Num\u00e9ro de mod\u00e8le<\/td>\n<td class=\"et4\" style=\"width: 200.15pt;\" width=\"400\">YJ-97<\/td>\n<\/tr>\n<tr style=\"height: 16.50pt;\">\n<td class=\"et5\" style=\"height: 16.50pt; width: 127.20pt;\" width=\"254\" height=\"33\">Type de vaisselle<\/td>\n<td class=\"et5\" style=\"width: 200.15pt;\" width=\"400\">Plateaux, assiettes, bols<\/td>\n<\/tr>\n<tr style=\"height: 16.50pt;\">\n<td class=\"et3\" style=\"height: 16.50pt;\" height=\"33\">Technique<\/td>\n<td class=\"et3\">Effet de gla\u00e7age au four<\/td>\n<\/tr>\n<tr style=\"height: 16.50pt;\">\n<td class=\"et3\" style=\"height: 16.50pt;\" height=\"33\">Mat\u00e9riau<\/td>\n<td class=\"et3\">Porcelaine<\/td>\n<\/tr>\n<tr style=\"height: 33.00pt;\">\n<td class=\"et6\" style=\"height: 33.00pt;\" height=\"66\">Applicable<\/td>\n<td class=\"et5\" style=\"width: 200.15pt;\" width=\"400\">St\u00e9rilisateur, lave-vaisselle, four, micro-ondes<\/td>\n<\/tr>\n<tr style=\"height: 16.50pt;\">\n<td class=\"et3\" style=\"height: 16.50pt;\" height=\"33\">Dimension<\/td>\n<td class=\"et3\">En tant qu'image<\/td>\n<\/tr>\n<tr style=\"height: 16.50pt;\">\n<td class=\"et3\" style=\"height: 16.50pt;\" height=\"33\">MOQ<\/td>\n<td class=\"et3\">500pcs<\/td>\n<\/tr>\n<tr style=\"height: 16.50pt;\">\n<td class=\"et3\" style=\"height: 16.50pt;\" height=\"33\">Sur mesure<\/td>\n<td class=\"et3\">Couleur\/Taille\/Logo\/Emballage<\/td>\n<\/tr>\n<\/tbody>\n<\/table>\n<\/div>\n<div class=\"UdTY9 WdefRb\" aria-hidden=\"true\" data-location=\"2\">\u00a0<\/div>","protected":false},"featured_media":4035,"comment_status":"closed","ping_status":"closed","template":"","meta":{"_acf_changed":false},"product_brand":[],"product_cat":[64,87],"product_tag":[88],"class_list":{"0":"post-4018","1":"product","2":"type-product","3":"status-publish","4":"has-post-thumbnail","6":"product_cat-dinnerware-sets","7":"product_cat-tableware-wholesale","8":"product_tag-japanese-style-dinnerware-set-wholesale","10":"first","11":"instock","12":"shipping-taxable","13":"product-type-simple"},"acf":[],"_links":{"self":[{"href":"https:\/\/www.yongjianceramic.com\/fr\/wp-json\/wp\/v2\/product\/4018","targetHints":{"allow":["GET"]}}],"collection":[{"href":"https:\/\/www.yongjianceramic.com\/fr\/wp-json\/wp\/v2\/product"}],"about":[{"href":"https:\/\/www.yongjianceramic.com\/fr\/wp-json\/wp\/v2\/types\/product"}],"replies":[{"embeddable":true,"href":"https:\/\/www.yongjianceramic.com\/fr\/wp-json\/wp\/v2\/comments?post=4018"}],"wp:featuredmedia":[{"embeddable":true,"href":"https:\/\/www.yongjianceramic.com\/fr\/wp-json\/wp\/v2\/media\/4035"}],"wp:attachment":[{"href":"https:\/\/www.yongjianceramic.com\/fr\/wp-json\/wp\/v2\/media?parent=4018"}],"wp:term":[{"taxonomy":"product_brand","embeddable":true,"href":"https:\/\/www.yongjianceramic.com\/fr\/wp-json\/wp\/v2\/product_brand?post=4018"},{"taxonomy":"product_cat","embeddable":true,"href":"https:\/\/www.yongjianceramic.com\/fr\/wp-json\/wp\/v2\/product_cat?post=4018"},{"taxonomy":"product_tag","embeddable":true,"href":"https:\/\/www.yongjianceramic.com\/fr\/wp-json\/wp\/v2\/product_tag?post=4018"}],"curies":[{"name":"wp","href":"https:\/\/api.w.org\/{rel}","templated":true}]}}