{"id":4050,"date":"2024-12-28T14:55:39","date_gmt":"2024-12-28T06:55:39","guid":{"rendered":"https:\/\/www.yongjianceramic.com\/?post_type=product&#038;p=4050"},"modified":"2025-01-07T10:33:41","modified_gmt":"2025-01-07T02:33:41","slug":"restaurant-dinnerware-wholesale","status":"publish","type":"product","link":"https:\/\/www.yongjianceramic.com\/fr\/produit\/restaurant-dinnerware-wholesale\/","title":{"rendered":"Vaisselle de restaurant \u00e0 gla\u00e7ure r\u00e9active en gros, vaisselle chinoise en vrac"},"content":{"rendered":"<div class=\"wp-block-columns is-layout-flex wp-container-core-columns-is-layout-9d6595d7 wp-block-columns-is-layout-flex\">\n<div class=\"wp-block-column is-layout-flow wp-block-column-is-layout-flow\">\n<h2 class=\"wp-block-heading\">Premium Restaurant Dinnerware Wholesale Caract\u00e9ristiques :<\/h2>\n\n\n\n<ul class=\"wp-block-list\">\n<li><strong>Motif d\u00e9grad\u00e9 violet, beaut\u00e9 en couches profondes : <\/strong>La vaisselle de restaurant \u00e0 gla\u00e7ure r\u00e9active adopte un motif d\u00e9grad\u00e9 violet fonc\u00e9, avec des couches claires, pr\u00e9sentant un effet visuel profond et \u00e9l\u00e9gant et une texture artistique unique.<\/li>\n\n\n\n<li><strong>Diff\u00e9rentes formes, largement applicables : <\/strong>Cette vaisselle chinoise en gros comprend des assiettes plates, des bols \u00e0 soupe, des saladiers, des bols de service et d'autres formes, afin de r\u00e9pondre aux divers besoins des h\u00f4tels, des restaurants et des banquets, en tenant compte de la fonctionnalit\u00e9 et de l'esth\u00e9tique.<\/li>\n\n\n\n<li><strong>C\u00e9ramique de haute qualit\u00e9, durable : <\/strong>S\u00e9lectionn\u00e9e dans des mat\u00e9riaux c\u00e9ramiques de haute qualit\u00e9, cette vaisselle de restaurant en gros est r\u00e9sistante aux rayures et ne se d\u00e9colore pas facilement. Elle convient \u00e0 une utilisation fr\u00e9quente et garantit une brillance et une texture \u00e0 long terme.<\/li>\n\n\n\n<li><strong>Production de masse OEM et services de personnalisation : <\/strong>Nous fournissons des services de personnalisation pour la vaisselle chinoise en gros, qui peuvent concevoir de mani\u00e8re flexible des styles et des logos exclusifs, afin d'aider vos marques \u00e0 cr\u00e9er une collection de vaisselle unique.<\/li>\n<\/ul>\n<\/div>\n\n\n\n<div class=\"wp-block-column is-layout-flow wp-block-column-is-layout-flow\">\n<figure class=\"wp-block-image size-full\"><img fetchpriority=\"high\" decoding=\"async\" width=\"800\" height=\"800\" src=\"https:\/\/www.yongjianceramic.com\/wp-content\/uploads\/2024\/12\/oem-ceramic-dinnerware-bulk-serving-bowls-ceramic-plate-supplier-10.webp\" alt=\"Vaisselle de restaurant \u00e0 gla\u00e7ure r\u00e9active en gros, vaisselle chinoise en vrac-1\" class=\"wp-image-4060\" srcset=\"https:\/\/www.yongjianceramic.com\/wp-content\/uploads\/2024\/12\/oem-ceramic-dinnerware-bulk-serving-bowls-ceramic-plate-supplier-10.webp 800w, https:\/\/www.yongjianceramic.com\/wp-content\/uploads\/2024\/12\/oem-ceramic-dinnerware-bulk-serving-bowls-ceramic-plate-supplier-10-300x300.webp 300w, https:\/\/www.yongjianceramic.com\/wp-content\/uploads\/2024\/12\/oem-ceramic-dinnerware-bulk-serving-bowls-ceramic-plate-supplier-10-150x150.webp 150w, https:\/\/www.yongjianceramic.com\/wp-content\/uploads\/2024\/12\/oem-ceramic-dinnerware-bulk-serving-bowls-ceramic-plate-supplier-10-768x768.webp 768w, https:\/\/www.yongjianceramic.com\/wp-content\/uploads\/2024\/12\/oem-ceramic-dinnerware-bulk-serving-bowls-ceramic-plate-supplier-10-12x12.webp 12w, https:\/\/www.yongjianceramic.com\/wp-content\/uploads\/2024\/12\/oem-ceramic-dinnerware-bulk-serving-bowls-ceramic-plate-supplier-10-285x285.webp 285w, https:\/\/www.yongjianceramic.com\/wp-content\/uploads\/2024\/12\/oem-ceramic-dinnerware-bulk-serving-bowls-ceramic-plate-supplier-10-270x270.webp 270w, https:\/\/www.yongjianceramic.com\/wp-content\/uploads\/2024\/12\/oem-ceramic-dinnerware-bulk-serving-bowls-ceramic-plate-supplier-10-540x540.webp 540w, https:\/\/www.yongjianceramic.com\/wp-content\/uploads\/2024\/12\/oem-ceramic-dinnerware-bulk-serving-bowls-ceramic-plate-supplier-10-660x660.webp 660w\" sizes=\"(max-width: 800px) 100vw, 800px\" \/><\/figure>\n<\/div>\n<\/div>","protected":false},"excerpt":{"rendered":"<p><span class=\"jCAhz ChMk0b\"><span class=\"ryNqvb\">Cette vaisselle en c\u00e9ramique au design d\u00e9grad\u00e9 violet fonc\u00e9 pr\u00e9sente une gla\u00e7ure profonde et \u00e9l\u00e9gante, une riche sensation tridimensionnelle et des formes vari\u00e9es. Elle convient aux besoins des h\u00f4tels, des restaurants et des banquets.<\/span><\/span> <span class=\"jCAhz ChMk0b\"><span class=\"ryNqvb\">Les c\u00e9ramiques de haute qualit\u00e9 sont durables et faciles \u00e0 nettoyer, elles permettent une personnalisation de masse OEM et constituent un choix id\u00e9al pour cr\u00e9er un environnement de restauration haut de gamme. Le fournisseur propose des services de personnalisation et de vente en gros OEM ODM.<\/span><\/span><\/p>\n<table style=\"border-collapse: collapse; width: 327.02pt;\" border=\"0\" width=\"654\" cellspacing=\"0\" cellpadding=\"0\">\n<tbody>\n<tr style=\"height: 16.50pt;\">\n<td class=\"et3\" style=\"height: 16.50pt; width: 127.20pt;\" width=\"254\" height=\"33\">Fabricant<\/td>\n<td class=\"et3\" style=\"width: 200.15pt;\" width=\"400\">Yongjian<\/td>\n<\/tr>\n<tr style=\"height: 16.50pt;\">\n<td class=\"et3\" style=\"height: 16.50pt;\" height=\"33\">Num\u00e9ro de mod\u00e8le<\/td>\n<td class=\"et4\" style=\"width: 200.15pt;\" width=\"400\">YJ-99<\/td>\n<\/tr>\n<tr style=\"height: 16.50pt;\">\n<td class=\"et5\" style=\"height: 16.50pt; width: 127.20pt;\" width=\"254\" height=\"33\">Type de vaisselle<\/td>\n<td class=\"et5\" style=\"width: 200.15pt;\" width=\"400\">Plateaux, assiettes, bols<\/td>\n<\/tr>\n<tr style=\"height: 16.50pt;\">\n<td class=\"et3\" style=\"height: 16.50pt;\" height=\"33\">Technique<\/td>\n<td class=\"et3\">Effet de gla\u00e7age au four<\/td>\n<\/tr>\n<tr style=\"height: 16.50pt;\">\n<td class=\"et3\" style=\"height: 16.50pt;\" height=\"33\">Mat\u00e9riau<\/td>\n<td class=\"et3\">Porcelaine<\/td>\n<\/tr>\n<tr style=\"height: 33.00pt;\">\n<td class=\"et6\" style=\"height: 33.00pt;\" height=\"66\">Applicable<\/td>\n<td class=\"et5\" style=\"width: 200.15pt;\" width=\"400\">St\u00e9rilisateur, lave-vaisselle, four, micro-ondes<\/td>\n<\/tr>\n<tr style=\"height: 16.50pt;\">\n<td class=\"et3\" style=\"height: 16.50pt;\" height=\"33\">Dimension<\/td>\n<td class=\"et3\">En tant qu'image<\/td>\n<\/tr>\n<tr style=\"height: 16.50pt;\">\n<td class=\"et3\" style=\"height: 16.50pt;\" height=\"33\">MOQ<\/td>\n<td class=\"et3\">500pcs<\/td>\n<\/tr>\n<tr style=\"height: 16.50pt;\">\n<td class=\"et3\" style=\"height: 16.50pt;\" height=\"33\">Sur mesure<\/td>\n<td class=\"et3\">Couleur\/Taille\/Logo\/Emballage<\/td>\n<\/tr>\n<\/tbody>\n<\/table>","protected":false},"featured_media":4059,"comment_status":"closed","ping_status":"closed","template":"","meta":{"_acf_changed":false},"product_brand":[],"product_cat":[64,82],"product_tag":[81],"class_list":{"0":"post-4050","1":"product","2":"type-product","3":"status-publish","4":"has-post-thumbnail","6":"product_cat-dinnerware-sets","7":"product_cat-bulk-dinnerware-sets","8":"product_tag-modern-design-dinnerware-set-wholesale","10":"first","11":"instock","12":"shipping-taxable","13":"product-type-simple"},"acf":[],"_links":{"self":[{"href":"https:\/\/www.yongjianceramic.com\/fr\/wp-json\/wp\/v2\/product\/4050","targetHints":{"allow":["GET"]}}],"collection":[{"href":"https:\/\/www.yongjianceramic.com\/fr\/wp-json\/wp\/v2\/product"}],"about":[{"href":"https:\/\/www.yongjianceramic.com\/fr\/wp-json\/wp\/v2\/types\/product"}],"replies":[{"embeddable":true,"href":"https:\/\/www.yongjianceramic.com\/fr\/wp-json\/wp\/v2\/comments?post=4050"}],"wp:featuredmedia":[{"embeddable":true,"href":"https:\/\/www.yongjianceramic.com\/fr\/wp-json\/wp\/v2\/media\/4059"}],"wp:attachment":[{"href":"https:\/\/www.yongjianceramic.com\/fr\/wp-json\/wp\/v2\/media?parent=4050"}],"wp:term":[{"taxonomy":"product_brand","embeddable":true,"href":"https:\/\/www.yongjianceramic.com\/fr\/wp-json\/wp\/v2\/product_brand?post=4050"},{"taxonomy":"product_cat","embeddable":true,"href":"https:\/\/www.yongjianceramic.com\/fr\/wp-json\/wp\/v2\/product_cat?post=4050"},{"taxonomy":"product_tag","embeddable":true,"href":"https:\/\/www.yongjianceramic.com\/fr\/wp-json\/wp\/v2\/product_tag?post=4050"}],"curies":[{"name":"wp","href":"https:\/\/api.w.org\/{rel}","templated":true}]}}