{"id":4061,"date":"2024-12-28T14:41:26","date_gmt":"2024-12-28T06:41:26","guid":{"rendered":"https:\/\/www.yongjianceramic.com\/?post_type=product&#038;p=4061"},"modified":"2025-03-01T15:46:55","modified_gmt":"2025-03-01T07:46:55","slug":"wholesale-crockery","status":"publish","type":"product","link":"https:\/\/www.yongjianceramic.com\/fr\/produit\/wholesale-crockery\/","title":{"rendered":"Vaisselle en gros \u00e0 \u00e9mail r\u00e9actif, vaisselle de luxe en vrac"},"content":{"rendered":"<div class=\"wp-block-columns is-layout-flex wp-container-core-columns-is-layout-9d6595d7 wp-block-columns-is-layout-flex\">\n<div class=\"wp-block-column is-layout-flow wp-block-column-is-layout-flow\">\n<h2 class=\"wp-block-heading\">Premium Wholesale Crockery Caract\u00e9ristiques :<\/h2>\n\n\n\n<ul class=\"wp-block-list\">\n<li><strong>Technologie de gla\u00e7age r\u00e9actif multicolore, couleurs flexibles et changeantes :<\/strong> La technologie de l'\u00e9mail r\u00e9actif conf\u00e8re \u00e0 ce set de vaisselle en gros un design unique en noir, rouge et bleu, tout comme la flamme bleue qui br\u00fble dans l'obscurit\u00e9, montrant une vari\u00e9t\u00e9 de niveaux de couleur, ajoutant une atmosph\u00e8re artistique \u00e0 la table \u00e0 manger.<\/li>\n\n\n\n<li><strong>Formes vari\u00e9es, adapt\u00e9es \u00e0 diverses sc\u00e8nes de repas : <\/strong>Cette vaisselle en c\u00e9ramique en vrac offre une grande vari\u00e9t\u00e9 de formes, notamment des assiettes \u00e0 d\u00eener, des bols \u00e0 soupe, des saladiers, etc. Cette vaisselle en gros r\u00e9pond aux diff\u00e9rents besoins des h\u00f4tels, des restaurants et des banquets, et peut \u00eatre librement combin\u00e9e et assortie.<\/li>\n\n\n\n<li><strong>\u00c9mail de haute qualit\u00e9, durable et pratique : <\/strong>Notre vaisselle en gros pour temp\u00e9ratures \u00e9lev\u00e9es poss\u00e8de un gla\u00e7age lisse et magnifique, une r\u00e9sistance aux temp\u00e9ratures \u00e9lev\u00e9es et une r\u00e9sistance aux rayures, de sorte qu'elle reste belle apr\u00e8s une longue utilisation et peut supporter une utilisation commerciale fr\u00e9quente.<\/li>\n\n\n\n<li><strong>Reactive Glazed factory direct sales, support customization :<\/strong> L'usine professionnelle de vaisselle en c\u00e9ramique fournit directement des services d'approvisionnement en vrac et de personnalisation pour la vaisselle en c\u00e9ramique en vrac. Nous pouvons concevoir des styles uniques et des logos de marque, r\u00e9pondre \u00e0 des besoins personnalis\u00e9s et aider les marques de restauration \u00e0 am\u00e9liorer leur image.<\/li>\n<\/ul>\n<\/div>\n\n\n\n<div class=\"wp-block-column is-layout-flow wp-block-column-is-layout-flow\">\n<figure class=\"wp-block-image size-full\"><img fetchpriority=\"high\" decoding=\"async\" width=\"800\" height=\"800\" src=\"https:\/\/www.yongjianceramic.com\/wp-content\/uploads\/2024\/12\/Wholesale-Dinnerware-Sets-Plates-In-Bulk-Ceramics-Reactive-Glazed-Supplies-10.webp\" alt=\"Vaisselle en gros \u00e0 \u00e9mail r\u00e9actif, vaisselle de luxe en vrac-1\" class=\"wp-image-4071\" srcset=\"https:\/\/www.yongjianceramic.com\/wp-content\/uploads\/2024\/12\/Wholesale-Dinnerware-Sets-Plates-In-Bulk-Ceramics-Reactive-Glazed-Supplies-10.webp 800w, https:\/\/www.yongjianceramic.com\/wp-content\/uploads\/2024\/12\/Wholesale-Dinnerware-Sets-Plates-In-Bulk-Ceramics-Reactive-Glazed-Supplies-10-300x300.webp 300w, https:\/\/www.yongjianceramic.com\/wp-content\/uploads\/2024\/12\/Wholesale-Dinnerware-Sets-Plates-In-Bulk-Ceramics-Reactive-Glazed-Supplies-10-150x150.webp 150w, https:\/\/www.yongjianceramic.com\/wp-content\/uploads\/2024\/12\/Wholesale-Dinnerware-Sets-Plates-In-Bulk-Ceramics-Reactive-Glazed-Supplies-10-768x768.webp 768w, https:\/\/www.yongjianceramic.com\/wp-content\/uploads\/2024\/12\/Wholesale-Dinnerware-Sets-Plates-In-Bulk-Ceramics-Reactive-Glazed-Supplies-10-12x12.webp 12w, https:\/\/www.yongjianceramic.com\/wp-content\/uploads\/2024\/12\/Wholesale-Dinnerware-Sets-Plates-In-Bulk-Ceramics-Reactive-Glazed-Supplies-10-285x285.webp 285w, https:\/\/www.yongjianceramic.com\/wp-content\/uploads\/2024\/12\/Wholesale-Dinnerware-Sets-Plates-In-Bulk-Ceramics-Reactive-Glazed-Supplies-10-270x270.webp 270w, https:\/\/www.yongjianceramic.com\/wp-content\/uploads\/2024\/12\/Wholesale-Dinnerware-Sets-Plates-In-Bulk-Ceramics-Reactive-Glazed-Supplies-10-540x540.webp 540w, https:\/\/www.yongjianceramic.com\/wp-content\/uploads\/2024\/12\/Wholesale-Dinnerware-Sets-Plates-In-Bulk-Ceramics-Reactive-Glazed-Supplies-10-660x660.webp 660w\" sizes=\"(max-width: 800px) 100vw, 800px\" \/><\/figure>\n<\/div>\n<\/div>","protected":false},"excerpt":{"rendered":"<p>Nous vous invitons \u00e0 acheter de la vaisselle en c\u00e9ramique en gros. Cet ensemble de vaisselle en gros \u00e0 \u00e9mail r\u00e9actif, avec des motifs de couleur noire, rouge et bleue comme des flammes br\u00fblantes, pr\u00e9sente une vari\u00e9t\u00e9 de beaut\u00e9, des formes riches, convenant \u00e0 la restauration d'h\u00f4tel et aux sc\u00e8nes de banquet. L'\u00e9mail est de haute qualit\u00e9 et durable, il est directement fourni par l'usine et peut \u00eatre personnalis\u00e9, ce qui en fait le meilleur choix pour cr\u00e9er un environnement de restauration haut de gamme.<\/p>\n<table style=\"border-collapse: collapse; width: 327.02pt;\" border=\"0\" width=\"654\" cellspacing=\"0\" cellpadding=\"0\">\n<tbody>\n<tr style=\"height: 16.50pt;\">\n<td class=\"et3\" style=\"height: 16.50pt; width: 127.20pt;\" width=\"254\" height=\"33\">Fabricant<\/td>\n<td class=\"et3\" style=\"width: 200.15pt;\" width=\"400\">Yongjian<\/td>\n<\/tr>\n<tr style=\"height: 16.50pt;\">\n<td class=\"et3\" style=\"height: 16.50pt;\" height=\"33\">Num\u00e9ro de mod\u00e8le<\/td>\n<td class=\"et4\" style=\"width: 200.15pt;\" width=\"400\">YJ-100<\/td>\n<\/tr>\n<tr style=\"height: 16.50pt;\">\n<td class=\"et5\" style=\"height: 16.50pt; width: 127.20pt;\" width=\"254\" height=\"33\">Type de vaisselle<\/td>\n<td class=\"et5\" style=\"width: 200.15pt;\" width=\"400\">Plateaux, assiettes, bols<\/td>\n<\/tr>\n<tr style=\"height: 16.50pt;\">\n<td class=\"et3\" style=\"height: 16.50pt;\" height=\"33\">Technique<\/td>\n<td class=\"et3\">Effet de gla\u00e7age au four<\/td>\n<\/tr>\n<tr style=\"height: 16.50pt;\">\n<td class=\"et3\" style=\"height: 16.50pt;\" height=\"33\">Mat\u00e9riau<\/td>\n<td class=\"et3\">Porcelaine<\/td>\n<\/tr>\n<tr style=\"height: 33.00pt;\">\n<td class=\"et6\" style=\"height: 33.00pt;\" height=\"66\">Applicable<\/td>\n<td class=\"et5\" style=\"width: 200.15pt;\" width=\"400\">St\u00e9rilisateur, lave-vaisselle, four, micro-ondes<\/td>\n<\/tr>\n<tr style=\"height: 16.50pt;\">\n<td class=\"et3\" style=\"height: 16.50pt;\" height=\"33\">Dimension<\/td>\n<td class=\"et3\">En tant qu'image<\/td>\n<\/tr>\n<tr style=\"height: 16.50pt;\">\n<td class=\"et3\" style=\"height: 16.50pt;\" height=\"33\">MOQ<\/td>\n<td class=\"et3\">500pcs<\/td>\n<\/tr>\n<tr style=\"height: 16.50pt;\">\n<td class=\"et3\" style=\"height: 16.50pt;\" height=\"33\">Sur mesure<\/td>\n<td class=\"et3\">Couleur\/Taille\/Logo\/Emballage<\/td>\n<\/tr>\n<\/tbody>\n<\/table>","protected":false},"featured_media":4074,"comment_status":"closed","ping_status":"closed","template":"","meta":{"_acf_changed":false},"product_brand":[],"product_cat":[64,82],"product_tag":[81],"class_list":{"0":"post-4061","1":"product","2":"type-product","3":"status-publish","4":"has-post-thumbnail","6":"product_cat-dinnerware-sets","7":"product_cat-bulk-dinnerware-sets","8":"product_tag-modern-design-dinnerware-set-wholesale","10":"first","11":"instock","12":"shipping-taxable","13":"product-type-simple"},"acf":[],"_links":{"self":[{"href":"https:\/\/www.yongjianceramic.com\/fr\/wp-json\/wp\/v2\/product\/4061","targetHints":{"allow":["GET"]}}],"collection":[{"href":"https:\/\/www.yongjianceramic.com\/fr\/wp-json\/wp\/v2\/product"}],"about":[{"href":"https:\/\/www.yongjianceramic.com\/fr\/wp-json\/wp\/v2\/types\/product"}],"replies":[{"embeddable":true,"href":"https:\/\/www.yongjianceramic.com\/fr\/wp-json\/wp\/v2\/comments?post=4061"}],"wp:featuredmedia":[{"embeddable":true,"href":"https:\/\/www.yongjianceramic.com\/fr\/wp-json\/wp\/v2\/media\/4074"}],"wp:attachment":[{"href":"https:\/\/www.yongjianceramic.com\/fr\/wp-json\/wp\/v2\/media?parent=4061"}],"wp:term":[{"taxonomy":"product_brand","embeddable":true,"href":"https:\/\/www.yongjianceramic.com\/fr\/wp-json\/wp\/v2\/product_brand?post=4061"},{"taxonomy":"product_cat","embeddable":true,"href":"https:\/\/www.yongjianceramic.com\/fr\/wp-json\/wp\/v2\/product_cat?post=4061"},{"taxonomy":"product_tag","embeddable":true,"href":"https:\/\/www.yongjianceramic.com\/fr\/wp-json\/wp\/v2\/product_tag?post=4061"}],"curies":[{"name":"wp","href":"https:\/\/api.w.org\/{rel}","templated":true}]}}