{"id":4113,"date":"2025-01-04T18:28:56","date_gmt":"2025-01-04T10:28:56","guid":{"rendered":"https:\/\/www.yongjianceramic.com\/?post_type=product&#038;p=4113"},"modified":"2025-03-01T15:40:49","modified_gmt":"2025-03-01T07:40:49","slug":"ceramic-dinner-set-wholesale","status":"publish","type":"product","link":"https:\/\/www.yongjianceramic.com\/fr\/produit\/ceramic-dinner-set-wholesale\/","title":{"rendered":"Set de table en c\u00e9ramique brillante Wholesale, tasses \u00e0 th\u00e9, bols, assiettes en vrac"},"content":{"rendered":"<div class=\"wp-block-columns is-layout-flex wp-container-core-columns-is-layout-9d6595d7 wp-block-columns-is-layout-flex\">\n<div class=\"wp-block-column is-layout-flow wp-block-column-is-layout-flow\">\n<h2 class=\"wp-block-heading\">Service de table en c\u00e9ramique de premi\u00e8re qualit\u00e9 Caract\u00e9ristiques de la vente en gros :<\/h2>\n\n\n\n<ul class=\"wp-block-list\">\n<li><strong>Atrovirens gla\u00e7ure brillante, comme une for\u00eat verte : <\/strong>L'\u00e9mail de ce service de table en c\u00e9ramique pr\u00e9sente un vert aurore r\u00e9tro, lumineux et profond, comme si l'on p\u00e9n\u00e9trait dans une for\u00eat verdoyante d'un autre monde, et donne une impression de sophistication naturelle \u00e0 la table.<\/li>\n\n\n\n<li><strong>Gla\u00e7ure tr\u00e8s brillante, excellente sensation visuelle et tactile : <\/strong>Le gla\u00e7age brillant est lisse et doux, r\u00e9sistant aux rayures et ne se d\u00e9colorant pas. Il rehausse non seulement la texture de cette vaisselle chinoise en gros, mais il est \u00e9galement facile \u00e0 nettoyer et \u00e0 entretenir, ce qui convient aux \u00e9v\u00e9nements de restauration commerciale tr\u00e8s fr\u00e9quent\u00e9s.<\/li>\n\n\n\n<li><strong>Formes luxueuses, adapt\u00e9es \u00e0 de multiples sc\u00e8nes :<\/strong> Ce service de table en c\u00e9ramique comprend des tasses \u00e0 th\u00e9, des assiettes, des bols et d'autres formes. Il convient \u00e0 la restauration h\u00f4teli\u00e8re, aux salons de th\u00e9, aux repas de famille et aux banquets, afin de r\u00e9pondre aux diff\u00e9rents besoins en mati\u00e8re de restauration.<\/li>\n\n\n\n<li><strong>Fourniture directe par le fabricant, possibilit\u00e9 de personnalisation en vrac : <\/strong>Notre vaisselle chinoise en gros est fournie directement par l'usine. Nous fournissons des services de personnalisation, pouvons concevoir des logos et des styles en fonction des besoins, et aider la marque \u00e0 cr\u00e9er une image unique.<\/li>\n<\/ul>\n<\/div>\n\n\n\n<div class=\"wp-block-column is-layout-flow wp-block-column-is-layout-flow\">\n<figure class=\"wp-block-image size-full\"><img fetchpriority=\"high\" decoding=\"async\" width=\"750\" height=\"1161\" src=\"https:\/\/www.yongjianceramic.com\/wp-content\/uploads\/2025\/01\/chinese-porcelain-dinnerware-sets-tea-cup-saucer-ceramic-bowl-manufacturer-1.webp\" alt=\"Set de table en c\u00e9ramique brillante Wholesale, Bulk Tea Cups, Bowls, Plates-1\" class=\"wp-image-4114\" srcset=\"https:\/\/www.yongjianceramic.com\/wp-content\/uploads\/2025\/01\/chinese-porcelain-dinnerware-sets-tea-cup-saucer-ceramic-bowl-manufacturer-1.webp 750w, https:\/\/www.yongjianceramic.com\/wp-content\/uploads\/2025\/01\/chinese-porcelain-dinnerware-sets-tea-cup-saucer-ceramic-bowl-manufacturer-1-194x300.webp 194w, https:\/\/www.yongjianceramic.com\/wp-content\/uploads\/2025\/01\/chinese-porcelain-dinnerware-sets-tea-cup-saucer-ceramic-bowl-manufacturer-1-8x12.webp 8w, https:\/\/www.yongjianceramic.com\/wp-content\/uploads\/2025\/01\/chinese-porcelain-dinnerware-sets-tea-cup-saucer-ceramic-bowl-manufacturer-1-285x441.webp 285w, https:\/\/www.yongjianceramic.com\/wp-content\/uploads\/2025\/01\/chinese-porcelain-dinnerware-sets-tea-cup-saucer-ceramic-bowl-manufacturer-1-426x660.webp 426w, https:\/\/www.yongjianceramic.com\/wp-content\/uploads\/2025\/01\/chinese-porcelain-dinnerware-sets-tea-cup-saucer-ceramic-bowl-manufacturer-1-97x150.webp 97w\" sizes=\"(max-width: 750px) 100vw, 750px\" \/><\/figure>\n<\/div>\n<\/div>","protected":false},"excerpt":{"rendered":"<div class=\"lRu31\" dir=\"ltr\">Bienvenue sur le site de vente en gros de vaisselle en c\u00e9ramique. Cette vaisselle chinoise atrovirens lumineuse en gros cr\u00e9e une atmosph\u00e8re \u00e9l\u00e9gante comme une for\u00eat naturelle avec un ton vert aurore r\u00e9tro. Il existe une grande vari\u00e9t\u00e9 de formes pour les services de table et convient aux h\u00f4tels, aux salons de th\u00e9 et aux banquets haut de gamme.<\/p>\n<div class=\"OvtS8d\">\u00a0<\/div>\n<div id=\"ow30\">\n<table style=\"border-collapse: collapse; width: 327.02pt;\" border=\"0\" width=\"654\" cellspacing=\"0\" cellpadding=\"0\">\n<tbody>\n<tr style=\"height: 16.50pt;\">\n<td class=\"et3\" style=\"height: 16.50pt; width: 127.20pt;\" width=\"254\" height=\"33\">Fabricant<\/td>\n<td class=\"et3\" style=\"width: 200.15pt;\" width=\"400\">Yongjian<\/td>\n<\/tr>\n<tr style=\"height: 16.50pt;\">\n<td class=\"et3\" style=\"height: 16.50pt;\" height=\"33\">Num\u00e9ro de mod\u00e8le<\/td>\n<td class=\"et4\" style=\"width: 200.15pt;\" width=\"400\">YJ-103<\/td>\n<\/tr>\n<tr style=\"height: 16.50pt;\">\n<td class=\"et5\" style=\"height: 16.50pt; width: 127.20pt;\" width=\"254\" height=\"33\">Type de vaisselle<\/td>\n<td class=\"et5\" style=\"width: 200.15pt;\" width=\"400\">Plateaux, assiettes, bols<\/td>\n<\/tr>\n<tr style=\"height: 16.50pt;\">\n<td class=\"et3\" style=\"height: 16.50pt;\" height=\"33\">Technique<\/td>\n<td class=\"et3\">Effet de gla\u00e7age au four<\/td>\n<\/tr>\n<tr style=\"height: 16.50pt;\">\n<td class=\"et3\" style=\"height: 16.50pt;\" height=\"33\">Mat\u00e9riau<\/td>\n<td class=\"et3\">Porcelaine<\/td>\n<\/tr>\n<tr style=\"height: 33.00pt;\">\n<td class=\"et6\" style=\"height: 33.00pt;\" height=\"66\">Applicable<\/td>\n<td class=\"et5\" style=\"width: 200.15pt;\" width=\"400\">St\u00e9rilisateur, lave-vaisselle, four, micro-ondes<\/td>\n<\/tr>\n<tr style=\"height: 16.50pt;\">\n<td class=\"et3\" style=\"height: 16.50pt;\" height=\"33\">Dimension<\/td>\n<td class=\"et3\">En tant qu'image<\/td>\n<\/tr>\n<tr style=\"height: 16.50pt;\">\n<td class=\"et3\" style=\"height: 16.50pt;\" height=\"33\">MOQ<\/td>\n<td class=\"et3\">500pcs<\/td>\n<\/tr>\n<tr style=\"height: 16.50pt;\">\n<td class=\"et3\" style=\"height: 16.50pt;\" height=\"33\">Sur mesure<\/td>\n<td class=\"et3\">Couleur\/Taille\/Logo\/Emballage<\/td>\n<\/tr>\n<\/tbody>\n<\/table>\n<\/div>\n<\/div>\n<div class=\"UdTY9 WdefRb\" aria-hidden=\"true\" data-location=\"2\">\u00a0<\/div>","protected":false},"featured_media":4125,"comment_status":"closed","ping_status":"closed","template":"","meta":{"_acf_changed":false},"product_brand":[],"product_cat":[64,85],"product_tag":[86],"class_list":{"0":"post-4113","1":"product","2":"type-product","3":"status-publish","4":"has-post-thumbnail","6":"product_cat-dinnerware-sets","7":"product_cat-wholesale-dinnerware-sets","8":"product_tag-oriental-style-dinnerware-wholesale","10":"first","11":"instock","12":"shipping-taxable","13":"product-type-simple"},"acf":[],"_links":{"self":[{"href":"https:\/\/www.yongjianceramic.com\/fr\/wp-json\/wp\/v2\/product\/4113","targetHints":{"allow":["GET"]}}],"collection":[{"href":"https:\/\/www.yongjianceramic.com\/fr\/wp-json\/wp\/v2\/product"}],"about":[{"href":"https:\/\/www.yongjianceramic.com\/fr\/wp-json\/wp\/v2\/types\/product"}],"replies":[{"embeddable":true,"href":"https:\/\/www.yongjianceramic.com\/fr\/wp-json\/wp\/v2\/comments?post=4113"}],"wp:featuredmedia":[{"embeddable":true,"href":"https:\/\/www.yongjianceramic.com\/fr\/wp-json\/wp\/v2\/media\/4125"}],"wp:attachment":[{"href":"https:\/\/www.yongjianceramic.com\/fr\/wp-json\/wp\/v2\/media?parent=4113"}],"wp:term":[{"taxonomy":"product_brand","embeddable":true,"href":"https:\/\/www.yongjianceramic.com\/fr\/wp-json\/wp\/v2\/product_brand?post=4113"},{"taxonomy":"product_cat","embeddable":true,"href":"https:\/\/www.yongjianceramic.com\/fr\/wp-json\/wp\/v2\/product_cat?post=4113"},{"taxonomy":"product_tag","embeddable":true,"href":"https:\/\/www.yongjianceramic.com\/fr\/wp-json\/wp\/v2\/product_tag?post=4113"}],"curies":[{"name":"wp","href":"https:\/\/api.w.org\/{rel}","templated":true}]}}