{"id":4146,"date":"2025-01-07T11:02:15","date_gmt":"2025-01-07T03:02:15","guid":{"rendered":"https:\/\/www.yongjianceramic.com\/?post_type=product&#038;p=4146"},"modified":"2025-04-20T14:19:13","modified_gmt":"2025-04-20T06:19:13","slug":"wholesale-coffee-cups","status":"publish","type":"product","link":"https:\/\/www.yongjianceramic.com\/fr\/produit\/wholesale-coffee-cups\/","title":{"rendered":"Wholesale Coffee Cups, Reactive Glaze Ceramic Cup And Saucer Set Bulk"},"content":{"rendered":"<div class=\"wp-block-columns is-layout-flex wp-container-core-columns-is-layout-9d6595d7 wp-block-columns-is-layout-flex\">\n<div class=\"wp-block-column is-layout-flow wp-block-column-is-layout-flow\">\n<h2 class=\"wp-block-heading\">Premium Wholesale Coffee Cups Caract\u00e9ristiques :<\/h2>\n\n\n\n<ul class=\"wp-block-list\">\n<li><strong>Technologie de changement de four, texture unique : <\/strong>Nos tasses \u00e0 caf\u00e9 en gros sont toutes produites \u00e0 l'aide de la technologie traditionnelle du changement de four. Chaque pi\u00e8ce de la tasse et de la soucoupe pr\u00e9sente une couleur naturelle unique et une transformation de la texture, ce qui conf\u00e8re au produit une apparence plus artistique, r\u00e9v\u00e8le l'essence de l'artisanat et ajoute du style aux repas.<\/li>\n\n\n\n<li><strong>Texture exquise, toucher d\u00e9licat : <\/strong>Cet ensemble de tasses et de soucoupes est d\u00e9licatement \u00e9maill\u00e9, la surface est lisse et la sensation est agr\u00e9able. L'embouchure de la tasse est con\u00e7ue en fonction de la forme de la l\u00e8vre, ce qui permet aux utilisateurs de l'utiliser plus confortablement. Qu'il s'agisse d'un caf\u00e9 ou d'un th\u00e9, cet ensemble de tasses et de soucoupes en c\u00e9ramique refl\u00e8te le raffinement et la qualit\u00e9.<\/li>\n\n\n\n<li><strong>Diverses options de couleurs, convenant \u00e0 une vari\u00e9t\u00e9 de styles : <\/strong>Ces tasses \u00e0 caf\u00e9 en gros sont disponibles dans une grande vari\u00e9t\u00e9 de couleurs, et chaque ton est soigneusement con\u00e7u pour s'adapter \u00e0 diff\u00e9rentes sc\u00e8nes de vie et \u00e0 diff\u00e9rents styles d'int\u00e9rieur. De la simplicit\u00e9 classique aux styles artistiques modernes, elles peuvent \u00eatre parfaitement assorties pour r\u00e9pondre \u00e0 des besoins personnalis\u00e9s.<\/li>\n\n\n\n<li><strong>C\u00e9ramique de haute qualit\u00e9, durable et respectueuse de l'environnement : <\/strong>Notre set de tasses et de soucoupes en gros est fabriqu\u00e9 \u00e0 partir de mat\u00e9riaux de haute qualit\u00e9, cuit \u00e0 haute temp\u00e9rature avec une excellente durabilit\u00e9, et avec des performances de pr\u00e9servation de la chaleur. En outre, il est s\u00fbr et respectueux de l'environnement. Il convient \u00e0 un usage quotidien et \u00e0 des occasions de grande classe, et constitue une option id\u00e9ale en termes de praticit\u00e9 et de beaut\u00e9.<\/li>\n<\/ul>\n<\/div>\n\n\n\n<div class=\"wp-block-column is-vertically-aligned-center is-layout-flow wp-block-column-is-layout-flow\"><div class=\"wp-block-image\">\n<figure class=\"aligncenter size-full\"><img fetchpriority=\"high\" decoding=\"async\" width=\"750\" height=\"750\" src=\"https:\/\/www.yongjianceramic.com\/wp-content\/uploads\/2025\/01\/Wholesale-Coffee-Cups-Reactive-Glaze-Ceramic-Cup-And-Saucer-Set-Bulk-2.webp\" alt=\"Wholesale Coffee Cups, Set de tasses et soucoupes en c\u00e9ramique \u00e0 gla\u00e7ure r\u00e9active Bulk-2\" class=\"wp-image-4148\" srcset=\"https:\/\/www.yongjianceramic.com\/wp-content\/uploads\/2025\/01\/Wholesale-Coffee-Cups-Reactive-Glaze-Ceramic-Cup-And-Saucer-Set-Bulk-2.webp 750w, https:\/\/www.yongjianceramic.com\/wp-content\/uploads\/2025\/01\/Wholesale-Coffee-Cups-Reactive-Glaze-Ceramic-Cup-And-Saucer-Set-Bulk-2-300x300.webp 300w, https:\/\/www.yongjianceramic.com\/wp-content\/uploads\/2025\/01\/Wholesale-Coffee-Cups-Reactive-Glaze-Ceramic-Cup-And-Saucer-Set-Bulk-2-150x150.webp 150w, https:\/\/www.yongjianceramic.com\/wp-content\/uploads\/2025\/01\/Wholesale-Coffee-Cups-Reactive-Glaze-Ceramic-Cup-And-Saucer-Set-Bulk-2-12x12.webp 12w, https:\/\/www.yongjianceramic.com\/wp-content\/uploads\/2025\/01\/Wholesale-Coffee-Cups-Reactive-Glaze-Ceramic-Cup-And-Saucer-Set-Bulk-2-285x285.webp 285w, https:\/\/www.yongjianceramic.com\/wp-content\/uploads\/2025\/01\/Wholesale-Coffee-Cups-Reactive-Glaze-Ceramic-Cup-And-Saucer-Set-Bulk-2-270x270.webp 270w, https:\/\/www.yongjianceramic.com\/wp-content\/uploads\/2025\/01\/Wholesale-Coffee-Cups-Reactive-Glaze-Ceramic-Cup-And-Saucer-Set-Bulk-2-540x540.webp 540w, https:\/\/www.yongjianceramic.com\/wp-content\/uploads\/2025\/01\/Wholesale-Coffee-Cups-Reactive-Glaze-Ceramic-Cup-And-Saucer-Set-Bulk-2-660x660.webp 660w\" sizes=\"(max-width: 750px) 100vw, 750px\" \/><\/figure>\n<\/div><\/div>\n<\/div>","protected":false},"excerpt":{"rendered":"<p>Bienvenue pour acheter des tasses \u00e0 caf\u00e9 en gros. Cet ensemble de tasses et soucoupes en c\u00e9ramique \u00e0 gla\u00e7ure r\u00e9active combine l'artisanat traditionnel et le design moderne. La texture naturelle unique et une vari\u00e9t\u00e9 d'options de couleurs soulignent le style \u00e9l\u00e9gant. L'\u00e9mail lisse et le toucher agr\u00e9able t\u00e9moignent de la qualit\u00e9. La c\u00e9ramique de haute qualit\u00e9 garantit la durabilit\u00e9 et la protection de l'environnement.<\/p>\n<table style=\"border-collapse: collapse; width: 322.02pt;\" border=\"0\" width=\"322\" cellspacing=\"0\" cellpadding=\"0\">\n<tbody>\n<tr style=\"height: 17.60pt;\">\n<td class=\"et3\" style=\"height: 17.60pt; width: 120.25pt;\" width=\"120\" height=\"17\">Fabricant<\/td>\n<td class=\"et3\" style=\"width: 202.30pt;\" width=\"202\">Yongjian<\/td>\n<\/tr>\n<tr style=\"height: 18.00pt;\">\n<td class=\"et3\" style=\"height: 18.00pt;\" height=\"18\">Num\u00e9ro de mod\u00e8le<\/td>\n<td class=\"et4\" style=\"width: 202.30pt;\" width=\"202\">YJ-C03<\/td>\n<\/tr>\n<tr style=\"height: 18.00pt;\">\n<td class=\"et3\" style=\"height: 18.00pt;\" height=\"18\">Type de produit<\/td>\n<td class=\"et4\" style=\"width: 202.30pt;\" width=\"202\">Tasses et soucoupes<\/td>\n<\/tr>\n<tr style=\"height: 17.60pt;\">\n<td class=\"et3\" style=\"height: 17.60pt;\" height=\"17\">Mat\u00e9riau<\/td>\n<td class=\"et3\">C\u00e9ramique<\/td>\n<\/tr>\n<tr style=\"height: 17.60pt;\">\n<td class=\"et5\" style=\"height: 17.60pt;\" height=\"17\">Couleur<\/td>\n<td class=\"et3\">Blanc\/Noir\/Bleu fonc\u00e9<\/td>\n<\/tr>\n<tr style=\"height: 17.60pt;\">\n<td class=\"et3\" style=\"height: 17.60pt;\" height=\"17\">Dimension<\/td>\n<td class=\"et3\">En tant qu'image<\/td>\n<\/tr>\n<tr style=\"height: 17.60pt;\">\n<td class=\"et3\" style=\"height: 17.60pt;\" height=\"17\">Capacit\u00e9<\/td>\n<td class=\"et3\">150ml<\/td>\n<\/tr>\n<tr style=\"height: 17.60pt;\">\n<td class=\"et3\" style=\"height: 17.60pt;\" height=\"17\">MOQ<\/td>\n<td class=\"et3\">500pcs<\/td>\n<\/tr>\n<tr style=\"height: 17.60pt;\">\n<td class=\"et3\" style=\"height: 17.60pt;\" height=\"17\">Sur mesure<\/td>\n<td class=\"et3\">Couleur\/Taille\/Logo\/Emballage<\/td>\n<\/tr>\n<\/tbody>\n<\/table>","protected":false},"featured_media":4150,"comment_status":"closed","ping_status":"closed","template":"","meta":{"_acf_changed":false},"product_brand":[],"product_cat":[78,65],"product_tag":[81],"class_list":{"0":"post-4146","1":"product","2":"type-product","3":"status-publish","4":"has-post-thumbnail","6":"product_cat-tea-cups-with-saucers-wholesale","7":"product_cat-wholesale-cups-and-mugs","8":"product_tag-modern-design-dinnerware-set-wholesale","10":"first","11":"instock","12":"shipping-taxable","13":"product-type-simple"},"acf":[],"_links":{"self":[{"href":"https:\/\/www.yongjianceramic.com\/fr\/wp-json\/wp\/v2\/product\/4146","targetHints":{"allow":["GET"]}}],"collection":[{"href":"https:\/\/www.yongjianceramic.com\/fr\/wp-json\/wp\/v2\/product"}],"about":[{"href":"https:\/\/www.yongjianceramic.com\/fr\/wp-json\/wp\/v2\/types\/product"}],"replies":[{"embeddable":true,"href":"https:\/\/www.yongjianceramic.com\/fr\/wp-json\/wp\/v2\/comments?post=4146"}],"wp:featuredmedia":[{"embeddable":true,"href":"https:\/\/www.yongjianceramic.com\/fr\/wp-json\/wp\/v2\/media\/4150"}],"wp:attachment":[{"href":"https:\/\/www.yongjianceramic.com\/fr\/wp-json\/wp\/v2\/media?parent=4146"}],"wp:term":[{"taxonomy":"product_brand","embeddable":true,"href":"https:\/\/www.yongjianceramic.com\/fr\/wp-json\/wp\/v2\/product_brand?post=4146"},{"taxonomy":"product_cat","embeddable":true,"href":"https:\/\/www.yongjianceramic.com\/fr\/wp-json\/wp\/v2\/product_cat?post=4146"},{"taxonomy":"product_tag","embeddable":true,"href":"https:\/\/www.yongjianceramic.com\/fr\/wp-json\/wp\/v2\/product_tag?post=4146"}],"curies":[{"name":"wp","href":"https:\/\/api.w.org\/{rel}","templated":true}]}}