{"id":4155,"date":"2025-01-07T11:25:23","date_gmt":"2025-01-07T03:25:23","guid":{"rendered":"https:\/\/www.yongjianceramic.com\/?post_type=product&#038;p=4155"},"modified":"2025-04-20T14:18:54","modified_gmt":"2025-04-20T06:18:54","slug":"wholesale-coffee-mugs","status":"publish","type":"product","link":"https:\/\/www.yongjianceramic.com\/fr\/produit\/wholesale-coffee-mugs\/","title":{"rendered":"Tasses \u00e0 caf\u00e9 en gros avec couvercles en bambou, Tasses \u00e0 caf\u00e9 \u00e0 gla\u00e7age r\u00e9actif en vrac"},"content":{"rendered":"<div class=\"wp-block-columns is-layout-flex wp-container-core-columns-is-layout-9d6595d7 wp-block-columns-is-layout-flex\">\n<div class=\"wp-block-column is-layout-flow wp-block-column-is-layout-flow\">\n<h2 class=\"wp-block-heading\">Premium Wholesale Coffee Mugs Caract\u00e9ristiques :<\/h2>\n\n\n\n<ul class=\"wp-block-list\">\n<li><strong>Technologie de changement de four, effet visuel unique : <\/strong>Nos tasses \u00e0 caf\u00e9 en gros utilisent une technologie exquise de changement de four, chaque tasse a une texture unique et une transition de couleur, montrant la beaut\u00e9 de la nature, combinant le sens artistique avec le style de la mode moderne, ajoutant de l'\u00e9l\u00e9gance \u00e0 la consommation quotidienne.<\/li>\n\n\n\n<li><strong>Couvercle en bambou respectueux de l'environnement, \u00e0 la fois beau et pratique :<\/strong> Nos tasses \u00e0 caf\u00e9 en vrac sont accompagn\u00e9es de couvercles en bambou naturel, respectueux de l'environnement et de la sant\u00e9, \u00e0 la texture chaleureuse. Il peut non seulement emp\u00eacher la poussi\u00e8re et garder la chaleur, mais aussi ajouter des \u00e9l\u00e9ments naturels au design g\u00e9n\u00e9ral de la tasse, \u00e9quilibrant parfaitement l'aspect pratique et l'esth\u00e9tique.<\/li>\n\n\n\n<li><strong>Mat\u00e9riau c\u00e9ramique de haute qualit\u00e9, durable et s\u00fbr : <\/strong>Ces tasses \u00e0 caf\u00e9 en gros sont fabriqu\u00e9es \u00e0 partir de mat\u00e9riaux c\u00e9ramiques de haute qualit\u00e9 et cuites \u00e0 haute temp\u00e9rature pour garantir que les produits sont robustes et durables, faciles \u00e0 nettoyer et n'absorbent pas facilement les odeurs, r\u00e9pondant aux besoins d'utilisation \u00e0 long terme, tout en respectant les normes de s\u00e9curit\u00e9 alimentaire, et en les utilisant de mani\u00e8re plus s\u00fbre.<\/li>\n\n\n\n<li><strong>Une vari\u00e9t\u00e9 d'options de couleurs pour r\u00e9pondre \u00e0 des besoins personnalis\u00e9s : <\/strong>Nos tasses \u00e0 caf\u00e9 en vrac offrent une grande vari\u00e9t\u00e9 de couleurs, chaque couleur \u00e9tant soigneusement con\u00e7ue pour s'adapter \u00e0 une grande vari\u00e9t\u00e9 de styles de d\u00e9coration int\u00e9rieure. Elles peuvent \u00eatre offertes en cadeau ou utilis\u00e9es \u00e0 des fins commerciales, offrant ainsi aux utilisateurs un large \u00e9ventail de choix.<\/li>\n<\/ul>\n<\/div>\n\n\n\n<div class=\"wp-block-column is-vertically-aligned-center is-layout-flow wp-block-column-is-layout-flow\"><div class=\"wp-block-image\">\n<figure class=\"aligncenter size-full\"><img fetchpriority=\"high\" decoding=\"async\" width=\"719\" height=\"720\" src=\"https:\/\/www.yongjianceramic.com\/wp-content\/uploads\/2025\/01\/Wholesale-Coffee-Mugs-With-Bamboo-Lids-Reactive-Glaze-Coffee-Mugs-Bulk-2.jpg\" alt=\"Grossiste Tasses \u00e0 caf\u00e9 avec couvercles en bambou, Tasses \u00e0 caf\u00e9 \u00e0 gla\u00e7age r\u00e9actif en vrac-2\" class=\"wp-image-4157\" srcset=\"https:\/\/www.yongjianceramic.com\/wp-content\/uploads\/2025\/01\/Wholesale-Coffee-Mugs-With-Bamboo-Lids-Reactive-Glaze-Coffee-Mugs-Bulk-2.jpg 719w, https:\/\/www.yongjianceramic.com\/wp-content\/uploads\/2025\/01\/Wholesale-Coffee-Mugs-With-Bamboo-Lids-Reactive-Glaze-Coffee-Mugs-Bulk-2-300x300.jpg 300w, https:\/\/www.yongjianceramic.com\/wp-content\/uploads\/2025\/01\/Wholesale-Coffee-Mugs-With-Bamboo-Lids-Reactive-Glaze-Coffee-Mugs-Bulk-2-150x150.jpg 150w, https:\/\/www.yongjianceramic.com\/wp-content\/uploads\/2025\/01\/Wholesale-Coffee-Mugs-With-Bamboo-Lids-Reactive-Glaze-Coffee-Mugs-Bulk-2-12x12.jpg 12w, https:\/\/www.yongjianceramic.com\/wp-content\/uploads\/2025\/01\/Wholesale-Coffee-Mugs-With-Bamboo-Lids-Reactive-Glaze-Coffee-Mugs-Bulk-2-285x285.jpg 285w, https:\/\/www.yongjianceramic.com\/wp-content\/uploads\/2025\/01\/Wholesale-Coffee-Mugs-With-Bamboo-Lids-Reactive-Glaze-Coffee-Mugs-Bulk-2-270x270.jpg 270w, https:\/\/www.yongjianceramic.com\/wp-content\/uploads\/2025\/01\/Wholesale-Coffee-Mugs-With-Bamboo-Lids-Reactive-Glaze-Coffee-Mugs-Bulk-2-540x540.jpg 540w, https:\/\/www.yongjianceramic.com\/wp-content\/uploads\/2025\/01\/Wholesale-Coffee-Mugs-With-Bamboo-Lids-Reactive-Glaze-Coffee-Mugs-Bulk-2-660x660.jpg 660w\" sizes=\"(max-width: 719px) 100vw, 719px\" \/><\/figure>\n<\/div><\/div>\n<\/div>","protected":false},"excerpt":{"rendered":"<p>Bienvenue dans l'achat de tasses \u00e0 caf\u00e9 en gros. Ces tasses \u00e0 caf\u00e9 en gros, cuites au four et dot\u00e9es d'un couvercle en bambou naturel, combinent parfaitement la nature et le design moderne. La texture unique, les multiples options de couleur, le mat\u00e9riau c\u00e9ramique de haute qualit\u00e9 et la fonction de protection de l'environnement en font un choix id\u00e9al pour la vie quotidienne et l'utilisation commerciale.<\/p>\n<table style=\"border-collapse: collapse; width: 322.02pt;\" border=\"0\" width=\"322\" cellspacing=\"0\" cellpadding=\"0\">\n<tbody>\n<tr style=\"height: 17.60pt;\">\n<td class=\"et3\" style=\"height: 17.60pt; width: 120.25pt;\" width=\"120\" height=\"17\">Fabricant<\/td>\n<td class=\"et3\" style=\"width: 202.30pt;\" width=\"202\">Yongjian<\/td>\n<\/tr>\n<tr style=\"height: 18.00pt;\">\n<td class=\"et3\" style=\"height: 18.00pt;\" height=\"18\">Num\u00e9ro de mod\u00e8le<\/td>\n<td class=\"et4\" style=\"width: 202.30pt;\" width=\"202\">YJ-C04<\/td>\n<\/tr>\n<tr style=\"height: 18.00pt;\">\n<td class=\"et3\" style=\"height: 18.00pt;\" height=\"18\">Type de produit<\/td>\n<td class=\"et4\" style=\"width: 202.30pt;\" width=\"202\">Tasses et soucoupes<\/td>\n<\/tr>\n<tr style=\"height: 17.60pt;\">\n<td class=\"et3\" style=\"height: 17.60pt;\" height=\"17\">Mat\u00e9riau<\/td>\n<td class=\"et3\">C\u00e9ramique+couvercle en bambou<\/td>\n<\/tr>\n<tr style=\"height: 17.60pt;\">\n<td class=\"et5\" style=\"height: 17.60pt;\" height=\"17\">Couleur<\/td>\n<td class=\"et3\">Blanc\/Noir\/Bleu fonc\u00e9<\/td>\n<\/tr>\n<tr style=\"height: 17.60pt;\">\n<td class=\"et3\" style=\"height: 17.60pt;\" height=\"17\">Dimension<\/td>\n<td class=\"et3\">En tant qu'image<\/td>\n<\/tr>\n<tr style=\"height: 17.60pt;\">\n<td class=\"et3\" style=\"height: 17.60pt;\" height=\"17\">Capacit\u00e9<\/td>\n<td class=\"et3\">275ml<\/td>\n<\/tr>\n<tr style=\"height: 17.60pt;\">\n<td class=\"et3\" style=\"height: 17.60pt;\" height=\"17\">MOQ<\/td>\n<td class=\"et3\">500pcs<\/td>\n<\/tr>\n<tr style=\"height: 17.60pt;\">\n<td class=\"et3\" style=\"height: 17.60pt;\" height=\"17\">Sur mesure<\/td>\n<td class=\"et3\">Couleur\/Taille\/Logo\/Emballage<\/td>\n<\/tr>\n<\/tbody>\n<\/table>","protected":false},"featured_media":4159,"comment_status":"closed","ping_status":"closed","template":"","meta":{"_acf_changed":false},"product_brand":[],"product_cat":[65,91],"product_tag":[81],"class_list":{"0":"post-4155","1":"product","2":"type-product","3":"status-publish","4":"has-post-thumbnail","6":"product_cat-wholesale-cups-and-mugs","7":"product_cat-wholesale-mugs","8":"product_tag-modern-design-dinnerware-set-wholesale","10":"first","11":"instock","12":"shipping-taxable","13":"product-type-simple"},"acf":[],"_links":{"self":[{"href":"https:\/\/www.yongjianceramic.com\/fr\/wp-json\/wp\/v2\/product\/4155","targetHints":{"allow":["GET"]}}],"collection":[{"href":"https:\/\/www.yongjianceramic.com\/fr\/wp-json\/wp\/v2\/product"}],"about":[{"href":"https:\/\/www.yongjianceramic.com\/fr\/wp-json\/wp\/v2\/types\/product"}],"replies":[{"embeddable":true,"href":"https:\/\/www.yongjianceramic.com\/fr\/wp-json\/wp\/v2\/comments?post=4155"}],"wp:featuredmedia":[{"embeddable":true,"href":"https:\/\/www.yongjianceramic.com\/fr\/wp-json\/wp\/v2\/media\/4159"}],"wp:attachment":[{"href":"https:\/\/www.yongjianceramic.com\/fr\/wp-json\/wp\/v2\/media?parent=4155"}],"wp:term":[{"taxonomy":"product_brand","embeddable":true,"href":"https:\/\/www.yongjianceramic.com\/fr\/wp-json\/wp\/v2\/product_brand?post=4155"},{"taxonomy":"product_cat","embeddable":true,"href":"https:\/\/www.yongjianceramic.com\/fr\/wp-json\/wp\/v2\/product_cat?post=4155"},{"taxonomy":"product_tag","embeddable":true,"href":"https:\/\/www.yongjianceramic.com\/fr\/wp-json\/wp\/v2\/product_tag?post=4155"}],"curies":[{"name":"wp","href":"https:\/\/api.w.org\/{rel}","templated":true}]}}