{"id":4168,"date":"2025-01-07T14:10:43","date_gmt":"2025-01-07T06:10:43","guid":{"rendered":"https:\/\/www.yongjianceramic.com\/?post_type=product&#038;p=4168"},"modified":"2025-04-20T14:19:07","modified_gmt":"2025-04-20T06:19:07","slug":"wholesale-ceramic-coffee-cups","status":"publish","type":"product","link":"https:\/\/www.yongjianceramic.com\/fr\/produit\/wholesale-ceramic-coffee-cups\/","title":{"rendered":"Vente en gros de tasses \u00e0 caf\u00e9 en c\u00e9ramique, tasses \u00e0 th\u00e9 de style japonais en vrac"},"content":{"rendered":"<div class=\"wp-block-columns is-layout-flex wp-container-core-columns-is-layout-9d6595d7 wp-block-columns-is-layout-flex\">\n<div class=\"wp-block-column is-layout-flow wp-block-column-is-layout-flow\">\n<h2 class=\"wp-block-heading\">Tasses \u00e0 caf\u00e9 en c\u00e9ramique de premi\u00e8re qualit\u00e9 en gros Caract\u00e9ristiques :<\/h2>\n\n\n\n<ul class=\"wp-block-list\">\n<li><strong>Une beaut\u00e9 simple et naturelle : <\/strong>Nos tasses \u00e0 caf\u00e9 en gros en c\u00e9ramique sont \u00e9maill\u00e9es en blanc cass\u00e9 avec une fine texture de grain, montrant un style esth\u00e9tique simple et naturel, combin\u00e9 avec le style de design japonais, ajoutant chaleur et confort \u00e0 l'heure du th\u00e9 ou du caf\u00e9.<\/li>\n\n\n\n<li><strong>Sensation et conception uniques : <\/strong>Le fond de ces tasses \u00e0 th\u00e9 en c\u00e9ramique est brun givr\u00e9, avec une texture fine, ajoutant une exp\u00e9rience tactile unique, tout en formant un contraste \u00e9l\u00e9gant avec le corps de la tasse blanc cass\u00e9, et le design global est plus raffin\u00e9 et stratifi\u00e9.<\/li>\n\n\n\n<li><strong>Durable : <\/strong>Ces tasses \u00e0 caf\u00e9 en c\u00e9ramique sont fabriqu\u00e9es \u00e0 partir de mat\u00e9riaux c\u00e9ramiques de haute qualit\u00e9 et cuites \u00e0 haute temp\u00e9rature. Cela garantit que les tasses sont solides et durables, qu'elles conservent bien la chaleur et qu'elles sont faciles \u00e0 nettoyer pour une utilisation prolong\u00e9e.<\/li>\n\n\n\n<li><strong>Style minimaliste japonais : <\/strong>Nos tasses \u00e0 th\u00e9 en c\u00e9ramique de style minimaliste japonais sont simples et \u00e9l\u00e9gantes dans leur design mais d\u00e9centes dans leur beaut\u00e9 et leur praticit\u00e9. Elles peuvent \u00eatre utilis\u00e9es \u00e0 la maison, dans un caf\u00e9 ou au bureau ; elles conviennent comme cadeau pour ajouter un sens du rituel lorsque l'on boit du th\u00e9 ou du caf\u00e9.<\/li>\n<\/ul>\n<\/div>\n\n\n\n<div class=\"wp-block-column is-vertically-aligned-center is-layout-flow wp-block-column-is-layout-flow\"><div class=\"wp-block-image\">\n<figure class=\"aligncenter size-full\"><img fetchpriority=\"high\" decoding=\"async\" width=\"800\" height=\"800\" src=\"https:\/\/www.yongjianceramic.com\/wp-content\/uploads\/2025\/01\/Wholesale-Ceramic-Coffee-Cups-Japanese-Style-Tea-Cups-Bulk-1.webp\" alt=\"Vente en gros de tasses \u00e0 caf\u00e9 en c\u00e9ramique, tasses \u00e0 th\u00e9 de style japonais Bulk-1\" class=\"wp-image-4169\" srcset=\"https:\/\/www.yongjianceramic.com\/wp-content\/uploads\/2025\/01\/Wholesale-Ceramic-Coffee-Cups-Japanese-Style-Tea-Cups-Bulk-1.webp 800w, https:\/\/www.yongjianceramic.com\/wp-content\/uploads\/2025\/01\/Wholesale-Ceramic-Coffee-Cups-Japanese-Style-Tea-Cups-Bulk-1-300x300.webp 300w, https:\/\/www.yongjianceramic.com\/wp-content\/uploads\/2025\/01\/Wholesale-Ceramic-Coffee-Cups-Japanese-Style-Tea-Cups-Bulk-1-150x150.webp 150w, https:\/\/www.yongjianceramic.com\/wp-content\/uploads\/2025\/01\/Wholesale-Ceramic-Coffee-Cups-Japanese-Style-Tea-Cups-Bulk-1-768x768.webp 768w, https:\/\/www.yongjianceramic.com\/wp-content\/uploads\/2025\/01\/Wholesale-Ceramic-Coffee-Cups-Japanese-Style-Tea-Cups-Bulk-1-12x12.webp 12w, https:\/\/www.yongjianceramic.com\/wp-content\/uploads\/2025\/01\/Wholesale-Ceramic-Coffee-Cups-Japanese-Style-Tea-Cups-Bulk-1-285x285.webp 285w, https:\/\/www.yongjianceramic.com\/wp-content\/uploads\/2025\/01\/Wholesale-Ceramic-Coffee-Cups-Japanese-Style-Tea-Cups-Bulk-1-270x270.webp 270w, https:\/\/www.yongjianceramic.com\/wp-content\/uploads\/2025\/01\/Wholesale-Ceramic-Coffee-Cups-Japanese-Style-Tea-Cups-Bulk-1-540x540.webp 540w, https:\/\/www.yongjianceramic.com\/wp-content\/uploads\/2025\/01\/Wholesale-Ceramic-Coffee-Cups-Japanese-Style-Tea-Cups-Bulk-1-660x660.webp 660w\" sizes=\"(max-width: 800px) 100vw, 800px\" \/><\/figure>\n<\/div><\/div>\n<\/div>","protected":false},"excerpt":{"rendered":"<p>Nous vous invitons \u00e0 acheter des tasses \u00e0 th\u00e9 en c\u00e9ramique en gros. Nos tasses \u00e0 caf\u00e9 en c\u00e9ramique japonaise en gros pr\u00e9sentent une texture granuleuse et un fond de tasse brun givr\u00e9 comme points forts de la conception, montrant une beaut\u00e9 unique de la nature et de la simplicit\u00e9. Le mat\u00e9riau c\u00e9ramique de haute qualit\u00e9 est durable et convient \u00e0 de multiples utilisations. C'est un choix id\u00e9al pour la maison, le bureau ou le caf\u00e9. Il peut \u00e9galement \u00eatre utilis\u00e9 comme cadeau exquis pour am\u00e9liorer la qualit\u00e9 de vie.<\/p>\n<table style=\"border-collapse: collapse; width: 322.02pt;\" border=\"0\" width=\"322\" cellspacing=\"0\" cellpadding=\"0\">\n<tbody>\n<tr style=\"height: 17.60pt;\">\n<td class=\"et3\" style=\"height: 17.60pt; width: 120.25pt;\" width=\"120\" height=\"17\">Fabricant<\/td>\n<td class=\"et3\" style=\"width: 202.30pt;\" width=\"202\">Yongjian<\/td>\n<\/tr>\n<tr style=\"height: 18.00pt;\">\n<td class=\"et3\" style=\"height: 18.00pt;\" height=\"18\">Num\u00e9ro de mod\u00e8le<\/td>\n<td class=\"et4\" style=\"width: 202.30pt;\" width=\"202\">YJ-C06<\/td>\n<\/tr>\n<tr style=\"height: 17.60pt;\">\n<td class=\"et3\" style=\"height: 17.60pt;\" height=\"17\">Type de produit<\/td>\n<td class=\"et2\">Tasses en c\u00e9ramique<\/td>\n<\/tr>\n<tr style=\"height: 17.60pt;\">\n<td class=\"et3\" style=\"height: 17.60pt;\" height=\"17\">Mat\u00e9riau<\/td>\n<td class=\"et3\">C\u00e9ramique<\/td>\n<\/tr>\n<tr style=\"height: 17.60pt;\">\n<td class=\"et5\" style=\"height: 17.60pt;\" height=\"17\">Couleur<\/td>\n<td class=\"et3\">Blanc<\/td>\n<\/tr>\n<tr style=\"height: 17.60pt;\">\n<td class=\"et3\" style=\"height: 17.60pt;\" height=\"17\">Dimension<\/td>\n<td class=\"et3\">8.5*6.5<\/td>\n<\/tr>\n<tr style=\"height: 17.60pt;\">\n<td class=\"et3\" style=\"height: 17.60pt;\" height=\"17\">MOQ<\/td>\n<td class=\"et3\">500pcs<\/td>\n<\/tr>\n<tr style=\"height: 17.60pt;\">\n<td class=\"et3\" style=\"height: 17.60pt;\" height=\"17\">Sur mesure<\/td>\n<td class=\"et3\">Couleur\/Taille\/Logo\/Emballage<\/td>\n<\/tr>\n<\/tbody>\n<\/table>","protected":false},"featured_media":4170,"comment_status":"closed","ping_status":"closed","template":"","meta":{"_acf_changed":false},"product_brand":[],"product_cat":[91,65],"product_tag":[81],"class_list":{"0":"post-4168","1":"product","2":"type-product","3":"status-publish","4":"has-post-thumbnail","6":"product_cat-wholesale-mugs","7":"product_cat-wholesale-cups-and-mugs","8":"product_tag-modern-design-dinnerware-set-wholesale","10":"first","11":"instock","12":"shipping-taxable","13":"product-type-simple"},"acf":[],"_links":{"self":[{"href":"https:\/\/www.yongjianceramic.com\/fr\/wp-json\/wp\/v2\/product\/4168","targetHints":{"allow":["GET"]}}],"collection":[{"href":"https:\/\/www.yongjianceramic.com\/fr\/wp-json\/wp\/v2\/product"}],"about":[{"href":"https:\/\/www.yongjianceramic.com\/fr\/wp-json\/wp\/v2\/types\/product"}],"replies":[{"embeddable":true,"href":"https:\/\/www.yongjianceramic.com\/fr\/wp-json\/wp\/v2\/comments?post=4168"}],"wp:featuredmedia":[{"embeddable":true,"href":"https:\/\/www.yongjianceramic.com\/fr\/wp-json\/wp\/v2\/media\/4170"}],"wp:attachment":[{"href":"https:\/\/www.yongjianceramic.com\/fr\/wp-json\/wp\/v2\/media?parent=4168"}],"wp:term":[{"taxonomy":"product_brand","embeddable":true,"href":"https:\/\/www.yongjianceramic.com\/fr\/wp-json\/wp\/v2\/product_brand?post=4168"},{"taxonomy":"product_cat","embeddable":true,"href":"https:\/\/www.yongjianceramic.com\/fr\/wp-json\/wp\/v2\/product_cat?post=4168"},{"taxonomy":"product_tag","embeddable":true,"href":"https:\/\/www.yongjianceramic.com\/fr\/wp-json\/wp\/v2\/product_tag?post=4168"}],"curies":[{"name":"wp","href":"https:\/\/api.w.org\/{rel}","templated":true}]}}