{"id":4220,"date":"2025-01-11T10:49:04","date_gmt":"2025-01-11T02:49:04","guid":{"rendered":"https:\/\/www.yongjianceramic.com\/?post_type=product&#038;p=4220"},"modified":"2025-01-13T17:09:05","modified_gmt":"2025-01-13T09:09:05","slug":"wholesale-spoons","status":"publish","type":"product","link":"https:\/\/www.yongjianceramic.com\/fr\/produit\/wholesale-spoons\/","title":{"rendered":"Pottery Stone Texture Wholesale Spoons, Cuill\u00e8res de service en c\u00e9ramique en vrac"},"content":{"rendered":"<div class=\"wp-block-columns is-layout-flex wp-container-core-columns-is-layout-9d6595d7 wp-block-columns-is-layout-flex\">\n<div class=\"wp-block-column is-layout-flow wp-block-column-is-layout-flow\">\n<h2 class=\"wp-block-heading\">Premium Wholesale Spoons Caract\u00e9ristiques :<\/h2>\n\n\n\n<ul class=\"wp-block-list\">\n<li><strong>Design unique de la pierre de poterie : <\/strong>Ces cuill\u00e8res en c\u00e9ramique sont inspir\u00e9es de la pierre de poterie, avec une texture naturelle et unique et une texture d\u00e9licate, donnant \u00e0 chaque produit une atmosph\u00e8re artistique unique, mettant en valeur le style et la personnalit\u00e9 de la table \u00e0 manger.<\/li>\n\n\n\n<li><strong>Plusieurs options de couleurs : <\/strong>Ces cuill\u00e8res de service en c\u00e9ramique en vrac sont disponibles en cinq couleurs exquises pour r\u00e9pondre aux besoins de diff\u00e9rentes sc\u00e8nes et de diff\u00e9rents styles. Elles conviennent pour les tables \u00e0 manger \u00e0 la maison, les ustensiles de restaurant ou comme cadeaux, flexibles et diversifi\u00e9es.<\/li>\n\n\n\n<li><strong>Mat\u00e9riau c\u00e9ramique de haute qualit\u00e9 : <\/strong>Nos cuill\u00e8res en gros sont cuites \u00e0 haute temp\u00e9rature, la structure en c\u00e9ramique est solide et durable, la surface est lisse et r\u00e9sistante aux taches, et elle est facile \u00e0 nettoyer, ce qui garantit que le produit reste comme neuf lors d'une utilisation \u00e0 long terme, en tenant compte \u00e0 la fois de la beaut\u00e9 et de la praticit\u00e9.<\/li>\n\n\n\n<li><strong>Approvisionnement en vrac et options de personnalisation : <\/strong>Nos cuill\u00e8res de service en c\u00e9ramique peuvent \u00eatre achet\u00e9es en vrac \u00e0 grande \u00e9chelle. Nous proposons \u00e9galement des services personnalis\u00e9s pour les motifs, les tailles et l'emballage afin de r\u00e9pondre aux divers besoins des d\u00e9taillants, de la restauration et des march\u00e9s haut de gamme.<\/li>\n<\/ul>\n<\/div>\n\n\n\n<div class=\"wp-block-column is-vertically-aligned-center is-layout-flow wp-block-column-is-layout-flow\"><div class=\"wp-block-image\">\n<figure class=\"aligncenter size-full\"><img fetchpriority=\"high\" decoding=\"async\" width=\"800\" height=\"800\" src=\"https:\/\/www.yongjianceramic.com\/wp-content\/uploads\/2025\/01\/Pottery-Stone-Texture-Wholesale-Spoons-Ceramic-Serving-Spoons-Bulk-1.webp\" alt=\"Pottery Stone Texture Wholesale Spoons, Cuill\u00e8res de service en c\u00e9ramique Bulk-1\" class=\"wp-image-4221\" srcset=\"https:\/\/www.yongjianceramic.com\/wp-content\/uploads\/2025\/01\/Pottery-Stone-Texture-Wholesale-Spoons-Ceramic-Serving-Spoons-Bulk-1.webp 800w, https:\/\/www.yongjianceramic.com\/wp-content\/uploads\/2025\/01\/Pottery-Stone-Texture-Wholesale-Spoons-Ceramic-Serving-Spoons-Bulk-1-300x300.webp 300w, https:\/\/www.yongjianceramic.com\/wp-content\/uploads\/2025\/01\/Pottery-Stone-Texture-Wholesale-Spoons-Ceramic-Serving-Spoons-Bulk-1-150x150.webp 150w, https:\/\/www.yongjianceramic.com\/wp-content\/uploads\/2025\/01\/Pottery-Stone-Texture-Wholesale-Spoons-Ceramic-Serving-Spoons-Bulk-1-768x768.webp 768w, https:\/\/www.yongjianceramic.com\/wp-content\/uploads\/2025\/01\/Pottery-Stone-Texture-Wholesale-Spoons-Ceramic-Serving-Spoons-Bulk-1-12x12.webp 12w, https:\/\/www.yongjianceramic.com\/wp-content\/uploads\/2025\/01\/Pottery-Stone-Texture-Wholesale-Spoons-Ceramic-Serving-Spoons-Bulk-1-285x285.webp 285w, https:\/\/www.yongjianceramic.com\/wp-content\/uploads\/2025\/01\/Pottery-Stone-Texture-Wholesale-Spoons-Ceramic-Serving-Spoons-Bulk-1-270x270.webp 270w, https:\/\/www.yongjianceramic.com\/wp-content\/uploads\/2025\/01\/Pottery-Stone-Texture-Wholesale-Spoons-Ceramic-Serving-Spoons-Bulk-1-540x540.webp 540w, https:\/\/www.yongjianceramic.com\/wp-content\/uploads\/2025\/01\/Pottery-Stone-Texture-Wholesale-Spoons-Ceramic-Serving-Spoons-Bulk-1-660x660.webp 660w\" sizes=\"(max-width: 800px) 100vw, 800px\" \/><\/figure>\n<\/div><\/div>\n<\/div>","protected":false},"excerpt":{"rendered":"<p>Nous vous invitons \u00e0 acheter des cuill\u00e8res de service en c\u00e9ramique en gros. Ces cuill\u00e8res en gros de texture pierreuse en poterie pr\u00e9sentent un design en pierre naturelle et cinq couleurs exquises. La vente en gros et la personnalisation sont possibles. Il s'agit d'un choix id\u00e9al pour la maison, la restauration et les march\u00e9s de d\u00e9tail.<\/p>\n<table style=\"border-collapse: collapse; width: 322.02pt;\" border=\"0\" width=\"322\" cellspacing=\"0\" cellpadding=\"0\">\n<tbody>\n<tr style=\"height: 17.60pt;\">\n<td class=\"et3\" style=\"height: 17.60pt; width: 120.25pt;\" width=\"120\" height=\"17\">Fabricant<\/td>\n<td class=\"et3\" style=\"width: 202.30pt;\" width=\"202\">Yongjian<\/td>\n<\/tr>\n<tr style=\"height: 18.00pt;\">\n<td class=\"et3\" style=\"height: 18.00pt;\" height=\"18\">Num\u00e9ro de mod\u00e8le<\/td>\n<td class=\"et4\" style=\"width: 202.30pt;\" width=\"202\">YJ-S05<\/td>\n<\/tr>\n<tr style=\"height: 17.60pt;\">\n<td class=\"et3\" style=\"height: 17.60pt;\" height=\"17\">Type de produit<\/td>\n<td class=\"et3\">Cuill\u00e8re en c\u00e9ramique<\/td>\n<\/tr>\n<tr style=\"height: 17.60pt;\">\n<td class=\"et3\" style=\"height: 17.60pt;\" height=\"17\">Mat\u00e9riau<\/td>\n<td class=\"et3\">Porcelaine<\/td>\n<\/tr>\n<tr style=\"height: 17.60pt;\">\n<td class=\"et5\" style=\"height: 17.60pt;\" height=\"17\">Couleur<\/td>\n<td class=\"et3\">Gradient de couleur<\/td>\n<\/tr>\n<tr style=\"height: 17.60pt;\">\n<td class=\"et3\" style=\"height: 17.60pt;\" height=\"17\">Taille<\/td>\n<td class=\"et3\">16,8 cm<\/td>\n<\/tr>\n<tr style=\"height: 17.60pt;\">\n<td class=\"et3\" style=\"height: 17.60pt;\" height=\"17\">MOQ<\/td>\n<td class=\"et3\">500pcs<\/td>\n<\/tr>\n<tr style=\"height: 17.60pt;\">\n<td class=\"et3\" style=\"height: 17.60pt;\" height=\"17\">Sur mesure<\/td>\n<td class=\"et3\">Couleur\/Taille\/Logo\/Emballage<\/td>\n<\/tr>\n<\/tbody>\n<\/table>","protected":false},"featured_media":4224,"comment_status":"closed","ping_status":"closed","template":"","meta":{"_acf_changed":false},"product_brand":[],"product_cat":[80,89],"product_tag":[88],"class_list":{"0":"post-4220","1":"product","2":"type-product","3":"status-publish","4":"has-post-thumbnail","6":"product_cat-wholesale-ceramic-cutlery","7":"product_cat-ceramic-bulk-spoons","8":"product_tag-japanese-style-dinnerware-set-wholesale","10":"first","11":"instock","12":"shipping-taxable","13":"product-type-simple"},"acf":[],"_links":{"self":[{"href":"https:\/\/www.yongjianceramic.com\/fr\/wp-json\/wp\/v2\/product\/4220","targetHints":{"allow":["GET"]}}],"collection":[{"href":"https:\/\/www.yongjianceramic.com\/fr\/wp-json\/wp\/v2\/product"}],"about":[{"href":"https:\/\/www.yongjianceramic.com\/fr\/wp-json\/wp\/v2\/types\/product"}],"replies":[{"embeddable":true,"href":"https:\/\/www.yongjianceramic.com\/fr\/wp-json\/wp\/v2\/comments?post=4220"}],"wp:featuredmedia":[{"embeddable":true,"href":"https:\/\/www.yongjianceramic.com\/fr\/wp-json\/wp\/v2\/media\/4224"}],"wp:attachment":[{"href":"https:\/\/www.yongjianceramic.com\/fr\/wp-json\/wp\/v2\/media?parent=4220"}],"wp:term":[{"taxonomy":"product_brand","embeddable":true,"href":"https:\/\/www.yongjianceramic.com\/fr\/wp-json\/wp\/v2\/product_brand?post=4220"},{"taxonomy":"product_cat","embeddable":true,"href":"https:\/\/www.yongjianceramic.com\/fr\/wp-json\/wp\/v2\/product_cat?post=4220"},{"taxonomy":"product_tag","embeddable":true,"href":"https:\/\/www.yongjianceramic.com\/fr\/wp-json\/wp\/v2\/product_tag?post=4220"}],"curies":[{"name":"wp","href":"https:\/\/api.w.org\/{rel}","templated":true}]}}