{"id":4234,"date":"2025-01-21T17:44:42","date_gmt":"2025-01-21T09:44:42","guid":{"rendered":"https:\/\/www.yongjianceramic.com\/?post_type=product&#038;p=4234"},"modified":"2025-01-21T18:06:37","modified_gmt":"2025-01-21T10:06:37","slug":"dinnerware-bulk","status":"publish","type":"product","link":"https:\/\/www.yongjianceramic.com\/fr\/produit\/dinnerware-bulk\/","title":{"rendered":"Vaisselle en c\u00e9ramique bleue en vrac, vaisselle de restaurant fantaisie en vrac"},"content":{"rendered":"<div class=\"wp-block-columns is-layout-flex wp-container-core-columns-is-layout-9d6595d7 wp-block-columns-is-layout-flex\">\n<div class=\"wp-block-column is-layout-flow wp-block-column-is-layout-flow\">\n<h2 class=\"wp-block-heading\">Vaisselle de qualit\u00e9 sup\u00e9rieure en vrac Caract\u00e9ristiques :<\/h2>\n\n\n\n<ul class=\"wp-block-list\">\n<li><strong>Le design bleu \u00e9l\u00e9gant rehausse la beaut\u00e9 de la table :<\/strong> La surface de cette vaisselle en c\u00e9ramique bleue en vrac est assortie d'un design aux lignes douces, ce qui la rend adapt\u00e9e aux restaurants et h\u00f4tels haut de gamme ou aux sc\u00e8nes de banquet sp\u00e9ciales.<\/li>\n\n\n\n<li><strong>Diverses options de taille pour r\u00e9pondre \u00e0 des besoins vari\u00e9s : <\/strong>Des assiettes et des bols de diff\u00e9rentes tailles sont disponibles en vrac dans notre vaisselle de restaurant pour r\u00e9pondre aux diff\u00e9rentes utilisations, de l'entr\u00e9e au plat principal en passant par le dessert, afin de satisfaire les besoins de l'ensemble du repas.<\/li>\n\n\n\n<li><strong>Mat\u00e9riau c\u00e9ramique de haute qualit\u00e9, durable et facile \u00e0 nettoyer : <\/strong>Notre vaisselle en vrac est fabriqu\u00e9e \u00e0 partir d'une mati\u00e8re premi\u00e8re de haute qualit\u00e9, la c\u00e9ramique, qui est robuste et durable. La surface est r\u00e9sistante aux rayures et ne se d\u00e9forme pas facilement. Elle est facile \u00e0 nettoyer et peut \u00eatre utilis\u00e9e pour des sc\u00e9narios d'utilisation fr\u00e9quente comme les restaurants et les banquets.<\/li>\n\n\n\n<li><strong>Approvisionnement en vrac pour r\u00e9pondre \u00e0 des besoins personnalis\u00e9s : <\/strong>Nous fournissons des services d'approvisionnement en vrac pour la vaisselle de restaurant en vrac, et nous prenons en charge la personnalisation de la couleur, du style et du LOGO en fonction des besoins personnalis\u00e9s des clients, tels que les restaurants et les h\u00f4tels.<\/li>\n<\/ul>\n<\/div>\n\n\n\n<div class=\"wp-block-column is-layout-flow wp-block-column-is-layout-flow\">\n<figure class=\"wp-block-image size-full\"><img fetchpriority=\"high\" decoding=\"async\" width=\"800\" height=\"800\" src=\"https:\/\/www.yongjianceramic.com\/wp-content\/uploads\/2025\/01\/Blue-Ceramic-Dinnerware-Bulk-Fancy-Restaurant-Dishware-Bulk-5.webp\" alt=\"Vaisselle en c\u00e9ramique bleue en vrac, vaisselle de restaurant fantaisie en vrac-5\" class=\"wp-image-4239\" srcset=\"https:\/\/www.yongjianceramic.com\/wp-content\/uploads\/2025\/01\/Blue-Ceramic-Dinnerware-Bulk-Fancy-Restaurant-Dishware-Bulk-5.webp 800w, https:\/\/www.yongjianceramic.com\/wp-content\/uploads\/2025\/01\/Blue-Ceramic-Dinnerware-Bulk-Fancy-Restaurant-Dishware-Bulk-5-300x300.webp 300w, https:\/\/www.yongjianceramic.com\/wp-content\/uploads\/2025\/01\/Blue-Ceramic-Dinnerware-Bulk-Fancy-Restaurant-Dishware-Bulk-5-150x150.webp 150w, https:\/\/www.yongjianceramic.com\/wp-content\/uploads\/2025\/01\/Blue-Ceramic-Dinnerware-Bulk-Fancy-Restaurant-Dishware-Bulk-5-768x768.webp 768w, https:\/\/www.yongjianceramic.com\/wp-content\/uploads\/2025\/01\/Blue-Ceramic-Dinnerware-Bulk-Fancy-Restaurant-Dishware-Bulk-5-12x12.webp 12w, https:\/\/www.yongjianceramic.com\/wp-content\/uploads\/2025\/01\/Blue-Ceramic-Dinnerware-Bulk-Fancy-Restaurant-Dishware-Bulk-5-285x285.webp 285w, https:\/\/www.yongjianceramic.com\/wp-content\/uploads\/2025\/01\/Blue-Ceramic-Dinnerware-Bulk-Fancy-Restaurant-Dishware-Bulk-5-270x270.webp 270w, https:\/\/www.yongjianceramic.com\/wp-content\/uploads\/2025\/01\/Blue-Ceramic-Dinnerware-Bulk-Fancy-Restaurant-Dishware-Bulk-5-540x540.webp 540w, https:\/\/www.yongjianceramic.com\/wp-content\/uploads\/2025\/01\/Blue-Ceramic-Dinnerware-Bulk-Fancy-Restaurant-Dishware-Bulk-5-660x660.webp 660w\" sizes=\"(max-width: 800px) 100vw, 800px\" \/><\/figure>\n<\/div>\n<\/div>","protected":false},"excerpt":{"rendered":"<div class=\"lRu31\" dir=\"ltr\">Bienvenue sur le site d'achat de vaisselle de restaurant en vrac. Notre vaisselle en c\u00e9ramique bleue en vrac est \u00e9l\u00e9gante et haut de gamme. Elle comprend des assiettes et des bols de diff\u00e9rentes tailles, adapt\u00e9s \u00e0 la pr\u00e9sentation de divers plats. Nous avons s\u00e9lectionn\u00e9 des c\u00e9ramiques de haute qualit\u00e9, durables et faciles \u00e0 nettoyer, particuli\u00e8rement adapt\u00e9es aux restaurants et h\u00f4tels haut de gamme.<\/div>\n<div dir=\"ltr\">\n<table style=\"border-collapse: collapse; width: 327.02pt;\" border=\"0\" width=\"654\" cellspacing=\"0\" cellpadding=\"0\">\n<tbody>\n<tr style=\"height: 16.50pt;\">\n<td class=\"et3\" style=\"height: 16.50pt; width: 127.20pt;\" width=\"254\" height=\"33\">Fabricant<\/td>\n<td class=\"et3\" style=\"width: 200.15pt;\" width=\"400\">Yongjian<\/td>\n<\/tr>\n<tr style=\"height: 16.50pt;\">\n<td class=\"et3\" style=\"height: 16.50pt;\" height=\"33\">Num\u00e9ro de mod\u00e8le<\/td>\n<td class=\"et4\" style=\"width: 200.15pt;\" width=\"400\">YJ-102<\/td>\n<\/tr>\n<tr style=\"height: 16.50pt;\">\n<td class=\"et5\" style=\"height: 16.50pt; width: 127.20pt;\" width=\"254\" height=\"33\">Type de vaisselle<\/td>\n<td class=\"et5\" style=\"width: 200.15pt;\" width=\"400\">Plateaux, assiettes, bols<\/td>\n<\/tr>\n<tr style=\"height: 16.50pt;\">\n<td class=\"et3\" style=\"height: 16.50pt;\" height=\"33\">Technique<\/td>\n<td class=\"et3\">Effet de gla\u00e7age au four<\/td>\n<\/tr>\n<tr style=\"height: 16.50pt;\">\n<td class=\"et3\" style=\"height: 16.50pt;\" height=\"33\">Mat\u00e9riau<\/td>\n<td class=\"et3\">Porcelaine<\/td>\n<\/tr>\n<tr style=\"height: 33.00pt;\">\n<td class=\"et6\" style=\"height: 33.00pt;\" height=\"66\">Applicable<\/td>\n<td class=\"et5\" style=\"width: 200.15pt;\" width=\"400\">St\u00e9rilisateur, lave-vaisselle, four, micro-ondes<\/td>\n<\/tr>\n<tr style=\"height: 16.50pt;\">\n<td class=\"et3\" style=\"height: 16.50pt;\" height=\"33\">Dimension<\/td>\n<td class=\"et3\">En tant qu'image<\/td>\n<\/tr>\n<tr style=\"height: 16.50pt;\">\n<td class=\"et3\" style=\"height: 16.50pt;\" height=\"33\">MOQ<\/td>\n<td class=\"et3\">500pcs<\/td>\n<\/tr>\n<tr style=\"height: 16.50pt;\">\n<td class=\"et3\" style=\"height: 16.50pt;\" height=\"33\">Sur mesure<\/td>\n<td class=\"et3\">Couleur\/Taille\/Logo\/Emballage<\/td>\n<\/tr>\n<\/tbody>\n<\/table>\n<\/div>\n<div class=\"UdTY9 WdefRb\" aria-hidden=\"true\" data-location=\"2\">\u00a0<\/div>","protected":false},"featured_media":4237,"comment_status":"closed","ping_status":"closed","template":"","meta":{"_acf_changed":false},"product_brand":[],"product_cat":[64,85],"product_tag":[81],"class_list":{"0":"post-4234","1":"product","2":"type-product","3":"status-publish","4":"has-post-thumbnail","6":"product_cat-dinnerware-sets","7":"product_cat-wholesale-dinnerware-sets","8":"product_tag-modern-design-dinnerware-set-wholesale","10":"first","11":"instock","12":"shipping-taxable","13":"product-type-simple"},"acf":[],"_links":{"self":[{"href":"https:\/\/www.yongjianceramic.com\/fr\/wp-json\/wp\/v2\/product\/4234","targetHints":{"allow":["GET"]}}],"collection":[{"href":"https:\/\/www.yongjianceramic.com\/fr\/wp-json\/wp\/v2\/product"}],"about":[{"href":"https:\/\/www.yongjianceramic.com\/fr\/wp-json\/wp\/v2\/types\/product"}],"replies":[{"embeddable":true,"href":"https:\/\/www.yongjianceramic.com\/fr\/wp-json\/wp\/v2\/comments?post=4234"}],"wp:featuredmedia":[{"embeddable":true,"href":"https:\/\/www.yongjianceramic.com\/fr\/wp-json\/wp\/v2\/media\/4237"}],"wp:attachment":[{"href":"https:\/\/www.yongjianceramic.com\/fr\/wp-json\/wp\/v2\/media?parent=4234"}],"wp:term":[{"taxonomy":"product_brand","embeddable":true,"href":"https:\/\/www.yongjianceramic.com\/fr\/wp-json\/wp\/v2\/product_brand?post=4234"},{"taxonomy":"product_cat","embeddable":true,"href":"https:\/\/www.yongjianceramic.com\/fr\/wp-json\/wp\/v2\/product_cat?post=4234"},{"taxonomy":"product_tag","embeddable":true,"href":"https:\/\/www.yongjianceramic.com\/fr\/wp-json\/wp\/v2\/product_tag?post=4234"}],"curies":[{"name":"wp","href":"https:\/\/api.w.org\/{rel}","templated":true}]}}