{"id":4241,"date":"2025-01-21T17:59:54","date_gmt":"2025-01-21T09:59:54","guid":{"rendered":"https:\/\/www.yongjianceramic.com\/?post_type=product&#038;p=4241"},"modified":"2025-01-21T18:09:15","modified_gmt":"2025-01-21T10:09:15","slug":"wholesale-china-dinnerware","status":"publish","type":"product","link":"https:\/\/www.yongjianceramic.com\/fr\/produit\/wholesale-china-dinnerware\/","title":{"rendered":"Design cr\u00e9atif Vaisselle en gros de Chine, Assiettes et bols en vrac bleus"},"content":{"rendered":"<div class=\"wp-block-columns is-layout-flex wp-container-core-columns-is-layout-9d6595d7 wp-block-columns-is-layout-flex\">\n<div class=\"wp-block-column is-layout-flow wp-block-column-is-layout-flow\">\n<h2 class=\"wp-block-heading\">Premium Wholesale China Dinnerware Caract\u00e9ristiques :<\/h2>\n\n\n\n<ul class=\"wp-block-list\">\n<li><strong>Conception cr\u00e9ative unique, beaut\u00e9 artistique :<\/strong> Notre vaisselle en gros en porcelaine adopte une technologie de changement de four, et la gla\u00e7ure bleu fonc\u00e9 s'\u00e9coule naturellement, montrant une texture profonde comme le ciel nocturne. Chaque pi\u00e8ce de vaisselle est une \u0153uvre d'art unique.<\/li>\n\n\n\n<li><strong>Combinaison de plusieurs tailles, grande praticit\u00e9 : <\/strong>Notre vaisselle en gros en porcelaine comprend des assiettes et des bols de diff\u00e9rentes tailles, des entr\u00e9es aux plats principaux en passant par les desserts, qui r\u00e9pondent parfaitement aux besoins d'utilisation de la table et assurent la commodit\u00e9 et la beaut\u00e9 des repas.<\/li>\n\n\n\n<li><strong>Mat\u00e9riaux de haute qualit\u00e9, durables : <\/strong>Ces assiettes et bols en vrac sont fabriqu\u00e9s \u00e0 partir de c\u00e9ramiques cuites \u00e0 haute temp\u00e9rature, avec des surfaces lisses et d\u00e9licates, une excellente r\u00e9sistance aux rayures, durables et faciles \u00e0 nettoyer. Ils conviennent \u00e0 une utilisation fr\u00e9quente \u00e0 la maison et dans les commerces.<\/li>\n\n\n\n<li><strong>Approvisionnement en vrac pour r\u00e9pondre \u00e0 des besoins personnalis\u00e9s : <\/strong>Nos assiettes et bols en vrac peuvent \u00eatre fournis \u00e0 grande \u00e9chelle et peuvent \u00eatre personnalis\u00e9s en fonction des besoins du client, notamment en ce qui concerne la taille, la couleur et le logo, ce qui convient aux achats commerciaux tels que les restaurants et les h\u00f4tels.<\/li>\n<\/ul>\n<\/div>\n\n\n\n<div class=\"wp-block-column is-layout-flow wp-block-column-is-layout-flow\">\n<figure class=\"wp-block-image size-full\"><img fetchpriority=\"high\" decoding=\"async\" width=\"800\" height=\"800\" src=\"https:\/\/www.yongjianceramic.com\/wp-content\/uploads\/2025\/01\/Creative-Design-Wholesale-China-Dinnerware-Blue-Bulk-Plates-And-Bowls-4.webp\" alt=\"Design cr\u00e9atif Vaisselle de Chine en gros, Assiettes et bols bleus en vrac-4\" class=\"wp-image-4245\" srcset=\"https:\/\/www.yongjianceramic.com\/wp-content\/uploads\/2025\/01\/Creative-Design-Wholesale-China-Dinnerware-Blue-Bulk-Plates-And-Bowls-4.webp 800w, https:\/\/www.yongjianceramic.com\/wp-content\/uploads\/2025\/01\/Creative-Design-Wholesale-China-Dinnerware-Blue-Bulk-Plates-And-Bowls-4-300x300.webp 300w, https:\/\/www.yongjianceramic.com\/wp-content\/uploads\/2025\/01\/Creative-Design-Wholesale-China-Dinnerware-Blue-Bulk-Plates-And-Bowls-4-150x150.webp 150w, https:\/\/www.yongjianceramic.com\/wp-content\/uploads\/2025\/01\/Creative-Design-Wholesale-China-Dinnerware-Blue-Bulk-Plates-And-Bowls-4-768x768.webp 768w, https:\/\/www.yongjianceramic.com\/wp-content\/uploads\/2025\/01\/Creative-Design-Wholesale-China-Dinnerware-Blue-Bulk-Plates-And-Bowls-4-12x12.webp 12w, https:\/\/www.yongjianceramic.com\/wp-content\/uploads\/2025\/01\/Creative-Design-Wholesale-China-Dinnerware-Blue-Bulk-Plates-And-Bowls-4-285x285.webp 285w, https:\/\/www.yongjianceramic.com\/wp-content\/uploads\/2025\/01\/Creative-Design-Wholesale-China-Dinnerware-Blue-Bulk-Plates-And-Bowls-4-270x270.webp 270w, https:\/\/www.yongjianceramic.com\/wp-content\/uploads\/2025\/01\/Creative-Design-Wholesale-China-Dinnerware-Blue-Bulk-Plates-And-Bowls-4-540x540.webp 540w, https:\/\/www.yongjianceramic.com\/wp-content\/uploads\/2025\/01\/Creative-Design-Wholesale-China-Dinnerware-Blue-Bulk-Plates-And-Bowls-4-660x660.webp 660w\" sizes=\"(max-width: 800px) 100vw, 800px\" \/><\/figure>\n<\/div>\n<\/div>","protected":false},"excerpt":{"rendered":"<div class=\"lRu31\" dir=\"ltr\">Nous vous invitons \u00e0 acheter des assiettes et des bols en vrac. Notre design cr\u00e9atif de vaisselle en gros en porcelaine bleu fonc\u00e9 chang\u00e9e au four int\u00e8gre la beaut\u00e9 artistique \u00e0 la table \u00e0 manger, y compris les assiettes et les bols de diff\u00e9rentes tailles pour r\u00e9pondre aux besoins de tout le repas.<\/div>\n<div dir=\"ltr\">\n<table style=\"border-collapse: collapse; width: 327.02pt;\" border=\"0\" width=\"654\" cellspacing=\"0\" cellpadding=\"0\">\n<tbody>\n<tr style=\"height: 16.50pt;\">\n<td class=\"et3\" style=\"height: 16.50pt; width: 127.20pt;\" width=\"254\" height=\"33\">Fabricant<\/td>\n<td class=\"et3\" style=\"width: 200.15pt;\" width=\"400\">Yongjian<\/td>\n<\/tr>\n<tr style=\"height: 16.50pt;\">\n<td class=\"et3\" style=\"height: 16.50pt;\" height=\"33\">Num\u00e9ro de mod\u00e8le<\/td>\n<td class=\"et4\" style=\"width: 200.15pt;\" width=\"400\">YJ-103<\/td>\n<\/tr>\n<tr style=\"height: 16.50pt;\">\n<td class=\"et5\" style=\"height: 16.50pt; width: 127.20pt;\" width=\"254\" height=\"33\">Type de vaisselle<\/td>\n<td class=\"et5\" style=\"width: 200.15pt;\" width=\"400\">Plateaux, assiettes, bols<\/td>\n<\/tr>\n<tr style=\"height: 16.50pt;\">\n<td class=\"et3\" style=\"height: 16.50pt;\" height=\"33\">Technique<\/td>\n<td class=\"et3\">Effet de gla\u00e7age au four<\/td>\n<\/tr>\n<tr style=\"height: 16.50pt;\">\n<td class=\"et3\" style=\"height: 16.50pt;\" height=\"33\">Mat\u00e9riau<\/td>\n<td class=\"et3\">Porcelaine<\/td>\n<\/tr>\n<tr style=\"height: 33.00pt;\">\n<td class=\"et6\" style=\"height: 33.00pt;\" height=\"66\">Applicable<\/td>\n<td class=\"et5\" style=\"width: 200.15pt;\" width=\"400\">St\u00e9rilisateur, lave-vaisselle, four, micro-ondes<\/td>\n<\/tr>\n<tr style=\"height: 16.50pt;\">\n<td class=\"et3\" style=\"height: 16.50pt;\" height=\"33\">Dimension<\/td>\n<td class=\"et3\">En tant qu'image<\/td>\n<\/tr>\n<tr style=\"height: 16.50pt;\">\n<td class=\"et3\" style=\"height: 16.50pt;\" height=\"33\">MOQ<\/td>\n<td class=\"et3\">500pcs<\/td>\n<\/tr>\n<tr style=\"height: 16.50pt;\">\n<td class=\"et3\" style=\"height: 16.50pt;\" height=\"33\">Sur mesure<\/td>\n<td class=\"et3\">Couleur\/Taille\/Logo\/Emballage<\/td>\n<\/tr>\n<\/tbody>\n<\/table>\n<\/div>\n<div class=\"UdTY9 WdefRb\" aria-hidden=\"true\" data-location=\"2\">\u00a0<\/div>","protected":false},"featured_media":4243,"comment_status":"closed","ping_status":"closed","template":"","meta":{"_acf_changed":false},"product_brand":[],"product_cat":[64,82],"product_tag":[81],"class_list":{"0":"post-4241","1":"product","2":"type-product","3":"status-publish","4":"has-post-thumbnail","6":"product_cat-dinnerware-sets","7":"product_cat-bulk-dinnerware-sets","8":"product_tag-modern-design-dinnerware-set-wholesale","10":"first","11":"instock","12":"shipping-taxable","13":"product-type-simple"},"acf":[],"_links":{"self":[{"href":"https:\/\/www.yongjianceramic.com\/fr\/wp-json\/wp\/v2\/product\/4241","targetHints":{"allow":["GET"]}}],"collection":[{"href":"https:\/\/www.yongjianceramic.com\/fr\/wp-json\/wp\/v2\/product"}],"about":[{"href":"https:\/\/www.yongjianceramic.com\/fr\/wp-json\/wp\/v2\/types\/product"}],"replies":[{"embeddable":true,"href":"https:\/\/www.yongjianceramic.com\/fr\/wp-json\/wp\/v2\/comments?post=4241"}],"wp:featuredmedia":[{"embeddable":true,"href":"https:\/\/www.yongjianceramic.com\/fr\/wp-json\/wp\/v2\/media\/4243"}],"wp:attachment":[{"href":"https:\/\/www.yongjianceramic.com\/fr\/wp-json\/wp\/v2\/media?parent=4241"}],"wp:term":[{"taxonomy":"product_brand","embeddable":true,"href":"https:\/\/www.yongjianceramic.com\/fr\/wp-json\/wp\/v2\/product_brand?post=4241"},{"taxonomy":"product_cat","embeddable":true,"href":"https:\/\/www.yongjianceramic.com\/fr\/wp-json\/wp\/v2\/product_cat?post=4241"},{"taxonomy":"product_tag","embeddable":true,"href":"https:\/\/www.yongjianceramic.com\/fr\/wp-json\/wp\/v2\/product_tag?post=4241"}],"curies":[{"name":"wp","href":"https:\/\/api.w.org\/{rel}","templated":true}]}}