{"id":4247,"date":"2025-01-21T18:29:36","date_gmt":"2025-01-21T10:29:36","guid":{"rendered":"https:\/\/www.yongjianceramic.com\/?post_type=product&#038;p=4247"},"modified":"2025-01-21T18:38:02","modified_gmt":"2025-01-21T10:38:02","slug":"wholesale-ceramic-dinnerware","status":"publish","type":"product","link":"https:\/\/www.yongjianceramic.com\/fr\/produit\/wholesale-ceramic-dinnerware\/","title":{"rendered":"Dessin humoristique Vaisselle en c\u00e9ramique en gros, vaisselle commerciale en vrac"},"content":{"rendered":"<div class=\"wp-block-columns is-layout-flex wp-container-core-columns-is-layout-9d6595d7 wp-block-columns-is-layout-flex\">\n<div class=\"wp-block-column is-layout-flow wp-block-column-is-layout-flow\">\n<h2 class=\"wp-block-heading\">Vaisselle en c\u00e9ramique de premi\u00e8re qualit\u00e9 en gros Caract\u00e9ristiques :<\/h2>\n\n\n\n<ul class=\"wp-block-list\">\n<li><strong>Conception innovante de style bande dessin\u00e9e : <\/strong>Cette vaisselle en c\u00e9ramique de gros est d\u00e9cor\u00e9e de lignes pointill\u00e9es uniques, pr\u00e9sentant un style de bande dessin\u00e9e en deux dimensions. L'aspect est int\u00e9ressant, ajoute une atmosph\u00e8re relaxante et agr\u00e9able aux repas, et est tr\u00e8s appr\u00e9ci\u00e9 par les familles et les jeunes consommateurs.<\/li>\n\n\n\n<li><strong>Diverses options de couleurs et de tailles : <\/strong>Nos sets de vaisselle commerciale en vrac offrent des couleurs riches et une vari\u00e9t\u00e9 de combinaisons de tailles, des petits bols aux grandes assiettes, s'adaptant de mani\u00e8re flexible aux diff\u00e9rents plats et sc\u00e8nes de repas pour r\u00e9pondre \u00e0 des besoins vari\u00e9s.<\/li>\n\n\n\n<li><strong>C\u00e9ramique de haute qualit\u00e9, durable : <\/strong>Notre vaisselle en c\u00e9ramique de gros est fabriqu\u00e9e en c\u00e9ramique cuite \u00e0 haute temp\u00e9rature, qui pr\u00e9sente une excellente r\u00e9sistance aux rayures et aux taches, est facile \u00e0 nettoyer et convient aux sc\u00e8nes commerciales \u00e0 haute fr\u00e9quence telles que les restaurants ou les caf\u00e9s.<\/li>\n\n\n\n<li><strong>Approvisionnement en vrac et personnalisation : <\/strong>Nous prenons en charge l'approvisionnement \u00e0 grande \u00e9chelle des ensembles de vaisselle commerciale en vrac pour r\u00e9pondre aux besoins d'approvisionnement des entreprises, et nous pouvons fournir des services de personnalisation exclusifs, y compris la correspondance des couleurs et la conception du LOGO, pour aider les marques \u00e0 cr\u00e9er une exp\u00e9rience gastronomique personnalis\u00e9e.<\/li>\n<\/ul>\n<\/div>\n\n\n\n<div class=\"wp-block-column is-layout-flow wp-block-column-is-layout-flow\">\n<figure class=\"wp-block-image size-full\"><img fetchpriority=\"high\" decoding=\"async\" width=\"800\" height=\"800\" src=\"https:\/\/www.yongjianceramic.com\/wp-content\/uploads\/2025\/01\/Cartoon-Design-Wholesale-dinnerware-Commercial-Crockery-Sets-Bulk-7.webp\" alt=\"Vaisselle en c\u00e9ramique avec dessin de dessins anim\u00e9s, vaisselle commerciale en vrac-1\" class=\"wp-image-4254\" srcset=\"https:\/\/www.yongjianceramic.com\/wp-content\/uploads\/2025\/01\/Cartoon-Design-Wholesale-dinnerware-Commercial-Crockery-Sets-Bulk-7.webp 800w, https:\/\/www.yongjianceramic.com\/wp-content\/uploads\/2025\/01\/Cartoon-Design-Wholesale-dinnerware-Commercial-Crockery-Sets-Bulk-7-300x300.webp 300w, https:\/\/www.yongjianceramic.com\/wp-content\/uploads\/2025\/01\/Cartoon-Design-Wholesale-dinnerware-Commercial-Crockery-Sets-Bulk-7-150x150.webp 150w, https:\/\/www.yongjianceramic.com\/wp-content\/uploads\/2025\/01\/Cartoon-Design-Wholesale-dinnerware-Commercial-Crockery-Sets-Bulk-7-768x768.webp 768w, https:\/\/www.yongjianceramic.com\/wp-content\/uploads\/2025\/01\/Cartoon-Design-Wholesale-dinnerware-Commercial-Crockery-Sets-Bulk-7-12x12.webp 12w, https:\/\/www.yongjianceramic.com\/wp-content\/uploads\/2025\/01\/Cartoon-Design-Wholesale-dinnerware-Commercial-Crockery-Sets-Bulk-7-285x285.webp 285w, https:\/\/www.yongjianceramic.com\/wp-content\/uploads\/2025\/01\/Cartoon-Design-Wholesale-dinnerware-Commercial-Crockery-Sets-Bulk-7-270x270.webp 270w, https:\/\/www.yongjianceramic.com\/wp-content\/uploads\/2025\/01\/Cartoon-Design-Wholesale-dinnerware-Commercial-Crockery-Sets-Bulk-7-540x540.webp 540w, https:\/\/www.yongjianceramic.com\/wp-content\/uploads\/2025\/01\/Cartoon-Design-Wholesale-dinnerware-Commercial-Crockery-Sets-Bulk-7-660x660.webp 660w\" sizes=\"(max-width: 800px) 100vw, 800px\" \/><\/figure>\n<\/div>\n<\/div>","protected":false},"excerpt":{"rendered":"<div class=\"lRu31\" dir=\"ltr\">Bienvenue dans l'univers de la vaisselle commerciale. Cette vaisselle en c\u00e9ramique de style bande dessin\u00e9e est d\u00e9cor\u00e9e de lignes pointill\u00e9es uniques qui cr\u00e9ent un effet bidimensionnel int\u00e9ressant. Elle offre une vari\u00e9t\u00e9 de couleurs et de tailles pour r\u00e9pondre aux besoins de multiples sc\u00e8nes, et permet un approvisionnement et une personnalisation \u00e0 grande \u00e9chelle.<\/div>\n<div dir=\"ltr\">\n<table style=\"border-collapse: collapse; width: 327.02pt;\" border=\"0\" width=\"654\" cellspacing=\"0\" cellpadding=\"0\">\n<tbody>\n<tr style=\"height: 16.50pt;\">\n<td class=\"et3\" style=\"height: 16.50pt; width: 127.20pt;\" width=\"254\" height=\"33\">Fabricant<\/td>\n<td class=\"et3\" style=\"width: 200.15pt;\" width=\"400\">Yongjian<\/td>\n<\/tr>\n<tr style=\"height: 16.50pt;\">\n<td class=\"et3\" style=\"height: 16.50pt;\" height=\"33\">Num\u00e9ro de mod\u00e8le<\/td>\n<td class=\"et4\" style=\"width: 200.15pt;\" width=\"400\">YJ-104<\/td>\n<\/tr>\n<tr style=\"height: 16.50pt;\">\n<td class=\"et5\" style=\"height: 16.50pt; width: 127.20pt;\" width=\"254\" height=\"33\">Type de vaisselle<\/td>\n<td class=\"et5\" style=\"width: 200.15pt;\" width=\"400\">Plateaux, assiettes, bols<\/td>\n<\/tr>\n<tr style=\"height: 16.50pt;\">\n<td class=\"et3\" style=\"height: 16.50pt;\" height=\"33\">Technique<\/td>\n<td class=\"et3\">Effet de gla\u00e7age au four<\/td>\n<\/tr>\n<tr style=\"height: 16.50pt;\">\n<td class=\"et3\" style=\"height: 16.50pt;\" height=\"33\">Mat\u00e9riau<\/td>\n<td class=\"et3\">Porcelaine<\/td>\n<\/tr>\n<tr style=\"height: 33.00pt;\">\n<td class=\"et6\" style=\"height: 33.00pt;\" height=\"66\">Applicable<\/td>\n<td class=\"et5\" style=\"width: 200.15pt;\" width=\"400\">St\u00e9rilisateur, lave-vaisselle, four, micro-ondes<\/td>\n<\/tr>\n<tr style=\"height: 16.50pt;\">\n<td class=\"et3\" style=\"height: 16.50pt;\" height=\"33\">Dimension<\/td>\n<td class=\"et3\">En tant qu'image<\/td>\n<\/tr>\n<tr style=\"height: 16.50pt;\">\n<td class=\"et3\" style=\"height: 16.50pt;\" height=\"33\">MOQ<\/td>\n<td class=\"et3\">500pcs<\/td>\n<\/tr>\n<tr style=\"height: 16.50pt;\">\n<td class=\"et3\" style=\"height: 16.50pt;\" height=\"33\">Sur mesure<\/td>\n<td class=\"et3\">Couleur\/Taille\/Logo\/Emballage<\/td>\n<\/tr>\n<\/tbody>\n<\/table>\n<\/div>\n<div class=\"UdTY9 WdefRb\" aria-hidden=\"true\" data-location=\"2\">\u00a0<\/div>","protected":false},"featured_media":4255,"comment_status":"closed","ping_status":"closed","template":"","meta":{"_acf_changed":false},"product_brand":[],"product_cat":[64,82],"product_tag":[81],"class_list":{"0":"post-4247","1":"product","2":"type-product","3":"status-publish","4":"has-post-thumbnail","6":"product_cat-dinnerware-sets","7":"product_cat-bulk-dinnerware-sets","8":"product_tag-modern-design-dinnerware-set-wholesale","10":"first","11":"instock","12":"shipping-taxable","13":"product-type-simple"},"acf":[],"_links":{"self":[{"href":"https:\/\/www.yongjianceramic.com\/fr\/wp-json\/wp\/v2\/product\/4247","targetHints":{"allow":["GET"]}}],"collection":[{"href":"https:\/\/www.yongjianceramic.com\/fr\/wp-json\/wp\/v2\/product"}],"about":[{"href":"https:\/\/www.yongjianceramic.com\/fr\/wp-json\/wp\/v2\/types\/product"}],"replies":[{"embeddable":true,"href":"https:\/\/www.yongjianceramic.com\/fr\/wp-json\/wp\/v2\/comments?post=4247"}],"wp:featuredmedia":[{"embeddable":true,"href":"https:\/\/www.yongjianceramic.com\/fr\/wp-json\/wp\/v2\/media\/4255"}],"wp:attachment":[{"href":"https:\/\/www.yongjianceramic.com\/fr\/wp-json\/wp\/v2\/media?parent=4247"}],"wp:term":[{"taxonomy":"product_brand","embeddable":true,"href":"https:\/\/www.yongjianceramic.com\/fr\/wp-json\/wp\/v2\/product_brand?post=4247"},{"taxonomy":"product_cat","embeddable":true,"href":"https:\/\/www.yongjianceramic.com\/fr\/wp-json\/wp\/v2\/product_cat?post=4247"},{"taxonomy":"product_tag","embeddable":true,"href":"https:\/\/www.yongjianceramic.com\/fr\/wp-json\/wp\/v2\/product_tag?post=4247"}],"curies":[{"name":"wp","href":"https:\/\/api.w.org\/{rel}","templated":true}]}}