{"id":4283,"date":"2025-02-08T16:28:25","date_gmt":"2025-02-08T08:28:25","guid":{"rendered":"https:\/\/www.yongjianceramic.com\/?post_type=product&#038;p=4283"},"modified":"2025-02-08T16:41:59","modified_gmt":"2025-02-08T08:41:59","slug":"ramen-bowls-bulk","status":"publish","type":"product","link":"https:\/\/www.yongjianceramic.com\/fr\/produit\/ramen-bowls-bulk\/","title":{"rendered":"Bols \u00e0 Ramen japonais classiques en vrac, bols de service pour la restauration"},"content":{"rendered":"<div class=\"wp-block-columns is-layout-flex wp-container-core-columns-is-layout-9d6595d7 wp-block-columns-is-layout-flex\">\n<div class=\"wp-block-column is-layout-flow wp-block-column-is-layout-flow\">\n<h2 class=\"wp-block-heading\">Bols de Ramen Premium Caract\u00e9ristiques en vrac :<\/h2>\n\n\n\n<ul class=\"wp-block-list\">\n<li><strong>Design r\u00e9tro japonais classique :<\/strong> Cet ensemble de bols \u00e0 ramen en c\u00e9ramique adopte le style r\u00e9tro japonais classique, avec des lignes \u00e9l\u00e9gantes et douces, et le design s'inspire des bols \u00e0 ramen traditionnels. Son design r\u00e9tro est riche en h\u00e9ritage culturel et moderne, et convient parfaitement \u00e0 la pr\u00e9sentation de ramen japonais traditionnels, de nouilles de soupe et d'autres d\u00e9lices.<\/li>\n\n\n\n<li><strong>Fond du bol antid\u00e9rapant, stable et durable : <\/strong>Le fond antid\u00e9rapant emp\u00eache le bol de glisser et garantit sa durabilit\u00e9 gr\u00e2ce \u00e0 la technologie antid\u00e9rapante adopt\u00e9e au fond des bols de service de restaurant. Il ne se contente pas d'emp\u00eacher la vaisselle de glisser, il apporte \u00e9galement une grande stabilit\u00e9 pendant l'utilisation. Il peut garantir la stabilit\u00e9 des bols pendant l'agitation des restaurants et pendant les repas quotidiens de la famille, ce qui peut r\u00e9duire les d\u00e9versements et le renversement des bols.<\/li>\n\n\n\n<li><strong>Trois tailles sont disponibles : <\/strong>Ces bols \u00e0 ramen en c\u00e9ramique sont disponibles en trois tailles, \u00e0 savoir 7,5, 8 et 9 pouces, qui peuvent \u00eatre utilis\u00e9es pour diff\u00e9rents types de ramen, de nouilles de soupe, de salades ou de plats d'accompagnement. Qu'il s'agisse d'une petite portion de nouilles de soupe ou d'un grand bol de nouilles, vous trouverez la taille la plus appropri\u00e9e.<\/li>\n\n\n\n<li><strong>Cuisson \u00e0 haute temp\u00e9rature, durable : <\/strong>Nos bols de service pour restaurants sont fabriqu\u00e9s \u00e0 partir des meilleures mati\u00e8res premi\u00e8res en c\u00e9ramique. Ils sont cuits \u00e0 haute temp\u00e9rature, de sorte que le corps du bol est dur et r\u00e9sistant \u00e0 la chaleur et aux rayures ; la surface est lisse et brillante pour un nettoyage facile.<\/li>\n<\/ul>\n<\/div>\n\n\n\n<div class=\"wp-block-column is-vertically-aligned-center is-layout-flow wp-block-column-is-layout-flow\"><div class=\"wp-block-image\">\n<figure class=\"aligncenter size-full\"><img fetchpriority=\"high\" decoding=\"async\" width=\"720\" height=\"720\" src=\"https:\/\/www.yongjianceramic.com\/wp-content\/uploads\/2025\/02\/Classic-Japanese-Ramen-Bowls-Bulk-Restaurant-Supply-Serving-Bowls-3.jpg\" alt=\"Bols \u00e0 Ramen japonais classiques en vrac, bols de service pour restaurants-3\" class=\"wp-image-4286\" srcset=\"https:\/\/www.yongjianceramic.com\/wp-content\/uploads\/2025\/02\/Classic-Japanese-Ramen-Bowls-Bulk-Restaurant-Supply-Serving-Bowls-3.jpg 720w, https:\/\/www.yongjianceramic.com\/wp-content\/uploads\/2025\/02\/Classic-Japanese-Ramen-Bowls-Bulk-Restaurant-Supply-Serving-Bowls-3-300x300.jpg 300w, https:\/\/www.yongjianceramic.com\/wp-content\/uploads\/2025\/02\/Classic-Japanese-Ramen-Bowls-Bulk-Restaurant-Supply-Serving-Bowls-3-150x150.jpg 150w, https:\/\/www.yongjianceramic.com\/wp-content\/uploads\/2025\/02\/Classic-Japanese-Ramen-Bowls-Bulk-Restaurant-Supply-Serving-Bowls-3-12x12.jpg 12w, https:\/\/www.yongjianceramic.com\/wp-content\/uploads\/2025\/02\/Classic-Japanese-Ramen-Bowls-Bulk-Restaurant-Supply-Serving-Bowls-3-285x285.jpg 285w, https:\/\/www.yongjianceramic.com\/wp-content\/uploads\/2025\/02\/Classic-Japanese-Ramen-Bowls-Bulk-Restaurant-Supply-Serving-Bowls-3-270x270.jpg 270w, https:\/\/www.yongjianceramic.com\/wp-content\/uploads\/2025\/02\/Classic-Japanese-Ramen-Bowls-Bulk-Restaurant-Supply-Serving-Bowls-3-540x540.jpg 540w, https:\/\/www.yongjianceramic.com\/wp-content\/uploads\/2025\/02\/Classic-Japanese-Ramen-Bowls-Bulk-Restaurant-Supply-Serving-Bowls-3-660x660.jpg 660w\" sizes=\"(max-width: 720px) 100vw, 720px\" \/><\/figure>\n<\/div><\/div>\n<\/div>","protected":false},"excerpt":{"rendered":"<p>Nous vous invitons \u00e0 acheter des bols de service pour restaurants. Nos bols \u00e0 ramen en c\u00e9ramique adoptent un design r\u00e9tro japonais classique, le fond du bol est antid\u00e9rapant, et il y a 3 tailles au choix, convenant aux ramen, aux nouilles de soupe, aux salades et \u00e0 d'autres d\u00e9lices.<\/p>\n<table style=\"border-collapse: collapse; width: 365.02pt;\" border=\"0\" width=\"365\" cellspacing=\"0\" cellpadding=\"0\">\n<tbody>\n<tr style=\"height: 17.60pt;\">\n<td class=\"et3\" style=\"height: 17.60pt; width: 120.25pt;\" width=\"120\" height=\"17\">Fabricant<\/td>\n<td class=\"et3\" style=\"width: 245.25pt;\" width=\"245\">Yongjian<\/td>\n<\/tr>\n<tr style=\"height: 18.00pt;\">\n<td class=\"et3\" style=\"height: 18.00pt;\" height=\"18\">Num\u00e9ro de mod\u00e8le<\/td>\n<td class=\"et4\" style=\"width: 245.25pt;\" width=\"245\">YJ-B02<\/td>\n<\/tr>\n<tr style=\"height: 18.00pt;\">\n<td class=\"et3\" style=\"height: 18.00pt;\" height=\"18\">Type de produit<\/td>\n<td class=\"et4\" style=\"width: 245.25pt;\" width=\"245\">Bol de soupe et de ramen<\/td>\n<\/tr>\n<tr style=\"height: 17.60pt;\">\n<td class=\"et3\" style=\"height: 17.60pt;\" height=\"17\">Mat\u00e9riau<\/td>\n<td class=\"et3\">Porcelaine<\/td>\n<\/tr>\n<tr style=\"height: 17.60pt;\">\n<td class=\"et5\" style=\"height: 17.60pt;\" height=\"17\">Couleur<\/td>\n<td class=\"et3\">Blanc\/ Noir<\/td>\n<\/tr>\n<tr style=\"height: 18.00pt;\">\n<td class=\"et3\" style=\"height: 18.00pt;\" height=\"18\">Dimension<\/td>\n<td class=\"et4\" style=\"width: 245.25pt;\" width=\"245\">\n<p>7 pouces : 18,5*18,5*7,5, 8 pouces : 19,4*19,4*8, 9 pouces : 23*23*10<\/p>\n<\/td>\n<\/tr>\n<tr style=\"height: 17.60pt;\">\n<td class=\"et3\" style=\"height: 17.60pt;\" height=\"17\">MOQ<\/td>\n<td class=\"et3\">500pcs<\/td>\n<\/tr>\n<tr style=\"height: 17.60pt;\">\n<td class=\"et3\" style=\"height: 17.60pt;\" height=\"17\">Sur mesure<\/td>\n<td class=\"et3\">Couleur\/Taille\/Logo\/Emballage<\/td>\n<\/tr>\n<\/tbody>\n<\/table>","protected":false},"featured_media":4287,"comment_status":"closed","ping_status":"closed","template":"","meta":{"_acf_changed":false},"product_brand":[],"product_cat":[73,63],"product_tag":[88],"class_list":{"0":"post-4283","1":"product","2":"type-product","3":"status-publish","4":"has-post-thumbnail","6":"product_cat-bulk-soup-bowls","7":"product_cat-wholesale-bowls","8":"product_tag-japanese-style-dinnerware-set-wholesale","10":"first","11":"instock","12":"shipping-taxable","13":"product-type-simple"},"acf":[],"_links":{"self":[{"href":"https:\/\/www.yongjianceramic.com\/fr\/wp-json\/wp\/v2\/product\/4283","targetHints":{"allow":["GET"]}}],"collection":[{"href":"https:\/\/www.yongjianceramic.com\/fr\/wp-json\/wp\/v2\/product"}],"about":[{"href":"https:\/\/www.yongjianceramic.com\/fr\/wp-json\/wp\/v2\/types\/product"}],"replies":[{"embeddable":true,"href":"https:\/\/www.yongjianceramic.com\/fr\/wp-json\/wp\/v2\/comments?post=4283"}],"wp:featuredmedia":[{"embeddable":true,"href":"https:\/\/www.yongjianceramic.com\/fr\/wp-json\/wp\/v2\/media\/4287"}],"wp:attachment":[{"href":"https:\/\/www.yongjianceramic.com\/fr\/wp-json\/wp\/v2\/media?parent=4283"}],"wp:term":[{"taxonomy":"product_brand","embeddable":true,"href":"https:\/\/www.yongjianceramic.com\/fr\/wp-json\/wp\/v2\/product_brand?post=4283"},{"taxonomy":"product_cat","embeddable":true,"href":"https:\/\/www.yongjianceramic.com\/fr\/wp-json\/wp\/v2\/product_cat?post=4283"},{"taxonomy":"product_tag","embeddable":true,"href":"https:\/\/www.yongjianceramic.com\/fr\/wp-json\/wp\/v2\/product_tag?post=4283"}],"curies":[{"name":"wp","href":"https:\/\/api.w.org\/{rel}","templated":true}]}}