{"id":4429,"date":"2025-03-20T14:58:30","date_gmt":"2025-03-20T06:58:30","guid":{"rendered":"https:\/\/www.yongjianceramic.com\/?post_type=product&#038;p=4429"},"modified":"2025-03-20T14:58:31","modified_gmt":"2025-03-20T06:58:31","slug":"wholesale-baking-pans","status":"publish","type":"product","link":"https:\/\/www.yongjianceramic.com\/fr\/produit\/wholesale-baking-pans\/","title":{"rendered":"Plaques \u00e0 p\u00e2tisserie rondes, c\u00e9ramique rouge en vrac"},"content":{"rendered":"<div class=\"wp-block-columns is-layout-flex wp-container-core-columns-is-layout-9d6595d7 wp-block-columns-is-layout-flex\">\n<div class=\"wp-block-column is-layout-flow wp-block-column-is-layout-flow\">\n<h2 class=\"wp-block-heading\">Plaques \u00e0 p\u00e2tisserie Premium Wholesale Caract\u00e9ristiques :<\/h2>\n\n\n\n<ul class=\"wp-block-list\">\n<li><strong>Correspondance des couleurs r\u00e9tro :<\/strong> Nos moules de cuisson en gros sont dot\u00e9s d'une base \u00e9maill\u00e9e rouge classique, d'un motif blanc peint \u00e0 la main et d'une poign\u00e9e marron, offrant un style r\u00e9tro unique, qui convient \u00e0 la maison et aux restaurants haut de gamme.<\/li>\n\n\n\n<li><strong>R\u00e9sistant \u00e0 la chaleur et aux fissures :<\/strong> Ces moules \u00e0 p\u00e2tisserie en c\u00e9ramique sont cuits \u00e0 haute temp\u00e9rature et peuvent r\u00e9sister \u00e0 la cuisson \u00e0 haute temp\u00e9rature. Ils ne se fissurent pas et ne se d\u00e9forment pas. Ils peuvent \u00eatre utilis\u00e9s dans le four, le micro-ondes, la friteuse et d'autres appareils de cuisson.<\/li>\n\n\n\n<li><strong>Stable et facile \u00e0 tenir :<\/strong> Ces moules de cuisson en gros sont con\u00e7us de mani\u00e8re ergonomique, et les poign\u00e9es brunes sont faciles \u00e0 saisir et confortables \u00e0 transporter. M\u00eame les aliments chauds peuvent \u00eatre transport\u00e9s facilement, ce qui est un gage de s\u00e9curit\u00e9.<\/li>\n\n\n\n<li><strong>Une grande praticit\u00e9 : <\/strong>Nos ustensiles de cuisson en c\u00e9ramique en vrac peuvent \u00eatre utilis\u00e9s pour une vari\u00e9t\u00e9 de produits d\u00e9licats tels que le riz cuit, le g\u00e2teau cuit, les l\u00e9gumes r\u00f4tis, les nouilles cuites, etc. Il peut \u00e9galement \u00eatre utilis\u00e9 comme outil de pr\u00e9sentation sur la table. Il s'agit d'une option tr\u00e8s int\u00e9ressante pour les restaurants et les cuisines domestiques.<\/li>\n<\/ul>\n<\/div>\n\n\n\n<div class=\"wp-block-column is-layout-flow wp-block-column-is-layout-flow\">\n<figure class=\"wp-block-image size-full\"><img fetchpriority=\"high\" decoding=\"async\" width=\"1600\" height=\"1600\" src=\"https:\/\/www.yongjianceramic.com\/wp-content\/uploads\/2025\/03\/Bulk-Dinnerware-Sets-Bohemian-Style-Red-Color-Pasta-Bowls-Custom-Dinner-Plate-Crockery-manufacturers-2.webp\" alt=\"Plaques \u00e0 p\u00e2tisserie rondes, c\u00e9ramique rouge Bulk-1\" class=\"wp-image-4431\" srcset=\"https:\/\/www.yongjianceramic.com\/wp-content\/uploads\/2025\/03\/Bulk-Dinnerware-Sets-Bohemian-Style-Red-Color-Pasta-Bowls-Custom-Dinner-Plate-Crockery-manufacturers-2.webp 1600w, https:\/\/www.yongjianceramic.com\/wp-content\/uploads\/2025\/03\/Bulk-Dinnerware-Sets-Bohemian-Style-Red-Color-Pasta-Bowls-Custom-Dinner-Plate-Crockery-manufacturers-2-300x300.webp 300w, https:\/\/www.yongjianceramic.com\/wp-content\/uploads\/2025\/03\/Bulk-Dinnerware-Sets-Bohemian-Style-Red-Color-Pasta-Bowls-Custom-Dinner-Plate-Crockery-manufacturers-2-150x150.webp 150w, https:\/\/www.yongjianceramic.com\/wp-content\/uploads\/2025\/03\/Bulk-Dinnerware-Sets-Bohemian-Style-Red-Color-Pasta-Bowls-Custom-Dinner-Plate-Crockery-manufacturers-2-768x768.webp 768w, https:\/\/www.yongjianceramic.com\/wp-content\/uploads\/2025\/03\/Bulk-Dinnerware-Sets-Bohemian-Style-Red-Color-Pasta-Bowls-Custom-Dinner-Plate-Crockery-manufacturers-2-12x12.webp 12w, https:\/\/www.yongjianceramic.com\/wp-content\/uploads\/2025\/03\/Bulk-Dinnerware-Sets-Bohemian-Style-Red-Color-Pasta-Bowls-Custom-Dinner-Plate-Crockery-manufacturers-2-285x285.webp 285w, https:\/\/www.yongjianceramic.com\/wp-content\/uploads\/2025\/03\/Bulk-Dinnerware-Sets-Bohemian-Style-Red-Color-Pasta-Bowls-Custom-Dinner-Plate-Crockery-manufacturers-2-270x270.webp 270w, https:\/\/www.yongjianceramic.com\/wp-content\/uploads\/2025\/03\/Bulk-Dinnerware-Sets-Bohemian-Style-Red-Color-Pasta-Bowls-Custom-Dinner-Plate-Crockery-manufacturers-2-540x540.webp 540w, https:\/\/www.yongjianceramic.com\/wp-content\/uploads\/2025\/03\/Bulk-Dinnerware-Sets-Bohemian-Style-Red-Color-Pasta-Bowls-Custom-Dinner-Plate-Crockery-manufacturers-2-660x660.webp 660w\" sizes=\"(max-width: 1600px) 100vw, 1600px\" \/><\/figure>\n<\/div>\n<\/div>","protected":false},"excerpt":{"rendered":"<p>Bienvenue sur le site d'achat en gros de moules \u00e0 p\u00e2tisserie. Ce moule \u00e0 p\u00e2tisserie rond en c\u00e9ramique rouge en vrac utilise une base rouge avec des poign\u00e9es brunes et des motifs blancs. Il s'agit d'un design r\u00e9tro et classique, adapt\u00e9 \u00e0 la cuisson \u00e0 domicile, \u00e0 l'utilisation dans les restaurants et les caf\u00e9s. Ils peuvent \u00eatre utilis\u00e9s au four, au micro-ondes et au lave-vaisselle, et sont \u00e0 la fois fonctionnels et d\u00e9coratifs.<\/p>\n<table style=\"border-collapse: collapse; width: 327.02pt;\" border=\"0\" width=\"654\" cellspacing=\"0\" cellpadding=\"0\">\n<tbody>\n<tr style=\"height: 16.50pt;\">\n<td class=\"et3\" style=\"height: 16.50pt; width: 127.20pt;\" width=\"254\" height=\"33\">Fabricant<\/td>\n<td class=\"et3\" style=\"width: 200.15pt;\" width=\"400\">Yongjian<\/td>\n<\/tr>\n<tr style=\"height: 16.50pt;\">\n<td class=\"et3\" style=\"height: 16.50pt;\" height=\"33\">Num\u00e9ro de mod\u00e8le<\/td>\n<td class=\"et4\" style=\"width: 200.15pt;\" width=\"400\">YJ-111<\/td>\n<\/tr>\n<tr style=\"height: 16.50pt;\">\n<td class=\"et3\" style=\"height: 16.50pt;\" height=\"33\">Type de produit<\/td>\n<td class=\"et3\">Plat de service<\/td>\n<\/tr>\n<tr style=\"height: 16.50pt;\">\n<td class=\"et3\" style=\"height: 16.50pt;\" height=\"33\">Mat\u00e9riau<\/td>\n<td class=\"et3\">Porcelaine<\/td>\n<\/tr>\n<tr style=\"height: 16.50pt;\">\n<td class=\"et5\" style=\"height: 16.50pt;\" height=\"33\">Couleur<\/td>\n<td class=\"et3\">En tant qu'image<\/td>\n<\/tr>\n<tr style=\"height: 16.50pt;\">\n<td class=\"et3\" style=\"height: 16.50pt;\" height=\"33\">Dimension<\/td>\n<td class=\"et6\" style=\"width: 200.15pt;\" width=\"400\">26*23*4.3cm<\/td>\n<\/tr>\n<tr style=\"height: 16.50pt;\">\n<td class=\"et3\" style=\"height: 16.50pt;\" height=\"33\">MOQ<\/td>\n<td class=\"et3\">500pcs<\/td>\n<\/tr>\n<tr style=\"height: 16.50pt;\">\n<td class=\"et3\" style=\"height: 16.50pt;\" height=\"33\">Sur mesure<\/td>\n<td class=\"et3\">Couleur\/Taille\/Logo\/Emballage<\/td>\n<\/tr>\n<\/tbody>\n<\/table>","protected":false},"featured_media":4430,"comment_status":"closed","ping_status":"closed","template":"","meta":{"_acf_changed":false},"product_brand":[],"product_cat":[62,99],"product_tag":[],"class_list":{"0":"post-4429","1":"product","2":"type-product","3":"status-publish","4":"has-post-thumbnail","6":"product_cat-ceramic-plates-wholesale","7":"product_cat-baking-dishes-wholesale","9":"first","10":"instock","11":"shipping-taxable","12":"product-type-simple"},"acf":[],"_links":{"self":[{"href":"https:\/\/www.yongjianceramic.com\/fr\/wp-json\/wp\/v2\/product\/4429","targetHints":{"allow":["GET"]}}],"collection":[{"href":"https:\/\/www.yongjianceramic.com\/fr\/wp-json\/wp\/v2\/product"}],"about":[{"href":"https:\/\/www.yongjianceramic.com\/fr\/wp-json\/wp\/v2\/types\/product"}],"replies":[{"embeddable":true,"href":"https:\/\/www.yongjianceramic.com\/fr\/wp-json\/wp\/v2\/comments?post=4429"}],"wp:featuredmedia":[{"embeddable":true,"href":"https:\/\/www.yongjianceramic.com\/fr\/wp-json\/wp\/v2\/media\/4430"}],"wp:attachment":[{"href":"https:\/\/www.yongjianceramic.com\/fr\/wp-json\/wp\/v2\/media?parent=4429"}],"wp:term":[{"taxonomy":"product_brand","embeddable":true,"href":"https:\/\/www.yongjianceramic.com\/fr\/wp-json\/wp\/v2\/product_brand?post=4429"},{"taxonomy":"product_cat","embeddable":true,"href":"https:\/\/www.yongjianceramic.com\/fr\/wp-json\/wp\/v2\/product_cat?post=4429"},{"taxonomy":"product_tag","embeddable":true,"href":"https:\/\/www.yongjianceramic.com\/fr\/wp-json\/wp\/v2\/product_tag?post=4429"}],"curies":[{"name":"wp","href":"https:\/\/api.w.org\/{rel}","templated":true}]}}