{"id":4436,"date":"2025-03-20T14:46:54","date_gmt":"2025-03-20T06:46:54","guid":{"rendered":"https:\/\/www.yongjianceramic.com\/?post_type=product&#038;p=4436"},"modified":"2025-03-20T14:46:56","modified_gmt":"2025-03-20T06:46:56","slug":"bakeware-wholesale","status":"publish","type":"product","link":"https:\/\/www.yongjianceramic.com\/fr\/produit\/bakeware-wholesale\/","title":{"rendered":"Bohemian Style Bakeware Wholesale, plats \u00e0 gratin personnalis\u00e9s"},"content":{"rendered":"<div class=\"wp-block-columns is-layout-flex wp-container-core-columns-is-layout-9d6595d7 wp-block-columns-is-layout-flex\">\n<div class=\"wp-block-column is-layout-flow wp-block-column-is-layout-flow\">\n<h2 class=\"wp-block-heading\">Produits de boulangerie en c\u00e9ramique de premi\u00e8re qualit\u00e9 Caract\u00e9ristiques en gros :<\/h2>\n\n\n\n<ul class=\"wp-block-list\">\n<li><strong>Style boh\u00e8me :<\/strong> Cet ustensile de cuisson en c\u00e9ramique a une gla\u00e7ure verte et une d\u00e9coration blanche peinte \u00e0 la main, ainsi qu'une poign\u00e9e r\u00e9tro marron, la marque d'un style boh\u00e9mien fort.<\/li>\n\n\n\n<li><strong>R\u00e9sistant \u00e0 la chaleur et durable : <\/strong>Nos plats \u00e0 gratin personnalis\u00e9s sont compos\u00e9s de mat\u00e9riaux c\u00e9ramiques de premi\u00e8re qualit\u00e9, cuits \u00e0 haute temp\u00e9rature, supportent la cuisson \u00e0 haute temp\u00e9rature, ne se fissurent pas, et peuvent \u00eatre plac\u00e9s directement au four, au micro-ondes et au lave-vaisselle, convenant \u00e0 un usage domestique fr\u00e9quent et \u00e0 un usage commercial.<\/li>\n\n\n\n<li><strong>Poign\u00e9e ergonomique : <\/strong>La poign\u00e9e marron vintage de nos ustensiles de cuisson en c\u00e9ramique est ergonomique, facile \u00e0 saisir, antid\u00e9rapante, confortable \u00e0 saisir et facile \u00e0 manipuler pour cuisiner et servir sans effort.<\/li>\n\n\n\n<li><strong>Conception polyvalente : <\/strong>Ces plats \u00e0 gratin personnalis\u00e9s sont con\u00e7us pour plusieurs pr\u00e9parations culinaires telles que le riz cuit au four, les l\u00e9gumes r\u00f4tis, les nouilles cuites au four, les desserts cuits au four, etc. Elles peuvent \u00e9galement \u00eatre utilis\u00e9es comme plats de cuisson d\u00e9coratifs pour ajouter de la chaleur \u00e0 la table \u00e0 manger.<\/li>\n<\/ul>\n<\/div>\n\n\n\n<div class=\"wp-block-column is-layout-flow wp-block-column-is-layout-flow\">\n<figure class=\"wp-block-image size-full\"><img fetchpriority=\"high\" decoding=\"async\" width=\"1600\" height=\"1600\" src=\"https:\/\/www.yongjianceramic.com\/wp-content\/uploads\/2025\/03\/Bohemian-Style-Green-Color-Baking-Plate-Ceramic-Plates-Suppliers-Wholesale-Pasta-Bowls-3.webp\" alt=\"Bohemian Style Bakeware Wholesale, plats \u00e0 gratin personnalis\u00e9s-3\" class=\"wp-image-4445\" srcset=\"https:\/\/www.yongjianceramic.com\/wp-content\/uploads\/2025\/03\/Bohemian-Style-Green-Color-Baking-Plate-Ceramic-Plates-Suppliers-Wholesale-Pasta-Bowls-3.webp 1600w, https:\/\/www.yongjianceramic.com\/wp-content\/uploads\/2025\/03\/Bohemian-Style-Green-Color-Baking-Plate-Ceramic-Plates-Suppliers-Wholesale-Pasta-Bowls-3-300x300.webp 300w, https:\/\/www.yongjianceramic.com\/wp-content\/uploads\/2025\/03\/Bohemian-Style-Green-Color-Baking-Plate-Ceramic-Plates-Suppliers-Wholesale-Pasta-Bowls-3-150x150.webp 150w, https:\/\/www.yongjianceramic.com\/wp-content\/uploads\/2025\/03\/Bohemian-Style-Green-Color-Baking-Plate-Ceramic-Plates-Suppliers-Wholesale-Pasta-Bowls-3-768x768.webp 768w, https:\/\/www.yongjianceramic.com\/wp-content\/uploads\/2025\/03\/Bohemian-Style-Green-Color-Baking-Plate-Ceramic-Plates-Suppliers-Wholesale-Pasta-Bowls-3-12x12.webp 12w, https:\/\/www.yongjianceramic.com\/wp-content\/uploads\/2025\/03\/Bohemian-Style-Green-Color-Baking-Plate-Ceramic-Plates-Suppliers-Wholesale-Pasta-Bowls-3-285x285.webp 285w, https:\/\/www.yongjianceramic.com\/wp-content\/uploads\/2025\/03\/Bohemian-Style-Green-Color-Baking-Plate-Ceramic-Plates-Suppliers-Wholesale-Pasta-Bowls-3-270x270.webp 270w, https:\/\/www.yongjianceramic.com\/wp-content\/uploads\/2025\/03\/Bohemian-Style-Green-Color-Baking-Plate-Ceramic-Plates-Suppliers-Wholesale-Pasta-Bowls-3-540x540.webp 540w, https:\/\/www.yongjianceramic.com\/wp-content\/uploads\/2025\/03\/Bohemian-Style-Green-Color-Baking-Plate-Ceramic-Plates-Suppliers-Wholesale-Pasta-Bowls-3-660x660.webp 660w\" sizes=\"(max-width: 1600px) 100vw, 1600px\" \/><\/figure>\n<\/div>\n<\/div>","protected":false},"excerpt":{"rendered":"<p>Bienvenue sur le site d'achat en gros d'ustensiles de cuisson en c\u00e9ramique. Nos cocottes personnalis\u00e9es de style boh\u00e8me pr\u00e9sentent une couleur verte et un motif blanc, qui \u00e9voquent l'atmosph\u00e8re exotique et color\u00e9e de la Boh\u00e8me. Elles sont r\u00e9sistantes \u00e0 la chaleur, faciles \u00e0 nettoyer et vont au four, au micro-ondes et au lave-vaisselle.<\/p>\n<table style=\"border-collapse: collapse; width: 327.02pt;\" border=\"0\" width=\"654\" cellspacing=\"0\" cellpadding=\"0\">\n<tbody>\n<tr style=\"height: 16.50pt;\">\n<td class=\"et3\" style=\"height: 16.50pt; width: 127.20pt;\" width=\"254\" height=\"33\">Fabricant<\/td>\n<td class=\"et3\" style=\"width: 200.15pt;\" width=\"400\">Yongjian<\/td>\n<\/tr>\n<tr style=\"height: 16.50pt;\">\n<td class=\"et3\" style=\"height: 16.50pt;\" height=\"33\">Num\u00e9ro de mod\u00e8le<\/td>\n<td class=\"et4\" style=\"width: 200.15pt;\" width=\"400\">YJ-112<\/td>\n<\/tr>\n<tr style=\"height: 16.50pt;\">\n<td class=\"et3\" style=\"height: 16.50pt;\" height=\"33\">Type de produit<\/td>\n<td class=\"et3\">Plat de service<\/td>\n<\/tr>\n<tr style=\"height: 16.50pt;\">\n<td class=\"et3\" style=\"height: 16.50pt;\" height=\"33\">Mat\u00e9riau<\/td>\n<td class=\"et3\">Porcelaine<\/td>\n<\/tr>\n<tr style=\"height: 16.50pt;\">\n<td class=\"et5\" style=\"height: 16.50pt;\" height=\"33\">Couleur<\/td>\n<td class=\"et3\">En tant qu'image<\/td>\n<\/tr>\n<tr style=\"height: 16.50pt;\">\n<td class=\"et3\" style=\"height: 16.50pt;\" height=\"33\">Dimension<\/td>\n<td class=\"et6\" style=\"width: 200.15pt;\" width=\"400\">26*23*4.3cm<\/td>\n<\/tr>\n<tr style=\"height: 16.50pt;\">\n<td class=\"et3\" style=\"height: 16.50pt;\" height=\"33\">MOQ<\/td>\n<td class=\"et3\">500pcs<\/td>\n<\/tr>\n<tr style=\"height: 16.50pt;\">\n<td class=\"et3\" style=\"height: 16.50pt;\" height=\"33\">Sur mesure<\/td>\n<td class=\"et3\">Couleur\/Taille\/Logo\/Emballage<\/td>\n<\/tr>\n<\/tbody>\n<\/table>","protected":false},"featured_media":4443,"comment_status":"closed","ping_status":"closed","template":"","meta":{"_acf_changed":false},"product_brand":[],"product_cat":[99,62],"product_tag":[],"class_list":{"0":"post-4436","1":"product","2":"type-product","3":"status-publish","4":"has-post-thumbnail","6":"product_cat-baking-dishes-wholesale","7":"product_cat-ceramic-plates-wholesale","9":"first","10":"instock","11":"shipping-taxable","12":"product-type-simple"},"acf":[],"_links":{"self":[{"href":"https:\/\/www.yongjianceramic.com\/fr\/wp-json\/wp\/v2\/product\/4436","targetHints":{"allow":["GET"]}}],"collection":[{"href":"https:\/\/www.yongjianceramic.com\/fr\/wp-json\/wp\/v2\/product"}],"about":[{"href":"https:\/\/www.yongjianceramic.com\/fr\/wp-json\/wp\/v2\/types\/product"}],"replies":[{"embeddable":true,"href":"https:\/\/www.yongjianceramic.com\/fr\/wp-json\/wp\/v2\/comments?post=4436"}],"wp:featuredmedia":[{"embeddable":true,"href":"https:\/\/www.yongjianceramic.com\/fr\/wp-json\/wp\/v2\/media\/4443"}],"wp:attachment":[{"href":"https:\/\/www.yongjianceramic.com\/fr\/wp-json\/wp\/v2\/media?parent=4436"}],"wp:term":[{"taxonomy":"product_brand","embeddable":true,"href":"https:\/\/www.yongjianceramic.com\/fr\/wp-json\/wp\/v2\/product_brand?post=4436"},{"taxonomy":"product_cat","embeddable":true,"href":"https:\/\/www.yongjianceramic.com\/fr\/wp-json\/wp\/v2\/product_cat?post=4436"},{"taxonomy":"product_tag","embeddable":true,"href":"https:\/\/www.yongjianceramic.com\/fr\/wp-json\/wp\/v2\/product_tag?post=4436"}],"curies":[{"name":"wp","href":"https:\/\/api.w.org\/{rel}","templated":true}]}}