{"id":4475,"date":"2025-04-08T12:22:40","date_gmt":"2025-04-08T04:22:40","guid":{"rendered":"https:\/\/www.yongjianceramic.com\/?post_type=product&#038;p=4475"},"modified":"2025-04-08T12:22:43","modified_gmt":"2025-04-08T04:22:43","slug":"baking-pans-wholesale","status":"publish","type":"product","link":"https:\/\/www.yongjianceramic.com\/fr\/produit\/baking-pans-wholesale\/","title":{"rendered":"Plaques \u00e0 p\u00e2tisserie modernes en c\u00e9ramique avec couleur bleue de luxe"},"content":{"rendered":"<div class=\"wp-block-columns is-layout-flex wp-container-core-columns-is-layout-9d6595d7 wp-block-columns-is-layout-flex\">\n<div class=\"wp-block-column is-layout-flow wp-block-column-is-layout-flow\">\n<h2 class=\"wp-block-heading\">Plaques \u00e0 p\u00e2tisserie de qualit\u00e9 sup\u00e9rieure Caract\u00e9ristiques en gros :<\/h2>\n\n\n\n<ul class=\"wp-block-list\">\n<li><strong>Ensemble de moules \u00e0 p\u00e2tisserie, combinaison de plusieurs tailles : <\/strong>Nos moules \u00e0 p\u00e2tisserie en c\u00e9ramique sont disponibles en trois tailles, qui peuvent \u00eatre librement adapt\u00e9es aux diff\u00e9rents besoins de cuisson. Ils conviennent pour la cuisson, le gratin, le barbecue et d'autres plats, et r\u00e9pondent aux besoins de la restauration familiale et commerciale.<\/li>\n\n\n\n<li><strong>Blanc \u00e0 l'int\u00e9rieur et bleu-gris \u00e0 l'ext\u00e9rieur, simple et avanc\u00e9 : <\/strong>L'int\u00e9rieur de cet ustensile de cuisine est blanc glac\u00e9 et l'ext\u00e9rieur est bleu-gris fonc\u00e9, ce qui lui conf\u00e8re un style simple et contemporain, adapt\u00e9 \u00e0 diff\u00e9rents types de tables, et rend l'ensemble plus beau.<\/li>\n\n\n\n<li><strong>C\u00e9ramique r\u00e9sistante aux hautes temp\u00e9ratures, largement applicable : <\/strong>Ces moules \u00e0 p\u00e2tisserie en c\u00e9ramique sont fabriqu\u00e9s en c\u00e9ramique cuite \u00e0 haute temp\u00e9rature, avec une meilleure r\u00e9sistance \u00e0 la chaleur et peuvent \u00eatre cuits en toute s\u00e9curit\u00e9 dans des fours \u00e0 micro-ondes, des fours, etc.<\/li>\n\n\n\n<li><strong>Gla\u00e7ure lisse, facile \u00e0 nettoyer : <\/strong>Le gla\u00e7age de nos ustensiles de cuisine est dense et lisse, il n'absorbe pas facilement les taches d'huile, il r\u00e9siste aux rayures, il est facile \u00e0 nettoyer et il n'y a pas de souci pour une utilisation quotidienne.<\/li>\n<\/ul>\n<\/div>\n\n\n\n<div class=\"wp-block-column is-layout-flow wp-block-column-is-layout-flow\">\n<figure class=\"wp-block-image size-full\"><img fetchpriority=\"high\" decoding=\"async\" width=\"1200\" height=\"1200\" src=\"https:\/\/www.yongjianceramic.com\/wp-content\/uploads\/2025\/04\/Modern-Bakingware-Set-Custom-Dinner-Plates-White-With-Blue-Color-Soup-Bowls-Tableware-Set-Factory-Bulk-3.webp\" alt=\"Plaques \u00e0 p\u00e2tisserie modernes en c\u00e9ramique avec couleur bleue de luxe-1\" class=\"wp-image-4478\" srcset=\"https:\/\/www.yongjianceramic.com\/wp-content\/uploads\/2025\/04\/Modern-Bakingware-Set-Custom-Dinner-Plates-White-With-Blue-Color-Soup-Bowls-Tableware-Set-Factory-Bulk-3.webp 1200w, https:\/\/www.yongjianceramic.com\/wp-content\/uploads\/2025\/04\/Modern-Bakingware-Set-Custom-Dinner-Plates-White-With-Blue-Color-Soup-Bowls-Tableware-Set-Factory-Bulk-3-300x300.webp 300w, https:\/\/www.yongjianceramic.com\/wp-content\/uploads\/2025\/04\/Modern-Bakingware-Set-Custom-Dinner-Plates-White-With-Blue-Color-Soup-Bowls-Tableware-Set-Factory-Bulk-3-150x150.webp 150w, https:\/\/www.yongjianceramic.com\/wp-content\/uploads\/2025\/04\/Modern-Bakingware-Set-Custom-Dinner-Plates-White-With-Blue-Color-Soup-Bowls-Tableware-Set-Factory-Bulk-3-768x768.webp 768w, https:\/\/www.yongjianceramic.com\/wp-content\/uploads\/2025\/04\/Modern-Bakingware-Set-Custom-Dinner-Plates-White-With-Blue-Color-Soup-Bowls-Tableware-Set-Factory-Bulk-3-12x12.webp 12w, https:\/\/www.yongjianceramic.com\/wp-content\/uploads\/2025\/04\/Modern-Bakingware-Set-Custom-Dinner-Plates-White-With-Blue-Color-Soup-Bowls-Tableware-Set-Factory-Bulk-3-285x285.webp 285w, https:\/\/www.yongjianceramic.com\/wp-content\/uploads\/2025\/04\/Modern-Bakingware-Set-Custom-Dinner-Plates-White-With-Blue-Color-Soup-Bowls-Tableware-Set-Factory-Bulk-3-270x270.webp 270w, https:\/\/www.yongjianceramic.com\/wp-content\/uploads\/2025\/04\/Modern-Bakingware-Set-Custom-Dinner-Plates-White-With-Blue-Color-Soup-Bowls-Tableware-Set-Factory-Bulk-3-540x540.webp 540w, https:\/\/www.yongjianceramic.com\/wp-content\/uploads\/2025\/04\/Modern-Bakingware-Set-Custom-Dinner-Plates-White-With-Blue-Color-Soup-Bowls-Tableware-Set-Factory-Bulk-3-660x660.webp 660w\" sizes=\"(max-width: 1200px) 100vw, 1200px\" \/><\/figure>\n<\/div>\n<\/div>\n\n\n\n<p><\/p>","protected":false},"excerpt":{"rendered":"<div class=\"lRu31\" dir=\"ltr\">Bienvenue sur le site d'achat en gros de moules \u00e0 p\u00e2tisserie en c\u00e9ramique. Cet ustensile de cuisine moderne a un int\u00e9rieur blanc et un ext\u00e9rieur bleu-gris fonc\u00e9. Il est beau et tendance. Il existe en trois tailles et est parfait pour diff\u00e9rents plats comme le gratin et le rago\u00fbt.<\/p>\n<div class=\"OvtS8d\">\n<table style=\"border-collapse: collapse; width: 327.02pt;\" border=\"0\" width=\"654\" cellspacing=\"0\" cellpadding=\"0\">\n<tbody>\n<tr style=\"height: 16.50pt;\">\n<td class=\"et3\" style=\"height: 16.50pt; width: 127.20pt;\" width=\"254\" height=\"33\">Fabricant<\/td>\n<td class=\"et3\" style=\"width: 200.15pt;\" width=\"400\">Yongjian<\/td>\n<\/tr>\n<tr style=\"height: 16.50pt;\">\n<td class=\"et3\" style=\"height: 16.50pt;\" height=\"33\">Num\u00e9ro de mod\u00e8le<\/td>\n<td class=\"et4\" style=\"width: 200.15pt;\" width=\"400\">YJ-113<\/td>\n<\/tr>\n<tr style=\"height: 16.50pt;\">\n<td class=\"et3\" style=\"height: 16.50pt;\" height=\"33\">Type de produit<\/td>\n<td class=\"et3\">Plat de service<\/td>\n<\/tr>\n<tr style=\"height: 16.50pt;\">\n<td class=\"et3\" style=\"height: 16.50pt;\" height=\"33\">Mat\u00e9riau<\/td>\n<td class=\"et3\">Porcelaine<\/td>\n<\/tr>\n<tr style=\"height: 16.50pt;\">\n<td class=\"et5\" style=\"height: 16.50pt;\" height=\"33\">Couleur<\/td>\n<td class=\"et3\">En tant qu'image<\/td>\n<\/tr>\n<tr style=\"height: 49.50pt;\">\n<td class=\"et3\" style=\"height: 49.50pt;\" height=\"99\">Dimension<\/td>\n<td class=\"et6\" style=\"width: 200.15pt;\" width=\"400\">21*15*5cm 25.4*19*5.5cm 30.5*21.6*5.8cm<\/td>\n<\/tr>\n<tr style=\"height: 16.50pt;\">\n<td class=\"et3\" style=\"height: 16.50pt;\" height=\"33\">MOQ<\/td>\n<td class=\"et3\">500pcs<\/td>\n<\/tr>\n<tr style=\"height: 16.50pt;\">\n<td class=\"et3\" style=\"height: 16.50pt;\" height=\"33\">Sur mesure<\/td>\n<td class=\"et3\">Couleur\/Taille\/Logo\/Emballage<\/td>\n<\/tr>\n<\/tbody>\n<\/table>\n<\/div>\n<div id=\"ow17\">\u00a0<\/div>\n<\/div>\n<div class=\"UdTY9 WdefRb\" aria-hidden=\"true\" data-location=\"2\">\u00a0<\/div>","protected":false},"featured_media":4480,"comment_status":"closed","ping_status":"closed","template":"","meta":{"_acf_changed":false},"product_brand":[],"product_cat":[99,62],"product_tag":[],"class_list":{"0":"post-4475","1":"product","2":"type-product","3":"status-publish","4":"has-post-thumbnail","6":"product_cat-baking-dishes-wholesale","7":"product_cat-ceramic-plates-wholesale","9":"first","10":"instock","11":"shipping-taxable","12":"product-type-simple"},"acf":[],"_links":{"self":[{"href":"https:\/\/www.yongjianceramic.com\/fr\/wp-json\/wp\/v2\/product\/4475","targetHints":{"allow":["GET"]}}],"collection":[{"href":"https:\/\/www.yongjianceramic.com\/fr\/wp-json\/wp\/v2\/product"}],"about":[{"href":"https:\/\/www.yongjianceramic.com\/fr\/wp-json\/wp\/v2\/types\/product"}],"replies":[{"embeddable":true,"href":"https:\/\/www.yongjianceramic.com\/fr\/wp-json\/wp\/v2\/comments?post=4475"}],"wp:featuredmedia":[{"embeddable":true,"href":"https:\/\/www.yongjianceramic.com\/fr\/wp-json\/wp\/v2\/media\/4480"}],"wp:attachment":[{"href":"https:\/\/www.yongjianceramic.com\/fr\/wp-json\/wp\/v2\/media?parent=4475"}],"wp:term":[{"taxonomy":"product_brand","embeddable":true,"href":"https:\/\/www.yongjianceramic.com\/fr\/wp-json\/wp\/v2\/product_brand?post=4475"},{"taxonomy":"product_cat","embeddable":true,"href":"https:\/\/www.yongjianceramic.com\/fr\/wp-json\/wp\/v2\/product_cat?post=4475"},{"taxonomy":"product_tag","embeddable":true,"href":"https:\/\/www.yongjianceramic.com\/fr\/wp-json\/wp\/v2\/product_tag?post=4475"}],"curies":[{"name":"wp","href":"https:\/\/api.w.org\/{rel}","templated":true}]}}