{"id":4481,"date":"2025-04-08T12:13:23","date_gmt":"2025-04-08T04:13:23","guid":{"rendered":"https:\/\/www.yongjianceramic.com\/?post_type=product&#038;p=4481"},"modified":"2025-04-08T12:13:50","modified_gmt":"2025-04-08T04:13:50","slug":"baking-dishes-wholesale","status":"publish","type":"product","link":"https:\/\/www.yongjianceramic.com\/fr\/produit\/baking-dishes-wholesale\/","title":{"rendered":"Plats de cuisson en c\u00e9ramique Wholesale, Casserole Bakeware Bulk"},"content":{"rendered":"<div class=\"wp-block-columns is-layout-flex wp-container-core-columns-is-layout-9d6595d7 wp-block-columns-is-layout-flex\">\n<div class=\"wp-block-column is-layout-flow wp-block-column-is-layout-flow\">\n<h2 class=\"wp-block-heading\">Plats de cuisson de qualit\u00e9 sup\u00e9rieure Caract\u00e9ristiques en gros :<\/h2>\n\n\n\n<ul class=\"wp-block-list\">\n<li><strong>Plaque de cuisson carr\u00e9e, moderne et pratique : <\/strong>Nos plats \u00e0 four en c\u00e9ramique ont une forme carr\u00e9e qui offre un espace plus accessible, et il est facile d'ajouter les ingr\u00e9dients. Ils peuvent \u00eatre utilis\u00e9s pour de nombreuses m\u00e9thodes de cuisson, telles que le gratin, la cuisson au four, la cuisson \u00e0 l'\u00e9touff\u00e9e, etc.<\/li>\n\n\n\n<li><strong>Assortiment de couleurs classique, simple et polyvalent : <\/strong>Le corps blanc pur de nos moules \u00e0 p\u00e2tisserie en c\u00e9ramique est associ\u00e9 \u00e0 un bord noir d\u00e9licat, sobre mais \u00e9l\u00e9gant, adapt\u00e9 \u00e0 toute table, id\u00e9al pour les familles et les services de restauration.<\/li>\n\n\n\n<li><strong>C\u00e9ramique haute temp\u00e9rature, r\u00e9sistante \u00e0 la chaleur et stable :<\/strong> Ces plats \u00e0 four en c\u00e9ramique poss\u00e8dent en gros une excellente r\u00e9sistance \u00e0 la chaleur et peuvent \u00eatre utilis\u00e9s en toute s\u00e9curit\u00e9 dans les fours, les fours \u00e0 micro-ondes, etc., de sorte que les aliments sont chauff\u00e9s uniform\u00e9ment et que la cuisson devient plus facile.<\/li>\n\n\n\n<li><strong>Glace lisse, facile \u00e0 nettoyer et \u00e0 entretenir :<\/strong> L'\u00e9mail de nos plats \u00e0 four en c\u00e9ramique est lisse et fin, il n'absorbe pas facilement les taches d'huile, il est r\u00e9sistant aux rayures et facile \u00e0 nettoyer apr\u00e8s utilisation. Il est particuli\u00e8rement adapt\u00e9 \u00e0 un usage quotidien dans les h\u00f4tels et les restaurants.<\/li>\n<\/ul>\n<\/div>\n\n\n\n<div class=\"wp-block-column is-layout-flow wp-block-column-is-layout-flow\">\n<figure class=\"wp-block-image size-full\"><img fetchpriority=\"high\" decoding=\"async\" width=\"800\" height=\"800\" src=\"https:\/\/www.yongjianceramic.com\/wp-content\/uploads\/2025\/04\/Wholesale-Ceramic-Crockery-Backing-Plate-Ceramic-Bakeware-Serving-Bowls-Dinnerware-Manufacturers-2-1.webp\" alt=\"Plats de cuisson en c\u00e9ramique Wholesale, Casserole Bakeware Bulk-2\" class=\"wp-image-4490\" srcset=\"https:\/\/www.yongjianceramic.com\/wp-content\/uploads\/2025\/04\/Wholesale-Ceramic-Crockery-Backing-Plate-Ceramic-Bakeware-Serving-Bowls-Dinnerware-Manufacturers-2-1.webp 800w, https:\/\/www.yongjianceramic.com\/wp-content\/uploads\/2025\/04\/Wholesale-Ceramic-Crockery-Backing-Plate-Ceramic-Bakeware-Serving-Bowls-Dinnerware-Manufacturers-2-1-300x300.webp 300w, https:\/\/www.yongjianceramic.com\/wp-content\/uploads\/2025\/04\/Wholesale-Ceramic-Crockery-Backing-Plate-Ceramic-Bakeware-Serving-Bowls-Dinnerware-Manufacturers-2-1-150x150.webp 150w, https:\/\/www.yongjianceramic.com\/wp-content\/uploads\/2025\/04\/Wholesale-Ceramic-Crockery-Backing-Plate-Ceramic-Bakeware-Serving-Bowls-Dinnerware-Manufacturers-2-1-768x768.webp 768w, https:\/\/www.yongjianceramic.com\/wp-content\/uploads\/2025\/04\/Wholesale-Ceramic-Crockery-Backing-Plate-Ceramic-Bakeware-Serving-Bowls-Dinnerware-Manufacturers-2-1-12x12.webp 12w, https:\/\/www.yongjianceramic.com\/wp-content\/uploads\/2025\/04\/Wholesale-Ceramic-Crockery-Backing-Plate-Ceramic-Bakeware-Serving-Bowls-Dinnerware-Manufacturers-2-1-285x285.webp 285w, https:\/\/www.yongjianceramic.com\/wp-content\/uploads\/2025\/04\/Wholesale-Ceramic-Crockery-Backing-Plate-Ceramic-Bakeware-Serving-Bowls-Dinnerware-Manufacturers-2-1-270x270.webp 270w, https:\/\/www.yongjianceramic.com\/wp-content\/uploads\/2025\/04\/Wholesale-Ceramic-Crockery-Backing-Plate-Ceramic-Bakeware-Serving-Bowls-Dinnerware-Manufacturers-2-1-540x540.webp 540w, https:\/\/www.yongjianceramic.com\/wp-content\/uploads\/2025\/04\/Wholesale-Ceramic-Crockery-Backing-Plate-Ceramic-Bakeware-Serving-Bowls-Dinnerware-Manufacturers-2-1-660x660.webp 660w\" sizes=\"(max-width: 800px) 100vw, 800px\" \/><\/figure>\n<\/div>\n<\/div>","protected":false},"excerpt":{"rendered":"<p>Bienvenue sur le site de vente en gros de plats \u00e0 four en c\u00e9ramique. Nos plats de cuisson carr\u00e9s adoptent un design simple, blanc avec un cadre noir, moderne et \u00e9l\u00e9gant, adapt\u00e9 \u00e0 la cuisson, au gratin, \u00e0 la cuisson \u00e0 l'\u00e9touff\u00e9e et \u00e0 d'autres plats, convenant \u00e0 la fois \u00e0 la maison et \u00e0 la restauration commerciale.<\/p>\n<table style=\"border-collapse: collapse; width: 327.02pt;\" border=\"0\" width=\"654\" cellspacing=\"0\" cellpadding=\"0\">\n<tbody>\n<tr style=\"height: 16.50pt;\">\n<td class=\"et3\" style=\"height: 16.50pt; width: 127.20pt;\" width=\"254\" height=\"33\">Fabricant<\/td>\n<td class=\"et3\" style=\"width: 200.15pt;\" width=\"400\">Yongjian<\/td>\n<\/tr>\n<tr style=\"height: 16.50pt;\">\n<td class=\"et3\" style=\"height: 16.50pt;\" height=\"33\">Num\u00e9ro de mod\u00e8le<\/td>\n<td class=\"et4\" style=\"width: 200.15pt;\" width=\"400\">YJ-114<\/td>\n<\/tr>\n<tr style=\"height: 16.50pt;\">\n<td class=\"et3\" style=\"height: 16.50pt;\" height=\"33\">Type de produit<\/td>\n<td class=\"et3\">Plat de service<\/td>\n<\/tr>\n<tr style=\"height: 16.50pt;\">\n<td class=\"et3\" style=\"height: 16.50pt;\" height=\"33\">Mat\u00e9riau<\/td>\n<td class=\"et3\">Porcelaine<\/td>\n<\/tr>\n<tr style=\"height: 16.50pt;\">\n<td class=\"et5\" style=\"height: 16.50pt;\" height=\"33\">Couleur<\/td>\n<td class=\"et3\">En tant qu'image<\/td>\n<\/tr>\n<tr style=\"height: 16.50pt;\">\n<td class=\"et3\" style=\"height: 16.50pt;\" height=\"33\">Dimension<\/td>\n<td class=\"et6\" style=\"width: 200.15pt;\" width=\"400\">14,5*11,5*5,5cm<\/td>\n<\/tr>\n<tr style=\"height: 16.50pt;\">\n<td class=\"et3\" style=\"height: 16.50pt;\" height=\"33\">MOQ<\/td>\n<td class=\"et3\">500pcs<\/td>\n<\/tr>\n<tr style=\"height: 16.50pt;\">\n<td class=\"et3\" style=\"height: 16.50pt;\" height=\"33\">Sur mesure<\/td>\n<td class=\"et3\">Couleur\/Taille\/Logo\/Emballage<\/td>\n<\/tr>\n<\/tbody>\n<\/table>","protected":false},"featured_media":4489,"comment_status":"closed","ping_status":"closed","template":"","meta":{"_acf_changed":false},"product_brand":[],"product_cat":[99,63,75],"product_tag":[],"class_list":{"0":"post-4481","1":"product","2":"type-product","3":"status-publish","4":"has-post-thumbnail","6":"product_cat-baking-dishes-wholesale","7":"product_cat-wholesale-bowls","8":"product_cat-handled-bowls-wholesale","10":"first","11":"instock","12":"shipping-taxable","13":"product-type-simple"},"acf":[],"_links":{"self":[{"href":"https:\/\/www.yongjianceramic.com\/fr\/wp-json\/wp\/v2\/product\/4481","targetHints":{"allow":["GET"]}}],"collection":[{"href":"https:\/\/www.yongjianceramic.com\/fr\/wp-json\/wp\/v2\/product"}],"about":[{"href":"https:\/\/www.yongjianceramic.com\/fr\/wp-json\/wp\/v2\/types\/product"}],"replies":[{"embeddable":true,"href":"https:\/\/www.yongjianceramic.com\/fr\/wp-json\/wp\/v2\/comments?post=4481"}],"wp:featuredmedia":[{"embeddable":true,"href":"https:\/\/www.yongjianceramic.com\/fr\/wp-json\/wp\/v2\/media\/4489"}],"wp:attachment":[{"href":"https:\/\/www.yongjianceramic.com\/fr\/wp-json\/wp\/v2\/media?parent=4481"}],"wp:term":[{"taxonomy":"product_brand","embeddable":true,"href":"https:\/\/www.yongjianceramic.com\/fr\/wp-json\/wp\/v2\/product_brand?post=4481"},{"taxonomy":"product_cat","embeddable":true,"href":"https:\/\/www.yongjianceramic.com\/fr\/wp-json\/wp\/v2\/product_cat?post=4481"},{"taxonomy":"product_tag","embeddable":true,"href":"https:\/\/www.yongjianceramic.com\/fr\/wp-json\/wp\/v2\/product_tag?post=4481"}],"curies":[{"name":"wp","href":"https:\/\/api.w.org\/{rel}","templated":true}]}}