{"id":4521,"date":"2025-04-14T14:23:46","date_gmt":"2025-04-14T06:23:46","guid":{"rendered":"https:\/\/www.yongjianceramic.com\/?post_type=product&#038;p=4521"},"modified":"2025-04-14T14:23:48","modified_gmt":"2025-04-14T06:23:48","slug":"ceramic-spoon-rest-bulk","status":"publish","type":"product","link":"https:\/\/www.yongjianceramic.com\/fr\/produit\/ceramic-spoon-rest-bulk\/","title":{"rendered":"Exquisite Ceramic Spoon Rest Bulk, Chopstick Rests Wholesale"},"content":{"rendered":"<div class=\"wp-block-columns is-layout-flex wp-container-core-columns-is-layout-9d6595d7 wp-block-columns-is-layout-flex\">\n<div class=\"wp-block-column is-layout-flow wp-block-column-is-layout-flow\">\n<h2 class=\"wp-block-heading\">Repose-cuill\u00e8re en c\u00e9ramique de qualit\u00e9 sup\u00e9rieure Caract\u00e9ristiques en vrac :<\/h2>\n\n\n\n<ul class=\"wp-block-list\">\n<li><strong>Un design en forme de pipa, plein de sens : <\/strong>S'inspirant de l'ancien instrument de musique chinois \"Pipa\", la forme de ce repose-cuill\u00e8re en c\u00e9ramique est raffin\u00e9e et unique, alliant culture et fonctionnalit\u00e9, et apportant une touche classique \u00e0 la table \u00e0 manger.<\/li>\n\n\n\n<li><strong>Style classique chinois, h\u00e9rit\u00e9 de l'esth\u00e9tique orientale : <\/strong>Le design de nos cuill\u00e8res et baguettes en gros est riche en style chinois, avec des lignes douces et une texture stable. C'est un choix id\u00e9al pour les restaurants chinois, les salons de th\u00e9 et autres lieux qui souhaitent cr\u00e9er une atmosph\u00e8re orientale.<\/li>\n\n\n\n<li><strong>Couleur de gla\u00e7age r\u00e9active, unique et avanc\u00e9e :<\/strong> Chaque repose-cuill\u00e8re en c\u00e9ramique est cuit avec la technologie du changement de four, et la couleur de la gla\u00e7ure coule naturellement et change richement, pr\u00e9sentant un effet artistique unique, montrant la beaut\u00e9 du travail fait \u00e0 la main.<\/li>\n\n\n\n<li><strong>Utilisation multifonctionnelle, la vaisselle est propre et ordonn\u00e9e : <\/strong>Nos supports pour cuill\u00e8res et baguettes peuvent \u00e9galement \u00eatre utilis\u00e9s pour placer les couteaux et les fourchettes afin d'\u00e9viter le contact direct entre la vaisselle et le plateau de la table et d'am\u00e9liorer la propret\u00e9 et l'\u00e9tiquette de la table.<\/li>\n<\/ul>\n<\/div>\n\n\n\n<div class=\"wp-block-column is-layout-flow wp-block-column-is-layout-flow\">\n<figure class=\"wp-block-image size-full\"><img fetchpriority=\"high\" decoding=\"async\" width=\"800\" height=\"800\" src=\"https:\/\/www.yongjianceramic.com\/wp-content\/uploads\/2025\/04\/wholesale-ceramic-crockerybulk-dinnerwarebest-china-tableware-5.webp\" alt=\"Exquisite Ceramic Spoon Rest Bulk, Chopstick Rests Wholesale-1 (Repose-cuill\u00e8re en c\u00e9ramique en vrac)\" class=\"wp-image-4526\" srcset=\"https:\/\/www.yongjianceramic.com\/wp-content\/uploads\/2025\/04\/wholesale-ceramic-crockerybulk-dinnerwarebest-china-tableware-5.webp 800w, https:\/\/www.yongjianceramic.com\/wp-content\/uploads\/2025\/04\/wholesale-ceramic-crockerybulk-dinnerwarebest-china-tableware-5-300x300.webp 300w, https:\/\/www.yongjianceramic.com\/wp-content\/uploads\/2025\/04\/wholesale-ceramic-crockerybulk-dinnerwarebest-china-tableware-5-150x150.webp 150w, https:\/\/www.yongjianceramic.com\/wp-content\/uploads\/2025\/04\/wholesale-ceramic-crockerybulk-dinnerwarebest-china-tableware-5-768x768.webp 768w, https:\/\/www.yongjianceramic.com\/wp-content\/uploads\/2025\/04\/wholesale-ceramic-crockerybulk-dinnerwarebest-china-tableware-5-12x12.webp 12w, https:\/\/www.yongjianceramic.com\/wp-content\/uploads\/2025\/04\/wholesale-ceramic-crockerybulk-dinnerwarebest-china-tableware-5-285x285.webp 285w, https:\/\/www.yongjianceramic.com\/wp-content\/uploads\/2025\/04\/wholesale-ceramic-crockerybulk-dinnerwarebest-china-tableware-5-270x270.webp 270w, https:\/\/www.yongjianceramic.com\/wp-content\/uploads\/2025\/04\/wholesale-ceramic-crockerybulk-dinnerwarebest-china-tableware-5-540x540.webp 540w, https:\/\/www.yongjianceramic.com\/wp-content\/uploads\/2025\/04\/wholesale-ceramic-crockerybulk-dinnerwarebest-china-tableware-5-660x660.webp 660w\" sizes=\"(max-width: 800px) 100vw, 800px\" \/><\/figure>\n<\/div>\n<\/div>","protected":false},"excerpt":{"rendered":"<p>Bienvenue sur le site d'achat en gros de repose-cuill\u00e8res et de repose-baguettes. Ce repose-cuill\u00e8re en c\u00e9ramique combine le style classique chinois avec la technologie de l'\u00e9mail r\u00e9actif pour montrer l'\u00e9l\u00e9gance orientale. Le design est exquis et unique, et il peut \u00e9galement \u00eatre utilis\u00e9 comme support de baguettes, de cuill\u00e8res et de fourchettes.<\/p>\n<table style=\"border-collapse: collapse; width: 327.02pt;\" border=\"0\" width=\"654\" cellspacing=\"0\" cellpadding=\"0\">\n<tbody>\n<tr style=\"height: 16.50pt;\">\n<td class=\"et3\" style=\"height: 16.50pt; width: 127.20pt;\" width=\"254\" height=\"33\">Fabricant<\/td>\n<td class=\"et3\" style=\"width: 200.15pt;\" width=\"400\">Yongjian<\/td>\n<\/tr>\n<tr style=\"height: 16.50pt;\">\n<td class=\"et3\" style=\"height: 16.50pt;\" height=\"33\">Num\u00e9ro de mod\u00e8le<\/td>\n<td class=\"et4\" style=\"width: 200.15pt;\" width=\"400\">YJ-117<\/td>\n<\/tr>\n<tr style=\"height: 16.50pt;\">\n<td class=\"et3\" style=\"height: 16.50pt;\" height=\"33\">Type de produit<\/td>\n<td class=\"et3\">Couverts<\/td>\n<\/tr>\n<tr style=\"height: 16.50pt;\">\n<td class=\"et3\" style=\"height: 16.50pt;\" height=\"33\">Mat\u00e9riau<\/td>\n<td class=\"et3\">Porcelaine<\/td>\n<\/tr>\n<tr style=\"height: 16.50pt;\">\n<td class=\"et5\" style=\"height: 16.50pt;\" height=\"33\">Couleur<\/td>\n<td class=\"et3\">En tant qu'image<\/td>\n<\/tr>\n<tr style=\"height: 16.50pt;\">\n<td class=\"et3\" style=\"height: 16.50pt;\" height=\"33\">Dimension<\/td>\n<td class=\"et6\" style=\"width: 200.15pt;\" width=\"400\">8.8*1.7cm<\/td>\n<\/tr>\n<tr style=\"height: 16.50pt;\">\n<td class=\"et3\" style=\"height: 16.50pt;\" height=\"33\">MOQ<\/td>\n<td class=\"et3\">500pcs<\/td>\n<\/tr>\n<tr style=\"height: 16.50pt;\">\n<td class=\"et3\" style=\"height: 16.50pt;\" height=\"33\">Sur mesure<\/td>\n<td class=\"et3\">Couleur\/Taille\/Logo\/Emballage<\/td>\n<\/tr>\n<\/tbody>\n<\/table>","protected":false},"featured_media":4522,"comment_status":"closed","ping_status":"closed","template":"","meta":{"_acf_changed":false},"product_brand":[],"product_cat":[80,89],"product_tag":[88,86],"class_list":{"0":"post-4521","1":"product","2":"type-product","3":"status-publish","4":"has-post-thumbnail","6":"product_cat-wholesale-ceramic-cutlery","7":"product_cat-ceramic-bulk-spoons","8":"product_tag-japanese-style-dinnerware-set-wholesale","9":"product_tag-oriental-style-dinnerware-wholesale","11":"first","12":"instock","13":"shipping-taxable","14":"product-type-simple"},"acf":[],"_links":{"self":[{"href":"https:\/\/www.yongjianceramic.com\/fr\/wp-json\/wp\/v2\/product\/4521","targetHints":{"allow":["GET"]}}],"collection":[{"href":"https:\/\/www.yongjianceramic.com\/fr\/wp-json\/wp\/v2\/product"}],"about":[{"href":"https:\/\/www.yongjianceramic.com\/fr\/wp-json\/wp\/v2\/types\/product"}],"replies":[{"embeddable":true,"href":"https:\/\/www.yongjianceramic.com\/fr\/wp-json\/wp\/v2\/comments?post=4521"}],"wp:featuredmedia":[{"embeddable":true,"href":"https:\/\/www.yongjianceramic.com\/fr\/wp-json\/wp\/v2\/media\/4522"}],"wp:attachment":[{"href":"https:\/\/www.yongjianceramic.com\/fr\/wp-json\/wp\/v2\/media?parent=4521"}],"wp:term":[{"taxonomy":"product_brand","embeddable":true,"href":"https:\/\/www.yongjianceramic.com\/fr\/wp-json\/wp\/v2\/product_brand?post=4521"},{"taxonomy":"product_cat","embeddable":true,"href":"https:\/\/www.yongjianceramic.com\/fr\/wp-json\/wp\/v2\/product_cat?post=4521"},{"taxonomy":"product_tag","embeddable":true,"href":"https:\/\/www.yongjianceramic.com\/fr\/wp-json\/wp\/v2\/product_tag?post=4521"}],"curies":[{"name":"wp","href":"https:\/\/api.w.org\/{rel}","templated":true}]}}