{"id":4536,"date":"2025-04-14T11:57:57","date_gmt":"2025-04-14T03:57:57","guid":{"rendered":"https:\/\/www.yongjianceramic.com\/?post_type=product&#038;p=4536"},"modified":"2025-04-14T11:57:59","modified_gmt":"2025-04-14T03:57:59","slug":"tokkuri-and-sake-cups-wholesale","status":"publish","type":"product","link":"https:\/\/www.yongjianceramic.com\/fr\/produit\/tokkuri-and-sake-cups-wholesale\/","title":{"rendered":"Tasses \u00e0 Tokkuri et \u00e0 Sak\u00e9 Japonais grossiste, Sets de Sak\u00e9 personnalis\u00e9s"},"content":{"rendered":"<div class=\"wp-block-columns is-layout-flex wp-container-core-columns-is-layout-9d6595d7 wp-block-columns-is-layout-flex\">\n<div class=\"wp-block-column is-layout-flow wp-block-column-is-layout-flow\">\n<h2 class=\"wp-block-heading\">Premium Tokkuri and Sake Cups Wholesale Caract\u00e9ristiques :<\/h2>\n\n\n\n<ul class=\"wp-block-list\">\n<li><strong>Pot \u00e0 sak\u00e9 avec gobelet, ensemble complet :<\/strong> Ce set de Tokkuri et de tasses \u00e0 sak\u00e9 comprend un pot \u00e0 sak\u00e9 et une tasse. D'un style unifi\u00e9 et facile \u00e0 utiliser, il convient \u00e0 la consommation quotidienne ou \u00e0 la r\u00e9ception d'invit\u00e9s, renfor\u00e7ant ainsi le sens du rituel de la boisson.<\/li>\n\n\n\n<li><strong>Motif marbr\u00e9, texture de haute qualit\u00e9 : <\/strong>La surface de nos sets de sak\u00e9 personnalis\u00e9s est d\u00e9cor\u00e9e d'une texture de marbre unique, naturelle et lisse, simple et noble, aux effets visuels remarquables et \u00e0 l'esth\u00e9tique moderne.<\/li>\n\n\n\n<li><strong>Style japonais, simple et \u00e9l\u00e9gant : <\/strong>Notre set de Tokkuri et de tasses \u00e0 sak\u00e9 s'inspire de l'esth\u00e9tique japonaise, avec des formes douces et des couleurs \u00e9l\u00e9gantes, int\u00e9grant la culture orientale et l'esth\u00e9tique moderne. Il convient \u00e0 la maison, aux salons de th\u00e9 et aux restaurants japonais.<\/li>\n\n\n\n<li><strong>C\u00e9ramique cuite \u00e0 haute temp\u00e9rature, s\u00fbre et durable : <\/strong>Ce service \u00e0 sak\u00e9 personnalis\u00e9 est fabriqu\u00e9 \u00e0 partir de la technologie de la c\u00e9ramique \u00e0 haute temp\u00e9rature, la gla\u00e7ure est d\u00e9licate et lisse, r\u00e9sistante \u00e0 la chaleur et aux fissures, adapt\u00e9e \u00e0 la consommation de vin chaud, facile \u00e0 nettoyer et \u00e0 entretenir au quotidien.<\/li>\n<\/ul>\n<\/div>\n\n\n\n<div class=\"wp-block-column is-layout-flow wp-block-column-is-layout-flow\">\n<figure class=\"wp-block-image size-full\"><img fetchpriority=\"high\" decoding=\"async\" width=\"800\" height=\"800\" src=\"https:\/\/www.yongjianceramic.com\/wp-content\/uploads\/2025\/04\/dinnerware-manufacturerscrockery-wholesalecupsaucer-6.webp\" alt=\"Tokkuri japonais et gobelets \u00e0 sak\u00e9 en gros, Sets de sak\u00e9 personnalis\u00e9s-1\" class=\"wp-image-4542\" srcset=\"https:\/\/www.yongjianceramic.com\/wp-content\/uploads\/2025\/04\/dinnerware-manufacturerscrockery-wholesalecupsaucer-6.webp 800w, https:\/\/www.yongjianceramic.com\/wp-content\/uploads\/2025\/04\/dinnerware-manufacturerscrockery-wholesalecupsaucer-6-300x300.webp 300w, https:\/\/www.yongjianceramic.com\/wp-content\/uploads\/2025\/04\/dinnerware-manufacturerscrockery-wholesalecupsaucer-6-150x150.webp 150w, https:\/\/www.yongjianceramic.com\/wp-content\/uploads\/2025\/04\/dinnerware-manufacturerscrockery-wholesalecupsaucer-6-768x768.webp 768w, https:\/\/www.yongjianceramic.com\/wp-content\/uploads\/2025\/04\/dinnerware-manufacturerscrockery-wholesalecupsaucer-6-12x12.webp 12w, https:\/\/www.yongjianceramic.com\/wp-content\/uploads\/2025\/04\/dinnerware-manufacturerscrockery-wholesalecupsaucer-6-285x285.webp 285w, https:\/\/www.yongjianceramic.com\/wp-content\/uploads\/2025\/04\/dinnerware-manufacturerscrockery-wholesalecupsaucer-6-270x270.webp 270w, https:\/\/www.yongjianceramic.com\/wp-content\/uploads\/2025\/04\/dinnerware-manufacturerscrockery-wholesalecupsaucer-6-540x540.webp 540w, https:\/\/www.yongjianceramic.com\/wp-content\/uploads\/2025\/04\/dinnerware-manufacturerscrockery-wholesalecupsaucer-6-660x660.webp 660w\" sizes=\"(max-width: 800px) 100vw, 800px\" \/><\/figure>\n<\/div>\n<\/div>\n\n\n\n<p><\/p>","protected":false},"excerpt":{"rendered":"<p>Nous vous invitons \u00e0 acheter des ensembles de sak\u00e9 personnalis\u00e9s. Nos tasses \u00e0 tokuri et \u00e0 sak\u00e9 en gros ont un design \u00e9l\u00e9gant et t\u00e9moignent d'un sens de la c\u00e9r\u00e9monie. La texture unique du marbre est combin\u00e9e \u00e0 un mat\u00e9riau c\u00e9ramique \u00e0 haute temp\u00e9rature, ce qui est \u00e0 la fois beau et pratique, adapt\u00e9 \u00e0 la maison, au restaurant japonais ou \u00e0 l'espace th\u00e9 et vin.<\/p>\n<table style=\"border-collapse: collapse; width: 327.02pt;\" border=\"0\" width=\"654\" cellspacing=\"0\" cellpadding=\"0\">\n<tbody>\n<tr style=\"height: 16.50pt;\">\n<td class=\"et3\" style=\"height: 16.50pt; width: 127.20pt;\" width=\"254\" height=\"33\">Fabricant<\/td>\n<td class=\"et3\" style=\"width: 200.15pt;\" width=\"400\">Yongjian<\/td>\n<\/tr>\n<tr style=\"height: 16.50pt;\">\n<td class=\"et3\" style=\"height: 16.50pt;\" height=\"33\">Num\u00e9ro de mod\u00e8le<\/td>\n<td class=\"et4\" style=\"width: 200.15pt;\" width=\"400\">YJ-118<\/td>\n<\/tr>\n<tr style=\"height: 16.50pt;\">\n<td class=\"et3\" style=\"height: 16.50pt;\" height=\"33\">Type de produit<\/td>\n<td class=\"et3\">Tasses et soucoupes<\/td>\n<\/tr>\n<tr style=\"height: 16.50pt;\">\n<td class=\"et3\" style=\"height: 16.50pt;\" height=\"33\">Mat\u00e9riau<\/td>\n<td class=\"et3\">Porcelaine<\/td>\n<\/tr>\n<tr style=\"height: 16.50pt;\">\n<td class=\"et5\" style=\"height: 16.50pt;\" height=\"33\">Couleur<\/td>\n<td class=\"et3\">En tant qu'image<\/td>\n<\/tr>\n<tr style=\"height: 33.00pt;\">\n<td class=\"et3\" style=\"height: 33.00pt;\" height=\"66\">Dimension<\/td>\n<td class=\"et6\" style=\"width: 200.15pt;\" width=\"400\">Pot : 13.5*4.5cm Coupe : 5.2*5.2*4.5cm<\/td>\n<\/tr>\n<tr style=\"height: 16.50pt;\">\n<td class=\"et3\" style=\"height: 16.50pt;\" height=\"33\">MOQ<\/td>\n<td class=\"et3\">500pcs<\/td>\n<\/tr>\n<tr style=\"height: 16.50pt;\">\n<td class=\"et3\" style=\"height: 16.50pt;\" height=\"33\">Sur mesure<\/td>\n<td class=\"et3\">Couleur\/Taille\/Logo\/Emballage<\/td>\n<\/tr>\n<\/tbody>\n<\/table>","protected":false},"featured_media":4539,"comment_status":"closed","ping_status":"closed","template":"","meta":{"_acf_changed":false},"product_brand":[],"product_cat":[65,90],"product_tag":[88],"class_list":{"0":"post-4536","1":"product","2":"type-product","3":"status-publish","4":"has-post-thumbnail","6":"product_cat-wholesale-cups-and-mugs","7":"product_cat-wholesale-tea-sets","8":"product_tag-japanese-style-dinnerware-set-wholesale","10":"first","11":"instock","12":"shipping-taxable","13":"product-type-simple"},"acf":[],"_links":{"self":[{"href":"https:\/\/www.yongjianceramic.com\/fr\/wp-json\/wp\/v2\/product\/4536","targetHints":{"allow":["GET"]}}],"collection":[{"href":"https:\/\/www.yongjianceramic.com\/fr\/wp-json\/wp\/v2\/product"}],"about":[{"href":"https:\/\/www.yongjianceramic.com\/fr\/wp-json\/wp\/v2\/types\/product"}],"replies":[{"embeddable":true,"href":"https:\/\/www.yongjianceramic.com\/fr\/wp-json\/wp\/v2\/comments?post=4536"}],"wp:featuredmedia":[{"embeddable":true,"href":"https:\/\/www.yongjianceramic.com\/fr\/wp-json\/wp\/v2\/media\/4539"}],"wp:attachment":[{"href":"https:\/\/www.yongjianceramic.com\/fr\/wp-json\/wp\/v2\/media?parent=4536"}],"wp:term":[{"taxonomy":"product_brand","embeddable":true,"href":"https:\/\/www.yongjianceramic.com\/fr\/wp-json\/wp\/v2\/product_brand?post=4536"},{"taxonomy":"product_cat","embeddable":true,"href":"https:\/\/www.yongjianceramic.com\/fr\/wp-json\/wp\/v2\/product_cat?post=4536"},{"taxonomy":"product_tag","embeddable":true,"href":"https:\/\/www.yongjianceramic.com\/fr\/wp-json\/wp\/v2\/product_tag?post=4536"}],"curies":[{"name":"wp","href":"https:\/\/api.w.org\/{rel}","templated":true}]}}