{"id":4546,"date":"2025-04-13T17:01:59","date_gmt":"2025-04-13T09:01:59","guid":{"rendered":"https:\/\/www.yongjianceramic.com\/?post_type=product&#038;p=4546"},"modified":"2025-04-13T17:02:02","modified_gmt":"2025-04-13T09:02:02","slug":"wholesale-coffee-mug","status":"publish","type":"product","link":"https:\/\/www.yongjianceramic.com\/fr\/produit\/wholesale-coffee-mug\/","title":{"rendered":"Tasse \u00e0 caf\u00e9 en gros, tasse en c\u00e9ramique \u00e0 gla\u00e7ure r\u00e9active en vrac"},"content":{"rendered":"<div class=\"wp-block-columns is-layout-flex wp-container-core-columns-is-layout-9d6595d7 wp-block-columns-is-layout-flex\">\n<div class=\"wp-block-column is-layout-flow wp-block-column-is-layout-flow\">\n<h2 class=\"wp-block-heading\">Tasse \u00e0 caf\u00e9 en gros de premi\u00e8re qualit\u00e9 Caract\u00e9ristiques :<\/h2>\n\n\n\n<ul class=\"wp-block-list\">\n<li><strong>Grande capacit\u00e9 de 500 ml, r\u00e9pondant aux besoins de diverses boissons : <\/strong>La grande capacit\u00e9 de cette tasse \u00e0 caf\u00e9 de gros convient \u00e0 une grande vari\u00e9t\u00e9 de boissons pour le petit-d\u00e9jeuner, telles que le lait, le caf\u00e9, les flocons d'avoine, les jus de fruits, etc.<\/li>\n\n\n\n<li><strong>Forme simple, fonctionnelle et durable : <\/strong>Cette tasse en c\u00e9ramique en vrac pr\u00e9sente des lignes minimales et un design simple et subtil. Elle convient \u00e0 tous les types d'occasions, comme la maison, les caf\u00e9s, les h\u00f4tels, etc., et s'int\u00e8gre facilement \u00e0 diff\u00e9rents styles de tables \u00e0 manger.<\/li>\n\n\n\n<li><strong>Cuisson c\u00e9ramique \u00e0 haute temp\u00e9rature, s\u00fbre et durable : <\/strong>Fabriqu\u00e9e en c\u00e9ramique de haute qualit\u00e9, cuite \u00e0 haute temp\u00e9rature, cette tasse \u00e0 caf\u00e9 en gros pr\u00e9sente une bonne r\u00e9sistance \u00e0 la chaleur et une bonne stabilit\u00e9. Elle peut \u00eatre utilis\u00e9e au four \u00e0 micro-ondes et au lave-vaisselle, ce qui permet une utilisation quotidienne sans souci.<\/li>\n\n\n\n<li><strong>Prendre en charge la personnalisation pour r\u00e9pondre \u00e0 la personnalisation de la marque : <\/strong>L'achat de nos gobelets en c\u00e9ramique en vrac permet de personnaliser les couleurs, les motifs, le LOGO, etc., ce qui convient \u00e0 la promotion de la marque, aux cadeaux de commerce \u00e9lectronique ou \u00e0 la restauration en cha\u00eene, pour cr\u00e9er des gobelets personnalis\u00e9s exclusifs.<\/li>\n<\/ul>\n<\/div>\n\n\n\n<div class=\"wp-block-column is-layout-flow wp-block-column-is-layout-flow\">\n<figure class=\"wp-block-image size-full\"><img fetchpriority=\"high\" decoding=\"async\" width=\"800\" height=\"800\" src=\"https:\/\/www.yongjianceramic.com\/wp-content\/uploads\/2025\/04\/ceramic-custom-mugstableware-ceramic-wholesalecrockery-manufacturers-7.webp\" alt=\"Tasse \u00e0 caf\u00e9 en gros, tasse en c\u00e9ramique \u00e0 gla\u00e7ure r\u00e9active en vrac-7\" class=\"wp-image-4553\" srcset=\"https:\/\/www.yongjianceramic.com\/wp-content\/uploads\/2025\/04\/ceramic-custom-mugstableware-ceramic-wholesalecrockery-manufacturers-7.webp 800w, https:\/\/www.yongjianceramic.com\/wp-content\/uploads\/2025\/04\/ceramic-custom-mugstableware-ceramic-wholesalecrockery-manufacturers-7-300x300.webp 300w, https:\/\/www.yongjianceramic.com\/wp-content\/uploads\/2025\/04\/ceramic-custom-mugstableware-ceramic-wholesalecrockery-manufacturers-7-150x150.webp 150w, https:\/\/www.yongjianceramic.com\/wp-content\/uploads\/2025\/04\/ceramic-custom-mugstableware-ceramic-wholesalecrockery-manufacturers-7-768x768.webp 768w, https:\/\/www.yongjianceramic.com\/wp-content\/uploads\/2025\/04\/ceramic-custom-mugstableware-ceramic-wholesalecrockery-manufacturers-7-12x12.webp 12w, https:\/\/www.yongjianceramic.com\/wp-content\/uploads\/2025\/04\/ceramic-custom-mugstableware-ceramic-wholesalecrockery-manufacturers-7-285x285.webp 285w, https:\/\/www.yongjianceramic.com\/wp-content\/uploads\/2025\/04\/ceramic-custom-mugstableware-ceramic-wholesalecrockery-manufacturers-7-270x270.webp 270w, https:\/\/www.yongjianceramic.com\/wp-content\/uploads\/2025\/04\/ceramic-custom-mugstableware-ceramic-wholesalecrockery-manufacturers-7-540x540.webp 540w, https:\/\/www.yongjianceramic.com\/wp-content\/uploads\/2025\/04\/ceramic-custom-mugstableware-ceramic-wholesalecrockery-manufacturers-7-660x660.webp 660w\" sizes=\"(max-width: 800px) 100vw, 800px\" \/><\/figure>\n<\/div>\n<\/div>","protected":false},"excerpt":{"rendered":"<p>Bienvenue \u00e0 l'achat de tasses en c\u00e9ramique en gros. Cette tasse \u00e0 caf\u00e9 en gros de 500 ml est fonctionnelle et pr\u00e9sente un design simple et \u00e9l\u00e9gant. Elle est destin\u00e9e \u00e0 un usage g\u00e9n\u00e9ral pour contenir diverses boissons chaudes telles que le lait et le caf\u00e9. Elle utilise de la c\u00e9ramique \u00e0 haute temp\u00e9rature, ce qui la rend s\u00fbre et durable, et permet \u00e9galement une personnalisation individuelle. Elle est parfaite pour un usage domestique ou professionnel.<\/p>\n<table style=\"border-collapse: collapse; width: 327.02pt;\" border=\"0\" width=\"654\" cellspacing=\"0\" cellpadding=\"0\">\n<tbody>\n<tr style=\"height: 16.50pt;\">\n<td class=\"et3\" style=\"height: 16.50pt; width: 127.20pt;\" width=\"254\" height=\"33\">Fabricant<\/td>\n<td class=\"et3\" style=\"width: 200.15pt;\" width=\"400\">Yongjian<\/td>\n<\/tr>\n<tr style=\"height: 16.50pt;\">\n<td class=\"et3\" style=\"height: 16.50pt;\" height=\"33\">Num\u00e9ro de mod\u00e8le<\/td>\n<td class=\"et4\" style=\"width: 200.15pt;\" width=\"400\">YJ-119<\/td>\n<\/tr>\n<tr style=\"height: 16.50pt;\">\n<td class=\"et3\" style=\"height: 16.50pt;\" height=\"33\">Type de produit<\/td>\n<td class=\"et3\">Tasses et soucoupes<\/td>\n<\/tr>\n<tr style=\"height: 16.50pt;\">\n<td class=\"et3\" style=\"height: 16.50pt;\" height=\"33\">Mat\u00e9riau<\/td>\n<td class=\"et3\">Porcelaine<\/td>\n<\/tr>\n<tr style=\"height: 16.50pt;\">\n<td class=\"et5\" style=\"height: 16.50pt;\" height=\"33\">Couleur<\/td>\n<td class=\"et3\">En tant qu'image<\/td>\n<\/tr>\n<tr style=\"height: 16.50pt;\">\n<td class=\"et3\" style=\"height: 16.50pt;\" height=\"33\">Dimension<\/td>\n<td class=\"et6\" style=\"width: 200.15pt;\" width=\"400\">10,6*10,6*8,2cm<\/td>\n<\/tr>\n<tr style=\"height: 16.50pt;\">\n<td class=\"et3\" style=\"height: 16.50pt;\" height=\"33\">MOQ<\/td>\n<td class=\"et3\">500pcs<\/td>\n<\/tr>\n<tr style=\"height: 16.50pt;\">\n<td class=\"et3\" style=\"height: 16.50pt;\" height=\"33\">Sur mesure<\/td>\n<td class=\"et3\">Couleur\/Taille\/Logo\/Emballage<\/td>\n<\/tr>\n<\/tbody>\n<\/table>","protected":false},"featured_media":4549,"comment_status":"closed","ping_status":"closed","template":"","meta":{"_acf_changed":false},"product_brand":[],"product_cat":[65,91],"product_tag":[88,81,86],"class_list":{"0":"post-4546","1":"product","2":"type-product","3":"status-publish","4":"has-post-thumbnail","6":"product_cat-wholesale-cups-and-mugs","7":"product_cat-wholesale-mugs","8":"product_tag-japanese-style-dinnerware-set-wholesale","9":"product_tag-modern-design-dinnerware-set-wholesale","10":"product_tag-oriental-style-dinnerware-wholesale","12":"first","13":"instock","14":"shipping-taxable","15":"product-type-simple"},"acf":[],"_links":{"self":[{"href":"https:\/\/www.yongjianceramic.com\/fr\/wp-json\/wp\/v2\/product\/4546","targetHints":{"allow":["GET"]}}],"collection":[{"href":"https:\/\/www.yongjianceramic.com\/fr\/wp-json\/wp\/v2\/product"}],"about":[{"href":"https:\/\/www.yongjianceramic.com\/fr\/wp-json\/wp\/v2\/types\/product"}],"replies":[{"embeddable":true,"href":"https:\/\/www.yongjianceramic.com\/fr\/wp-json\/wp\/v2\/comments?post=4546"}],"wp:featuredmedia":[{"embeddable":true,"href":"https:\/\/www.yongjianceramic.com\/fr\/wp-json\/wp\/v2\/media\/4549"}],"wp:attachment":[{"href":"https:\/\/www.yongjianceramic.com\/fr\/wp-json\/wp\/v2\/media?parent=4546"}],"wp:term":[{"taxonomy":"product_brand","embeddable":true,"href":"https:\/\/www.yongjianceramic.com\/fr\/wp-json\/wp\/v2\/product_brand?post=4546"},{"taxonomy":"product_cat","embeddable":true,"href":"https:\/\/www.yongjianceramic.com\/fr\/wp-json\/wp\/v2\/product_cat?post=4546"},{"taxonomy":"product_tag","embeddable":true,"href":"https:\/\/www.yongjianceramic.com\/fr\/wp-json\/wp\/v2\/product_tag?post=4546"}],"curies":[{"name":"wp","href":"https:\/\/api.w.org\/{rel}","templated":true}]}}