{"id":4560,"date":"2025-04-21T11:13:48","date_gmt":"2025-04-21T03:13:48","guid":{"rendered":"https:\/\/www.yongjianceramic.com\/?post_type=product&#038;p=4560"},"modified":"2025-04-21T11:13:50","modified_gmt":"2025-04-21T03:13:50","slug":"sushi-plates-wholesale","status":"publish","type":"product","link":"https:\/\/www.yongjianceramic.com\/fr\/produit\/sushi-plates-wholesale\/","title":{"rendered":"Assiettes \u00e0 sushi en c\u00e9ramique grossiste, Assiettes \u00e0 sushi de forme irr\u00e9guli\u00e8re 10\/12 pouces en vrac"},"content":{"rendered":"<div class=\"wp-block-columns is-layout-flex wp-container-core-columns-is-layout-9d6595d7 wp-block-columns-is-layout-flex\">\n<div class=\"wp-block-column is-layout-flow wp-block-column-is-layout-flow\">\n<h2 class=\"wp-block-heading\">Assiettes \u00e0 Sushi Premium Wholesale Caract\u00e9ristiques :<\/h2>\n\n\n\n<ul class=\"wp-block-list\">\n<li><strong>Plusieurs options de taille pour r\u00e9pondre \u00e0 diff\u00e9rents besoins :<\/strong> Nos assiettes \u00e0 sushi en c\u00e9ramique sont disponibles en 3 tailles, dont 10 pouces et 12 pouces, et conviennent aux plats principaux, aux hors-d'\u0153uvre, aux desserts et \u00e0 d'autres usages pour r\u00e9pondre aux besoins d'une grande vari\u00e9t\u00e9 d'assiettes.<\/li>\n\n\n\n<li><strong>Forme sp\u00e9ciale, rompant avec la forme traditionnelle : <\/strong>Le bord irr\u00e9gulier de ces assiettes \u00e0 sushi en vrac rompt avec le clich\u00e9 du carr\u00e9, renforce l'impact visuel et cr\u00e9e une sensation artistique pour la table \u00e0 manger, ce qui convient aux restaurants de style moderne ou artistique.<\/li>\n\n\n\n<li><strong>Gaufrage, texture tridimensionnelle : <\/strong>La surface de nos assiettes \u00e0 sushi en c\u00e9ramique adopte un proc\u00e9d\u00e9 artisanal de gaufrage, avec des motifs exquis et un toucher riche, combin\u00e9s \u00e0 la texture de la c\u00e9ramique, montrant un temp\u00e9rament \u00e9l\u00e9gant et haut de gamme.<\/li>\n\n\n\n<li><strong>Trois couleurs sont disponibles en option et le style est polyvalent :<\/strong> Nos assiettes \u00e0 sushi en vrac ont trois tons de couleur, disponibles pour r\u00e9pondre aux diff\u00e9rents styles de tables \u00e0 manger, convenant \u00e0 la maison, au restaurant, \u00e0 l'h\u00f4tel et \u00e0 d'autres sc\u00e8nes.<\/li>\n<\/ul>\n<\/div>\n\n\n\n<div class=\"wp-block-column is-layout-flow wp-block-column-is-layout-flow\">\n<figure class=\"wp-block-image size-full\"><img fetchpriority=\"high\" decoding=\"async\" width=\"800\" height=\"800\" src=\"https:\/\/www.yongjianceramic.com\/wp-content\/uploads\/2025\/04\/ceramic-dinnerware-manufacturerwholesale-charger-platesbulk-dinnerware-sets-9.webp\" alt=\"Assiettes \u00e0 Sushi en c\u00e9ramique grossiste, Assiettes de forme irr\u00e9guli\u00e8re 10\/12 pouces Bulk-9\" class=\"wp-image-4569\" srcset=\"https:\/\/www.yongjianceramic.com\/wp-content\/uploads\/2025\/04\/ceramic-dinnerware-manufacturerwholesale-charger-platesbulk-dinnerware-sets-9.webp 800w, https:\/\/www.yongjianceramic.com\/wp-content\/uploads\/2025\/04\/ceramic-dinnerware-manufacturerwholesale-charger-platesbulk-dinnerware-sets-9-300x300.webp 300w, https:\/\/www.yongjianceramic.com\/wp-content\/uploads\/2025\/04\/ceramic-dinnerware-manufacturerwholesale-charger-platesbulk-dinnerware-sets-9-150x150.webp 150w, https:\/\/www.yongjianceramic.com\/wp-content\/uploads\/2025\/04\/ceramic-dinnerware-manufacturerwholesale-charger-platesbulk-dinnerware-sets-9-768x768.webp 768w, https:\/\/www.yongjianceramic.com\/wp-content\/uploads\/2025\/04\/ceramic-dinnerware-manufacturerwholesale-charger-platesbulk-dinnerware-sets-9-12x12.webp 12w, https:\/\/www.yongjianceramic.com\/wp-content\/uploads\/2025\/04\/ceramic-dinnerware-manufacturerwholesale-charger-platesbulk-dinnerware-sets-9-285x285.webp 285w, https:\/\/www.yongjianceramic.com\/wp-content\/uploads\/2025\/04\/ceramic-dinnerware-manufacturerwholesale-charger-platesbulk-dinnerware-sets-9-270x270.webp 270w, https:\/\/www.yongjianceramic.com\/wp-content\/uploads\/2025\/04\/ceramic-dinnerware-manufacturerwholesale-charger-platesbulk-dinnerware-sets-9-540x540.webp 540w, https:\/\/www.yongjianceramic.com\/wp-content\/uploads\/2025\/04\/ceramic-dinnerware-manufacturerwholesale-charger-platesbulk-dinnerware-sets-9-660x660.webp 660w\" sizes=\"(max-width: 800px) 100vw, 800px\" \/><\/figure>\n<\/div>\n<\/div>\n\n\n\n<p><\/p>","protected":false},"excerpt":{"rendered":"<p>Nous vous invitons \u00e0 acheter des assiettes \u00e0 sushi en gros. Nos assiettes \u00e0 sushi rectangulaires en c\u00e9ramique gaufr\u00e9e sont disponibles en 3 tailles et 3 couleurs. Elles combinent le gaufrage et le design des bords irr\u00e9guliers, avec une texture de haute qualit\u00e9 et une forme unique. C'est un choix id\u00e9al pour les espaces de restauration modernes et haut de gamme.<\/p>\n<table style=\"border-collapse: collapse; width: 327.02pt;\" border=\"0\" width=\"654\" cellspacing=\"0\" cellpadding=\"0\">\n<tbody>\n<tr style=\"height: 16.50pt;\">\n<td class=\"et3\" style=\"height: 16.50pt; width: 127.20pt;\" width=\"254\" height=\"33\">Fabricant<\/td>\n<td class=\"et3\" style=\"width: 200.15pt;\" width=\"400\">Yongjian<\/td>\n<\/tr>\n<tr style=\"height: 16.50pt;\">\n<td class=\"et3\" style=\"height: 16.50pt;\" height=\"33\">Num\u00e9ro de mod\u00e8le<\/td>\n<td class=\"et4\" style=\"width: 200.15pt;\" width=\"400\">YJ-120<\/td>\n<\/tr>\n<tr style=\"height: 16.50pt;\">\n<td class=\"et3\" style=\"height: 16.50pt;\" height=\"33\">Type de produit<\/td>\n<td class=\"et3\">Plat de service<\/td>\n<\/tr>\n<tr style=\"height: 16.50pt;\">\n<td class=\"et3\" style=\"height: 16.50pt;\" height=\"33\">Mat\u00e9riau<\/td>\n<td class=\"et3\">Porcelaine<\/td>\n<\/tr>\n<tr style=\"height: 16.50pt;\">\n<td class=\"et5\" style=\"height: 16.50pt;\" height=\"33\">Couleur<\/td>\n<td class=\"et3\">En tant qu'image<\/td>\n<\/tr>\n<tr style=\"height: 33.00pt;\">\n<td class=\"et3\" style=\"height: 33.00pt;\" height=\"66\">Dimension<\/td>\n<td class=\"et6\" style=\"width: 200.15pt;\" width=\"400\">26*10.5*2.5cm 31*12*2cm<\/td>\n<\/tr>\n<tr style=\"height: 16.50pt;\">\n<td class=\"et3\" style=\"height: 16.50pt;\" height=\"33\">MOQ<\/td>\n<td class=\"et3\">500pcs<\/td>\n<\/tr>\n<tr style=\"height: 16.50pt;\">\n<td class=\"et3\" style=\"height: 16.50pt;\" height=\"33\">Sur mesure<\/td>\n<td class=\"et3\">Couleur\/Taille\/Logo\/Emballage<\/td>\n<\/tr>\n<\/tbody>\n<\/table>","protected":false},"featured_media":4561,"comment_status":"closed","ping_status":"closed","template":"","meta":{"_acf_changed":false},"product_brand":[],"product_cat":[62,76],"product_tag":[88,81],"class_list":{"0":"post-4560","1":"product","2":"type-product","3":"status-publish","4":"has-post-thumbnail","6":"product_cat-ceramic-plates-wholesale","7":"product_cat-wholesale-serving-platters","8":"product_tag-japanese-style-dinnerware-set-wholesale","9":"product_tag-modern-design-dinnerware-set-wholesale","11":"first","12":"instock","13":"shipping-taxable","14":"product-type-simple"},"acf":[],"_links":{"self":[{"href":"https:\/\/www.yongjianceramic.com\/fr\/wp-json\/wp\/v2\/product\/4560","targetHints":{"allow":["GET"]}}],"collection":[{"href":"https:\/\/www.yongjianceramic.com\/fr\/wp-json\/wp\/v2\/product"}],"about":[{"href":"https:\/\/www.yongjianceramic.com\/fr\/wp-json\/wp\/v2\/types\/product"}],"replies":[{"embeddable":true,"href":"https:\/\/www.yongjianceramic.com\/fr\/wp-json\/wp\/v2\/comments?post=4560"}],"wp:featuredmedia":[{"embeddable":true,"href":"https:\/\/www.yongjianceramic.com\/fr\/wp-json\/wp\/v2\/media\/4561"}],"wp:attachment":[{"href":"https:\/\/www.yongjianceramic.com\/fr\/wp-json\/wp\/v2\/media?parent=4560"}],"wp:term":[{"taxonomy":"product_brand","embeddable":true,"href":"https:\/\/www.yongjianceramic.com\/fr\/wp-json\/wp\/v2\/product_brand?post=4560"},{"taxonomy":"product_cat","embeddable":true,"href":"https:\/\/www.yongjianceramic.com\/fr\/wp-json\/wp\/v2\/product_cat?post=4560"},{"taxonomy":"product_tag","embeddable":true,"href":"https:\/\/www.yongjianceramic.com\/fr\/wp-json\/wp\/v2\/product_tag?post=4560"}],"curies":[{"name":"wp","href":"https:\/\/api.w.org\/{rel}","templated":true}]}}