{"id":4591,"date":"2025-04-21T10:38:26","date_gmt":"2025-04-21T02:38:26","guid":{"rendered":"https:\/\/www.yongjianceramic.com\/?post_type=product&#038;p=4591"},"modified":"2025-04-21T10:38:28","modified_gmt":"2025-04-21T02:38:28","slug":"serving-plates-wholesale","status":"publish","type":"product","link":"https:\/\/www.yongjianceramic.com\/fr\/produit\/serving-plates-wholesale\/","title":{"rendered":"8 Inch Deep Serving Plates Wholesale, Round Plates In Bulk (assiettes rondes en vrac)"},"content":{"rendered":"<div class=\"wp-block-columns is-layout-flex wp-container-core-columns-is-layout-9d6595d7 wp-block-columns-is-layout-flex\">\n<div class=\"wp-block-column is-layout-flow wp-block-column-is-layout-flow\">\n<h2 class=\"wp-block-heading\">Assiettes de service de qualit\u00e9 sup\u00e9rieure Caract\u00e9ristiques de la vente en gros :<\/h2>\n\n\n\n<ul class=\"wp-block-list\">\n<li><strong>Processus d'\u00e9maillage r\u00e9actif, l'\u00e9mail s'\u00e9coule naturellement : <\/strong>Gr\u00e2ce au processus de gla\u00e7age r\u00e9actif \u00e0 haute temp\u00e9rature, la couleur du gla\u00e7age de nos assiettes de service profondes en gros pr\u00e9sente des changements uniques, des couches de couleurs riches et une texture de haute qualit\u00e9, montrant la beaut\u00e9 de l'artisanat oriental.<\/li>\n\n\n\n<li><strong>Plaque de 8 pouces de profondeur, pratique et diversifi\u00e9e :<\/strong> La taille standard de 8 pouces est assortie d'une forme d'assiette plus profonde. D'une capacit\u00e9 suffisante, nos assiettes plates en c\u00e9ramique en vrac conviennent pour les p\u00e2tes, les salades, le riz au curry, les plats cuits au four et d'autres plats, r\u00e9pondant ainsi aux besoins quotidiens et \u00e0 ceux de la restauration commerciale.<\/li>\n\n\n\n<li><strong>C\u00e9ramique haute temp\u00e9rature, s\u00fbre et durable :<\/strong> Fabriqu\u00e9es en argile de haute qualit\u00e9, cuites \u00e0 haute temp\u00e9rature, nos assiettes creuses en gros sont r\u00e9sistantes \u00e0 la chaleur et aux rayures, conviennent au micro-ondes, aux fours et aux lave-vaisselle, sont \u00e0 la fois pratiques et esth\u00e9tiques.<\/li>\n\n\n\n<li><strong>Support de la personnalisation pour r\u00e9pondre \u00e0 des besoins vari\u00e9s :<\/strong> Les couleurs, les logos ou les dessins peuvent \u00eatre personnalis\u00e9s en fonction de vos besoins. Ces assiettes en c\u00e9ramique en vrac peuvent \u00eatre utilis\u00e9es par les restaurants, les h\u00f4tels et les magasins en ligne pour cr\u00e9er une vaisselle personnalis\u00e9e.<\/li>\n<\/ul>\n<\/div>\n\n\n\n<div class=\"wp-block-column is-layout-flow wp-block-column-is-layout-flow\">\n<figure class=\"wp-block-image size-full\"><img fetchpriority=\"high\" decoding=\"async\" width=\"800\" height=\"800\" src=\"https:\/\/www.yongjianceramic.com\/wp-content\/uploads\/2025\/04\/custom-made-crockeryceramic-plate-manufacturerceramic-dinner-set-wholesale-1.webp\" alt=\"8 Inch Deep Serving Plates Wholesale, Round Plates In Bulk-5\" class=\"wp-image-4592\" srcset=\"https:\/\/www.yongjianceramic.com\/wp-content\/uploads\/2025\/04\/custom-made-crockeryceramic-plate-manufacturerceramic-dinner-set-wholesale-1.webp 800w, https:\/\/www.yongjianceramic.com\/wp-content\/uploads\/2025\/04\/custom-made-crockeryceramic-plate-manufacturerceramic-dinner-set-wholesale-1-300x300.webp 300w, https:\/\/www.yongjianceramic.com\/wp-content\/uploads\/2025\/04\/custom-made-crockeryceramic-plate-manufacturerceramic-dinner-set-wholesale-1-150x150.webp 150w, https:\/\/www.yongjianceramic.com\/wp-content\/uploads\/2025\/04\/custom-made-crockeryceramic-plate-manufacturerceramic-dinner-set-wholesale-1-768x768.webp 768w, https:\/\/www.yongjianceramic.com\/wp-content\/uploads\/2025\/04\/custom-made-crockeryceramic-plate-manufacturerceramic-dinner-set-wholesale-1-12x12.webp 12w, https:\/\/www.yongjianceramic.com\/wp-content\/uploads\/2025\/04\/custom-made-crockeryceramic-plate-manufacturerceramic-dinner-set-wholesale-1-285x285.webp 285w, https:\/\/www.yongjianceramic.com\/wp-content\/uploads\/2025\/04\/custom-made-crockeryceramic-plate-manufacturerceramic-dinner-set-wholesale-1-270x270.webp 270w, https:\/\/www.yongjianceramic.com\/wp-content\/uploads\/2025\/04\/custom-made-crockeryceramic-plate-manufacturerceramic-dinner-set-wholesale-1-540x540.webp 540w, https:\/\/www.yongjianceramic.com\/wp-content\/uploads\/2025\/04\/custom-made-crockeryceramic-plate-manufacturerceramic-dinner-set-wholesale-1-660x660.webp 660w\" sizes=\"(max-width: 800px) 100vw, 800px\" \/><\/figure>\n<\/div>\n<\/div>","protected":false},"excerpt":{"rendered":"<div class=\"lRu31\" dir=\"ltr\">Nous vous invitons \u00e0 acheter des assiettes \u00e0 d\u00eener en c\u00e9ramique en gros. Ces assiettes profondes de 8 pouces utilisent la technologie de l'\u00e9mail r\u00e9actif, ont une couleur d'\u00e9mail unique et naturelle, une forme pratique et belle, et conviennent \u00e0 une grande vari\u00e9t\u00e9 de plats. <\/p>\n<div class=\"OvtS8d\">\n<table style=\"border-collapse: collapse; width: 327.02pt;\" border=\"0\" width=\"654\" cellspacing=\"0\" cellpadding=\"0\">\n<tbody>\n<tr style=\"height: 16.50pt;\">\n<td class=\"et3\" style=\"height: 16.50pt; width: 127.20pt;\" width=\"254\" height=\"33\">Fabricant<\/td>\n<td class=\"et3\" style=\"width: 200.15pt;\" width=\"400\">Yongjian<\/td>\n<\/tr>\n<tr style=\"height: 16.50pt;\">\n<td class=\"et3\" style=\"height: 16.50pt;\" height=\"33\">Num\u00e9ro de mod\u00e8le<\/td>\n<td class=\"et4\" style=\"width: 200.15pt;\" width=\"400\">YJ-122<\/td>\n<\/tr>\n<tr style=\"height: 16.50pt;\">\n<td class=\"et3\" style=\"height: 16.50pt;\" height=\"33\">Type de produit<\/td>\n<td class=\"et3\">Assiette creuse<\/td>\n<\/tr>\n<tr style=\"height: 16.50pt;\">\n<td class=\"et3\" style=\"height: 16.50pt;\" height=\"33\">Mat\u00e9riau<\/td>\n<td class=\"et3\">Porcelaine<\/td>\n<\/tr>\n<tr style=\"height: 16.50pt;\">\n<td class=\"et5\" style=\"height: 16.50pt;\" height=\"33\">Couleur<\/td>\n<td class=\"et3\">En tant qu'image<\/td>\n<\/tr>\n<tr style=\"height: 16.50pt;\">\n<td class=\"et3\" style=\"height: 16.50pt;\" height=\"33\">Dimension<\/td>\n<td class=\"et6\" style=\"width: 200.15pt;\" width=\"400\">20.5*20.5*4.2cm<\/td>\n<\/tr>\n<tr style=\"height: 16.50pt;\">\n<td class=\"et3\" style=\"height: 16.50pt;\" height=\"33\">MOQ<\/td>\n<td class=\"et3\">500pcs<\/td>\n<\/tr>\n<tr style=\"height: 16.50pt;\">\n<td class=\"et3\" style=\"height: 16.50pt;\" height=\"33\">Sur mesure<\/td>\n<td class=\"et3\">Couleur\/Taille\/Logo\/Emballage<\/td>\n<\/tr>\n<\/tbody>\n<\/table>\n<\/div>\n<div id=\"ow23\">\u00a0<\/div>\n<\/div>\n<div dir=\"ltr\">\u00a0<\/div>\n<div class=\"UdTY9 WdefRb\" aria-hidden=\"true\" data-location=\"2\">\u00a0<\/div>","protected":false},"featured_media":4602,"comment_status":"closed","ping_status":"closed","template":"","meta":{"_acf_changed":false},"product_brand":[],"product_cat":[62,77,93,76],"product_tag":[88,81],"class_list":{"0":"post-4591","1":"product","2":"type-product","3":"status-publish","4":"has-post-thumbnail","6":"product_cat-ceramic-plates-wholesale","7":"product_cat-deep-plates-wholesale","8":"product_cat-bulk-dinner-plates","9":"product_cat-wholesale-serving-platters","10":"product_tag-japanese-style-dinnerware-set-wholesale","11":"product_tag-modern-design-dinnerware-set-wholesale","13":"first","14":"instock","15":"shipping-taxable","16":"product-type-simple"},"acf":[],"_links":{"self":[{"href":"https:\/\/www.yongjianceramic.com\/fr\/wp-json\/wp\/v2\/product\/4591","targetHints":{"allow":["GET"]}}],"collection":[{"href":"https:\/\/www.yongjianceramic.com\/fr\/wp-json\/wp\/v2\/product"}],"about":[{"href":"https:\/\/www.yongjianceramic.com\/fr\/wp-json\/wp\/v2\/types\/product"}],"replies":[{"embeddable":true,"href":"https:\/\/www.yongjianceramic.com\/fr\/wp-json\/wp\/v2\/comments?post=4591"}],"wp:featuredmedia":[{"embeddable":true,"href":"https:\/\/www.yongjianceramic.com\/fr\/wp-json\/wp\/v2\/media\/4602"}],"wp:attachment":[{"href":"https:\/\/www.yongjianceramic.com\/fr\/wp-json\/wp\/v2\/media?parent=4591"}],"wp:term":[{"taxonomy":"product_brand","embeddable":true,"href":"https:\/\/www.yongjianceramic.com\/fr\/wp-json\/wp\/v2\/product_brand?post=4591"},{"taxonomy":"product_cat","embeddable":true,"href":"https:\/\/www.yongjianceramic.com\/fr\/wp-json\/wp\/v2\/product_cat?post=4591"},{"taxonomy":"product_tag","embeddable":true,"href":"https:\/\/www.yongjianceramic.com\/fr\/wp-json\/wp\/v2\/product_tag?post=4591"}],"curies":[{"name":"wp","href":"https:\/\/api.w.org\/{rel}","templated":true}]}}