{"id":4634,"date":"2025-05-06T15:20:40","date_gmt":"2025-05-06T07:20:40","guid":{"rendered":"https:\/\/www.yongjianceramic.com\/?post_type=product&#038;p=4634"},"modified":"2025-05-06T15:20:43","modified_gmt":"2025-05-06T07:20:43","slug":"wholesale-dinner-sets","status":"publish","type":"product","link":"https:\/\/www.yongjianceramic.com\/fr\/produit\/wholesale-dinner-sets\/","title":{"rendered":"Service de vaisselle en gros \u00e0 \u00e9mail r\u00e9actif, vaisselle commerciale"},"content":{"rendered":"<div class=\"wp-block-columns is-layout-flex wp-container-core-columns-is-layout-9d6595d7 wp-block-columns-is-layout-flex\">\n<div class=\"wp-block-column is-layout-flow wp-block-column-is-layout-flow\">\n<h2 class=\"wp-block-heading\">Premium Wholesale Dinner Sets Caract\u00e9ristiques :<\/h2>\n\n\n\n<ul class=\"wp-block-list\">\n<li><strong>Double configuration de la vaisselle, pratique et attentionn\u00e9e : <\/strong>Nos sets de table en gros comprennent la combinaison de base de bol et d'assiette n\u00e9cessaire, convenant aux couples, aux familles ou aux h\u00f4tels pour des repas \u00e0 deux personnes, avec un assortiment raisonnable et une grande praticit\u00e9.<\/li>\n\n\n\n<li><strong>Texture marbr\u00e9e, texture de haute qualit\u00e9 : <\/strong>Ces ensembles de vaisselle commerciale en vrac adoptent un design en marbre, et la texture naturelle est \u00e9chelonn\u00e9e, cr\u00e9ant une atmosph\u00e8re calme et \u00e9l\u00e9gante autour de la table \u00e0 manger.<\/li>\n\n\n\n<li><strong>Technologie de gla\u00e7age r\u00e9actif, couches de couleurs riches : <\/strong>Gr\u00e2ce \u00e0 la technologie de gla\u00e7age par r\u00e9action au four, chaque pi\u00e8ce de ces services de table en gros pr\u00e9sente une texture l\u00e9g\u00e8rement diff\u00e9rente, unique et artistique.<\/li>\n\n\n\n<li><strong>Convient aux h\u00f4tels et aux lieux de restauration haut de gamme : <\/strong>Cuisson c\u00e9ramique \u00e0 haute temp\u00e9rature, r\u00e9sistante \u00e0 la chaleur et \u00e0 l'usure, avec une structure stable, nos ensembles de vaisselle commerciale en vrac sont largement utilis\u00e9s dans les sc\u00e8nes commerciales telles que les h\u00f4tels, les restaurants haut de gamme et les s\u00e9jours chez l'habitant, les logos personnalisables et la prise en charge des achats en vrac.<\/li>\n<\/ul>\n<\/div>\n\n\n\n<div class=\"wp-block-column is-layout-flow wp-block-column-is-layout-flow\">\n<figure class=\"wp-block-image size-full\"><img fetchpriority=\"high\" decoding=\"async\" width=\"800\" height=\"800\" src=\"https:\/\/www.yongjianceramic.com\/wp-content\/uploads\/2025\/05\/china-dinnerwarewholesale-and-custom-ceramic-platesceramic-bowl-supplier-2.webp\" alt=\"Service de table en gros \u00e0 \u00e9mail r\u00e9actif, vaisselle commerciale-2\" class=\"wp-image-4636\" srcset=\"https:\/\/www.yongjianceramic.com\/wp-content\/uploads\/2025\/05\/china-dinnerwarewholesale-and-custom-ceramic-platesceramic-bowl-supplier-2.webp 800w, https:\/\/www.yongjianceramic.com\/wp-content\/uploads\/2025\/05\/china-dinnerwarewholesale-and-custom-ceramic-platesceramic-bowl-supplier-2-300x300.webp 300w, https:\/\/www.yongjianceramic.com\/wp-content\/uploads\/2025\/05\/china-dinnerwarewholesale-and-custom-ceramic-platesceramic-bowl-supplier-2-150x150.webp 150w, https:\/\/www.yongjianceramic.com\/wp-content\/uploads\/2025\/05\/china-dinnerwarewholesale-and-custom-ceramic-platesceramic-bowl-supplier-2-768x768.webp 768w, https:\/\/www.yongjianceramic.com\/wp-content\/uploads\/2025\/05\/china-dinnerwarewholesale-and-custom-ceramic-platesceramic-bowl-supplier-2-12x12.webp 12w, https:\/\/www.yongjianceramic.com\/wp-content\/uploads\/2025\/05\/china-dinnerwarewholesale-and-custom-ceramic-platesceramic-bowl-supplier-2-285x285.webp 285w, https:\/\/www.yongjianceramic.com\/wp-content\/uploads\/2025\/05\/china-dinnerwarewholesale-and-custom-ceramic-platesceramic-bowl-supplier-2-270x270.webp 270w, https:\/\/www.yongjianceramic.com\/wp-content\/uploads\/2025\/05\/china-dinnerwarewholesale-and-custom-ceramic-platesceramic-bowl-supplier-2-540x540.webp 540w, https:\/\/www.yongjianceramic.com\/wp-content\/uploads\/2025\/05\/china-dinnerwarewholesale-and-custom-ceramic-platesceramic-bowl-supplier-2-660x660.webp 660w\" sizes=\"(max-width: 800px) 100vw, 800px\" \/><\/figure>\n<\/div>\n<\/div>","protected":false},"excerpt":{"rendered":"<p>Bienvenue sur le march\u00e9 de la vaisselle commerciale en vrac. Nos services de vaisselle en gros combinent des motifs de marbre et une technologie de gla\u00e7age r\u00e9actif pour pr\u00e9senter un effet visuel naturel et \u00e9l\u00e9gant. Ils ont une configuration raisonnable et une texture de haute qualit\u00e9, convenant aux h\u00f4tels, aux restaurants haut de gamme et aux sc\u00e8nes de vie exquises.<\/p>\n<table style=\"border-collapse: collapse; width: 327.02pt;\" border=\"0\" width=\"654\" cellspacing=\"0\" cellpadding=\"0\">\n<tbody>\n<tr style=\"height: 16.50pt;\">\n<td class=\"et3\" style=\"height: 16.50pt; width: 127.20pt;\" width=\"254\" height=\"33\">Fabricant<\/td>\n<td class=\"et3\" style=\"width: 200.15pt;\" width=\"400\">Yongjian<\/td>\n<\/tr>\n<tr style=\"height: 16.50pt;\">\n<td class=\"et3\" style=\"height: 16.50pt;\" height=\"33\">Num\u00e9ro de mod\u00e8le<\/td>\n<td class=\"et4\" style=\"width: 200.15pt;\" width=\"400\">YJ-124<\/td>\n<\/tr>\n<tr style=\"height: 16.50pt;\">\n<td class=\"et5\" style=\"height: 16.50pt; width: 127.20pt;\" width=\"254\" height=\"33\">Type de vaisselle<\/td>\n<td class=\"et5\" style=\"width: 200.15pt;\" width=\"400\">Plateaux, assiettes, bols<\/td>\n<\/tr>\n<tr style=\"height: 16.50pt;\">\n<td class=\"et3\" style=\"height: 16.50pt;\" height=\"33\">Technique<\/td>\n<td class=\"et3\">Effet de gla\u00e7age au four<\/td>\n<\/tr>\n<tr style=\"height: 16.50pt;\">\n<td class=\"et3\" style=\"height: 16.50pt;\" height=\"33\">Mat\u00e9riau<\/td>\n<td class=\"et3\">Porcelaine<\/td>\n<\/tr>\n<tr style=\"height: 33.00pt;\">\n<td class=\"et6\" style=\"height: 33.00pt;\" height=\"66\">Applicable<\/td>\n<td class=\"et5\" style=\"width: 200.15pt;\" width=\"400\">St\u00e9rilisateur, lave-vaisselle, four, micro-ondes<\/td>\n<\/tr>\n<tr style=\"height: 16.50pt;\">\n<td class=\"et3\" style=\"height: 16.50pt;\" height=\"33\">Dimension<\/td>\n<td class=\"et3\">En tant qu'image<\/td>\n<\/tr>\n<tr style=\"height: 16.50pt;\">\n<td class=\"et3\" style=\"height: 16.50pt;\" height=\"33\">MOQ<\/td>\n<td class=\"et3\">500pcs<\/td>\n<\/tr>\n<tr style=\"height: 16.50pt;\">\n<td class=\"et3\" style=\"height: 16.50pt;\" height=\"33\">Sur mesure<\/td>\n<td class=\"et3\">Couleur\/Taille\/Logo\/Emballage<\/td>\n<\/tr>\n<\/tbody>\n<\/table>","protected":false},"featured_media":4639,"comment_status":"closed","ping_status":"closed","template":"","meta":{"_acf_changed":false},"product_brand":[],"product_cat":[64,87,85],"product_tag":[88,86],"class_list":{"0":"post-4634","1":"product","2":"type-product","3":"status-publish","4":"has-post-thumbnail","6":"product_cat-dinnerware-sets","7":"product_cat-tableware-wholesale","8":"product_cat-wholesale-dinnerware-sets","9":"product_tag-japanese-style-dinnerware-set-wholesale","10":"product_tag-oriental-style-dinnerware-wholesale","12":"first","13":"instock","14":"shipping-taxable","15":"product-type-simple"},"acf":[],"_links":{"self":[{"href":"https:\/\/www.yongjianceramic.com\/fr\/wp-json\/wp\/v2\/product\/4634","targetHints":{"allow":["GET"]}}],"collection":[{"href":"https:\/\/www.yongjianceramic.com\/fr\/wp-json\/wp\/v2\/product"}],"about":[{"href":"https:\/\/www.yongjianceramic.com\/fr\/wp-json\/wp\/v2\/types\/product"}],"replies":[{"embeddable":true,"href":"https:\/\/www.yongjianceramic.com\/fr\/wp-json\/wp\/v2\/comments?post=4634"}],"wp:featuredmedia":[{"embeddable":true,"href":"https:\/\/www.yongjianceramic.com\/fr\/wp-json\/wp\/v2\/media\/4639"}],"wp:attachment":[{"href":"https:\/\/www.yongjianceramic.com\/fr\/wp-json\/wp\/v2\/media?parent=4634"}],"wp:term":[{"taxonomy":"product_brand","embeddable":true,"href":"https:\/\/www.yongjianceramic.com\/fr\/wp-json\/wp\/v2\/product_brand?post=4634"},{"taxonomy":"product_cat","embeddable":true,"href":"https:\/\/www.yongjianceramic.com\/fr\/wp-json\/wp\/v2\/product_cat?post=4634"},{"taxonomy":"product_tag","embeddable":true,"href":"https:\/\/www.yongjianceramic.com\/fr\/wp-json\/wp\/v2\/product_tag?post=4634"}],"curies":[{"name":"wp","href":"https:\/\/api.w.org\/{rel}","templated":true}]}}