{"id":4641,"date":"2025-05-06T14:42:15","date_gmt":"2025-05-06T06:42:15","guid":{"rendered":"https:\/\/www.yongjianceramic.com\/?post_type=product&#038;p=4641"},"modified":"2025-05-06T14:42:17","modified_gmt":"2025-05-06T06:42:17","slug":"wholesale-pasta-bowls","status":"publish","type":"product","link":"https:\/\/www.yongjianceramic.com\/fr\/produit\/wholesale-pasta-bowls\/","title":{"rendered":"7.5 Inch Gradient Wholesale Pasta Bowls, Ceramic Bowls Bulk"},"content":{"rendered":"<div class=\"wp-block-columns is-layout-flex wp-container-core-columns-is-layout-9d6595d7 wp-block-columns-is-layout-flex\">\n<div class=\"wp-block-column is-layout-flow wp-block-column-is-layout-flow\">\n<h2 class=\"wp-block-heading\">Bols \u00e0 p\u00e2tes Premium Wholesale Caract\u00e9ristiques :<\/h2>\n\n\n\n<ul class=\"wp-block-list\">\n<li><strong>Technologie de gla\u00e7age r\u00e9actif, pr\u00e9sentation unique des couleurs : <\/strong>Nos bols \u00e0 p\u00e2tes en gros sont fabriqu\u00e9s \u00e0 l'aide d'une technologie traditionnelle de changement de four, la gla\u00e7ure coule naturellement et pr\u00e9sente des couches distinctes. Chaque assiette pr\u00e9sente un effet unique, avec un grand sens de la beaut\u00e9 artisanale.<\/li>\n\n\n\n<li><strong>Taille de 7,5 pouces, largement applicable : <\/strong>D'un calibre mod\u00e9r\u00e9, nos bols en c\u00e9ramique en vrac peuvent \u00eatre utilis\u00e9s pour les p\u00e2tes, la salade, le riz, les desserts et d'autres repas quotidiens, \u00e0 la fois pratiques et beaux.<\/li>\n\n\n\n<li><strong>Plaque profonde incurv\u00e9e, conception anti-d\u00e9bordement : <\/strong>Ces bols \u00e0 p\u00e2tes en gros sont l\u00e9g\u00e8rement profonds, ce qui emp\u00eache efficacement la soupe de d\u00e9border, am\u00e9liore l'exp\u00e9rience culinaire et convient \u00e0 une vari\u00e9t\u00e9 de plats \u00e0 la maison ou au restaurant.<\/li>\n\n\n\n<li><strong>Convient \u00e0 la restauration domestique et commerciale : <\/strong>Avec leur forme \u00e9l\u00e9gante et leur texture solide, ces bols en c\u00e9ramique en vrac conviennent \u00e0 un usage quotidien \u00e0 la maison, dans les caf\u00e9s, les restaurants et autres lieux. Ils peuvent recevoir des logos personnalis\u00e9s et des commandes en vrac.<\/li>\n<\/ul>\n<\/div>\n\n\n\n<div class=\"wp-block-column is-layout-flow wp-block-column-is-layout-flow\">\n<figure class=\"wp-block-image size-full\"><img fetchpriority=\"high\" decoding=\"async\" width=\"800\" height=\"800\" src=\"https:\/\/www.yongjianceramic.com\/wp-content\/uploads\/2025\/05\/bulk-pasta-bowlscustom-dinner-platescustom-made-ceramic-dinnerware-8.webp\" alt=\"7.5 Inch Gradient Wholesale Pasta Bowls, Ceramic Bowls Bulk-4\" class=\"wp-image-4649\" srcset=\"https:\/\/www.yongjianceramic.com\/wp-content\/uploads\/2025\/05\/bulk-pasta-bowlscustom-dinner-platescustom-made-ceramic-dinnerware-8.webp 800w, https:\/\/www.yongjianceramic.com\/wp-content\/uploads\/2025\/05\/bulk-pasta-bowlscustom-dinner-platescustom-made-ceramic-dinnerware-8-300x300.webp 300w, https:\/\/www.yongjianceramic.com\/wp-content\/uploads\/2025\/05\/bulk-pasta-bowlscustom-dinner-platescustom-made-ceramic-dinnerware-8-150x150.webp 150w, https:\/\/www.yongjianceramic.com\/wp-content\/uploads\/2025\/05\/bulk-pasta-bowlscustom-dinner-platescustom-made-ceramic-dinnerware-8-768x768.webp 768w, https:\/\/www.yongjianceramic.com\/wp-content\/uploads\/2025\/05\/bulk-pasta-bowlscustom-dinner-platescustom-made-ceramic-dinnerware-8-12x12.webp 12w, https:\/\/www.yongjianceramic.com\/wp-content\/uploads\/2025\/05\/bulk-pasta-bowlscustom-dinner-platescustom-made-ceramic-dinnerware-8-285x285.webp 285w, https:\/\/www.yongjianceramic.com\/wp-content\/uploads\/2025\/05\/bulk-pasta-bowlscustom-dinner-platescustom-made-ceramic-dinnerware-8-270x270.webp 270w, https:\/\/www.yongjianceramic.com\/wp-content\/uploads\/2025\/05\/bulk-pasta-bowlscustom-dinner-platescustom-made-ceramic-dinnerware-8-540x540.webp 540w, https:\/\/www.yongjianceramic.com\/wp-content\/uploads\/2025\/05\/bulk-pasta-bowlscustom-dinner-platescustom-made-ceramic-dinnerware-8-660x660.webp 660w\" sizes=\"(max-width: 800px) 100vw, 800px\" \/><\/figure>\n<\/div>\n<\/div>","protected":false},"excerpt":{"rendered":"<p>Bienvenue \u00e0 l'achat de bols en c\u00e9ramique en gros. Nos bols \u00e0 p\u00e2tes en gros de 7,5 pouces sont cuits selon un proc\u00e9d\u00e9 unique d'\u00e9maillage r\u00e9actif. La couleur coule naturellement et la forme de l'assiette est pratique et \u00e9l\u00e9gante. Il convient pour servir toutes sortes d'aliments de base et de salades. C'est un choix id\u00e9al pour les familles et les lieux de restauration haut de gamme.<\/p>\n<table style=\"border-collapse: collapse; width: 327.02pt;\" border=\"0\" width=\"654\" cellspacing=\"0\" cellpadding=\"0\">\n<tbody>\n<tr style=\"height: 16.50pt;\">\n<td class=\"et3\" style=\"height: 16.50pt; width: 127.20pt;\" width=\"254\" height=\"33\">Fabricant<\/td>\n<td class=\"et3\" style=\"width: 200.15pt;\" width=\"400\">Yongjian<\/td>\n<\/tr>\n<tr style=\"height: 16.50pt;\">\n<td class=\"et3\" style=\"height: 16.50pt;\" height=\"33\">Num\u00e9ro de mod\u00e8le<\/td>\n<td class=\"et4\" style=\"width: 200.15pt;\" width=\"400\">YJ-125<\/td>\n<\/tr>\n<tr style=\"height: 16.50pt;\">\n<td class=\"et3\" style=\"height: 16.50pt;\" height=\"33\">Type de produit<\/td>\n<td class=\"et3\">Assiette plate<\/td>\n<\/tr>\n<tr style=\"height: 16.50pt;\">\n<td class=\"et3\" style=\"height: 16.50pt;\" height=\"33\">Mat\u00e9riau<\/td>\n<td class=\"et3\">Porcelaine<\/td>\n<\/tr>\n<tr style=\"height: 16.50pt;\">\n<td class=\"et5\" style=\"height: 16.50pt;\" height=\"33\">Couleur<\/td>\n<td class=\"et3\">En tant qu'image<\/td>\n<\/tr>\n<tr style=\"height: 16.50pt;\">\n<td class=\"et3\" style=\"height: 16.50pt;\" height=\"33\">Dimension<\/td>\n<td class=\"et6\" style=\"width: 200.15pt;\" width=\"400\">18*18*6cm<\/td>\n<\/tr>\n<tr style=\"height: 16.50pt;\">\n<td class=\"et3\" style=\"height: 16.50pt;\" height=\"33\">MOQ<\/td>\n<td class=\"et3\">500pcs<\/td>\n<\/tr>\n<tr style=\"height: 16.50pt;\">\n<td class=\"et3\" style=\"height: 16.50pt;\" height=\"33\">Sur mesure<\/td>\n<td class=\"et3\">Couleur\/Taille\/Logo\/Emballage<\/td>\n<\/tr>\n<\/tbody>\n<\/table>","protected":false},"featured_media":4642,"comment_status":"closed","ping_status":"closed","template":"","meta":{"_acf_changed":false},"product_brand":[],"product_cat":[63,74,73],"product_tag":[88,81],"class_list":{"0":"post-4641","1":"product","2":"type-product","3":"status-publish","4":"has-post-thumbnail","6":"product_cat-wholesale-bowls","7":"product_cat-bulk-serving-bowls","8":"product_cat-bulk-soup-bowls","9":"product_tag-japanese-style-dinnerware-set-wholesale","10":"product_tag-modern-design-dinnerware-set-wholesale","12":"first","13":"instock","14":"shipping-taxable","15":"product-type-simple"},"acf":[],"_links":{"self":[{"href":"https:\/\/www.yongjianceramic.com\/fr\/wp-json\/wp\/v2\/product\/4641","targetHints":{"allow":["GET"]}}],"collection":[{"href":"https:\/\/www.yongjianceramic.com\/fr\/wp-json\/wp\/v2\/product"}],"about":[{"href":"https:\/\/www.yongjianceramic.com\/fr\/wp-json\/wp\/v2\/types\/product"}],"replies":[{"embeddable":true,"href":"https:\/\/www.yongjianceramic.com\/fr\/wp-json\/wp\/v2\/comments?post=4641"}],"wp:featuredmedia":[{"embeddable":true,"href":"https:\/\/www.yongjianceramic.com\/fr\/wp-json\/wp\/v2\/media\/4642"}],"wp:attachment":[{"href":"https:\/\/www.yongjianceramic.com\/fr\/wp-json\/wp\/v2\/media?parent=4641"}],"wp:term":[{"taxonomy":"product_brand","embeddable":true,"href":"https:\/\/www.yongjianceramic.com\/fr\/wp-json\/wp\/v2\/product_brand?post=4641"},{"taxonomy":"product_cat","embeddable":true,"href":"https:\/\/www.yongjianceramic.com\/fr\/wp-json\/wp\/v2\/product_cat?post=4641"},{"taxonomy":"product_tag","embeddable":true,"href":"https:\/\/www.yongjianceramic.com\/fr\/wp-json\/wp\/v2\/product_tag?post=4641"}],"curies":[{"name":"wp","href":"https:\/\/api.w.org\/{rel}","templated":true}]}}