{"id":4653,"date":"2025-05-06T15:00:50","date_gmt":"2025-05-06T07:00:50","guid":{"rendered":"https:\/\/www.yongjianceramic.com\/?post_type=product&#038;p=4653"},"modified":"2025-05-06T15:00:54","modified_gmt":"2025-05-06T07:00:54","slug":"restaurant-dinner-plates-wholesale","status":"publish","type":"product","link":"https:\/\/www.yongjianceramic.com\/fr\/produit\/restaurant-dinner-plates-wholesale\/","title":{"rendered":"Assiettes \u00e0 d\u00eener de restaurant Wholesale, Assiettes en c\u00e9ramique \u00e0 feuilles de lotus"},"content":{"rendered":"<div class=\"wp-block-columns is-layout-flex wp-container-core-columns-is-layout-9d6595d7 wp-block-columns-is-layout-flex\">\n<div class=\"wp-block-column is-layout-flow wp-block-column-is-layout-flow\">\n<h2 class=\"wp-block-heading\">Premium Restaurant Dinner Plates Wholesale Caract\u00e9ristiques :<\/h2>\n\n\n\n<ul class=\"wp-block-list\">\n<li><strong>Design rond irr\u00e9gulier, r\u00e9tro et unique : <\/strong>Ces assiettes de restaurant en gros rompent avec la forme r\u00e9guli\u00e8re traditionnelle, le design irr\u00e9gulier avec des ondulations l\u00e9g\u00e8rement naturelles sur le bord cr\u00e9e une texture artisanale et un charme r\u00e9tro, soulignant la personnalit\u00e9 de la table \u00e0 manger.<\/li>\n\n\n\n<li><strong>Texture en bandes, riches d\u00e9tails tridimensionnels :<\/strong> Ces assiettes rondes en c\u00e9ramique pr\u00e9sentent en vrac des motifs de bandes exquis, qui ajoutent \u00e0 la superposition visuelle et tactile, et compl\u00e8tent l'aspect g\u00e9n\u00e9ral de l'assiette, offrant ainsi une exp\u00e9rience culinaire plus artistique.<\/li>\n\n\n\n<li><strong>Double s\u00e9lection de taille, adapt\u00e9e \u00e0 de multiples sc\u00e8nes : <\/strong>Nos assiettes de restaurant en gros sont con\u00e7ues dans des tailles de 8 pouces et 10 pouces, parfaites pour le dessert, l'entr\u00e9e ou le plat principal, respectivement. Elles conviennent parfaitement \u00e0 un usage quotidien \u00e0 la maison, \u00e0 une f\u00eate de mariage ou \u00e0 un restaurant haut de gamme.<\/li>\n\n\n\n<li><strong>C\u00e9ramique cuite \u00e0 haute temp\u00e9rature, r\u00e9sistante \u00e0 la chaleur et durable : <\/strong>Fabriqu\u00e9es en c\u00e9ramique de haute qualit\u00e9 et cuites \u00e0 haute temp\u00e9rature, avec une texture dense et une gla\u00e7ure brillante, nos assiettes rondes en c\u00e9ramique en vrac conviennent aux appareils de cuisine modernes tels que les fours \u00e0 micro-ondes et les lave-vaisselle.<\/li>\n<\/ul>\n<\/div>\n\n\n\n<div class=\"wp-block-column is-layout-flow wp-block-column-is-layout-flow\">\n<figure class=\"wp-block-image size-full\"><img fetchpriority=\"high\" decoding=\"async\" width=\"800\" height=\"800\" src=\"https:\/\/www.yongjianceramic.com\/wp-content\/uploads\/2025\/05\/bulk-ceramic-dinner-plates-for-weddingcrockery-wholesaleantique-china-tableware-7.webp\" alt=\"Assiettes \u00e0 d\u00eener de restaurant Wholesale, Assiettes rondes en c\u00e9ramique-4\" class=\"wp-image-4660\" srcset=\"https:\/\/www.yongjianceramic.com\/wp-content\/uploads\/2025\/05\/bulk-ceramic-dinner-plates-for-weddingcrockery-wholesaleantique-china-tableware-7.webp 800w, https:\/\/www.yongjianceramic.com\/wp-content\/uploads\/2025\/05\/bulk-ceramic-dinner-plates-for-weddingcrockery-wholesaleantique-china-tableware-7-300x300.webp 300w, https:\/\/www.yongjianceramic.com\/wp-content\/uploads\/2025\/05\/bulk-ceramic-dinner-plates-for-weddingcrockery-wholesaleantique-china-tableware-7-150x150.webp 150w, https:\/\/www.yongjianceramic.com\/wp-content\/uploads\/2025\/05\/bulk-ceramic-dinner-plates-for-weddingcrockery-wholesaleantique-china-tableware-7-768x768.webp 768w, https:\/\/www.yongjianceramic.com\/wp-content\/uploads\/2025\/05\/bulk-ceramic-dinner-plates-for-weddingcrockery-wholesaleantique-china-tableware-7-12x12.webp 12w, https:\/\/www.yongjianceramic.com\/wp-content\/uploads\/2025\/05\/bulk-ceramic-dinner-plates-for-weddingcrockery-wholesaleantique-china-tableware-7-285x285.webp 285w, https:\/\/www.yongjianceramic.com\/wp-content\/uploads\/2025\/05\/bulk-ceramic-dinner-plates-for-weddingcrockery-wholesaleantique-china-tableware-7-270x270.webp 270w, https:\/\/www.yongjianceramic.com\/wp-content\/uploads\/2025\/05\/bulk-ceramic-dinner-plates-for-weddingcrockery-wholesaleantique-china-tableware-7-540x540.webp 540w, https:\/\/www.yongjianceramic.com\/wp-content\/uploads\/2025\/05\/bulk-ceramic-dinner-plates-for-weddingcrockery-wholesaleantique-china-tableware-7-660x660.webp 660w\" sizes=\"(max-width: 800px) 100vw, 800px\" \/><\/figure>\n<\/div>\n<\/div>","protected":false},"excerpt":{"rendered":"<p>Nous vous invitons \u00e0 acheter des assiettes de restaurant en gros. Nos assiettes rondes en c\u00e9ramique de style r\u00e9tro adoptent une forme ronde irr\u00e9guli\u00e8re avec une texture ray\u00e9e, alliant beaut\u00e9 et praticit\u00e9. Elles sont disponibles dans les tailles 8 pouces et 10 pouces et conviennent \u00e0 l'usage familial quotidien, aux tables de banquet de mariage et aux lieux de restauration haut de gamme.<\/p>\n<table style=\"border-collapse: collapse; width: 327.02pt;\" border=\"0\" width=\"654\" cellspacing=\"0\" cellpadding=\"0\">\n<tbody>\n<tr style=\"height: 16.50pt;\">\n<td class=\"et3\" style=\"height: 16.50pt; width: 127.20pt;\" width=\"254\" height=\"33\">Fabricant<\/td>\n<td class=\"et3\" style=\"width: 200.15pt;\" width=\"400\">Yongjian<\/td>\n<\/tr>\n<tr style=\"height: 16.50pt;\">\n<td class=\"et3\" style=\"height: 16.50pt;\" height=\"33\">Num\u00e9ro de mod\u00e8le<\/td>\n<td class=\"et4\" style=\"width: 200.15pt;\" width=\"400\">YJ-126<\/td>\n<\/tr>\n<tr style=\"height: 16.50pt;\">\n<td class=\"et3\" style=\"height: 16.50pt;\" height=\"33\">Type de produit<\/td>\n<td class=\"et3\">Assiette plate<\/td>\n<\/tr>\n<tr style=\"height: 16.50pt;\">\n<td class=\"et3\" style=\"height: 16.50pt;\" height=\"33\">Mat\u00e9riau<\/td>\n<td class=\"et3\">Porcelaine<\/td>\n<\/tr>\n<tr style=\"height: 16.50pt;\">\n<td class=\"et5\" style=\"height: 16.50pt;\" height=\"33\">Couleur<\/td>\n<td class=\"et3\">En tant qu'image<\/td>\n<\/tr>\n<tr style=\"height: 33.00pt;\">\n<td class=\"et3\" style=\"height: 33.00pt;\" height=\"66\">Dimension<\/td>\n<td class=\"et6\" style=\"width: 200.15pt;\" width=\"400\">20.5*20.5*2cm 25.5*25.5*2.5cm<\/td>\n<\/tr>\n<tr style=\"height: 16.50pt;\">\n<td class=\"et3\" style=\"height: 16.50pt;\" height=\"33\">MOQ<\/td>\n<td class=\"et3\">500pcs<\/td>\n<\/tr>\n<tr style=\"height: 16.50pt;\">\n<td class=\"et3\" style=\"height: 16.50pt;\" height=\"33\">Sur mesure<\/td>\n<td class=\"et3\">Couleur\/Taille\/Logo\/Emballage<\/td>\n<\/tr>\n<\/tbody>\n<\/table>","protected":false},"featured_media":4657,"comment_status":"closed","ping_status":"closed","template":"","meta":{"_acf_changed":false},"product_brand":[],"product_cat":[62,93,76],"product_tag":[88,86],"class_list":{"0":"post-4653","1":"product","2":"type-product","3":"status-publish","4":"has-post-thumbnail","6":"product_cat-ceramic-plates-wholesale","7":"product_cat-bulk-dinner-plates","8":"product_cat-wholesale-serving-platters","9":"product_tag-japanese-style-dinnerware-set-wholesale","10":"product_tag-oriental-style-dinnerware-wholesale","12":"first","13":"instock","14":"shipping-taxable","15":"product-type-simple"},"acf":[],"_links":{"self":[{"href":"https:\/\/www.yongjianceramic.com\/fr\/wp-json\/wp\/v2\/product\/4653","targetHints":{"allow":["GET"]}}],"collection":[{"href":"https:\/\/www.yongjianceramic.com\/fr\/wp-json\/wp\/v2\/product"}],"about":[{"href":"https:\/\/www.yongjianceramic.com\/fr\/wp-json\/wp\/v2\/types\/product"}],"replies":[{"embeddable":true,"href":"https:\/\/www.yongjianceramic.com\/fr\/wp-json\/wp\/v2\/comments?post=4653"}],"wp:featuredmedia":[{"embeddable":true,"href":"https:\/\/www.yongjianceramic.com\/fr\/wp-json\/wp\/v2\/media\/4657"}],"wp:attachment":[{"href":"https:\/\/www.yongjianceramic.com\/fr\/wp-json\/wp\/v2\/media?parent=4653"}],"wp:term":[{"taxonomy":"product_brand","embeddable":true,"href":"https:\/\/www.yongjianceramic.com\/fr\/wp-json\/wp\/v2\/product_brand?post=4653"},{"taxonomy":"product_cat","embeddable":true,"href":"https:\/\/www.yongjianceramic.com\/fr\/wp-json\/wp\/v2\/product_cat?post=4653"},{"taxonomy":"product_tag","embeddable":true,"href":"https:\/\/www.yongjianceramic.com\/fr\/wp-json\/wp\/v2\/product_tag?post=4653"}],"curies":[{"name":"wp","href":"https:\/\/api.w.org\/{rel}","templated":true}]}}