{"id":4663,"date":"2025-05-06T14:29:41","date_gmt":"2025-05-06T06:29:41","guid":{"rendered":"https:\/\/www.yongjianceramic.com\/?post_type=product&#038;p=4663"},"modified":"2025-05-06T14:29:44","modified_gmt":"2025-05-06T06:29:44","slug":"wholesale-serving-dishes","status":"publish","type":"product","link":"https:\/\/www.yongjianceramic.com\/fr\/produit\/wholesale-serving-dishes\/","title":{"rendered":"Assiettes de service en forme de feuille, Assiettes \u00e0 sushi en vrac"},"content":{"rendered":"<div class=\"wp-block-columns is-layout-flex wp-container-core-columns-is-layout-9d6595d7 wp-block-columns-is-layout-flex\">\n<div class=\"wp-block-column is-layout-flow wp-block-column-is-layout-flow\">\n<h2 class=\"wp-block-heading\">Premium Wholesale Serving Dishes Caract\u00e9ristiques :<\/h2>\n\n\n\n<ul class=\"wp-block-list\">\n<li><strong>Conception en forme de feuille, naturelle et flexible :<\/strong> Ces plats de service en gros adoptent un design unique en forme de feuille, avec des lignes douces, inspir\u00e9es des \u00e9l\u00e9ments naturels, ajoutant une touche de fra\u00eecheur et d'\u00e9l\u00e9gance \u00e0 la table \u00e0 manger.<\/li>\n\n\n\n<li><strong>Plusieurs options de couleurs, richement assorties : <\/strong>Nos assiettes Sushi en vrac offrent 4 options de couleurs de gla\u00e7age, chaque couleur a \u00e9t\u00e9 soigneusement m\u00e9lang\u00e9e et peut \u00eatre utilis\u00e9e en une seule couleur ou m\u00e9lang\u00e9e et assortie pour r\u00e9pondre aux besoins de diff\u00e9rents styles de restaurants et d'assortiment.<\/li>\n\n\n\n<li><strong>Gla\u00e7ure brillante, texture d\u00e9licate : <\/strong>La surface de ces plats de service en gros est trait\u00e9e avec une gla\u00e7ure brillante, la couleur est brillante et la r\u00e9flexion est douce, ce qui la rend plus haut de gamme, facile \u00e0 nettoyer et n'absorbe pas facilement les taches d'huile.<\/li>\n\n\n\n<li><strong>Convient aux h\u00f4tels et aux restaurants, avec possibilit\u00e9 de personnalisation :<\/strong> Ces assiettes \u00e0 sushi en vrac sont con\u00e7ues pour les environnements de restauration commerciale, elles peuvent \u00eatre utilis\u00e9es comme assiette principale, assiette \u00e0 dessert ou assiette de pr\u00e9sentation d\u00e9corative, et peuvent \u00eatre personnalis\u00e9es en fonction des besoins.<\/li>\n<\/ul>\n<\/div>\n\n\n\n<div class=\"wp-block-column is-layout-flow wp-block-column-is-layout-flow\">\n<figure class=\"wp-block-image size-full\"><img fetchpriority=\"high\" decoding=\"async\" width=\"800\" height=\"800\" src=\"https:\/\/www.yongjianceramic.com\/wp-content\/uploads\/2025\/05\/china-tablewarewholesale-and-custom-ceramic-platesbulk-dishes-3.webp\" alt=\"Assiettes de service en forme de feuille, assiettes \u00e0 sushi en gros Bulk-11\" class=\"wp-image-4665\" srcset=\"https:\/\/www.yongjianceramic.com\/wp-content\/uploads\/2025\/05\/china-tablewarewholesale-and-custom-ceramic-platesbulk-dishes-3.webp 800w, https:\/\/www.yongjianceramic.com\/wp-content\/uploads\/2025\/05\/china-tablewarewholesale-and-custom-ceramic-platesbulk-dishes-3-300x300.webp 300w, https:\/\/www.yongjianceramic.com\/wp-content\/uploads\/2025\/05\/china-tablewarewholesale-and-custom-ceramic-platesbulk-dishes-3-150x150.webp 150w, https:\/\/www.yongjianceramic.com\/wp-content\/uploads\/2025\/05\/china-tablewarewholesale-and-custom-ceramic-platesbulk-dishes-3-768x768.webp 768w, https:\/\/www.yongjianceramic.com\/wp-content\/uploads\/2025\/05\/china-tablewarewholesale-and-custom-ceramic-platesbulk-dishes-3-12x12.webp 12w, https:\/\/www.yongjianceramic.com\/wp-content\/uploads\/2025\/05\/china-tablewarewholesale-and-custom-ceramic-platesbulk-dishes-3-285x285.webp 285w, https:\/\/www.yongjianceramic.com\/wp-content\/uploads\/2025\/05\/china-tablewarewholesale-and-custom-ceramic-platesbulk-dishes-3-270x270.webp 270w, https:\/\/www.yongjianceramic.com\/wp-content\/uploads\/2025\/05\/china-tablewarewholesale-and-custom-ceramic-platesbulk-dishes-3-540x540.webp 540w, https:\/\/www.yongjianceramic.com\/wp-content\/uploads\/2025\/05\/china-tablewarewholesale-and-custom-ceramic-platesbulk-dishes-3-660x660.webp 660w\" sizes=\"(max-width: 800px) 100vw, 800px\" \/><\/figure>\n<\/div>\n<\/div>","protected":false},"excerpt":{"rendered":"<p>Nous vous invitons \u00e0 acheter des plats de service en gros. Nos assiettes \u00e0 sushi en c\u00e9ramique \u00e9maill\u00e9e en forme de feuille ont une forme unique et sont disponibles en quatre couleurs. Elles combinent une esth\u00e9tique naturelle avec des fonctions pratiques et conviennent \u00e0 une vari\u00e9t\u00e9 de lieux de restauration tels que les h\u00f4tels et les restaurants.<\/p>\n<table style=\"border-collapse: collapse; width: 327.02pt;\" border=\"0\" width=\"654\" cellspacing=\"0\" cellpadding=\"0\">\n<tbody>\n<tr style=\"height: 16.50pt;\">\n<td class=\"et3\" style=\"height: 16.50pt; width: 127.20pt;\" width=\"254\" height=\"33\">Fabricant<\/td>\n<td class=\"et3\" style=\"width: 200.15pt;\" width=\"400\">Yongjian<\/td>\n<\/tr>\n<tr style=\"height: 16.50pt;\">\n<td class=\"et3\" style=\"height: 16.50pt;\" height=\"33\">Num\u00e9ro de mod\u00e8le<\/td>\n<td class=\"et4\" style=\"width: 200.15pt;\" width=\"400\">YJ-127<\/td>\n<\/tr>\n<tr style=\"height: 16.50pt;\">\n<td class=\"et3\" style=\"height: 16.50pt;\" height=\"33\">Type de produit<\/td>\n<td class=\"et3\">Plat de service<\/td>\n<\/tr>\n<tr style=\"height: 16.50pt;\">\n<td class=\"et3\" style=\"height: 16.50pt;\" height=\"33\">Mat\u00e9riau<\/td>\n<td class=\"et3\">Porcelaine<\/td>\n<\/tr>\n<tr style=\"height: 16.50pt;\">\n<td class=\"et5\" style=\"height: 16.50pt;\" height=\"33\">Couleur<\/td>\n<td class=\"et3\">En tant qu'image<\/td>\n<\/tr>\n<tr style=\"height: 16.50pt;\">\n<td class=\"et3\" style=\"height: 16.50pt;\" height=\"33\">Dimension<\/td>\n<td class=\"et6\" style=\"width: 200.15pt;\" width=\"400\">27*8.5*2.6cm<\/td>\n<\/tr>\n<tr style=\"height: 16.50pt;\">\n<td class=\"et3\" style=\"height: 16.50pt;\" height=\"33\">MOQ<\/td>\n<td class=\"et3\">500pcs<\/td>\n<\/tr>\n<tr style=\"height: 16.50pt;\">\n<td class=\"et3\" style=\"height: 16.50pt;\" height=\"33\">Sur mesure<\/td>\n<td class=\"et3\">Couleur\/Taille\/Logo\/Emballage<\/td>\n<\/tr>\n<\/tbody>\n<\/table>","protected":false},"featured_media":4667,"comment_status":"closed","ping_status":"closed","template":"","meta":{"_acf_changed":false},"product_brand":[],"product_cat":[62,76],"product_tag":[88,81],"class_list":{"0":"post-4663","1":"product","2":"type-product","3":"status-publish","4":"has-post-thumbnail","6":"product_cat-ceramic-plates-wholesale","7":"product_cat-wholesale-serving-platters","8":"product_tag-japanese-style-dinnerware-set-wholesale","9":"product_tag-modern-design-dinnerware-set-wholesale","11":"first","12":"instock","13":"shipping-taxable","14":"product-type-simple"},"acf":[],"_links":{"self":[{"href":"https:\/\/www.yongjianceramic.com\/fr\/wp-json\/wp\/v2\/product\/4663","targetHints":{"allow":["GET"]}}],"collection":[{"href":"https:\/\/www.yongjianceramic.com\/fr\/wp-json\/wp\/v2\/product"}],"about":[{"href":"https:\/\/www.yongjianceramic.com\/fr\/wp-json\/wp\/v2\/types\/product"}],"replies":[{"embeddable":true,"href":"https:\/\/www.yongjianceramic.com\/fr\/wp-json\/wp\/v2\/comments?post=4663"}],"wp:featuredmedia":[{"embeddable":true,"href":"https:\/\/www.yongjianceramic.com\/fr\/wp-json\/wp\/v2\/media\/4667"}],"wp:attachment":[{"href":"https:\/\/www.yongjianceramic.com\/fr\/wp-json\/wp\/v2\/media?parent=4663"}],"wp:term":[{"taxonomy":"product_brand","embeddable":true,"href":"https:\/\/www.yongjianceramic.com\/fr\/wp-json\/wp\/v2\/product_brand?post=4663"},{"taxonomy":"product_cat","embeddable":true,"href":"https:\/\/www.yongjianceramic.com\/fr\/wp-json\/wp\/v2\/product_cat?post=4663"},{"taxonomy":"product_tag","embeddable":true,"href":"https:\/\/www.yongjianceramic.com\/fr\/wp-json\/wp\/v2\/product_tag?post=4663"}],"curies":[{"name":"wp","href":"https:\/\/api.w.org\/{rel}","templated":true}]}}