{"id":4719,"date":"2025-05-10T11:41:17","date_gmt":"2025-05-10T03:41:17","guid":{"rendered":"https:\/\/www.yongjianceramic.com\/?post_type=product&#038;p=4719"},"modified":"2025-05-10T11:41:19","modified_gmt":"2025-05-10T03:41:19","slug":"tea-cups-in-bulk","status":"publish","type":"product","link":"https:\/\/www.yongjianceramic.com\/fr\/produit\/tea-cups-in-bulk\/","title":{"rendered":"Tasses \u00e0 th\u00e9 en c\u00e9ramique japonaise en vrac avec bo\u00eete cadeau"},"content":{"rendered":"<div class=\"wp-block-columns is-layout-flex wp-container-core-columns-is-layout-9d6595d7 wp-block-columns-is-layout-flex\">\n<div class=\"wp-block-column is-layout-flow wp-block-column-is-layout-flow\">\n<h2 class=\"wp-block-heading\">Tasses \u00e0 th\u00e9 de qualit\u00e9 sup\u00e9rieure en vrac Caract\u00e9ristiques :<\/h2>\n\n\n\n<ul class=\"wp-block-list\">\n<li><strong>Dessin anim\u00e9 cr\u00e9atif, plein d'entrain :<\/strong> Ces tasses \u00e0 th\u00e9 en vrac sont con\u00e7ues avec diff\u00e9rents motifs de dessins anim\u00e9s, avec des formes vives et int\u00e9ressantes, pleines d'esprit enfantin et de personnalit\u00e9, ce qui renforce le plaisir de boire du th\u00e9 et convient \u00e0 un usage familial quotidien ou comme cadeau.<\/li>\n\n\n\n<li><strong>Style japonais, forme exquise : <\/strong>Ces tasses en c\u00e9ramique en gros int\u00e8grent des \u00e9l\u00e9ments japonais simples, avec des lignes lisses et des tasses arrondies, qui sont \u00e0 la fois culturelles et modernes.<\/li>\n\n\n\n<li><strong>Emballage de couleur exquise, un bon choix pour les cadeaux : <\/strong>Ces tasses \u00e0 th\u00e9 en vrac sont soigneusement emball\u00e9es dans une bo\u00eete de couleur haut de gamme. Elles peuvent \u00eatre d'excellents cadeaux de vacances, des cadeaux d'entreprise ou des souvenirs, pratiques et m\u00e9morables.<\/li>\n\n\n\n<li><strong>C\u00e9ramique haute temp\u00e9rature, s\u00fbre et saine : <\/strong>Nos tasses en c\u00e9ramique ne contiennent pas de substances toxiques, sont r\u00e9sistantes \u00e0 la fissuration et \u00e0 la chaleur, et peuvent \u00eatre utilis\u00e9es tous les jours en toute s\u00e9curit\u00e9. Elles conviennent pour le caf\u00e9 chaud, le th\u00e9, le lait et d'autres boissons.<\/li>\n<\/ul>\n<\/div>\n\n\n\n<div class=\"wp-block-column is-layout-flow wp-block-column-is-layout-flow\">\n<figure class=\"wp-block-image size-full\"><img fetchpriority=\"high\" decoding=\"async\" width=\"800\" height=\"800\" src=\"https:\/\/www.yongjianceramic.com\/wp-content\/uploads\/2025\/05\/ceramic-dinnerware-wholesalewholesale-tableware-setchinese-ceramic-tea-cups-5.webp\" alt=\"Tasses \u00e0 th\u00e9 en c\u00e9ramique japonaise en vrac avec bo\u00eete cadeau-5\" class=\"wp-image-4724\" srcset=\"https:\/\/www.yongjianceramic.com\/wp-content\/uploads\/2025\/05\/ceramic-dinnerware-wholesalewholesale-tableware-setchinese-ceramic-tea-cups-5.webp 800w, https:\/\/www.yongjianceramic.com\/wp-content\/uploads\/2025\/05\/ceramic-dinnerware-wholesalewholesale-tableware-setchinese-ceramic-tea-cups-5-300x300.webp 300w, https:\/\/www.yongjianceramic.com\/wp-content\/uploads\/2025\/05\/ceramic-dinnerware-wholesalewholesale-tableware-setchinese-ceramic-tea-cups-5-150x150.webp 150w, https:\/\/www.yongjianceramic.com\/wp-content\/uploads\/2025\/05\/ceramic-dinnerware-wholesalewholesale-tableware-setchinese-ceramic-tea-cups-5-768x768.webp 768w, https:\/\/www.yongjianceramic.com\/wp-content\/uploads\/2025\/05\/ceramic-dinnerware-wholesalewholesale-tableware-setchinese-ceramic-tea-cups-5-12x12.webp 12w, https:\/\/www.yongjianceramic.com\/wp-content\/uploads\/2025\/05\/ceramic-dinnerware-wholesalewholesale-tableware-setchinese-ceramic-tea-cups-5-285x285.webp 285w, https:\/\/www.yongjianceramic.com\/wp-content\/uploads\/2025\/05\/ceramic-dinnerware-wholesalewholesale-tableware-setchinese-ceramic-tea-cups-5-270x270.webp 270w, https:\/\/www.yongjianceramic.com\/wp-content\/uploads\/2025\/05\/ceramic-dinnerware-wholesalewholesale-tableware-setchinese-ceramic-tea-cups-5-540x540.webp 540w, https:\/\/www.yongjianceramic.com\/wp-content\/uploads\/2025\/05\/ceramic-dinnerware-wholesalewholesale-tableware-setchinese-ceramic-tea-cups-5-660x660.webp 660w\" sizes=\"(max-width: 800px) 100vw, 800px\" \/><\/figure>\n<\/div>\n<\/div>","protected":false},"excerpt":{"rendered":"<p>Nous vous invitons \u00e0 acheter des tasses \u00e0 th\u00e9 en c\u00e9ramique en gros. Nos tasses en c\u00e9ramique japonaise de dessin anim\u00e9 ont des motifs diff\u00e9rents et sont emball\u00e9es dans des bo\u00eetes de couleur exquises. C'est un choix id\u00e9al pour boire du th\u00e9 \u00e0 la maison ou pour offrir lors de festivals.<\/p>\n<table style=\"border-collapse: collapse; width: 327.02pt;\" border=\"0\" width=\"654\" cellspacing=\"0\" cellpadding=\"0\">\n<tbody>\n<tr style=\"height: 16.50pt;\">\n<td class=\"et3\" style=\"height: 16.50pt; width: 127.20pt;\" width=\"254\" height=\"33\">Fabricant<\/td>\n<td class=\"et3\" style=\"width: 200.15pt;\" width=\"400\">Yongjian<\/td>\n<\/tr>\n<tr style=\"height: 16.50pt;\">\n<td class=\"et3\" style=\"height: 16.50pt;\" height=\"33\">Num\u00e9ro de mod\u00e8le<\/td>\n<td class=\"et4\" style=\"width: 200.15pt;\" width=\"400\">YJ-129<\/td>\n<\/tr>\n<tr style=\"height: 16.50pt;\">\n<td class=\"et3\" style=\"height: 16.50pt;\" height=\"33\">Type de produit<\/td>\n<td class=\"et3\">Tasses et soucoupes<\/td>\n<\/tr>\n<tr style=\"height: 16.50pt;\">\n<td class=\"et3\" style=\"height: 16.50pt;\" height=\"33\">Mat\u00e9riau<\/td>\n<td class=\"et3\">Porcelaine<\/td>\n<\/tr>\n<tr style=\"height: 16.50pt;\">\n<td class=\"et5\" style=\"height: 16.50pt;\" height=\"33\">Couleur<\/td>\n<td class=\"et3\">En tant qu'image<\/td>\n<\/tr>\n<tr style=\"height: 16.50pt;\">\n<td class=\"et3\" style=\"height: 16.50pt;\" height=\"33\">Dimension<\/td>\n<td class=\"et6\" style=\"width: 200.15pt;\" width=\"400\">7*7*7.8cm<\/td>\n<\/tr>\n<tr style=\"height: 16.50pt;\">\n<td class=\"et3\" style=\"height: 16.50pt;\" height=\"33\">MOQ<\/td>\n<td class=\"et3\">500pcs<\/td>\n<\/tr>\n<tr style=\"height: 16.50pt;\">\n<td class=\"et3\" style=\"height: 16.50pt;\" height=\"33\">Sur mesure<\/td>\n<td class=\"et3\">Couleur\/Taille\/Logo\/Emballage<\/td>\n<\/tr>\n<\/tbody>\n<\/table>","protected":false},"featured_media":4721,"comment_status":"closed","ping_status":"closed","template":"","meta":{"_acf_changed":false},"product_brand":[],"product_cat":[65,91],"product_tag":[88],"class_list":{"0":"post-4719","1":"product","2":"type-product","3":"status-publish","4":"has-post-thumbnail","6":"product_cat-wholesale-cups-and-mugs","7":"product_cat-wholesale-mugs","8":"product_tag-japanese-style-dinnerware-set-wholesale","10":"first","11":"instock","12":"shipping-taxable","13":"product-type-simple"},"acf":[],"_links":{"self":[{"href":"https:\/\/www.yongjianceramic.com\/fr\/wp-json\/wp\/v2\/product\/4719","targetHints":{"allow":["GET"]}}],"collection":[{"href":"https:\/\/www.yongjianceramic.com\/fr\/wp-json\/wp\/v2\/product"}],"about":[{"href":"https:\/\/www.yongjianceramic.com\/fr\/wp-json\/wp\/v2\/types\/product"}],"replies":[{"embeddable":true,"href":"https:\/\/www.yongjianceramic.com\/fr\/wp-json\/wp\/v2\/comments?post=4719"}],"wp:featuredmedia":[{"embeddable":true,"href":"https:\/\/www.yongjianceramic.com\/fr\/wp-json\/wp\/v2\/media\/4721"}],"wp:attachment":[{"href":"https:\/\/www.yongjianceramic.com\/fr\/wp-json\/wp\/v2\/media?parent=4719"}],"wp:term":[{"taxonomy":"product_brand","embeddable":true,"href":"https:\/\/www.yongjianceramic.com\/fr\/wp-json\/wp\/v2\/product_brand?post=4719"},{"taxonomy":"product_cat","embeddable":true,"href":"https:\/\/www.yongjianceramic.com\/fr\/wp-json\/wp\/v2\/product_cat?post=4719"},{"taxonomy":"product_tag","embeddable":true,"href":"https:\/\/www.yongjianceramic.com\/fr\/wp-json\/wp\/v2\/product_tag?post=4719"}],"curies":[{"name":"wp","href":"https:\/\/api.w.org\/{rel}","templated":true}]}}