{"id":4733,"date":"2025-05-10T11:23:18","date_gmt":"2025-05-10T03:23:18","guid":{"rendered":"https:\/\/www.yongjianceramic.com\/?post_type=product&#038;p=4733"},"modified":"2025-05-10T11:23:22","modified_gmt":"2025-05-10T03:23:22","slug":"wholesale-salad-bowls","status":"publish","type":"product","link":"https:\/\/www.yongjianceramic.com\/fr\/produit\/wholesale-salad-bowls\/","title":{"rendered":"8.25 Inch Salad Bowls Wholesale, Reactive Glazed Bowls Bulk (bols \u00e0 salade \u00e0 \u00e9mail r\u00e9actif en vrac)"},"content":{"rendered":"<div class=\"wp-block-columns is-layout-flex wp-container-core-columns-is-layout-9d6595d7 wp-block-columns-is-layout-flex\">\n<div class=\"wp-block-column is-layout-flow wp-block-column-is-layout-flow\">\n<h2 class=\"wp-block-heading\">Premium Wholesale Salad Bowls Caract\u00e9ristiques :<\/h2>\n\n\n\n<ul class=\"wp-block-list\">\n<li><strong>Vernis r\u00e9actif, couches riches : <\/strong>Ces saladiers en gros utilisent une technologie de changement de four \u00e0 haute temp\u00e9rature, la gla\u00e7ure coule naturellement, pr\u00e9sentant une texture de couleur unique, mettant en valeur la texture artisanale et l'atmosph\u00e8re artistique.<\/li>\n\n\n\n<li><strong>Trois options de couleurs, style polyvalent : <\/strong>Nos bols \u00e0 gla\u00e7ure r\u00e9active en vrac offrent trois combinaisons de couleurs classiques, qui peuvent \u00eatre librement assorties au style de la table pour r\u00e9pondre aux besoins de d\u00e9coration des diff\u00e9rents restaurants ou maisons.<\/li>\n\n\n\n<li><strong>Grande taille de 8,25 pouces, pratique et multifonctionnelle : <\/strong>Nos saladiers en gros ont un design large et profond, une capacit\u00e9 suffisante pour les salades, les p\u00e2tes, les rago\u00fbts, etc. et conviennent \u00e0 un usage quotidien et commercial.<\/li>\n\n\n\n<li><strong>C\u00e9ramique haute temp\u00e9rature, durable et facile \u00e0 nettoyer : <\/strong>Apr\u00e8s une cuisson \u00e0 haute temp\u00e9rature, ces bols en c\u00e9ramique sont robustes, r\u00e9sistants \u00e0 la chaleur et aux fissures, la gla\u00e7ure est lisse et n'absorbe pas facilement les taches d'huile, elle est facile \u00e0 nettoyer et convient \u00e0 une utilisation fr\u00e9quente.<\/li>\n<\/ul>\n<\/div>\n\n\n\n<div class=\"wp-block-column is-layout-flow wp-block-column-is-layout-flow\">\n<figure class=\"wp-block-image size-full\"><img fetchpriority=\"high\" decoding=\"async\" width=\"800\" height=\"800\" src=\"https:\/\/www.yongjianceramic.com\/wp-content\/uploads\/2025\/05\/ceramic-dinner-set-wholesalecustom-salad-bowlscrockery-factory-6.webp\" alt=\"8.25 Inch Wholesale Salad Bowls, Bols \u00e0 gla\u00e7age r\u00e9actif Bulk-6\" class=\"wp-image-4739\" srcset=\"https:\/\/www.yongjianceramic.com\/wp-content\/uploads\/2025\/05\/ceramic-dinner-set-wholesalecustom-salad-bowlscrockery-factory-6.webp 800w, https:\/\/www.yongjianceramic.com\/wp-content\/uploads\/2025\/05\/ceramic-dinner-set-wholesalecustom-salad-bowlscrockery-factory-6-300x300.webp 300w, https:\/\/www.yongjianceramic.com\/wp-content\/uploads\/2025\/05\/ceramic-dinner-set-wholesalecustom-salad-bowlscrockery-factory-6-150x150.webp 150w, https:\/\/www.yongjianceramic.com\/wp-content\/uploads\/2025\/05\/ceramic-dinner-set-wholesalecustom-salad-bowlscrockery-factory-6-768x768.webp 768w, https:\/\/www.yongjianceramic.com\/wp-content\/uploads\/2025\/05\/ceramic-dinner-set-wholesalecustom-salad-bowlscrockery-factory-6-12x12.webp 12w, https:\/\/www.yongjianceramic.com\/wp-content\/uploads\/2025\/05\/ceramic-dinner-set-wholesalecustom-salad-bowlscrockery-factory-6-285x285.webp 285w, https:\/\/www.yongjianceramic.com\/wp-content\/uploads\/2025\/05\/ceramic-dinner-set-wholesalecustom-salad-bowlscrockery-factory-6-270x270.webp 270w, https:\/\/www.yongjianceramic.com\/wp-content\/uploads\/2025\/05\/ceramic-dinner-set-wholesalecustom-salad-bowlscrockery-factory-6-540x540.webp 540w, https:\/\/www.yongjianceramic.com\/wp-content\/uploads\/2025\/05\/ceramic-dinner-set-wholesalecustom-salad-bowlscrockery-factory-6-660x660.webp 660w\" sizes=\"(max-width: 800px) 100vw, 800px\" \/><\/figure>\n<\/div>\n<\/div>","protected":false},"excerpt":{"rendered":"<p>Bienvenue sur le site d'achat en gros de saladiers. Ce saladier de 8,25 pouces en c\u00e9ramique \u00e9maill\u00e9e r\u00e9active en vrac utilise un processus d'\u00e9maillage unique et est disponible en trois couleurs. Il est \u00e0 la fois pratique et beau, et constitue une vaisselle id\u00e9ale pour les salades, les p\u00e2tes et d'autres plats \u00e0 la maison et au restaurant.<\/p>\n<table style=\"border-collapse: collapse; width: 327.02pt;\" border=\"0\" width=\"654\" cellspacing=\"0\" cellpadding=\"0\">\n<tbody>\n<tr style=\"height: 16.50pt;\">\n<td class=\"et3\" style=\"height: 16.50pt; width: 127.20pt;\" width=\"254\" height=\"33\">Fabricant<\/td>\n<td class=\"et3\" style=\"width: 200.15pt;\" width=\"400\">Yongjian<\/td>\n<\/tr>\n<tr style=\"height: 16.50pt;\">\n<td class=\"et3\" style=\"height: 16.50pt;\" height=\"33\">Num\u00e9ro de mod\u00e8le<\/td>\n<td class=\"et4\" style=\"width: 200.15pt;\" width=\"400\">YJ-130<\/td>\n<\/tr>\n<tr style=\"height: 16.50pt;\">\n<td class=\"et3\" style=\"height: 16.50pt;\" height=\"33\">Type de produit<\/td>\n<td class=\"et3\">Bols de soupe et de ramen<\/td>\n<\/tr>\n<tr style=\"height: 16.50pt;\">\n<td class=\"et3\" style=\"height: 16.50pt;\" height=\"33\">Mat\u00e9riau<\/td>\n<td class=\"et3\">Porcelaine<\/td>\n<\/tr>\n<tr style=\"height: 16.50pt;\">\n<td class=\"et5\" style=\"height: 16.50pt;\" height=\"33\">Couleur<\/td>\n<td class=\"et3\">En tant qu'image<\/td>\n<\/tr>\n<tr style=\"height: 16.50pt;\">\n<td class=\"et3\" style=\"height: 16.50pt;\" height=\"33\">Dimension<\/td>\n<td class=\"et6\" style=\"width: 200.15pt;\" width=\"400\">20*20*8.6cm<\/td>\n<\/tr>\n<tr style=\"height: 16.50pt;\">\n<td class=\"et3\" style=\"height: 16.50pt;\" height=\"33\">MOQ<\/td>\n<td class=\"et3\">500pcs<\/td>\n<\/tr>\n<tr style=\"height: 16.50pt;\">\n<td class=\"et3\" style=\"height: 16.50pt;\" height=\"33\">Sur mesure<\/td>\n<td class=\"et3\">Couleur\/Taille\/Logo\/Emballage<\/td>\n<\/tr>\n<\/tbody>\n<\/table>","protected":false},"featured_media":4735,"comment_status":"closed","ping_status":"closed","template":"","meta":{"_acf_changed":false},"product_brand":[],"product_cat":[63,74,73],"product_tag":[88,81],"class_list":{"0":"post-4733","1":"product","2":"type-product","3":"status-publish","4":"has-post-thumbnail","6":"product_cat-wholesale-bowls","7":"product_cat-bulk-serving-bowls","8":"product_cat-bulk-soup-bowls","9":"product_tag-japanese-style-dinnerware-set-wholesale","10":"product_tag-modern-design-dinnerware-set-wholesale","12":"first","13":"instock","14":"shipping-taxable","15":"product-type-simple"},"acf":[],"_links":{"self":[{"href":"https:\/\/www.yongjianceramic.com\/fr\/wp-json\/wp\/v2\/product\/4733","targetHints":{"allow":["GET"]}}],"collection":[{"href":"https:\/\/www.yongjianceramic.com\/fr\/wp-json\/wp\/v2\/product"}],"about":[{"href":"https:\/\/www.yongjianceramic.com\/fr\/wp-json\/wp\/v2\/types\/product"}],"replies":[{"embeddable":true,"href":"https:\/\/www.yongjianceramic.com\/fr\/wp-json\/wp\/v2\/comments?post=4733"}],"wp:featuredmedia":[{"embeddable":true,"href":"https:\/\/www.yongjianceramic.com\/fr\/wp-json\/wp\/v2\/media\/4735"}],"wp:attachment":[{"href":"https:\/\/www.yongjianceramic.com\/fr\/wp-json\/wp\/v2\/media?parent=4733"}],"wp:term":[{"taxonomy":"product_brand","embeddable":true,"href":"https:\/\/www.yongjianceramic.com\/fr\/wp-json\/wp\/v2\/product_brand?post=4733"},{"taxonomy":"product_cat","embeddable":true,"href":"https:\/\/www.yongjianceramic.com\/fr\/wp-json\/wp\/v2\/product_cat?post=4733"},{"taxonomy":"product_tag","embeddable":true,"href":"https:\/\/www.yongjianceramic.com\/fr\/wp-json\/wp\/v2\/product_tag?post=4733"}],"curies":[{"name":"wp","href":"https:\/\/api.w.org\/{rel}","templated":true}]}}