{"id":4743,"date":"2025-05-10T11:11:23","date_gmt":"2025-05-10T03:11:23","guid":{"rendered":"https:\/\/www.yongjianceramic.com\/?post_type=product&#038;p=4743"},"modified":"2025-05-10T11:11:26","modified_gmt":"2025-05-10T03:11:26","slug":"porcelain-dinner-plates-bulk","status":"publish","type":"product","link":"https:\/\/www.yongjianceramic.com\/fr\/produit\/porcelain-dinner-plates-bulk\/","title":{"rendered":"Assiettes \u00e0 d\u00eener en porcelaine en vrac, Assiettes \u00e0 p\u00e2tes Bols en gros"},"content":{"rendered":"<div class=\"wp-block-columns is-layout-flex wp-container-core-columns-is-layout-9d6595d7 wp-block-columns-is-layout-flex\">\n<div class=\"wp-block-column is-layout-flow wp-block-column-is-layout-flow\">\n<h2 class=\"wp-block-heading\">Assiettes \u00e0 d\u00eener en porcelaine de premi\u00e8re qualit\u00e9, en vrac :<\/h2>\n\n\n\n<ul class=\"wp-block-list\">\n<li><strong>Sp\u00e9cialement con\u00e7u pour les p\u00e2tes, profondeur mod\u00e9r\u00e9e : <\/strong>Combinant les caract\u00e9ristiques structurelles de l'assiette et du bol, ces assiettes \u00e0 d\u00eener en porcelaine en vrac conviennent pour les p\u00e2tes, la salade, le rago\u00fbt et d'autres plats, anti-d\u00e9bordement et anti-\u00e9claboussures, et am\u00e9liorent l'exp\u00e9rience culinaire.<\/li>\n\n\n\n<li><strong>Applicable dans de multiples sc\u00e9narios, convient aux mariages et aux restaurants : <\/strong>Avec leur forme \u00e9l\u00e9gante et leur texture de haute qualit\u00e9, nos assiettes et bols \u00e0 p\u00e2tes en gros conviennent aux occasions formelles telles que les banquets de mariage, les h\u00f4tels, les restaurants et les repas familiaux quotidiens, pratiques et \u00e9l\u00e9gants.<\/li>\n\n\n\n<li><strong>Conception personnalisable, prise en charge de mod\u00e8les exclusifs :<\/strong> Nos assiettes \u00e0 d\u00eener en porcelaine peuvent \u00eatre imprim\u00e9es en gros avec un LOGO ou des motifs exclusifs, ce qui permet de r\u00e9pondre aux besoins de personnalisation des restaurants ou des mariages, et de cr\u00e9er une vaisselle exclusive.<\/li>\n\n\n\n<li><strong>C\u00e9ramique de haute qualit\u00e9, cuisson \u00e0 haute temp\u00e9rature : <\/strong>La gla\u00e7ure est lisse et exquise, avec une technologie \u00e0 haute temp\u00e9rature, r\u00e9sistante \u00e0 la chaleur et durable. Ces assiettes et bols \u00e0 p\u00e2tes en gros sont compatibles avec les appareils de cuisine modernes tels que les fours \u00e0 micro-ondes et les lave-vaisselle, et faciles \u00e0 nettoyer et \u00e0 entretenir au quotidien.<\/li>\n<\/ul>\n<\/div>\n\n\n\n<div class=\"wp-block-column is-layout-flow wp-block-column-is-layout-flow\">\n<figure class=\"wp-block-image size-full\"><img fetchpriority=\"high\" decoding=\"async\" width=\"800\" height=\"800\" src=\"https:\/\/www.yongjianceramic.com\/wp-content\/uploads\/2025\/05\/custom-pasta-bowlswholesale-ceramic-dinnerwarewedding-plates-wholesale-4.webp\" alt=\"Assiettes \u00e0 d\u00eener en porcelaine en vrac, Assiettes \u00e0 p\u00e2tes Bols Wholesale-6\" class=\"wp-image-4747\" srcset=\"https:\/\/www.yongjianceramic.com\/wp-content\/uploads\/2025\/05\/custom-pasta-bowlswholesale-ceramic-dinnerwarewedding-plates-wholesale-4.webp 800w, https:\/\/www.yongjianceramic.com\/wp-content\/uploads\/2025\/05\/custom-pasta-bowlswholesale-ceramic-dinnerwarewedding-plates-wholesale-4-300x300.webp 300w, https:\/\/www.yongjianceramic.com\/wp-content\/uploads\/2025\/05\/custom-pasta-bowlswholesale-ceramic-dinnerwarewedding-plates-wholesale-4-150x150.webp 150w, https:\/\/www.yongjianceramic.com\/wp-content\/uploads\/2025\/05\/custom-pasta-bowlswholesale-ceramic-dinnerwarewedding-plates-wholesale-4-768x768.webp 768w, https:\/\/www.yongjianceramic.com\/wp-content\/uploads\/2025\/05\/custom-pasta-bowlswholesale-ceramic-dinnerwarewedding-plates-wholesale-4-12x12.webp 12w, https:\/\/www.yongjianceramic.com\/wp-content\/uploads\/2025\/05\/custom-pasta-bowlswholesale-ceramic-dinnerwarewedding-plates-wholesale-4-285x285.webp 285w, https:\/\/www.yongjianceramic.com\/wp-content\/uploads\/2025\/05\/custom-pasta-bowlswholesale-ceramic-dinnerwarewedding-plates-wholesale-4-270x270.webp 270w, https:\/\/www.yongjianceramic.com\/wp-content\/uploads\/2025\/05\/custom-pasta-bowlswholesale-ceramic-dinnerwarewedding-plates-wholesale-4-540x540.webp 540w, https:\/\/www.yongjianceramic.com\/wp-content\/uploads\/2025\/05\/custom-pasta-bowlswholesale-ceramic-dinnerwarewedding-plates-wholesale-4-660x660.webp 660w\" sizes=\"(max-width: 800px) 100vw, 800px\" \/><\/figure>\n<\/div>\n<\/div>","protected":false},"excerpt":{"rendered":"<p>Nous vous invitons \u00e0 acheter des assiettes \u00e0 d\u00eener en porcelaine en gros. Nos assiettes et bols \u00e0 p\u00e2tes en gros ont des designs simples et des sp\u00e9cifications vari\u00e9es, convenant \u00e0 un usage quotidien \u00e0 la maison et \u00e0 la restauration commerciale. Elles sont une combinaison id\u00e9ale de haute qualit\u00e9 et de praticit\u00e9. La vente en gros et la personnalisation sont les bienvenues.<\/p>\n<table style=\"border-collapse: collapse; width: 327.02pt;\" border=\"0\" width=\"654\" cellspacing=\"0\" cellpadding=\"0\">\n<tbody>\n<tr style=\"height: 16.50pt;\">\n<td class=\"et3\" style=\"height: 16.50pt; width: 127.20pt;\" width=\"254\" height=\"33\">Fabricant<\/td>\n<td class=\"et3\" style=\"width: 200.15pt;\" width=\"400\">Yongjian<\/td>\n<\/tr>\n<tr style=\"height: 16.50pt;\">\n<td class=\"et3\" style=\"height: 16.50pt;\" height=\"33\">Num\u00e9ro de mod\u00e8le<\/td>\n<td class=\"et4\" style=\"width: 200.15pt;\" width=\"400\">YJ-131<\/td>\n<\/tr>\n<tr style=\"height: 16.50pt;\">\n<td class=\"et3\" style=\"height: 16.50pt;\" height=\"33\">Type de produit<\/td>\n<td class=\"et3\">Saladiers et bols \u00e0 salade<\/td>\n<\/tr>\n<tr style=\"height: 16.50pt;\">\n<td class=\"et3\" style=\"height: 16.50pt;\" height=\"33\">Mat\u00e9riau<\/td>\n<td class=\"et3\">Porcelaine<\/td>\n<\/tr>\n<tr style=\"height: 16.50pt;\">\n<td class=\"et5\" style=\"height: 16.50pt;\" height=\"33\">Couleur<\/td>\n<td class=\"et3\">En tant qu'image<\/td>\n<\/tr>\n<tr style=\"height: 16.50pt;\">\n<td class=\"et3\" style=\"height: 16.50pt;\" height=\"33\">Dimension<\/td>\n<td class=\"et6\" style=\"width: 200.15pt;\" width=\"400\">22*22*6cm<\/td>\n<\/tr>\n<tr style=\"height: 16.50pt;\">\n<td class=\"et3\" style=\"height: 16.50pt;\" height=\"33\">MOQ<\/td>\n<td class=\"et3\">500pcs<\/td>\n<\/tr>\n<tr style=\"height: 16.50pt;\">\n<td class=\"et3\" style=\"height: 16.50pt;\" height=\"33\">Sur mesure<\/td>\n<td class=\"et3\">Couleur\/Taille\/Logo\/Emballage<\/td>\n<\/tr>\n<\/tbody>\n<\/table>","protected":false},"featured_media":4748,"comment_status":"closed","ping_status":"closed","template":"","meta":{"_acf_changed":false},"product_brand":[],"product_cat":[77,63,62,73],"product_tag":[81],"class_list":{"0":"post-4743","1":"product","2":"type-product","3":"status-publish","4":"has-post-thumbnail","6":"product_cat-deep-plates-wholesale","7":"product_cat-wholesale-bowls","8":"product_cat-ceramic-plates-wholesale","9":"product_cat-bulk-soup-bowls","10":"product_tag-modern-design-dinnerware-set-wholesale","12":"first","13":"instock","14":"shipping-taxable","15":"product-type-simple"},"acf":[],"_links":{"self":[{"href":"https:\/\/www.yongjianceramic.com\/fr\/wp-json\/wp\/v2\/product\/4743","targetHints":{"allow":["GET"]}}],"collection":[{"href":"https:\/\/www.yongjianceramic.com\/fr\/wp-json\/wp\/v2\/product"}],"about":[{"href":"https:\/\/www.yongjianceramic.com\/fr\/wp-json\/wp\/v2\/types\/product"}],"replies":[{"embeddable":true,"href":"https:\/\/www.yongjianceramic.com\/fr\/wp-json\/wp\/v2\/comments?post=4743"}],"wp:featuredmedia":[{"embeddable":true,"href":"https:\/\/www.yongjianceramic.com\/fr\/wp-json\/wp\/v2\/media\/4748"}],"wp:attachment":[{"href":"https:\/\/www.yongjianceramic.com\/fr\/wp-json\/wp\/v2\/media?parent=4743"}],"wp:term":[{"taxonomy":"product_brand","embeddable":true,"href":"https:\/\/www.yongjianceramic.com\/fr\/wp-json\/wp\/v2\/product_brand?post=4743"},{"taxonomy":"product_cat","embeddable":true,"href":"https:\/\/www.yongjianceramic.com\/fr\/wp-json\/wp\/v2\/product_cat?post=4743"},{"taxonomy":"product_tag","embeddable":true,"href":"https:\/\/www.yongjianceramic.com\/fr\/wp-json\/wp\/v2\/product_tag?post=4743"}],"curies":[{"name":"wp","href":"https:\/\/api.w.org\/{rel}","templated":true}]}}