{"id":4762,"date":"2025-05-19T17:36:59","date_gmt":"2025-05-19T09:36:59","guid":{"rendered":"https:\/\/www.yongjianceramic.com\/?post_type=product&#038;p=4762"},"modified":"2025-05-19T17:37:18","modified_gmt":"2025-05-19T09:37:18","slug":"wholesale-catering-serving-dishes","status":"publish","type":"product","link":"https:\/\/www.yongjianceramic.com\/fr\/produit\/wholesale-catering-serving-dishes\/","title":{"rendered":"Irregular Wholesale Catering Serving Dishes for Restaurant (plats de service irr\u00e9guliers pour restaurants)"},"content":{"rendered":"<div class=\"wp-block-columns is-layout-flex wp-container-core-columns-is-layout-9d6595d7 wp-block-columns-is-layout-flex\">\n<div class=\"wp-block-column is-layout-flow wp-block-column-is-layout-flow\">\n<h2 class=\"wp-block-heading\">Premium Wholesale Catering Serving Dishes Caract\u00e9ristiques :<\/h2>\n\n\n\n<ul class=\"wp-block-list\">\n<li><strong>Forme de plaque de roche, personnalit\u00e9 unique : <\/strong>Ces plats de service de restauration en gros adoptent la forme irr\u00e9guli\u00e8re d'une assiette en pierre, lisse et naturelle, comme la pierre naturelle, avec un fort sens artistique et une beaut\u00e9 \u00e0 la mode, rehaussant le niveau visuel de la table \u00e0 manger.<\/li>\n\n\n\n<li><strong>D\u00e9grad\u00e9 de bleu fonc\u00e9 et de blanc, visuellement \u00e9l\u00e9gant : <\/strong>La gla\u00e7ure blanche \u00e0 l'int\u00e9rieur de cette assiette en c\u00e9ramique en vrac contraste avec le d\u00e9grad\u00e9 de bleu fonc\u00e9 du bord, et le d\u00e9grad\u00e9 de couleurs est doux, cr\u00e9ant un effet visuel profond et paisible, affichant une personnalit\u00e9 de luxe discret.<\/li>\n\n\n\n<li><strong>Convient aux restaurants et aux h\u00f4tels, avec un bon sens de l'ameublement : <\/strong>D'un aspect excellent et d'une sensation de luxe, ces plats de service de restauration en gros conviennent parfaitement aux restaurants et aux h\u00f4tels de luxe. Ils permettent de gagner des points pour les plats et d'enrichir l'ensemble du rituel de la restauration.<\/li>\n\n\n\n<li><strong>Mat\u00e9riau c\u00e9ramique de haute qualit\u00e9, r\u00e9sistant \u00e0 la chaleur et durable : <\/strong>Fabriqu\u00e9e en c\u00e9ramique haute temp\u00e9rature, cette assiette en c\u00e9ramique en vrac est r\u00e9sistante \u00e0 la chaleur et durable. Elle est id\u00e9ale pour les lave-vaisselle, les fours \u00e0 micro-ondes et autres environnements de cuisine, facile \u00e0 nettoyer et parfaite pour un usage r\u00e9p\u00e9t\u00e9.<\/li>\n<\/ul>\n<\/div>\n\n\n\n<div class=\"wp-block-column is-layout-flow wp-block-column-is-layout-flow\">\n<figure class=\"wp-block-image size-full\"><img fetchpriority=\"high\" decoding=\"async\" width=\"800\" height=\"800\" src=\"https:\/\/www.yongjianceramic.com\/wp-content\/uploads\/2025\/05\/crockery-manufacturers-china-dinnerwaretable-chargers-bulk-3.webp\" alt=\"Irregular Wholesale Catering Serving Dishes for Restaurant-1\" class=\"wp-image-4765\" srcset=\"https:\/\/www.yongjianceramic.com\/wp-content\/uploads\/2025\/05\/crockery-manufacturers-china-dinnerwaretable-chargers-bulk-3.webp 800w, https:\/\/www.yongjianceramic.com\/wp-content\/uploads\/2025\/05\/crockery-manufacturers-china-dinnerwaretable-chargers-bulk-3-300x300.webp 300w, https:\/\/www.yongjianceramic.com\/wp-content\/uploads\/2025\/05\/crockery-manufacturers-china-dinnerwaretable-chargers-bulk-3-150x150.webp 150w, https:\/\/www.yongjianceramic.com\/wp-content\/uploads\/2025\/05\/crockery-manufacturers-china-dinnerwaretable-chargers-bulk-3-768x768.webp 768w, https:\/\/www.yongjianceramic.com\/wp-content\/uploads\/2025\/05\/crockery-manufacturers-china-dinnerwaretable-chargers-bulk-3-12x12.webp 12w, https:\/\/www.yongjianceramic.com\/wp-content\/uploads\/2025\/05\/crockery-manufacturers-china-dinnerwaretable-chargers-bulk-3-285x285.webp 285w, https:\/\/www.yongjianceramic.com\/wp-content\/uploads\/2025\/05\/crockery-manufacturers-china-dinnerwaretable-chargers-bulk-3-270x270.webp 270w, https:\/\/www.yongjianceramic.com\/wp-content\/uploads\/2025\/05\/crockery-manufacturers-china-dinnerwaretable-chargers-bulk-3-540x540.webp 540w, https:\/\/www.yongjianceramic.com\/wp-content\/uploads\/2025\/05\/crockery-manufacturers-china-dinnerwaretable-chargers-bulk-3-660x660.webp 660w\" sizes=\"(max-width: 800px) 100vw, 800px\" \/><\/figure>\n<\/div>\n<\/div>","protected":false},"excerpt":{"rendered":"<p>Bienvenue sur le site d'achat en gros de plats de service pour la restauration. Cette assiette en c\u00e9ramique en forme de rocher en vrac combine un design d\u00e9grad\u00e9 blanc et bleu fonc\u00e9, une texture sp\u00e9ciale et combine l'art et la fonction. Elle convient parfaitement aux restaurants et h\u00f4tels de luxe et est id\u00e9ale pour la d\u00e9coration de table.<\/p>\n<table style=\"border-collapse: collapse; width: 327.02pt;\" border=\"0\" width=\"654\" cellspacing=\"0\" cellpadding=\"0\">\n<tbody>\n<tr style=\"height: 16.50pt;\">\n<td class=\"et3\" style=\"height: 16.50pt; width: 127.20pt;\" width=\"254\" height=\"33\">Fabricant<\/td>\n<td class=\"et3\" style=\"width: 200.15pt;\" width=\"400\">Yongjian<\/td>\n<\/tr>\n<tr style=\"height: 16.50pt;\">\n<td class=\"et3\" style=\"height: 16.50pt;\" height=\"33\">Num\u00e9ro de mod\u00e8le<\/td>\n<td class=\"et4\" style=\"width: 200.15pt;\" width=\"400\">YJ-132<\/td>\n<\/tr>\n<tr style=\"height: 16.50pt;\">\n<td class=\"et3\" style=\"height: 16.50pt;\" height=\"33\">Type de produit<\/td>\n<td class=\"et3\">Plat de service<\/td>\n<\/tr>\n<tr style=\"height: 16.50pt;\">\n<td class=\"et3\" style=\"height: 16.50pt;\" height=\"33\">Mat\u00e9riau<\/td>\n<td class=\"et3\">Porcelaine<\/td>\n<\/tr>\n<tr style=\"height: 16.50pt;\">\n<td class=\"et5\" style=\"height: 16.50pt;\" height=\"33\">Couleur<\/td>\n<td class=\"et3\">En tant qu'image<\/td>\n<\/tr>\n<tr style=\"height: 16.50pt;\">\n<td class=\"et3\" style=\"height: 16.50pt;\" height=\"33\">Dimension<\/td>\n<td class=\"et6\" style=\"width: 200.15pt;\" width=\"400\">22*21.5*4.5cm<\/td>\n<\/tr>\n<tr style=\"height: 16.50pt;\">\n<td class=\"et3\" style=\"height: 16.50pt;\" height=\"33\">MOQ<\/td>\n<td class=\"et3\">500pcs<\/td>\n<\/tr>\n<tr style=\"height: 16.50pt;\">\n<td class=\"et3\" style=\"height: 16.50pt;\" height=\"33\">Sur mesure<\/td>\n<td class=\"et3\">Couleur\/Taille\/Logo\/Emballage<\/td>\n<\/tr>\n<\/tbody>\n<\/table>","protected":false},"featured_media":4763,"comment_status":"closed","ping_status":"closed","template":"","meta":{"_acf_changed":false},"product_brand":[],"product_cat":[62,76],"product_tag":[81],"class_list":{"0":"post-4762","1":"product","2":"type-product","3":"status-publish","4":"has-post-thumbnail","6":"product_cat-ceramic-plates-wholesale","7":"product_cat-wholesale-serving-platters","8":"product_tag-modern-design-dinnerware-set-wholesale","10":"first","11":"instock","12":"shipping-taxable","13":"product-type-simple"},"acf":[],"_links":{"self":[{"href":"https:\/\/www.yongjianceramic.com\/fr\/wp-json\/wp\/v2\/product\/4762","targetHints":{"allow":["GET"]}}],"collection":[{"href":"https:\/\/www.yongjianceramic.com\/fr\/wp-json\/wp\/v2\/product"}],"about":[{"href":"https:\/\/www.yongjianceramic.com\/fr\/wp-json\/wp\/v2\/types\/product"}],"replies":[{"embeddable":true,"href":"https:\/\/www.yongjianceramic.com\/fr\/wp-json\/wp\/v2\/comments?post=4762"}],"wp:featuredmedia":[{"embeddable":true,"href":"https:\/\/www.yongjianceramic.com\/fr\/wp-json\/wp\/v2\/media\/4763"}],"wp:attachment":[{"href":"https:\/\/www.yongjianceramic.com\/fr\/wp-json\/wp\/v2\/media?parent=4762"}],"wp:term":[{"taxonomy":"product_brand","embeddable":true,"href":"https:\/\/www.yongjianceramic.com\/fr\/wp-json\/wp\/v2\/product_brand?post=4762"},{"taxonomy":"product_cat","embeddable":true,"href":"https:\/\/www.yongjianceramic.com\/fr\/wp-json\/wp\/v2\/product_cat?post=4762"},{"taxonomy":"product_tag","embeddable":true,"href":"https:\/\/www.yongjianceramic.com\/fr\/wp-json\/wp\/v2\/product_tag?post=4762"}],"curies":[{"name":"wp","href":"https:\/\/api.w.org\/{rel}","templated":true}]}}