{"id":4778,"date":"2025-05-19T17:07:53","date_gmt":"2025-05-19T09:07:53","guid":{"rendered":"https:\/\/www.yongjianceramic.com\/?post_type=product&#038;p=4778"},"modified":"2025-05-19T17:12:59","modified_gmt":"2025-05-19T09:12:59","slug":"bistro-dinner-plates-bulk","status":"publish","type":"product","link":"https:\/\/www.yongjianceramic.com\/fr\/produit\/bistro-dinner-plates-bulk\/","title":{"rendered":"Assiettes \u00e0 d\u00eener bistro en vrac, Assiettes de service en c\u00e9ramique en gros"},"content":{"rendered":"<div class=\"wp-block-columns is-layout-flex wp-container-core-columns-is-layout-9d6595d7 wp-block-columns-is-layout-flex\">\n<div class=\"wp-block-column is-layout-flow wp-block-column-is-layout-flow\">\n<h2 class=\"wp-block-heading\">Assiettes \u00e0 d\u00eener Bistro Premium en vrac Caract\u00e9ristiques :<\/h2>\n\n\n\n<ul class=\"wp-block-list\">\n<li><strong>Texture de pierre naturelle, texture de haute qualit\u00e9 : <\/strong>La surface de ces assiettes \u00e0 d\u00eener bistro adopte une texture imitant la pierre naturelle, avec une texture claire et un style unique, apportant une beaut\u00e9 naturelle et originale, et am\u00e9liorant le style g\u00e9n\u00e9ral de la table \u00e0 manger.<\/li>\n\n\n\n<li><strong>Forme plate, pratique et polyvalente : <\/strong>Les assiettes plates rondes classiques conviennent aux plats occidentaux, aux desserts, aux aliments de base et \u00e0 d'autres plats, et offrent une exp\u00e9rience gastronomique soign\u00e9e et g\u00e9n\u00e9reuse.<\/li>\n\n\n\n<li><strong>Combinaison de deux tailles, adaptation flexible : <\/strong>Ces assiettes bistro en vrac sont disponibles en 7,5 pouces et 9,5 pouces pour r\u00e9pondre aux diff\u00e9rentes exigences de capacit\u00e9. Elles peuvent \u00eatre utilis\u00e9es en combinaison et conviennent \u00e0 la maison et aux restaurants commerciaux dans de nombreux sc\u00e9narios.<\/li>\n\n\n\n<li><strong>La prise en charge de la personnalisation permet de s'adapter \u00e0 diff\u00e9rents besoins :<\/strong> Nos assiettes de service en gros peuvent \u00eatre personnalis\u00e9es en termes de motifs, de logos et de couleurs en fonction des exigences de la marque et de la sc\u00e8ne. Elles conviennent aux h\u00f4tels, aux mariages, aux restaurants et \u00e0 d'autres occasions.<\/li>\n<\/ul>\n<\/div>\n\n\n\n<div class=\"wp-block-column is-layout-flow wp-block-column-is-layout-flow\">\n<figure class=\"wp-block-image size-full\"><img fetchpriority=\"high\" decoding=\"async\" width=\"800\" height=\"800\" src=\"https:\/\/www.yongjianceramic.com\/wp-content\/uploads\/2025\/05\/bulk-buy-dinner-platesceramic-plate-manufacturerchinese-crockery-wholesale-7.webp\" alt=\"Assiettes \u00e0 d\u00eener bistro en vrac, Assiettes de service en c\u00e9ramique en gros-1\" class=\"wp-image-4785\" srcset=\"https:\/\/www.yongjianceramic.com\/wp-content\/uploads\/2025\/05\/bulk-buy-dinner-platesceramic-plate-manufacturerchinese-crockery-wholesale-7.webp 800w, https:\/\/www.yongjianceramic.com\/wp-content\/uploads\/2025\/05\/bulk-buy-dinner-platesceramic-plate-manufacturerchinese-crockery-wholesale-7-300x300.webp 300w, https:\/\/www.yongjianceramic.com\/wp-content\/uploads\/2025\/05\/bulk-buy-dinner-platesceramic-plate-manufacturerchinese-crockery-wholesale-7-150x150.webp 150w, https:\/\/www.yongjianceramic.com\/wp-content\/uploads\/2025\/05\/bulk-buy-dinner-platesceramic-plate-manufacturerchinese-crockery-wholesale-7-768x768.webp 768w, https:\/\/www.yongjianceramic.com\/wp-content\/uploads\/2025\/05\/bulk-buy-dinner-platesceramic-plate-manufacturerchinese-crockery-wholesale-7-12x12.webp 12w, https:\/\/www.yongjianceramic.com\/wp-content\/uploads\/2025\/05\/bulk-buy-dinner-platesceramic-plate-manufacturerchinese-crockery-wholesale-7-285x285.webp 285w, https:\/\/www.yongjianceramic.com\/wp-content\/uploads\/2025\/05\/bulk-buy-dinner-platesceramic-plate-manufacturerchinese-crockery-wholesale-7-270x270.webp 270w, https:\/\/www.yongjianceramic.com\/wp-content\/uploads\/2025\/05\/bulk-buy-dinner-platesceramic-plate-manufacturerchinese-crockery-wholesale-7-540x540.webp 540w, https:\/\/www.yongjianceramic.com\/wp-content\/uploads\/2025\/05\/bulk-buy-dinner-platesceramic-plate-manufacturerchinese-crockery-wholesale-7-660x660.webp 660w\" sizes=\"(max-width: 800px) 100vw, 800px\" \/><\/figure>\n<\/div>\n<\/div>","protected":false},"excerpt":{"rendered":"<p>Nous vous invitons \u00e0 acheter des assiettes de service en gros. Ces assiettes bistro 7.5\/9.5 pouces en vrac combinent une texture naturelle et un design pratique. Elles conviennent \u00e0 toutes sortes de plats et de desserts occidentaux et constituent le meilleur choix pour les h\u00f4tels et les restaurants afin de rehausser leur go\u00fbt.<\/p>\n<table style=\"border-collapse: collapse; width: 327.02pt;\" border=\"0\" width=\"654\" cellspacing=\"0\" cellpadding=\"0\">\n<tbody>\n<tr style=\"height: 16.50pt;\">\n<td class=\"et3\" style=\"height: 16.50pt; width: 127.20pt;\" width=\"254\" height=\"33\">Fabricant<\/td>\n<td class=\"et3\" style=\"width: 200.15pt;\" width=\"400\">Yongjian<\/td>\n<\/tr>\n<tr style=\"height: 16.50pt;\">\n<td class=\"et3\" style=\"height: 16.50pt;\" height=\"33\">Num\u00e9ro de mod\u00e8le<\/td>\n<td class=\"et4\" style=\"width: 200.15pt;\" width=\"400\">YJ-134<\/td>\n<\/tr>\n<tr style=\"height: 16.50pt;\">\n<td class=\"et3\" style=\"height: 16.50pt;\" height=\"33\">Type de produit<\/td>\n<td class=\"et3\">Plat de service<\/td>\n<\/tr>\n<tr style=\"height: 16.50pt;\">\n<td class=\"et3\" style=\"height: 16.50pt;\" height=\"33\">Mat\u00e9riau<\/td>\n<td class=\"et3\">Porcelaine<\/td>\n<\/tr>\n<tr style=\"height: 16.50pt;\">\n<td class=\"et5\" style=\"height: 16.50pt;\" height=\"33\">Couleur<\/td>\n<td class=\"et3\">En tant qu'image<\/td>\n<\/tr>\n<tr style=\"height: 33.00pt;\">\n<td class=\"et3\" style=\"height: 33.00pt;\" height=\"66\">Dimension<\/td>\n<td class=\"et6\" style=\"width: 200.15pt;\" width=\"400\">19.5*19.5*1.8cm 22.5*22.5*2cm<\/td>\n<\/tr>\n<tr style=\"height: 16.50pt;\">\n<td class=\"et3\" style=\"height: 16.50pt;\" height=\"33\">MOQ<\/td>\n<td class=\"et3\">500pcs<\/td>\n<\/tr>\n<tr style=\"height: 16.50pt;\">\n<td class=\"et3\" style=\"height: 16.50pt;\" height=\"33\">Sur mesure<\/td>\n<td class=\"et3\">Couleur\/Taille\/Logo\/Emballage<\/td>\n<\/tr>\n<\/tbody>\n<\/table>","protected":false},"featured_media":4784,"comment_status":"closed","ping_status":"closed","template":"","meta":{"_acf_changed":false},"product_brand":[],"product_cat":[93,62,76],"product_tag":[88,86],"class_list":{"0":"post-4778","1":"product","2":"type-product","3":"status-publish","4":"has-post-thumbnail","6":"product_cat-bulk-dinner-plates","7":"product_cat-ceramic-plates-wholesale","8":"product_cat-wholesale-serving-platters","9":"product_tag-japanese-style-dinnerware-set-wholesale","10":"product_tag-oriental-style-dinnerware-wholesale","12":"first","13":"instock","14":"shipping-taxable","15":"product-type-simple"},"acf":[],"_links":{"self":[{"href":"https:\/\/www.yongjianceramic.com\/fr\/wp-json\/wp\/v2\/product\/4778","targetHints":{"allow":["GET"]}}],"collection":[{"href":"https:\/\/www.yongjianceramic.com\/fr\/wp-json\/wp\/v2\/product"}],"about":[{"href":"https:\/\/www.yongjianceramic.com\/fr\/wp-json\/wp\/v2\/types\/product"}],"replies":[{"embeddable":true,"href":"https:\/\/www.yongjianceramic.com\/fr\/wp-json\/wp\/v2\/comments?post=4778"}],"wp:featuredmedia":[{"embeddable":true,"href":"https:\/\/www.yongjianceramic.com\/fr\/wp-json\/wp\/v2\/media\/4784"}],"wp:attachment":[{"href":"https:\/\/www.yongjianceramic.com\/fr\/wp-json\/wp\/v2\/media?parent=4778"}],"wp:term":[{"taxonomy":"product_brand","embeddable":true,"href":"https:\/\/www.yongjianceramic.com\/fr\/wp-json\/wp\/v2\/product_brand?post=4778"},{"taxonomy":"product_cat","embeddable":true,"href":"https:\/\/www.yongjianceramic.com\/fr\/wp-json\/wp\/v2\/product_cat?post=4778"},{"taxonomy":"product_tag","embeddable":true,"href":"https:\/\/www.yongjianceramic.com\/fr\/wp-json\/wp\/v2\/product_tag?post=4778"}],"curies":[{"name":"wp","href":"https:\/\/api.w.org\/{rel}","templated":true}]}}