{"id":4790,"date":"2025-05-19T16:49:44","date_gmt":"2025-05-19T08:49:44","guid":{"rendered":"https:\/\/www.yongjianceramic.com\/?post_type=product&#038;p=4790"},"modified":"2025-05-19T16:53:38","modified_gmt":"2025-05-19T08:53:38","slug":"wholesale-bowls","status":"publish","type":"product","link":"https:\/\/www.yongjianceramic.com\/fr\/produit\/wholesale-bowls\/","title":{"rendered":"Bols en gros \u00e0 \u00e9mail r\u00e9actif, ensembles de bols de service en vrac"},"content":{"rendered":"<div class=\"wp-block-columns is-layout-flex wp-container-core-columns-is-layout-9d6595d7 wp-block-columns-is-layout-flex\">\n<div class=\"wp-block-column is-layout-flow wp-block-column-is-layout-flow\">\n<h2 class=\"wp-block-heading\">Bols en gros \u00e0 gla\u00e7age r\u00e9actif de premi\u00e8re qualit\u00e9 Caract\u00e9ristiques :<\/h2>\n\n\n\n<ul class=\"wp-block-list\">\n<li><strong>Conception double, flexible et pratique : <\/strong>Ces bols de gros sont disponibles dans les tailles 4,5 pouces et 7 pouces, et conviennent pour contenir des soupes, des snacks, du riz, des nouilles et d'autres plats, r\u00e9pondant ainsi aux diff\u00e9rentes exigences de capacit\u00e9 des familles et des lieux de restauration.<\/li>\n\n\n\n<li><strong>Conception \u00e0 bouche ferm\u00e9e, esth\u00e9tique et anti-d\u00e9bordement :<\/strong> La forme l\u00e9g\u00e8rement ferm\u00e9e des bouches de ces bols de service en vrac pr\u00e9sente non seulement des lignes \u00e9l\u00e9gantes et douces, mais emp\u00eache aussi efficacement la soupe de d\u00e9border, am\u00e9liorant ainsi le confort et la praticit\u00e9 des repas.<\/li>\n\n\n\n<li><strong>Couleur de gla\u00e7ure r\u00e9active, couches riches : <\/strong>Nos bols en gros utilisent le processus de gla\u00e7age par r\u00e9action, la couleur coule naturellement, chaque bol a une couleur de gla\u00e7age unique, pleine de sens artistique et tridimensionnel, et met en valeur la beaut\u00e9 g\u00e9n\u00e9rale de la table \u00e0 manger.<\/li>\n\n\n\n<li><strong>Cuisson \u00e0 haute temp\u00e9rature, r\u00e9sistante \u00e0 la chaleur et durable : <\/strong>Nos ensembles de bols de service en vrac conviennent aux \u00e9quipements de cuisine tels que les fours \u00e0 micro-ondes et les lave-vaisselle. Leur surface lisse et d\u00e9licate est facile \u00e0 nettoyer et convient \u00e0 une utilisation fr\u00e9quente en salle \u00e0 manger.<\/li>\n<\/ul>\n<\/div>\n\n\n\n<div class=\"wp-block-column is-layout-flow wp-block-column-is-layout-flow\">\n<figure class=\"wp-block-image size-full\"><img fetchpriority=\"high\" decoding=\"async\" width=\"800\" height=\"800\" src=\"https:\/\/www.yongjianceramic.com\/wp-content\/uploads\/2025\/05\/bulk-soup-bowlscustom-made-ceramic-dinnerwaredinnerware-manufacturers-2.webp\" alt=\"Bols en gros \u00e0 gla\u00e7ure r\u00e9active, bols de service en vrac - 1\" class=\"wp-image-4792\" srcset=\"https:\/\/www.yongjianceramic.com\/wp-content\/uploads\/2025\/05\/bulk-soup-bowlscustom-made-ceramic-dinnerwaredinnerware-manufacturers-2.webp 800w, https:\/\/www.yongjianceramic.com\/wp-content\/uploads\/2025\/05\/bulk-soup-bowlscustom-made-ceramic-dinnerwaredinnerware-manufacturers-2-300x300.webp 300w, https:\/\/www.yongjianceramic.com\/wp-content\/uploads\/2025\/05\/bulk-soup-bowlscustom-made-ceramic-dinnerwaredinnerware-manufacturers-2-150x150.webp 150w, https:\/\/www.yongjianceramic.com\/wp-content\/uploads\/2025\/05\/bulk-soup-bowlscustom-made-ceramic-dinnerwaredinnerware-manufacturers-2-768x768.webp 768w, https:\/\/www.yongjianceramic.com\/wp-content\/uploads\/2025\/05\/bulk-soup-bowlscustom-made-ceramic-dinnerwaredinnerware-manufacturers-2-12x12.webp 12w, https:\/\/www.yongjianceramic.com\/wp-content\/uploads\/2025\/05\/bulk-soup-bowlscustom-made-ceramic-dinnerwaredinnerware-manufacturers-2-285x285.webp 285w, https:\/\/www.yongjianceramic.com\/wp-content\/uploads\/2025\/05\/bulk-soup-bowlscustom-made-ceramic-dinnerwaredinnerware-manufacturers-2-270x270.webp 270w, https:\/\/www.yongjianceramic.com\/wp-content\/uploads\/2025\/05\/bulk-soup-bowlscustom-made-ceramic-dinnerwaredinnerware-manufacturers-2-540x540.webp 540w, https:\/\/www.yongjianceramic.com\/wp-content\/uploads\/2025\/05\/bulk-soup-bowlscustom-made-ceramic-dinnerwaredinnerware-manufacturers-2-660x660.webp 660w\" sizes=\"(max-width: 800px) 100vw, 800px\" \/><\/figure>\n<\/div>\n<\/div>","protected":false},"excerpt":{"rendered":"<p>Bienvenue dans l'achat de bols en gros. Ces ensembles de bols de service en c\u00e9ramique de 4,5 pouces et de 7 pouces sont dot\u00e9s d'une gla\u00e7ure chang\u00e9e au four et d'un bord classique. Ils sont beaux et pratiques et conviennent aux h\u00f4tels, aux restaurants et \u00e0 la maison. Ils constituent un choix id\u00e9al de vaisselle alliant fonctionnalit\u00e9 et beaut\u00e9.<\/p>\n<table style=\"border-collapse: collapse; width: 327.02pt;\" border=\"0\" width=\"654\" cellspacing=\"0\" cellpadding=\"0\">\n<tbody>\n<tr style=\"height: 16.50pt;\">\n<td class=\"et3\" style=\"height: 16.50pt; width: 127.20pt;\" width=\"254\" height=\"33\">Fabricant<\/td>\n<td class=\"et3\" style=\"width: 200.15pt;\" width=\"400\">Yongjian<\/td>\n<\/tr>\n<tr style=\"height: 16.50pt;\">\n<td class=\"et3\" style=\"height: 16.50pt;\" height=\"33\">Num\u00e9ro de mod\u00e8le<\/td>\n<td class=\"et4\" style=\"width: 200.15pt;\" width=\"400\">YJ-135<\/td>\n<\/tr>\n<tr style=\"height: 16.50pt;\">\n<td class=\"et3\" style=\"height: 16.50pt;\" height=\"33\">Type de produit<\/td>\n<td class=\"et3\">Bols de soupe et de ramen<\/td>\n<\/tr>\n<tr style=\"height: 16.50pt;\">\n<td class=\"et3\" style=\"height: 16.50pt;\" height=\"33\">Mat\u00e9riau<\/td>\n<td class=\"et3\">Porcelaine<\/td>\n<\/tr>\n<tr style=\"height: 16.50pt;\">\n<td class=\"et5\" style=\"height: 16.50pt;\" height=\"33\">Couleur<\/td>\n<td class=\"et3\">En tant qu'image<\/td>\n<\/tr>\n<tr style=\"height: 33.00pt;\">\n<td class=\"et3\" style=\"height: 33.00pt;\" height=\"66\">Dimension<\/td>\n<td class=\"et6\" style=\"width: 200.15pt;\" width=\"400\">11.5*11.5*5cm 18*18*5cm<\/td>\n<\/tr>\n<tr style=\"height: 16.50pt;\">\n<td class=\"et3\" style=\"height: 16.50pt;\" height=\"33\">MOQ<\/td>\n<td class=\"et3\">500pcs<\/td>\n<\/tr>\n<tr style=\"height: 16.50pt;\">\n<td class=\"et3\" style=\"height: 16.50pt;\" height=\"33\">Sur mesure<\/td>\n<td class=\"et3\">Couleur\/Taille\/Logo\/Emballage<\/td>\n<\/tr>\n<\/tbody>\n<\/table>","protected":false},"featured_media":4791,"comment_status":"closed","ping_status":"closed","template":"","meta":{"_acf_changed":false},"product_brand":[],"product_cat":[63,74,73],"product_tag":[88,81],"class_list":{"0":"post-4790","1":"product","2":"type-product","3":"status-publish","4":"has-post-thumbnail","6":"product_cat-wholesale-bowls","7":"product_cat-bulk-serving-bowls","8":"product_cat-bulk-soup-bowls","9":"product_tag-japanese-style-dinnerware-set-wholesale","10":"product_tag-modern-design-dinnerware-set-wholesale","12":"first","13":"instock","14":"shipping-taxable","15":"product-type-simple"},"acf":[],"_links":{"self":[{"href":"https:\/\/www.yongjianceramic.com\/fr\/wp-json\/wp\/v2\/product\/4790","targetHints":{"allow":["GET"]}}],"collection":[{"href":"https:\/\/www.yongjianceramic.com\/fr\/wp-json\/wp\/v2\/product"}],"about":[{"href":"https:\/\/www.yongjianceramic.com\/fr\/wp-json\/wp\/v2\/types\/product"}],"replies":[{"embeddable":true,"href":"https:\/\/www.yongjianceramic.com\/fr\/wp-json\/wp\/v2\/comments?post=4790"}],"wp:featuredmedia":[{"embeddable":true,"href":"https:\/\/www.yongjianceramic.com\/fr\/wp-json\/wp\/v2\/media\/4791"}],"wp:attachment":[{"href":"https:\/\/www.yongjianceramic.com\/fr\/wp-json\/wp\/v2\/media?parent=4790"}],"wp:term":[{"taxonomy":"product_brand","embeddable":true,"href":"https:\/\/www.yongjianceramic.com\/fr\/wp-json\/wp\/v2\/product_brand?post=4790"},{"taxonomy":"product_cat","embeddable":true,"href":"https:\/\/www.yongjianceramic.com\/fr\/wp-json\/wp\/v2\/product_cat?post=4790"},{"taxonomy":"product_tag","embeddable":true,"href":"https:\/\/www.yongjianceramic.com\/fr\/wp-json\/wp\/v2\/product_tag?post=4790"}],"curies":[{"name":"wp","href":"https:\/\/api.w.org\/{rel}","templated":true}]}}