{"id":4809,"date":"2025-05-27T12:04:45","date_gmt":"2025-05-27T04:04:45","guid":{"rendered":"https:\/\/www.yongjianceramic.com\/?post_type=product&#038;p=4809"},"modified":"2025-05-27T12:04:49","modified_gmt":"2025-05-27T04:04:49","slug":"custom-ceramic-dish","status":"publish","type":"product","link":"https:\/\/www.yongjianceramic.com\/fr\/produit\/custom-ceramic-dish\/","title":{"rendered":"Plat en c\u00e9ramique personnalis\u00e9 7 pouces, Plaque ronde \u00e9maill\u00e9e r\u00e9active Fournisseurs de plats en vrac"},"content":{"rendered":"<div class=\"wp-block-columns is-layout-flex wp-container-core-columns-is-layout-9d6595d7 wp-block-columns-is-layout-flex\">\n<div class=\"wp-block-column is-layout-flow wp-block-column-is-layout-flow\">\n<h2 class=\"wp-block-heading\">Caract\u00e9ristiques de l'assiette en c\u00e9ramique personnalis\u00e9e de premi\u00e8re qualit\u00e9 :<\/h2>\n\n\n\n<ul class=\"wp-block-list\">\n<li><strong>Taille classique de 7 pouces, largement utilisable : <\/strong>Le plat en c\u00e9ramique personnalis\u00e9 convient aux repas l\u00e9gers tels que les desserts, les hors-d'\u0153uvre, les petits-d\u00e9jeuners, etc., de taille mod\u00e9r\u00e9e, adapt\u00e9s aux besoins des repas r\u00e9guliers des familles et des restaurants.<\/li>\n\n\n\n<li><strong>Conception ferm\u00e9e, belle et r\u00e9sistante aux \u00e9claboussures :<\/strong> Le bord du plat en vrac est l\u00e9g\u00e8rement incurv\u00e9 pour renforcer le sens tridimensionnel et l'aspect pratique de l'assiette, emp\u00eachant efficacement la sauce ou la soupe de d\u00e9border, ce qui rend l'utilisation plus s\u00fbre.<\/li>\n\n\n\n<li><strong>Technologie de gla\u00e7age par r\u00e9action, couleurs naturelles et uniques : <\/strong>La technologie de la gla\u00e7ure r\u00e9actionnelle des plats en c\u00e9ramique personnalis\u00e9s chang\u00e9s au four est utilis\u00e9e pour pr\u00e9senter des changements de couleur naturels et fluides. Chaque plat est unique et pr\u00e9sente une texture artisanale et une beaut\u00e9 artistique.<\/li>\n\n\n\n<li><strong>Quatre couleurs sont disponibles, avec une vari\u00e9t\u00e9 de styles : <\/strong>Le plat en vrac est disponible en quatre couleurs de gla\u00e7ure diff\u00e9rentes pour r\u00e9pondre aux besoins d'adaptation aux diff\u00e9rentes sc\u00e8nes et aux diff\u00e9rents styles de table, et am\u00e9liorer le niveau visuel g\u00e9n\u00e9ral de la vaisselle.<\/li>\n<\/ul>\n<\/div>\n\n\n\n<div class=\"wp-block-column is-layout-flow wp-block-column-is-layout-flow\">\n<figure class=\"wp-block-image size-full\"><img fetchpriority=\"high\" decoding=\"async\" width=\"800\" height=\"800\" src=\"https:\/\/www.yongjianceramic.com\/wp-content\/uploads\/2025\/05\/antique-china-tablewareceramic-plates-suppliersbulk-dishes-4.webp\" alt=\"plat en c\u00e9ramique personnalis\u00e9 - 7 pouces - plaque ronde \u00e9maill\u00e9e r\u00e9active - 4\" class=\"wp-image-4813\" srcset=\"https:\/\/www.yongjianceramic.com\/wp-content\/uploads\/2025\/05\/antique-china-tablewareceramic-plates-suppliersbulk-dishes-4.webp 800w, https:\/\/www.yongjianceramic.com\/wp-content\/uploads\/2025\/05\/antique-china-tablewareceramic-plates-suppliersbulk-dishes-4-300x300.webp 300w, https:\/\/www.yongjianceramic.com\/wp-content\/uploads\/2025\/05\/antique-china-tablewareceramic-plates-suppliersbulk-dishes-4-150x150.webp 150w, https:\/\/www.yongjianceramic.com\/wp-content\/uploads\/2025\/05\/antique-china-tablewareceramic-plates-suppliersbulk-dishes-4-768x768.webp 768w, https:\/\/www.yongjianceramic.com\/wp-content\/uploads\/2025\/05\/antique-china-tablewareceramic-plates-suppliersbulk-dishes-4-12x12.webp 12w, https:\/\/www.yongjianceramic.com\/wp-content\/uploads\/2025\/05\/antique-china-tablewareceramic-plates-suppliersbulk-dishes-4-285x285.webp 285w, https:\/\/www.yongjianceramic.com\/wp-content\/uploads\/2025\/05\/antique-china-tablewareceramic-plates-suppliersbulk-dishes-4-270x270.webp 270w, https:\/\/www.yongjianceramic.com\/wp-content\/uploads\/2025\/05\/antique-china-tablewareceramic-plates-suppliersbulk-dishes-4-540x540.webp 540w, https:\/\/www.yongjianceramic.com\/wp-content\/uploads\/2025\/05\/antique-china-tablewareceramic-plates-suppliersbulk-dishes-4-660x660.webp 660w\" sizes=\"(max-width: 800px) 100vw, 800px\" \/><\/figure>\n<\/div>\n<\/div>","protected":false},"excerpt":{"rendered":"<p>Nous vous invitons \u00e0 acheter notre plat en c\u00e9ramique personnalis\u00e9. Cette assiette en c\u00e9ramique de 7 pouces \u00e0 bords ferm\u00e9s est fabriqu\u00e9e \u00e0 partir de la technologie de l'\u00e9mail r\u00e9actif, avec des couleurs naturelles et vari\u00e9es qui allient beaut\u00e9 et praticit\u00e9. Disponible en quatre couleurs, elle convient \u00e0 une vari\u00e9t\u00e9 de sc\u00e9narios de repas et constitue un choix \u00e9l\u00e9gant pour les repas \u00e0 la maison et dans les commerces.<\/p>\n<table style=\"border-collapse: collapse; width: 327.02pt;\" border=\"0\" width=\"654\" cellspacing=\"0\" cellpadding=\"0\">\n<tbody>\n<tr style=\"height: 16.50pt;\">\n<td class=\"et3\" style=\"height: 16.50pt; width: 127.20pt;\" width=\"254\" height=\"33\">Fabricant<\/td>\n<td class=\"et3\" style=\"width: 200.15pt;\" width=\"400\">Yongjian<\/td>\n<\/tr>\n<tr style=\"height: 16.50pt;\">\n<td class=\"et3\" style=\"height: 16.50pt;\" height=\"33\">Num\u00e9ro de mod\u00e8le<\/td>\n<td class=\"et4\" style=\"width: 200.15pt;\" width=\"400\">YJ-136<\/td>\n<\/tr>\n<tr style=\"height: 16.50pt;\">\n<td class=\"et3\" style=\"height: 16.50pt;\" height=\"33\">Type de produit<\/td>\n<td class=\"et3\">Plat de service<\/td>\n<\/tr>\n<tr style=\"height: 16.50pt;\">\n<td class=\"et3\" style=\"height: 16.50pt;\" height=\"33\">Mat\u00e9riau<\/td>\n<td class=\"et3\">Porcelaine<\/td>\n<\/tr>\n<tr style=\"height: 16.50pt;\">\n<td class=\"et5\" style=\"height: 16.50pt;\" height=\"33\">Couleur<\/td>\n<td class=\"et3\">En tant qu'image<\/td>\n<\/tr>\n<tr style=\"height: 16.50pt;\">\n<td class=\"et3\" style=\"height: 16.50pt;\" height=\"33\">Dimension<\/td>\n<td class=\"et6\" style=\"width: 200.15pt;\" width=\"400\">18*18*5cm<\/td>\n<\/tr>\n<tr style=\"height: 16.50pt;\">\n<td class=\"et3\" style=\"height: 16.50pt;\" height=\"33\">MOQ<\/td>\n<td class=\"et3\">500pcs<\/td>\n<\/tr>\n<tr style=\"height: 16.50pt;\">\n<td class=\"et3\" style=\"height: 16.50pt;\" height=\"33\">Sur mesure<\/td>\n<td class=\"et3\">Couleur\/Taille\/Logo\/Emballage<\/td>\n<\/tr>\n<\/tbody>\n<\/table>","protected":false},"featured_media":4810,"comment_status":"closed","ping_status":"closed","template":"","meta":{"_acf_changed":false},"product_brand":[],"product_cat":[62,77,93,76],"product_tag":[84],"class_list":{"0":"post-4809","1":"product","2":"type-product","3":"status-publish","4":"has-post-thumbnail","6":"product_cat-ceramic-plates-wholesale","7":"product_cat-deep-plates-wholesale","8":"product_cat-bulk-dinner-plates","9":"product_cat-wholesale-serving-platters","10":"product_tag-retro-design-dinnerware-wholesale","12":"first","13":"instock","14":"shipping-taxable","15":"product-type-simple"},"acf":[],"_links":{"self":[{"href":"https:\/\/www.yongjianceramic.com\/fr\/wp-json\/wp\/v2\/product\/4809","targetHints":{"allow":["GET"]}}],"collection":[{"href":"https:\/\/www.yongjianceramic.com\/fr\/wp-json\/wp\/v2\/product"}],"about":[{"href":"https:\/\/www.yongjianceramic.com\/fr\/wp-json\/wp\/v2\/types\/product"}],"replies":[{"embeddable":true,"href":"https:\/\/www.yongjianceramic.com\/fr\/wp-json\/wp\/v2\/comments?post=4809"}],"wp:featuredmedia":[{"embeddable":true,"href":"https:\/\/www.yongjianceramic.com\/fr\/wp-json\/wp\/v2\/media\/4810"}],"wp:attachment":[{"href":"https:\/\/www.yongjianceramic.com\/fr\/wp-json\/wp\/v2\/media?parent=4809"}],"wp:term":[{"taxonomy":"product_brand","embeddable":true,"href":"https:\/\/www.yongjianceramic.com\/fr\/wp-json\/wp\/v2\/product_brand?post=4809"},{"taxonomy":"product_cat","embeddable":true,"href":"https:\/\/www.yongjianceramic.com\/fr\/wp-json\/wp\/v2\/product_cat?post=4809"},{"taxonomy":"product_tag","embeddable":true,"href":"https:\/\/www.yongjianceramic.com\/fr\/wp-json\/wp\/v2\/product_tag?post=4809"}],"curies":[{"name":"wp","href":"https:\/\/api.w.org\/{rel}","templated":true}]}}